{"id":1544,"date":"2025-06-10T06:57:32","date_gmt":"2025-06-10T06:57:32","guid":{"rendered":"https:\/\/sunteccncrouter.com\/?post_type=product&#038;p=1544"},"modified":"2025-06-10T06:57:32","modified_gmt":"2025-06-10T06:57:32","slug":"high-efficiency-mini-double-table-5-axis-cncrouter-center-st-1218","status":"publish","type":"product","link":"https:\/\/sunteccncrouter.com\/ar\/high-efficiency-mini-double-table-5-axis-cncrouter-center-st-1218\/","title":{"rendered":"\u0645\u0631\u0643\u0632 \u0627\u0644\u062a\u0648\u062c\u064a\u0647 \u0628\u0627\u0633\u062a\u062e\u062f\u0627\u0645 \u0627\u0644\u062d\u0627\u0633\u0628 \u0627\u0644\u0622\u0644\u064a ST-1218 \u0630\u0648 \u0637\u0627\u0648\u0644\u0629 \u0645\u0632\u062f\u0648\u062c\u0629 \u0635\u063a\u064a\u0631\u0629 \u0630\u0627\u062a 5 \u0645\u062d\u0627\u0648\u0631 \u0630\u0627\u062a \u0643\u0641\u0627\u0621\u0629 \u0639\u0627\u0644\u064a\u0629"},"content":{"rendered":"<table>\n<tbody>\n<tr>\n<td width=\"537\"><strong><b>\u062a\u0641\u0627\u0635\u064a\u0644 \u0645\u062d\u0648\u0631 \u0633\u0648\u0646\u062a\u0643 5 \u062a\u0641\u0627\u0635\u064a\u0644\u00a0<\/b><\/strong><\/p>\n<p>1. suntec 5 \u0645\u062d\u0627\u0648\u0631 XYZAC 5 \u0645\u062d\u0627\u0648\u0631 XYZ 3 \u0645\u062d\u0627\u0648\u0631 XYZ \u0645\u062d\u0648\u0631 A + \u0645\u062d\u0648\u0631 +_110 C +_245 \u062f\u0631\u062c\u0629 \u062f\u0648\u0627\u0631\u0629<\/p>\n<p>\u0627\u0644\u062a\u064a \u064a\u0645\u0643\u0646\u0647\u0627 \u0637\u062d\u0646 \u0642\u0637\u0639 \u0642\u0637\u0639 \u0642\u0637\u0639 \u0646\u062d\u062a \u0648\u0646\u0642\u0634 \u0633\u0637\u062d \u0645\u0648\u0627\u062f \u0627\u0644\u0639\u0645\u0644 \u0645\u062b\u0644 \u0627\u0644\u0645\u0648\u0627\u062f \u0627\u0644\u0645\u0631\u0643\u0628\u0629 \u0645\u062b\u0644 \u0627\u0644\u0623\u0644\u064a\u0627\u0641 \u0627\u0644\u0632\u062c\u0627\u062c\u064a\u0629 \u0627\u0644\u0643\u0631\u0628\u0648\u0646\u064a\u0629 \u0627\u0644\u0643\u0631\u0628\u0648\u0646\u064a\u0629 Eps \u0631\u063a\u0648\u0629 \u0627\u0644\u0633\u062a\u0627\u064a\u0631\u0648\u0641\u0648\u0645 \u0648\u0627\u0644\u0623\u0644\u0648\u0645\u0646\u064a\u0648\u0645 \u0627\u0644\u0628\u0644\u0627\u0633\u062a\u064a\u0643\u064a \u0648\u0627\u0644\u062e\u0634\u0628 \u0627\u0644\u0635\u0644\u0628 \u0648\u0645\u0627 \u0625\u0644\u0649 \u0630\u0644\u0643\u060c \u064a\u0645\u0643\u0646 \u0623\u0646 \u064a\u0637\u0628\u0642 \u0645\u062d\u0648\u0631 suntec 5 \u0641\u0648\u0647\u0629 \u0645\u062d\u0631\u0643 \u0635\u0627\u0631\u0648\u062e \u0633\u0627\u0626\u0644 \u0641\u0648\u0647\u0629 \u0645\u062e\u0631\u0648\u0637 \u0623\u0646\u0641 \u0645\u0643\u0648\u0643 \u0627\u0644\u0641\u0636\u0627\u0621 \u0642\u0627\u0644\u0628 \u062e\u0634\u0628 \u0642\u0631\u0635 \u0645\u0643\u0627\u0628\u062d \u0627\u0644\u0637\u0627\u0626\u0631\u0627\u062a \u0627\u0644\u0645\u062e\u0631\u0648\u0637\u064a \u0627\u0644\u0645\u062e\u0631\u0648\u0637\u064a,<\/p>\n<p>\u0642\u0637\u0639 \u063a\u064a\u0627\u0631 \u0642\u0648\u0627\u0644\u0628 \u0642\u0648\u0627\u0644\u0628 \u0627\u0644\u0642\u0648\u0627\u0644\u0628 \u063a\u064a\u0631 \u0627\u0644\u0645\u0639\u062f\u0646\u064a\u0629 \u0644\u0635\u0646\u0627\u0639\u0629 \u0627\u0644\u0642\u0648\u0627\u0644\u0628 \u063a\u064a\u0631 \u0627\u0644\u0645\u0639\u062f\u0646\u064a\u0629 \u0648\u0645\u0627 \u0625\u0644\u0649 \u0630\u0644\u0643.<\/p>\n<p>2. suntec 5 \u0645\u062d\u0627\u0648\u0631 suntec \u062c\u0645\u064a\u0639 \u0623\u062c\u0632\u0627\u0621 \u0627\u0644\u0639\u0644\u0627\u0645\u0629 \u0627\u0644\u062a\u062c\u0627\u0631\u064a\u0629 \u0627\u0644\u0623\u0639\u0644\u0649 \u0627\u0633\u062a\u062e\u062f\u0627\u0645\u064b\u0627 \u0623\u062c\u0632\u0627\u0621 \u0645\u063a\u0632\u0644 HSD \u0630\u0627\u062a \u0627\u0644\u0639\u0644\u0627\u0645\u0629 \u0627\u0644\u062a\u062c\u0627\u0631\u064a\u0629 \u0627\u0644\u0623\u0639\u0644\u0649 \u0645\u063a\u0632\u0644 Hitec \u0645\u063a\u0632\u0644 \u0647\u064a\u062a\u0627\u0643 \u0625\u064a\u0637\u0627\u0644\u064a\u0627 \u0631\u0623\u0633 \u062f\u064a\u0645\u0627\u0633 5 \u0645\u062d\u0627\u0648\u0631\u060c \u0631\u0623\u0633 \u0645\u063a\u0632\u0644 hsd TPA \u0623\u0648 \u0648\u062d\u062f\u0629 \u062a\u062d\u0643\u0645 \u0633\u064a\u0646\u062a\u064a\u0643. \u0627\u0644\u064a\u0627\u0628\u0627\u0646 \u064a\u0627\u0633\u0643\u0627\u0648\u0627 \u0633\u0627\u0626\u0642 \u064a\u0627\u0628\u0627\u0646\u064a \u0645\u0637\u0644\u0642 \u0648\u0645\u062d\u0631\u0643 \u0647\u064a\u0644\u064a\u0643\u0627 3M \u062a\u0631\u0633 \u0644\u0644\u062a\u0623\u0643\u062f \u0645\u0646 \u062f\u0642\u0629 \u0639\u0627\u0644\u064a\u0629 0.1 \u0645\u0645 \u064a\u0645\u0643\u0646 \u0627\u0633\u062a\u062e\u062f\u0627\u0645 \u0639\u0645\u0631 \u0637\u0648\u064a\u0644 \u0648\u062a\u0643\u0644\u0641\u0629 \u0645\u0646\u062e\u0641\u0636\u0629 \u0648\u0648\u0642\u062a \u0645\u0646\u062e\u0641\u0636 \u0644\u0644\u0635\u064a\u0627\u0646\u0629.<\/p>\n<p>3. Suntec 5 \u0645\u062d\u0627\u0648\u0631 \u062a\u0633\u062a\u062e\u062f\u0645 \u062c\u0645\u064a\u0639\u064b\u0627 \u0641\u0648\u0644\u0627\u0630\u064b\u0627 \u0633\u0645\u064a\u0643\u064b\u0627 \u062b\u0642\u064a\u0644\u064b\u0627 \u0633\u0645\u064a\u0643\u064b\u0627 \u0645\u0644\u062d\u0648\u0645\u064b\u0627 \u0628\u0639\u0636 \u0627\u0644\u0623\u062c\u0632\u0627\u0621 \u0627\u0644\u0645\u0644\u062d\u0648\u0645\u0629 \u0628\u0633\u0645\u0643 12 \u0645\u0645 \u0648\u0628\u0639\u0636\u0647\u0627 \u0645\u0644\u062d\u0648\u0645 \u0628\u0633\u0645\u0643 20 \u0645\u0645 \u062d\u062a\u0649 20 \u0645\u0645 \u0645\u0644\u062d\u0648\u0645\u0629 \u062c\u0645\u064a\u0639\u064b\u0627 \u0645\u0644\u062d\u0648\u0645\u0629 \u0623\u0637\u0648\u0627\u0644 \u062c\u0633\u0631\u064a\u0629 \u0645\u0644\u062d\u0648\u0645\u0629 \u0644\u062d\u0630\u0641 \u0646\u0641\u0633\u0647\u0627 \u0635\u0644\u0627\u0628\u0629 \u0644\u0644\u062a\u0623\u0643\u062f \u0645\u0646 \u0639\u062f\u0645 \u0627\u0633\u062a\u062e\u062f\u0627\u0645 \u0623\u064a \u062a\u0634\u0648\u0647 \u0637\u0648\u064a\u0644 \u0627\u0644\u0639\u0645\u0631\u060c \u0643\u0644 \u0627\u0644\u0633\u062a\u0631\u0648\u0643\u0648\u062a\u0631 \u0628\u0648\u0627\u0633\u0637\u0629 5 \u0645\u0631\u0643\u0632 \u0628\u0627\u0633\u062a\u062e\u062f\u0627\u0645 \u0627\u0644\u062d\u0627\u0633\u0628 \u0627\u0644\u0622\u0644\u064a \u0644\u0637\u062d\u0646 \u062f\u0644\u064a\u0644 \u0645\u0631\u0628\u0639 \u0627\u0644\u0633\u0627\u0642\u064a\u0646 \u064a\u062d\u062a\u0627\u062c \u0625\u0644\u0649 3-5 \u0623\u064a\u0627\u0645 \u0628\u0648\u0627\u0633\u0637\u0629 5 \u062c\u0648\u0627\u0646\u0628 \u0645\u0631\u0643\u0632 \u0628\u0627\u0633\u062a\u062e\u062f\u0627\u0645 \u0627\u0644\u062d\u0627\u0633\u0628 \u0627\u0644\u0622\u0644\u064a \u0644\u0637\u062d\u0646 \u0639\u0632\u0645 \u062f\u0648\u0631\u0627\u0646 \u0645\u0646\u062e\u0641\u0636 \u0627\u0644\u0633\u0631\u0639\u0629 \u0639\u0627\u0644\u064a\u0629 \u0644\u0644\u062a\u0623\u0643\u062f \u0645\u0646 \u0627\u0644\u062f\u0642\u0629 \u0627\u0644\u0639\u0627\u0644\u064a\u0629.<\/p>\n<p>4. \u0637\u0627\u0648\u0644\u0629 \u0639\u0645\u0644 Suntec \u0630\u0627\u062a 5 \u0645\u062d\u0627\u0648\u0631 \u0637\u0627\u0648\u0644\u0629 \u0639\u0645\u0644 \u0645\u0646 \u0627\u0644\u062d\u062f\u064a\u062f \u0627\u0644\u0632\u0647\u0631 \u0637\u0627\u0648\u0644\u0629 \u0648\u0627\u062d\u062f\u0629 \u0645\u0646 5-20 \u0637\u0646 \u0648\u0641\u0642\u064b\u0627 \u0644\u0645\u0648\u0627\u062f \u0627\u0644\u0639\u0645\u0644 \u0627\u0644\u062e\u0627\u0635\u0629 \u0628\u0643 \u0644\u062a\u0642\u0631\u064a\u0631\u0647\u0627 \u0648\u0627\u0644\u062a\u064a \u064a\u0645\u0643\u0646 \u0623\u0646 \u062a\u062a\u0623\u0643\u062f \u0623\u064a\u0636\u064b\u0627 \u0645\u0646 \u0627\u0644\u062f\u0642\u0629 \u0627\u0644\u0639\u0627\u0644\u064a\u0629.<\/p>\n<p>5. \u064a\u0633\u062a\u062e\u062f\u0645 Suntec 5 \u0645\u062d\u0627\u0648\u0631 CNC \u0644\u0644\u062a\u0631\u0643\u064a\u0628 \u0628\u0627\u0633\u062a\u062e\u062f\u0627\u0645 \u0627\u0644\u0644\u064a\u0632\u0631 \u0644\u0636\u0628\u0637 \u0645\u062d\u0627\u0630\u0627\u0629 XYZAX callbrate \u0644\u0644\u062a\u0623\u0643\u062f \u0645\u0646 \u0627\u0631\u062a\u0641\u0627\u0639<\/p>\n<p>\u0627\u0644\u062f\u0642\u0629 .<\/p>\n<table>\n<tbody>\n<tr>\n<td width=\"46\">\u0627\u0644\u0639\u062f\u062f<\/td>\n<td width=\"217\">\u0627\u0644\u0648\u0635\u0641<\/td>\n<td width=\"289\">\u0627\u0644\u0645\u0639\u0644\u0645\u0629<\/td>\n<\/tr>\n<tr>\n<td width=\"46\">1<\/td>\n<td width=\"217\">\u0645\u0646\u0637\u0642\u0629 \u0627\u0644\u0639\u0645\u0644 X\u060c Y\u060c Z<\/td>\n<td width=\"289\">1200*1800*1000 \u0645\u0645<\/td>\n<\/tr>\n<tr>\n<td width=\"46\">2<\/td>\n<td width=\"217\">\u062d\u062c\u0645 \u0627\u0644\u062c\u062f\u0648\u0644<\/td>\n<td width=\"289\">3300 \u00d7 3700 \u0645\u0645<\/td>\n<\/tr>\n<tr>\n<td width=\"46\">3<\/td>\n<td width=\"217\">\u062f\u0642\u0629 \u062a\u062d\u062f\u064a\u062f \u0627\u0644\u0645\u0648\u0627\u0642\u0639 \u0627\u0644\u0645\u062a\u0646\u0642\u0644\u0629 X\u060c Y\u060c Z<\/td>\n<td width=\"289\">\u00b1 0.01\/1000 \u0645\u0645<\/td>\n<\/tr>\n<tr>\n<td width=\"46\">4<\/td>\n<td width=\"217\">\u0645\u062d\u0648\u0631<\/td>\n<td width=\"289\">\u0623 \u00b1 110 \u062f\u0631\u062c\u0629<\/td>\n<\/tr>\n<tr>\n<td width=\"46\">5<\/td>\n<td width=\"217\">\u062c \u062f\u0648\u0651\u0627\u0631<\/td>\n<td width=\"289\">\u00b1 245 \u062f\u0631\u062c\u0629 \u0645\u0626\u0648\u064a\u0629<\/td>\n<\/tr>\n<tr>\n<td width=\"46\">5<\/td>\n<td width=\"217\">\u0633\u0637\u062d \u0627\u0644\u0637\u0627\u0648\u0644\u0629<\/td>\n<td width=\"289\">\u0637\u0627\u0648\u0644\u0629 \u0645\u062a\u062d\u0631\u0643\u0629<\/td>\n<\/tr>\n<tr>\n<td width=\"46\">6<\/td>\n<td width=\"217\">\u0627\u0644\u0625\u0637\u0627\u0631<\/td>\n<td width=\"289\">\u0647\u064a\u0643\u0644 \u0627\u0644\u0623\u0646\u0628\u0648\u0628 \u0627\u0644\u0641\u0648\u0644\u0627\u0630\u064a \u0627\u0644\u0643\u0628\u064a\u0631 \u0645\u0639 \u0627\u0644\u0645\u0639\u0627\u0644\u062c\u0629 \u0627\u0644\u062d\u0631\u0627\u0631\u064a\u0629<\/td>\n<\/tr>\n<tr>\n<td width=\"46\">7<\/td>\n<td width=\"217\">\u0647\u064a\u0643\u0644 X\u060c Y<\/td>\n<td width=\"289\">\u0645\u062d\u0631\u0643 \u0627\u0644\u0631\u0641 \u0648\u0627\u0644\u062c\u0646\u0627\u062d\u060c \u0627\u0644\u0645\u062d\u0627\u0645\u0644 \u0627\u0644\u062e\u0637\u064a\u0629 \u0644\u0644\u0633\u0643\u0643 \u0627\u0644\u062d\u062f\u064a\u062f\u064a\u0629 Hiwin<\/td>\n<\/tr>\n<tr>\n<td width=\"46\">8<\/td>\n<td width=\"217\">\u0647\u064a\u0643\u0644 Z<\/td>\n<td width=\"289\">\u0627\u0644\u0645\u062d\u0627\u0645\u0644 \u0627\u0644\u062e\u0637\u064a\u0629 \u0644\u0644\u0633\u0643\u0643 \u0627\u0644\u062d\u062f\u064a\u062f\u064a\u0629 Hiwin \u0648\u0627\u0644\u0628\u0631\u0627\u063a\u064a \u0627\u0644\u0643\u0631\u0648\u064a\u0629 TBI<\/td>\n<\/tr>\n<tr>\n<td width=\"46\">9<\/td>\n<td width=\"217\">\u0627\u0644\u062d\u062f \u0627\u0644\u0623\u0642\u0635\u0649. \u0627\u0633\u062a\u0647\u0644\u0627\u0643 \u0627\u0644\u0637\u0627\u0642\u0629<\/td>\n<td width=\"289\">(\u0628\u062f\u0648\u0646 \u0645\u063a\u0632\u0644) 12 \u0643\u064a\u0644\u0648\u0648\u0627\u0637<\/td>\n<\/tr>\n<tr>\n<td width=\"46\">10<\/td>\n<td width=\"217\">\u0627\u0644\u062d\u062f \u0627\u0644\u0623\u0642\u0635\u0649 \u0645\u0639\u062f\u0644 \u0627\u0644\u0633\u0641\u0631 \u0627\u0644\u0633\u0631\u064a\u0639<\/td>\n<td width=\"289\">40000 \u0645\u0645\/\u062f\u0642\u064a\u0642\u0629<\/td>\n<\/tr>\n<tr>\n<td width=\"46\">11<\/td>\n<td width=\"217\">\u0627\u0644\u062d\u062f \u0627\u0644\u0623\u0642\u0635\u0649. \u0633\u0631\u0639\u0629 \u0627\u0644\u0639\u0645\u0644<\/td>\n<td width=\"289\">30000 \u0645\u0645\/\u062f\u0642\u064a\u0642\u0629<\/td>\n<\/tr>\n<tr>\n<td width=\"46\">12<\/td>\n<td width=\"217\">\u0637\u0627\u0642\u0629 \u0639\u0645\u0648\u062f \u0627\u0644\u062f\u0648\u0631\u0627\u0646<\/td>\n<td width=\"289\">12 \u0643\u064a\u0644\u0648 \u0648\u0627\u062a<\/td>\n<\/tr>\n<tr>\n<td width=\"46\">13<\/td>\n<td width=\"217\">\u0633\u0631\u0639\u0629 \u0639\u0645\u0648\u062f \u0627\u0644\u062f\u0648\u0631\u0627\u0646<\/td>\n<td width=\"289\">0-24000 \u062f\u0648\u0631\u0629 \u0641\u064a \u0627\u0644\u062f\u0642\u064a\u0642\u0629<\/td>\n<\/tr>\n<tr>\n<td width=\"46\">14<\/td>\n<td width=\"217\">\u0645\u062d\u0631\u0643\u0627\u062a \u0627\u0644\u0623\u0642\u0631\u0627\u0635<\/td>\n<td width=\"289\">\u064a\u0627\u0633\u0643\u0627\u0648\u0627 \u0645\u0648\u062a\u0648\u0631\u0632<\/td>\n<\/tr>\n<tr>\n<td width=\"46\">15<\/td>\n<td width=\"217\">\u062c\u0647\u062f \u0627\u0644\u0639\u0645\u0644<\/td>\n<td width=\"289\">\u062a\u064a\u0627\u0631 \u0645\u062a\u0631\u062f\u062f 380 \u0641\u0648\u0644\u062a\/50\/60 \u0647\u0631\u062a\u0632\u060c 3 \u0641\u0648\u0644\u062a \u0641\u064a \u0627\u0644\u0633\u0627\u0639\u0629 (\u0627\u062e\u062a\u064a\u0627\u0631\u064a: 220 \u0641\u0648\u0644\u062a))<\/td>\n<\/tr>\n<tr>\n<td width=\"46\">16<\/td>\n<td width=\"217\">\u0644\u063a\u0629 \u0627\u0644\u0623\u0648\u0627\u0645\u0631<\/td>\n<td width=\"289\">\u0627\u0644\u0631\u0645\u0632 G<\/td>\n<\/tr>\n<tr>\n<td width=\"46\">17<\/td>\n<td width=\"217\">\u0646\u0638\u0627\u0645 \u0627\u0644\u062a\u0634\u063a\u064a\u0644<\/td>\n<td width=\"289\">\u0646\u0638\u0627\u0645 \u0627\u0644\u062a\u062d\u0643\u0645 \u0641\u064a \u0633\u064a\u0646\u062a\u064a\u0643\/\u0627\u0644\u062a\u062d\u0643\u0645 \u0641\u064a \u0627\u0644\u0637\u0627\u0642\u0629\/\u0648\u0633\u0627\u064a<\/td>\n<\/tr>\n<tr>\n<td width=\"46\">18<\/td>\n<td width=\"217\">\u0648\u0627\u062c\u0647\u0629 \u0627\u0644\u0643\u0645\u0628\u064a\u0648\u062a\u0631<\/td>\n<td width=\"289\">USB<\/td>\n<\/tr>\n<tr>\n<td width=\"46\">19<\/td>\n<td width=\"217\">\u0630\u0627\u0643\u0631\u0629 \u0641\u0644\u0627\u0634<\/td>\n<td width=\"289\">512M<\/td>\n<\/tr>\n<tr>\n<td width=\"46\">20<\/td>\n<td width=\"217\">\u0643\u0648\u0644\u064a\u062a<\/td>\n<td width=\"289\">HSK-F63<\/td>\n<\/tr>\n<tr>\n<td width=\"46\">21<\/td>\n<td width=\"217\">\u062f\u0642\u0629 X\u060c Y<\/td>\n<td width=\"289\">&lt;0.01 \u0645\u0645<\/td>\n<\/tr>\n<tr>\n<td width=\"46\">22<\/td>\n<td width=\"217\">\u062a\u0648\u0627\u0641\u0642 \u0627\u0644\u0628\u0631\u0627\u0645\u062c<\/td>\n<td width=\"289\">\u00a0\u0628\u0631\u0646\u0627\u0645\u062c Powermill UG<\/td>\n<\/tr>\n<tr>\n<td width=\"46\">23<\/td>\n<td width=\"217\">\u062f\u0631\u062c\u0629 \u062d\u0631\u0627\u0631\u0629 \u0628\u064a\u0626\u0629 \u0627\u0644\u062a\u0634\u063a\u064a\u0644<\/td>\n<td width=\"289\">0 - 45 \u062f\u0631\u062c\u0629 \u0645\u0626\u0648\u064a\u0629<\/td>\n<\/tr>\n<tr>\n<td width=\"46\">24<\/td>\n<td width=\"217\">\u0627\u0644\u0631\u0637\u0648\u0628\u0629 \u0627\u0644\u0646\u0633\u0628\u064a\u0629<\/td>\n<td width=\"289\">30% - 75%<\/td>\n<\/tr>\n<tr>\n<td width=\"46\">25<\/td>\n<td width=\"217\">\u062d\u062c\u0645 \u0627\u0644\u062a\u0639\u0628\u0626\u0629 \u0648\u0627\u0644\u062a\u063a\u0644\u064a\u0641<\/td>\n<td width=\"289\">5500 \u00d7 2100 \u00d7 2300 \u00d7 2300 \u0645\u0645<\/td>\n<\/tr>\n<tr>\n<td width=\"46\">26<\/td>\n<td width=\"217\">\u0646.\u0648<\/td>\n<td width=\"289\">6000 \u0643\u062c\u0645<\/td>\n<\/tr>\n<tr>\n<td width=\"46\">27<\/td>\n<td width=\"217\">\u062c. \u0648.<\/td>\n<td width=\"289\">8000 \u0643\u064a\u0644\u0648 \u062c\u0631\u0627\u0645<\/td>\n<\/tr>\n<tr>\n<td rowspan=\"7\" width=\"46\">28<\/td>\n<td rowspan=\"7\" width=\"217\">\u0627\u0644\u0623\u062c\u0632\u0627\u0621 \u0627\u0644\u0627\u062e\u062a\u064a\u0627\u0631\u064a\u0629<\/td>\n<td width=\"289\">\u0645\u062c\u0645\u0651\u0639 \u0627\u0644\u063a\u0628\u0627\u0631\/\u063a\u0637\u0627\u0621 \u0627\u0644\u063a\u0628\u0627\u0631 \u0644\u062b\u0644\u0627\u062b\u0629 \u0645\u062d\u0627\u0648\u0631<\/td>\n<\/tr>\n<tr>\n<td width=\"289\">\u0645\u0636\u062e\u0629 \u062a\u0641\u0631\u064a\u063a \u0627\u0644\u0647\u0648\u0627\u0621<\/td>\n<\/tr>\n<tr>\n<td width=\"289\">\u0646\u0638\u0627\u0645 \u062f\u0648\u0651\u0627\u0631<\/td>\n<\/tr>\n<tr>\n<td width=\"289\">\u0646\u0638\u0627\u0645 \u0627\u0644\u062a\u0628\u0631\u064a\u062f \u0628\u0627\u0644\u0636\u0628\u0627\u0628<\/td>\n<\/tr>\n<tr>\n<td width=\"289\">\u0645\u062d\u0631\u0643\u0627\u062a \u0645\u0624\u0627\u0632\u0631\u0629 \u062f\u0644\u062a\u0627\/\u0628\u0627\u0646\u0627\u0633\u0648\u0646\u064a\u0643<\/td>\n<\/tr>\n<tr>\n<td width=\"289\">\u0645\u063a\u0632\u0644 \u0643\u0648\u0644\u0648\u0645\u0628\u0648<\/td>\n<\/tr>\n<tr>\n<td width=\"289\">\u062c\u062f\u0648\u0644 \u0634\u0645\u0627\u0644\u0632 PTP<\/td>\n<\/tr>\n<\/tbody>\n<\/table>\n<\/td>\n<\/tr>\n<\/tbody>\n<\/table>","protected":false},"excerpt":{"rendered":"<p>\u064a\u062a\u0645\u064a\u0632 \u0628\u062f\u0648\u0631\u0627\u0646 \u0634\u062f\u064a\u062f \u00b1 110 \u062f\u0631\u062c\u0629 \u0623\u0645\u0628\u064a\u0631\/\u00b1 245 \u062f\u0631\u062c\u0629 \u0645\u0626\u0648\u064a\u0629 \u0644\u0644\u0642\u0648\u0627\u0644\u0628 \u0627\u0644\u0641\u0636\u0627\u0626\u064a\u0629 \u0627\u0644\u0645\u0639\u0642\u062f\u0629 \u0648\u0627\u0644\u0623\u062f\u0648\u0627\u062a \u0627\u0644\u0637\u0628\u064a\u0629 \u0648\u0642\u0648\u0627\u0644\u0628 \u0627\u0644\u0633\u064a\u0627\u0631\u0627\u062a. \u062a\u062d\u0642\u0642 \u062f\u0642\u0629 \u0639\u0644\u0649 \u0645\u0633\u062a\u0648\u0649 \u0627\u0644\u0645\u064a\u0643\u0631\u0648\u0646 (\u00b1 0.01\/1000 \u0645\u0645) \u0645\u0646 \u062e\u0644\u0627\u0644 \u0627\u0644\u0645\u0639\u0627\u064a\u0631\u0629 \u0628\u0627\u0644\u0644\u064a\u0632\u0631 \u0648\u0627\u0644\u0645\u0643\u0648\u0646\u0627\u062a \u0627\u0644\u0645\u062a\u0645\u064a\u0632\u0629: \u0631\u0623\u0633 \u062f\u064a\u0645\u0627\u0633 \u0625\u064a\u0637\u0627\u0644\u064a\u060c \u0648\u0645\u062d\u0631\u0643\u0627\u062a Yaskawa\u060c \u0648\u0645\u063a\u0632\u0644 HSD 24 \u0623\u0644\u0641 \u062f\u0648\u0631\u0629 \u0641\u064a \u0627\u0644\u062f\u0642\u064a\u0642\u0629. \u064a\u0636\u0645\u0646 \u0627\u0644\u0625\u0637\u0627\u0631 \u0627\u0644\u0641\u0648\u0644\u0627\u0630\u064a \u0627\u0644\u0642\u0648\u064a \u0627\u0644\u0645\u0639\u0627\u0644\u062c \u0628\u0627\u0644\u062d\u0631\u0627\u0631\u0629 \u0645\u0642\u0627\u0633 12-20 \u0645\u0645 \u0639\u062f\u0645 \u062d\u062f\u0648\u062b \u062a\u0634\u0648\u0647 \u0623\u062b\u0646\u0627\u0621 \u0627\u0644\u062a\u0635\u0646\u064a\u0639 \u0627\u0644\u0622\u0644\u064a \u0644\u0644\u0623\u062d\u0645\u0627\u0644 \u0627\u0644\u062b\u0642\u064a\u0644\u0629 (5-20T). \u0645\u0639\u0627\u0644\u062c\u0629 \u0639\u0627\u0644\u064a\u0629 \u0627\u0644\u0633\u0631\u0639\u0629 (40 \u0645\/\u062f\u0642\u064a\u0642\u0629) \u0644\u0644\u0645\u0648\u0627\u062f \u0627\u0644\u0645\u0631\u0643\u0628\u0629 (\u0623\u0644\u064a\u0627\u0641 \u0627\u0644\u0643\u0631\u0628\u0648\u0646) \u0648\u0627\u0644\u0645\u0639\u0627\u062f\u0646 \u0648\u0627\u0644\u062e\u0634\u0628. \u0637\u0627\u0648\u0644\u0629 \u0645\u062a\u062d\u0631\u0643\u0629 \u062a\u0639\u0632\u0632 \u062a\u0639\u062f\u062f \u0627\u0633\u062a\u062e\u062f\u0627\u0645\u0627\u062a \u0627\u0644\u0623\u062c\u0632\u0627\u0621 \u0627\u0644\u0643\u0628\u064a\u0631\u0629.<\/p>","protected":false},"featured_media":1545,"template":"","meta":{"_gspb_post_css":""},"product_brand":[],"product_cat":[40],"product_tag":[],"class_list":{"0":"post-1544","1":"product","2":"type-product","3":"status-publish","4":"has-post-thumbnail","6":"product_cat-5-axis-cnc-router","8":"first","9":"instock","10":"shipping-taxable","11":"product-type-simple"},"_links":{"self":[{"href":"https:\/\/sunteccncrouter.com\/ar\/wp-json\/wp\/v2\/product\/1544","targetHints":{"allow":["GET"]}}],"collection":[{"href":"https:\/\/sunteccncrouter.com\/ar\/wp-json\/wp\/v2\/product"}],"about":[{"href":"https:\/\/sunteccncrouter.com\/ar\/wp-json\/wp\/v2\/types\/product"}],"wp:featuredmedia":[{"embeddable":true,"href":"https:\/\/sunteccncrouter.com\/ar\/wp-json\/wp\/v2\/media\/1545"}],"wp:attachment":[{"href":"https:\/\/sunteccncrouter.com\/ar\/wp-json\/wp\/v2\/media?parent=1544"}],"wp:term":[{"taxonomy":"product_brand","embeddable":true,"href":"https:\/\/sunteccncrouter.com\/ar\/wp-json\/wp\/v2\/product_brand?post=1544"},{"taxonomy":"product_cat","embeddable":true,"href":"https:\/\/sunteccncrouter.com\/ar\/wp-json\/wp\/v2\/product_cat?post=1544"},{"taxonomy":"product_tag","embeddable":true,"href":"https:\/\/sunteccncrouter.com\/ar\/wp-json\/wp\/v2\/product_tag?post=1544"}],"curies":[{"name":"\u062f\u0628\u0644\u064a\u0648 \u0628\u064a","href":"https:\/\/api.w.org\/{rel}","templated":true}]}}