{"id":1555,"date":"2025-06-12T02:39:38","date_gmt":"2025-06-12T02:39:38","guid":{"rendered":"https:\/\/sunteccncrouter.com\/?post_type=product&#038;p=1555"},"modified":"2025-06-12T02:39:38","modified_gmt":"2025-06-12T02:39:38","slug":"customized-double-table-ptp-5-axis-cnc-router","status":"publish","type":"product","link":"https:\/\/sunteccncrouter.com\/ar\/customized-double-table-ptp-5-axis-cnc-router\/","title":{"rendered":"\u062c\u0647\u0627\u0632 \u0627\u0644\u062a\u0648\u062c\u064a\u0647 \u0628\u0627\u0633\u062a\u062e\u062f\u0627\u0645 \u0627\u0644\u062d\u0627\u0633\u0628 \u0627\u0644\u0622\u0644\u064a \u0630\u0648 \u0627\u0644\u0637\u0627\u0648\u0644\u0629 \u0627\u0644\u0645\u0632\u062f\u0648\u062c\u0629 PTP 5 \u0645\u062d\u0627\u0648\u0631 ST-3015 \u0627\u0644\u0645\u062e\u0635\u0635"},"content":{"rendered":"<p>\u064a\u0645\u0643\u0646 \u062a\u0637\u0628\u064a\u0642\u0647\u0627 \u0639\u0644\u0649 \u0623\u062b\u0627\u062b MDF\u060c \u0648\u0627\u0644\u0623\u062b\u0627\u062b \u0627\u0644\u062e\u0634\u0628\u064a \u0627\u0644\u0635\u0644\u0628\u060c \u0648PVC\/PP\/PE\u060c \u0648ABS\u060c \u0648ABS\u060c \u0648\u0627\u0644\u0645\u0637\u0627\u0637\u060c \u0648\u0627\u0644\u0628\u0648\u0644\u064a \u064a\u0648\u0631\u064a\u062b\u064a\u0646\u060c \u0648\u0627\u0644\u0623\u0644\u064a\u0627\u0641 \u0627\u0644\u0632\u062c\u0627\u062c\u064a\u0629\u060c \u0648\u0623\u0644\u064a\u0627\u0641 \u0627\u0644\u0643\u0631\u0628\u0648\u0646 \u0648\u063a\u064a\u0631\u0647\u0627 \u0645\u0646 \u0627\u0644\u0645\u0648\u0627\u062f \u0627\u0644\u0645\u0631\u0643\u0628\u0629 \u0644\u0644\u062d\u0641\u0631\u060c \u0648\u0627\u0644\u0634\u0637\u0628\u060c \u0648\u0627\u0644\u062a\u062b\u0642\u064a\u0628\u060c \u0648\u062a\u062b\u0642\u064a\u0628 \u0627\u0644\u0623\u062e\u0627\u062f\u064a\u062f \u0627\u0644\u062e\u0637\u0627\u0641\u064a\u0629 \u0648\u063a\u064a\u0631\u0647\u0627 \u0645\u0646 \u0627\u0644\u0639\u0645\u0644\u064a\u0627\u062a \u0648\u0627\u0644\u0632\u0648\u0627\u064a\u0627 \u0627\u0644\u0645\u062a\u0639\u062f\u062f\u0629 \u0644\u0644\u0645\u0639\u0627\u0644\u062c\u0629 \u0639\u0627\u0644\u064a\u0629 \u0627\u0644\u062f\u0642\u0629 \u0648\u0627\u0644\u0643\u0641\u0627\u0621\u0629.<\/p>\n<p>\u0645\u062c\u0645\u0651\u0639 \u062a\u0628\u0631\u064a\u062f \u0627\u0644\u0647\u0648\u0627\u0621 \u0627\u0644\u0645\u063a\u0632\u0644\u064a HSD 15KW \u0645\u0646 \u0625\u064a\u062a\u0644\u0627\u064a HSK63F<\/p>\n<p>\u0631\u0623\u0633 \u0645\u0645\u0644 HSD \u0645\u0646 \u0625\u064a\u062a\u0644\u0627\u064a<\/p>\n<p>\u0645\u062d\u0631\u0643 \u0633\u064a\u0631\u0641\u0648 \u064a\u0627\u0633\u0643\u0627\u0648\u0627 \u0627\u0644\u064a\u0627\u0628\u0627\u0646\u064a \u0648\u0633\u0627\u0626\u0642\u0647<\/p>\n<p>\u0645\u062e\u0632\u0646 \u0627\u0644\u0623\u062f\u0648\u0627\u062a \u0627\u0644\u062f\u0648\u0627\u0631\u0629 \u0630\u0648 12 \u0648\u0636\u0639\u064a\u0627\u062a<\/p>\n<p>\u0637\u0627\u0648\u0644\u0629 \u062a\u0641\u0631\u064a\u063a \u0627\u0644\u0647\u0648\u0627\u0621 \u0627\u0644\u0623\u0644\u0645\u0627\u0646\u064a\u0629 \u0634\u0645\u0648\u0644\u0632<\/p>\n<p>\u0648\u062d\u062f\u0629 \u062a\u062d\u0643\u0645 \u0633\u064a\u0646\u062a\u0643 \u0627\u0644\u062a\u0627\u064a\u0648\u0627\u0646\u064a\u0629<\/p>\n<p>\u0645\u0636\u062e\u0629 \u062a\u0641\u0631\u064a\u063a \u0627\u0644\u0647\u0648\u0627\u0621 7.5 \u0643\u064a\u0644\u0648\u0648\u0627\u0637 250 \u06453\/\u0633\u0627\u0639\u0629<\/p>\n<p>\u062a\u0639\u0645\u0644 \u0645\u0639 \u062c\u0645\u064a\u0639 \u0628\u0631\u0627\u0645\u062c CAD\/CAM \u0627\u0644\u0642\u064a\u0627\u0633\u064a\u0629 \u0641\u064a \u0627\u0644\u0645\u062c\u0627\u0644<\/p>\n<table>\n<tbody>\n<tr>\n<td width=\"37\">umber<\/td>\n<td width=\"222\">\u0627\u0644\u0648\u0635\u0641<\/td>\n<td width=\"295\">\u0627\u0644\u0645\u0639\u0644\u0645\u0629<\/td>\n<\/tr>\n<tr>\n<td width=\"37\">1<\/td>\n<td width=\"222\">\u0645\u0646\u0637\u0642\u0629 \u0627\u0644\u0639\u0645\u0644 X\u060c Y\u060c Z<\/td>\n<td width=\"295\">3000*15000*1000mm 1500*1500*1000<\/td>\n<\/tr>\n<tr>\n<td width=\"37\">2<\/td>\n<td width=\"222\">\u062d\u062c\u0645 \u0627\u0644\u062c\u062f\u0648\u0644<\/td>\n<td width=\"295\">3000 \u00d7 1500 \u0645\u0645<\/td>\n<\/tr>\n<tr>\n<td width=\"37\">3<\/td>\n<td width=\"222\">\u062f\u0642\u0629 \u062a\u062d\u062f\u064a\u062f \u0627\u0644\u0645\u0648\u0627\u0642\u0639 \u0627\u0644\u0645\u062a\u0646\u0642\u0644\u0629 X\u060c Y\u060c Z<\/td>\n<td width=\"295\">\u00b1 0.01\/1000 \u0645\u0645<\/td>\n<\/tr>\n<tr>\n<td width=\"37\">4<\/td>\n<td width=\"222\">\u0627\u0644\u062f\u0648\u0627\u0631\u0629<\/td>\n<td width=\"295\">\u0623 120 \u062f\u0631\u062c\u0629 \u0645\u0626\u0648\u064a\u0629 240 \u062f\u0631\u062c\u0629 \u0645\u0626\u0648\u064a\u0629<\/td>\n<\/tr>\n<tr>\n<td width=\"37\">5<\/td>\n<td width=\"222\">\u0633\u0637\u062d \u0627\u0644\u0637\u0627\u0648\u0644\u0629<\/td>\n<td width=\"295\">\u0637\u0627\u0648\u0644\u0629 PTP \u0645\u0639 \u0623\u0643\u0648\u0627\u0628 \u062a\u0641\u0631\u064a\u063a \u0627\u0644\u0647\u0648\u0627\u0621 shmalz<\/td>\n<\/tr>\n<tr>\n<td width=\"37\">6<\/td>\n<td width=\"222\">\u0627\u0644\u0625\u0637\u0627\u0631<\/td>\n<td width=\"295\">\u0647\u064a\u0643\u0644 \u0627\u0644\u0623\u0646\u0628\u0648\u0628 \u0627\u0644\u0641\u0648\u0644\u0627\u0630\u064a \u0627\u0644\u0643\u0628\u064a\u0631 \u0645\u0639 \u0627\u0644\u0645\u0639\u0627\u0644\u062c\u0629 \u0627\u0644\u062d\u0631\u0627\u0631\u064a\u0629<\/td>\n<\/tr>\n<tr>\n<td width=\"37\">7<\/td>\n<td width=\"222\">\u0647\u064a\u0643\u0644 X\u060c Y<\/td>\n<td width=\"295\">\u0645\u062d\u0631\u0643 \u0627\u0644\u0631\u0641 \u0648\u0627\u0644\u062c\u0646\u0627\u062d\u060c \u0627\u0644\u0645\u062d\u0627\u0645\u0644 \u0627\u0644\u062e\u0637\u064a\u0629 \u0644\u0644\u0633\u0643\u0643 \u0627\u0644\u062d\u062f\u064a\u062f\u064a\u0629 Hiwin<\/td>\n<\/tr>\n<tr>\n<td width=\"37\">8<\/td>\n<td width=\"222\">\u0647\u064a\u0643\u0644 Z<\/td>\n<td width=\"295\">\u0627\u0644\u0645\u062d\u0627\u0645\u0644 \u0627\u0644\u062e\u0637\u064a\u0629 \u0644\u0644\u0633\u0643\u0643 \u0627\u0644\u062d\u062f\u064a\u062f\u064a\u0629 Hiwin \u0648\u0627\u0644\u0628\u0631\u0627\u063a\u064a \u0627\u0644\u0643\u0631\u0648\u064a\u0629<\/td>\n<\/tr>\n<tr>\n<td width=\"37\">9<\/td>\n<td width=\"222\">\u0627\u0644\u062d\u062f \u0627\u0644\u0623\u0642\u0635\u0649. \u0627\u0633\u062a\u0647\u0644\u0627\u0643 \u0627\u0644\u0637\u0627\u0642\u0629<\/td>\n<td width=\"295\">(\u0628\u062f\u0648\u0646 \u0645\u063a\u0632\u0644) 16 \u0643\u064a\u0644\u0648\u0648\u0627\u0637<\/td>\n<\/tr>\n<tr>\n<td width=\"37\">10<\/td>\n<td width=\"222\">\u0627\u0644\u062d\u062f \u0627\u0644\u0623\u0642\u0635\u0649 \u0645\u0639\u062f\u0644 \u0627\u0644\u0633\u0641\u0631 \u0627\u0644\u0633\u0631\u064a\u0639<\/td>\n<td width=\"295\">40000 \u0645\u0645\/\u062f\u0642\u064a\u0642\u0629<\/td>\n<\/tr>\n<tr>\n<td width=\"37\">11<\/td>\n<td width=\"222\">\u0627\u0644\u062d\u062f \u0627\u0644\u0623\u0642\u0635\u0649. \u0633\u0631\u0639\u0629 \u0627\u0644\u0639\u0645\u0644<\/td>\n<td width=\"295\">30000 \u0645\u0645\/\u062f\u0642\u064a\u0642\u0629<\/td>\n<\/tr>\n<tr>\n<td width=\"37\">12<\/td>\n<td width=\"222\">\u0637\u0627\u0642\u0629 \u0639\u0645\u0648\u062f \u0627\u0644\u062f\u0648\u0631\u0627\u0646<\/td>\n<td width=\"295\">\u0645\u063a\u0632\u0644 HSD 15kw 15kw<\/td>\n<\/tr>\n<tr>\n<td width=\"37\">13<\/td>\n<td width=\"222\">\u0631\u0623\u0633 \u0645\u0645\u0644<\/td>\n<td width=\"295\">HSD 9v3h3h1s<\/td>\n<\/tr>\n<tr>\n<td width=\"37\">14<\/td>\n<td width=\"222\">\u0633\u0631\u0639\u0629 \u0639\u0645\u0648\u062f \u0627\u0644\u062f\u0648\u0631\u0627\u0646<\/td>\n<td width=\"295\">0-24000 \u062f\u0648\u0631\u0629 \u0641\u064a \u0627\u0644\u062f\u0642\u064a\u0642\u0629<\/td>\n<\/tr>\n<tr>\n<td width=\"37\">15<\/td>\n<td width=\"222\">\u0645\u062d\u0631\u0643\u0627\u062a \u0627\u0644\u0623\u0642\u0631\u0627\u0635<\/td>\n<td width=\"295\">\u00a0\u064a\u0627\u0633\u0643\u0627\u0648\u0627 \u0645\u0648\u062a\u0648\u0631\u0632<\/td>\n<\/tr>\n<tr>\n<td width=\"37\">16<\/td>\n<td width=\"222\">\u062c\u0647\u062f \u0627\u0644\u0639\u0645\u0644<\/td>\n<td width=\"295\">\u062a\u064a\u0627\u0631 \u0645\u062a\u0631\u062f\u062f 380 \u0641\u0648\u0644\u062a\/50\/60 \u0647\u0631\u062a\u0632\u060c 3 \u0641\u0648\u0644\u062a \u0641\u064a \u0627\u0644\u0633\u0627\u0639\u0629<\/td>\n<\/tr>\n<tr>\n<td width=\"37\">17<\/td>\n<td width=\"222\">\u0644\u063a\u0629 \u0627\u0644\u0623\u0648\u0627\u0645\u0631<\/td>\n<td width=\"295\">\u0627\u0644\u0631\u0645\u0632 G<\/td>\n<\/tr>\n<tr>\n<td width=\"37\">18<\/td>\n<td width=\"222\">\u0646\u0638\u0627\u0645 \u0627\u0644\u062a\u0634\u063a\u064a\u0644<\/td>\n<td width=\"295\">\u0623\u0648\u0633\u0627\u064a<\/td>\n<\/tr>\n<tr>\n<td width=\"37\">18<\/td>\n<td width=\"222\">\u0648\u0627\u062c\u0647\u0629 \u0627\u0644\u0643\u0645\u0628\u064a\u0648\u062a\u0631<\/td>\n<td width=\"295\">USB<\/td>\n<\/tr>\n<tr>\n<td width=\"37\">19<\/td>\n<td width=\"222\">\u0630\u0627\u0643\u0631\u0629 \u0641\u0644\u0627\u0634<\/td>\n<td width=\"295\">512M<\/td>\n<\/tr>\n<tr>\n<td width=\"37\">20<\/td>\n<td width=\"222\">\u0643\u0648\u0644\u064a\u062a<\/td>\n<td width=\"295\">HSK-F63<\/td>\n<\/tr>\n<tr>\n<td width=\"37\">21<\/td>\n<td width=\"222\">\u062f\u0642\u0629 X\u060c Y<\/td>\n<td width=\"295\">&lt;0.01 \u0645\u0645<\/td>\n<\/tr>\n<tr>\n<td width=\"37\">22<\/td>\n<td width=\"222\">\u062a\u0648\u0627\u0641\u0642 \u0627\u0644\u0628\u0631\u0627\u0645\u062c<\/td>\n<td width=\"295\">\u0628\u0631\u0646\u0627\u0645\u062c Type3\/UcancameV9 Powermill UG \u0645\u0646 \u0627\u0644\u0646\u0648\u0639 9<\/td>\n<\/tr>\n<tr>\n<td width=\"37\">23<\/td>\n<td width=\"222\">\u062f\u0631\u062c\u0629 \u062d\u0631\u0627\u0631\u0629 \u0628\u064a\u0626\u0629 \u0627\u0644\u062a\u0634\u063a\u064a\u0644<\/td>\n<td width=\"295\">0 - 45 \u062f\u0631\u062c\u0629 \u0645\u0626\u0648\u064a\u0629<\/td>\n<\/tr>\n<tr>\n<td width=\"37\">24<\/td>\n<td width=\"222\">\u0627\u0644\u0631\u0637\u0648\u0628\u0629 \u0627\u0644\u0646\u0633\u0628\u064a\u0629<\/td>\n<td width=\"295\">30% - 75%<\/td>\n<\/tr>\n<tr>\n<td width=\"37\">25<\/td>\n<td width=\"222\">\u062d\u062c\u0645 \u0627\u0644\u062a\u0639\u0628\u0626\u0629 \u0648\u0627\u0644\u062a\u063a\u0644\u064a\u0641<\/td>\n<td width=\"295\">5500 \u00d7 2100 \u00d7 2300 \u00d7 2300 \u0645\u0645<\/td>\n<\/tr>\n<tr>\n<td width=\"37\">26<\/td>\n<td width=\"222\">\u0646.\u0648<\/td>\n<td width=\"295\">16000 \u0643\u062c\u0645<\/td>\n<\/tr>\n<tr>\n<td width=\"37\">27<\/td>\n<td width=\"222\">\u062c. \u0648.<\/td>\n<td width=\"295\">18000 \u0643\u062c\u0645<\/td>\n<\/tr>\n<\/tbody>\n<\/table>\n<p>&nbsp;<\/p>","protected":false},"excerpt":{"rendered":"<p>\u062a\u0647\u064a\u0645\u0646 \u0639\u0644\u0649 \u0627\u0644\u0623\u062b\u0627\u062b \u0643\u0628\u064a\u0631 \u0627\u0644\u062d\u062c\u0645 \u0648\u0627\u0644\u0645\u0631\u0643\u0628\u0627\u062a \u0627\u0644\u0641\u0636\u0627\u0626\u064a\u0629 \u0648\u0635\u0628 \u0627\u0644\u0628\u0648\u0644\u064a\u0645\u0631 \u0645\u0639 \u0645\u0646\u0637\u0642\u0629 \u0639\u0645\u0644 \u0631\u0627\u0626\u062f\u0629 \u0641\u064a \u0627\u0644\u0635\u0646\u0627\u0639\u0629 \u0628\u0645\u0633\u0627\u062d\u0629 3000 \u00d7 15000 \u00d7 1000 \u0645\u0645 (\u0627\u062e\u062a\u064a\u0627\u0631\u064a 1500 \u00d7 1500 \u00d7 1500 \u00d7 1000 \u0645\u0645). \u062a\u062a\u0645\u064a\u0632 \u0628\u062f\u0648\u0631\u0627\u0646 \u0634\u062f\u064a\u062f \u00b1 120 \u062f\u0631\u062c\u0629\/ \u00b1 240 \u062f\u0631\u062c\u0629 \u0648\u062f\u0642\u0629 \u0645\u064a\u0643\u0631\u0648\u0645\u062a\u0631\u064a\u0629 (\u00b1 0.01\/1000 \u0645\u0645) \u0645\u062f\u0639\u0648\u0645\u0629 \u0628\u0645\u0643\u0648\u0646\u0627\u062a \u0645\u062a\u0645\u064a\u0632\u0629: \u0645\u063a\u0632\u0644 HSD \u0628\u0642\u062f\u0631\u0629 15 \u0643\u064a\u0644\u0648 \u0648\u0627\u062a (24 \u0643\u064a\u0644\u0648\u0648\u0627\u062a \u0641\u064a \u0627\u0644\u062f\u0642\u064a\u0642\u0629)\u060c \u0648\u0631\u0623\u0633 \u062b\u0642\u0628 \u0625\u064a\u0637\u0627\u0644\u064a HSD 9v3h1s\u060c \u0648\u0645\u064f\u0624\u0627\u0632\u0631 Yaskawa\u060c \u0648\u062a\u0642\u0646\u064a\u0629 \u062a\u0641\u0631\u064a\u063a \u0627\u0644\u0647\u0648\u0627\u0621 Schmalz. \u064a\u0636\u0645\u0646 \u0627\u0644\u0625\u0637\u0627\u0631 \u0627\u0644\u0641\u0648\u0644\u0627\u0630\u064a \u0627\u0644\u062b\u0642\u064a\u0644 \u0627\u0644\u0645\u0639\u0627\u0644\u062c \u0628\u0627\u0644\u062d\u0631\u0627\u0631\u0629 \u062b\u0628\u0627\u062a\u064b\u0627 \u0623\u062b\u0646\u0627\u0621 \u0639\u0645\u0644\u064a\u0627\u062a \u0627\u0644\u062d\u0632 \u0648\u0627\u0644\u0634\u0637\u0628 \u0639\u0627\u0644\u064a\u0629 \u0627\u0644\u0633\u0631\u0639\u0629 (40 \u0645\/\u062f\u0642\u064a\u0642\u0629).<\/p>","protected":false},"featured_media":1556,"template":"","meta":{"_gspb_post_css":""},"product_brand":[],"product_cat":[40],"product_tag":[],"class_list":{"0":"post-1555","1":"product","2":"type-product","3":"status-publish","4":"has-post-thumbnail","6":"product_cat-5-axis-cnc-router","8":"first","9":"instock","10":"shipping-taxable","11":"product-type-simple"},"_links":{"self":[{"href":"https:\/\/sunteccncrouter.com\/ar\/wp-json\/wp\/v2\/product\/1555","targetHints":{"allow":["GET"]}}],"collection":[{"href":"https:\/\/sunteccncrouter.com\/ar\/wp-json\/wp\/v2\/product"}],"about":[{"href":"https:\/\/sunteccncrouter.com\/ar\/wp-json\/wp\/v2\/types\/product"}],"wp:featuredmedia":[{"embeddable":true,"href":"https:\/\/sunteccncrouter.com\/ar\/wp-json\/wp\/v2\/media\/1556"}],"wp:attachment":[{"href":"https:\/\/sunteccncrouter.com\/ar\/wp-json\/wp\/v2\/media?parent=1555"}],"wp:term":[{"taxonomy":"product_brand","embeddable":true,"href":"https:\/\/sunteccncrouter.com\/ar\/wp-json\/wp\/v2\/product_brand?post=1555"},{"taxonomy":"product_cat","embeddable":true,"href":"https:\/\/sunteccncrouter.com\/ar\/wp-json\/wp\/v2\/product_cat?post=1555"},{"taxonomy":"product_tag","embeddable":true,"href":"https:\/\/sunteccncrouter.com\/ar\/wp-json\/wp\/v2\/product_tag?post=1555"}],"curies":[{"name":"\u062f\u0628\u0644\u064a\u0648 \u0628\u064a","href":"https:\/\/api.w.org\/{rel}","templated":true}]}}