{"id":1571,"date":"2025-06-12T05:14:05","date_gmt":"2025-06-12T05:14:05","guid":{"rendered":"https:\/\/sunteccncrouter.com\/?post_type=product&#038;p=1571"},"modified":"2025-06-12T05:14:05","modified_gmt":"2025-06-12T05:14:05","slug":"large-5-axis-cnc-stone-aluminum-marble-milling-machines-for-heavy-industry","status":"publish","type":"product","link":"https:\/\/sunteccncrouter.com\/ar\/large-5-axis-cnc-stone-aluminum-marble-milling-machines-for-heavy-industry\/","title":{"rendered":"\u0645\u0627\u0643\u064a\u0646\u0627\u062a \u062a\u0641\u0631\u064a\u0632 \u0631\u062e\u0627\u0645 \u0627\u0644\u0623\u0644\u0648\u0645\u0646\u064a\u0648\u0645 \u0648\u0627\u0644\u062d\u062c\u0631 \u0648\u0627\u0644\u0631\u062e\u0627\u0645 \u0630\u0627\u062a 5 \u0645\u062d\u0627\u0648\u0631 \u0643\u0628\u064a\u0631\u0629 \u0628\u0646\u0638\u0627\u0645 \u0627\u0644\u062a\u062d\u0643\u0645 \u0627\u0644\u0631\u0642\u0645\u064a \u0644\u0644\u0635\u0646\u0627\u0639\u0627\u062a \u0627\u0644\u062b\u0642\u064a\u0644\u0629 ST-7060"},"content":{"rendered":"<p>\u064a\u0645\u0643\u0646 \u0627\u0633\u062a\u062e\u062f\u0627\u0645 \u0627\u0644\u0645\u0627\u0643\u064a\u0646\u0627\u062a \u0628\u0646\u0638\u0627\u0645 \u0627\u0644\u062a\u062d\u0643\u0645 \u0627\u0644\u0631\u0642\u0645\u064a \u062e\u0645\u0627\u0633\u064a\u0629 \u0627\u0644\u0645\u062d\u0627\u0648\u0631 \u0644\u0625\u0646\u062a\u0627\u062c \u0627\u0644\u0642\u0650\u0637\u0639 \u0627\u0644\u0645\u0633\u062a\u062e\u062f\u0645\u0629 \u0641\u064a \u0627\u0644\u0643\u062b\u064a\u0631 \u0645\u0646 \u0627\u0644\u0635\u0646\u0627\u0639\u0627\u062a \u0627\u0644\u0645\u062e\u062a\u0644\u0641\u0629 \u0646\u0638\u0631\u064b\u0627 \u0644\u0643\u0641\u0627\u0621\u062a\u0647\u0627 \u0648\u0642\u062f\u0631\u062a\u0647\u0627 \u0639\u0644\u0649 \u0625\u0646\u062a\u0627\u062c \u0623\u0634\u0643\u0627\u0644 \u0645\u0639\u0642\u062f\u0629. \u0641\u064a\u0645\u0627 \u064a\u0644\u064a \u0628\u0639\u0636 \u0627\u0644\u0623\u0645\u062b\u0644\u0629 \u0639\u0644\u0649 \u0627\u0644\u0635\u0646\u0627\u0639\u0627\u062a \u0627\u0644\u0623\u0643\u062b\u0631 \u0627\u0633\u062a\u0641\u0627\u062f\u0629 \u0645\u0646 \u0647\u0630\u0647 \u0627\u0644\u062a\u0642\u0646\u064a\u0629:<\/p>\n<p><strong><b>\u00a0<\/b><\/strong><strong><b>\u0627\u0644\u0637\u064a\u0631\u0627\u0646 \u0648\u0627\u0644\u0641\u0636\u0627\u0621<\/b><\/strong>\u00a0- \u062a\u062a\u0637\u0644\u0628 \u0647\u0630\u0647 \u0627\u0644\u0635\u0646\u0627\u0639\u0629 \u0645\u0627\u0643\u064a\u0646\u0629 \u062f\u0642\u064a\u0642\u0629 \u0644\u0644\u063a\u0627\u064a\u0629\u060c \u062d\u064a\u062b \u0623\u0646 \u0627\u0644\u0623\u0634\u0643\u0627\u0644 \u0645\u0639\u0642\u062f\u0629 \u0644\u0644\u063a\u0627\u064a\u0629 \u0648\u0641\u0631\u064a\u062f\u0629 \u0645\u0646 \u0646\u0648\u0639\u0647\u0627.<\/p>\n<p><strong><b>\u0627\u0644\u0637\u0628 \u0627\u0644\u0628\u0627\u0637\u0646\u064a\u00a0<\/b><\/strong>- \u064a\u0645\u0643\u0646 \u0623\u0646 \u062a\u0633\u0627\u0639\u062f \u0627\u0644\u0645\u0627\u0643\u064a\u0646\u0627\u062a \u0628\u0646\u0638\u0627\u0645 \u0627\u0644\u062a\u062d\u0643\u0645 \u0627\u0644\u0631\u0642\u0645\u064a \u062e\u0645\u0627\u0633\u064a\u0629 \u0627\u0644\u0645\u062d\u0627\u0648\u0631 \u0627\u0644\u0634\u0631\u0643\u0627\u062a \u0627\u0644\u0645\u0635\u0646\u0639\u0629 \u0644\u0644\u0645\u0639\u062f\u0627\u062a \u0627\u0644\u0637\u0628\u064a\u0629 \u0641\u064a \u0625\u0646\u062a\u0627\u062c \u0627\u0644\u0623\u062c\u0647\u0632\u0629 \u0648\u0627\u0644\u063a\u0631\u0633\u0627\u062a \u0648\u063a\u064a\u0631\u0647\u0627 \u0645\u0646 \u0627\u0644\u0645\u0639\u062f\u0627\u062a \u0627\u0644\u062a\u064a \u062a\u062d\u062a\u0627\u062c \u0625\u0644\u0649 \u062a\u0635\u0646\u064a\u0639\u0647\u0627 \u0628\u062f\u0642\u0629 \u0645\u062a\u0646\u0627\u0647\u064a\u0629 \u0645\u0646 \u0623\u062c\u0644 \u062a\u0644\u0628\u064a\u0629 \u0645\u0639\u0627\u064a\u064a\u0631 \u0627\u0644\u0631\u0639\u0627\u064a\u0629 \u0627\u0644\u0635\u062d\u064a\u0629 \u0627\u0644\u062a\u064a \u062a\u0645\u064a\u0644 \u0625\u0644\u0649 \u0623\u0646 \u062a\u0643\u0648\u0646 \u0635\u0627\u0631\u0645\u0629 (\u0648\u0647\u064a \u0645\u062d\u0642\u0629 \u0641\u064a \u0630\u0644\u0643).<\/p>\n<p><strong><b>\u0627\u0644\u0639\u0633\u0643\u0631\u064a\u0629<\/b><\/strong>\u00a0- \u0635\u0646\u0627\u0639\u0629 \u0623\u062e\u0631\u0649 \u062a\u0633\u062a\u062e\u062f\u0645 \u0627\u0644\u0645\u0627\u0643\u064a\u0646\u0627\u062a \u0628\u0646\u0638\u0627\u0645 \u0627\u0644\u062a\u062d\u0643\u0645 \u0627\u0644\u0631\u0642\u0645\u064a \u062e\u0645\u0627\u0633\u064a\u0629 \u0627\u0644\u0645\u062d\u0627\u0648\u0631 \u0644\u0625\u0646\u062a\u0627\u062c \u0627\u0644\u0623\u062c\u0632\u0627\u0621 \u0627\u0644\u0645\u0637\u0644\u0648\u0628\u0629. \u062a\u0634\u0645\u0644 \u0628\u0639\u0636 \u0627\u0644\u062a\u0637\u0628\u064a\u0642\u0627\u062a \u0627\u0644\u0645\u0645\u0643\u0646\u0629 \u0623\u062c\u0632\u0627\u0621 \u0627\u0644\u063a\u0648\u0627\u0635\u0627\u062a\u060c \u0648\u0623\u062c\u0632\u0627\u0621 \u0627\u0644\u0645\u062d\u0631\u0643\u0627\u062a \u0639\u0627\u0644\u064a\u0629 \u0627\u0644\u0623\u062f\u0627\u0621\u060c \u0648\u0634\u0641\u0631\u0627\u062a \u0627\u0644\u062a\u0648\u0631\u0628\u064a\u0646\u0627\u062a \u0648\u0627\u0644\u0636\u0627\u063a\u0637\u0627\u062a\u060c \u0648\u0627\u0644\u0623\u0633\u0644\u062d\u0629 \u0627\u0644\u0630\u0643\u064a\u0629\u060c \u0648\u0623\u062c\u0647\u0632\u0629 \u0627\u0644\u0627\u0633\u062a\u0634\u0639\u0627\u0631\u060c \u0648\u062a\u0637\u0628\u064a\u0642\u0627\u062a \u0627\u0644\u062a\u062e\u0641\u064a\u060c \u0648\u0643\u0630\u0644\u0643\u060c \u0641\u064a \u0628\u0639\u0636 \u0627\u0644\u062d\u0627\u0644\u0627\u062a\u060c \u0627\u0644\u0623\u0633\u0644\u062d\u0629 \u0627\u0644\u0646\u0648\u0648\u064a\u0629.<\/p>\n<p><strong><b>\u0645\u0639\u062f\u0627\u062a \u0627\u0644\u0637\u0627\u0642\u0629\u00a0<\/b><\/strong>- \u063a\u0627\u0644\u0628\u064b\u0627 \u0645\u0627 \u064a\u062a\u0637\u0644\u0628 \u0625\u0646\u062a\u0627\u062c \u0642\u0637\u0639 \u0644\u0645\u0639\u062f\u0627\u062a \u0627\u0644\u0637\u0627\u0642\u0629 \u0627\u0633\u062a\u062e\u062f\u0627\u0645 \u0645\u0648\u0627\u062f \u064a\u0635\u0639\u0628 \u0627\u0644\u062a\u0639\u0627\u0645\u0644 \u0645\u0639\u0647\u0627. \u0628\u0627\u0633\u062a\u062e\u062f\u0627\u0645 \u0627\u0644\u0645\u0627\u0643\u064a\u0646\u0627\u062a \u0628\u0646\u0638\u0627\u0645 \u0627\u0644\u062a\u062d\u0643\u0645 \u0627\u0644\u0631\u0642\u0645\u064a \u062e\u0645\u0627\u0633\u064a\u0629 \u0627\u0644\u0645\u062d\u0627\u0648\u0631\u060c \u064a\u0645\u0643\u0646\u0643 \u062c\u0639\u0644 \u0627\u0644\u0639\u0645\u0644\u064a\u0629 \u0628\u0631\u0645\u062a\u0647\u0627 \u0623\u0633\u0647\u0644 \u0648\u0623\u0643\u062b\u0631 \u0643\u0641\u0627\u0621\u0629.<\/p>\n<p>\u062a\u0637\u0628\u0642 \u0639\u0644\u0649 \u0627\u0644\u0633\u062a\u0627\u064a\u0631\u0648\u0641\u0648\u0645\u060c \u0648\u0631\u063a\u0648\u0629 \u0625\u0628\u0633\u060c \u0648\u0627\u0644\u0623\u0644\u064a\u0627\u0641 \u0627\u0644\u0632\u062c\u0627\u062c\u064a\u0629\u060c \u0648\u0645\u0648\u0627\u062f \u0627\u0644\u0643\u0631\u0628\u0648\u0646 \u0642\u0631\u0635 \u0627\u0644\u0639\u0633\u0644 \u0645\u0646 \u062e\u0634\u0628 \u0627\u0644\u064a\u0648\u062c\u064a\u060c \u0648\u0627\u0644\u0645\u0648\u0627\u062f \u0627\u0644\u0645\u0631\u0643\u0628\u0629 \u0645\u0646 \u0627\u0644\u0623\u0644\u0648\u0645\u0646\u064a\u0648\u0645 \u0648\u0627\u0644\u0645\u0648\u0627\u062f \u0627\u0644\u0644\u064a\u0646\u0629 \u0645\u0646 \u0627\u0644\u0623\u0644\u0648\u0645\u0646\u064a\u0648\u0645 \u0648\u063a\u064a\u0631\u0647\u0627 \u0645\u0646 \u0627\u0644\u0645\u0648\u0627\u062f \u063a\u064a\u0631 \u0627\u0644\u0645\u0639\u062f\u0646\u064a\u0629.<\/p>\n<table>\n<tbody>\n<tr>\n<td width=\"512\"><strong><b>\u062a\u0641\u0627\u0635\u064a\u0644 \u0645\u062d\u0648\u0631 \u0633\u0648\u0646\u062a\u0643 5 \u062a\u0641\u0627\u0635\u064a\u0644\u00a0<\/b><\/strong><\/p>\n<table>\n<tbody>\n<tr>\n<td width=\"46\">\u0627\u0644\u0639\u062f\u062f<\/td>\n<td width=\"217\">\u0627\u0644\u0648\u0635\u0641<\/td>\n<td width=\"289\">\u0627\u0644\u0645\u0639\u0644\u0645\u0629<\/td>\n<\/tr>\n<tr>\n<td width=\"46\">1<\/td>\n<td width=\"217\">\u0645\u0646\u0637\u0642\u0629 \u0627\u0644\u0639\u0645\u0644 X\u060c Y\u060c Z<\/td>\n<td width=\"289\">6000*7000*2000 \u0645\u0645<\/td>\n<\/tr>\n<tr>\n<td width=\"46\">2<\/td>\n<td width=\"217\">\u062d\u062c\u0645 \u0627\u0644\u062c\u062f\u0648\u0644<\/td>\n<td width=\"289\">7300 \u00d7 9700 \u0645\u0645* 40000 \u0645\u0645* 40000<\/td>\n<\/tr>\n<tr>\n<td width=\"46\">3<\/td>\n<td width=\"217\">\u062f\u0642\u0629 \u062a\u062d\u062f\u064a\u062f \u0627\u0644\u0645\u0648\u0627\u0642\u0639 \u0627\u0644\u0645\u062a\u0646\u0642\u0644\u0629 X\u060c Y\u060c Z<\/td>\n<td width=\"289\">\u00b1 0.01\/2000 \u0645\u0645<\/td>\n<\/tr>\n<tr>\n<td width=\"46\">4<\/td>\n<td width=\"217\">\u0645\u062d\u0648\u0631<\/td>\n<td width=\"289\">\u0623 \u00b1 110 \u062f\u0631\u062c\u0629<\/td>\n<\/tr>\n<tr>\n<td width=\"46\">5<\/td>\n<td width=\"217\">\u062c \u062f\u0648\u0651\u0627\u0631<\/td>\n<td width=\"289\">\u00b1 245 \u062f\u0631\u062c\u0629 \u0645\u0626\u0648\u064a\u0629<\/td>\n<\/tr>\n<tr>\n<td width=\"46\">5<\/td>\n<td width=\"217\">\u0633\u0637\u062d \u0627\u0644\u0637\u0627\u0648\u0644\u0629<\/td>\n<td width=\"289\">\u0637\u0627\u0648\u0644\u0629 \u0645\u0646 \u0627\u0644\u062d\u062f\u064a\u062f \u0627\u0644\u0632\u0647\u0631<\/td>\n<\/tr>\n<tr>\n<td width=\"46\">6<\/td>\n<td width=\"217\">\u0627\u0644\u0625\u0637\u0627\u0631<\/td>\n<td width=\"289\">\u0647\u064a\u0643\u0644 \u0627\u0644\u0623\u0646\u0628\u0648\u0628 \u0627\u0644\u0641\u0648\u0644\u0627\u0630\u064a \u0627\u0644\u0643\u0628\u064a\u0631 \u0645\u0639 \u0627\u0644\u0645\u0639\u0627\u0644\u062c\u0629 \u0627\u0644\u062d\u0631\u0627\u0631\u064a\u0629<\/td>\n<\/tr>\n<tr>\n<td width=\"46\">7<\/td>\n<td width=\"217\">\u0647\u064a\u0643\u0644 X\u060c Y<\/td>\n<td width=\"289\">\u0645\u062d\u0631\u0643 \u0627\u0644\u0631\u0641 \u0648\u0627\u0644\u062c\u0646\u0627\u062d\u060c \u0627\u0644\u0645\u062d\u0627\u0645\u0644 \u0627\u0644\u062e\u0637\u064a\u0629 \u0644\u0644\u0633\u0643\u0643 \u0627\u0644\u062d\u062f\u064a\u062f\u064a\u0629 Hiwin<\/td>\n<\/tr>\n<tr>\n<td width=\"46\">8<\/td>\n<td width=\"217\">\u0647\u064a\u0643\u0644 Z<\/td>\n<td width=\"289\">\u0627\u0644\u0645\u062d\u0627\u0645\u0644 \u0627\u0644\u062e\u0637\u064a\u0629 \u0644\u0644\u0633\u0643\u0643 \u0627\u0644\u062d\u062f\u064a\u062f\u064a\u0629 Hiwin \u0648\u0627\u0644\u0628\u0631\u0627\u063a\u064a \u0627\u0644\u0643\u0631\u0648\u064a\u0629 TBI<\/td>\n<\/tr>\n<tr>\n<td width=\"46\">9<\/td>\n<td width=\"217\">\u0627\u0644\u062d\u062f \u0627\u0644\u0623\u0642\u0635\u0649. \u0627\u0633\u062a\u0647\u0644\u0627\u0643 \u0627\u0644\u0637\u0627\u0642\u0629<\/td>\n<td width=\"289\">(\u0628\u062f\u0648\u0646 \u0645\u063a\u0632\u0644) 20 \u0643\u064a\u0644\u0648\u0648\u0627\u0637<\/td>\n<\/tr>\n<tr>\n<td width=\"46\">10<\/td>\n<td width=\"217\">\u0627\u0644\u062d\u062f \u0627\u0644\u0623\u0642\u0635\u0649 \u0645\u0639\u062f\u0644 \u0627\u0644\u0633\u0641\u0631 \u0627\u0644\u0633\u0631\u064a\u0639<\/td>\n<td width=\"289\">40000 \u0645\u0645\/\u062f\u0642\u064a\u0642\u0629<\/td>\n<\/tr>\n<tr>\n<td width=\"46\">11<\/td>\n<td width=\"217\">\u0627\u0644\u062d\u062f \u0627\u0644\u0623\u0642\u0635\u0649. \u0633\u0631\u0639\u0629 \u0627\u0644\u0639\u0645\u0644<\/td>\n<td width=\"289\">30000 \u0645\u0645\/\u062f\u0642\u064a\u0642\u0629<\/td>\n<\/tr>\n<tr>\n<td width=\"46\">12<\/td>\n<td width=\"217\">\u0637\u0627\u0642\u0629 \u0639\u0645\u0648\u062f \u0627\u0644\u062f\u0648\u0631\u0627\u0646<\/td>\n<td width=\"289\">15 \u0643\u064a\u0644\u0648 \u0648\u0627\u062a<\/td>\n<\/tr>\n<tr>\n<td width=\"46\">13<\/td>\n<td width=\"217\">\u0633\u0631\u0639\u0629 \u0639\u0645\u0648\u062f \u0627\u0644\u062f\u0648\u0631\u0627\u0646<\/td>\n<td width=\"289\">0-24000 \u062f\u0648\u0631\u0629 \u0641\u064a \u0627\u0644\u062f\u0642\u064a\u0642\u0629<\/td>\n<\/tr>\n<tr>\n<td width=\"46\">14<\/td>\n<td width=\"217\">\u0645\u062d\u0631\u0643\u0627\u062a \u0627\u0644\u0623\u0642\u0631\u0627\u0635<\/td>\n<td width=\"289\">\u064a\u0627\u0633\u0643\u0627\u0648\u0627 \u0645\u0648\u062a\u0648\u0631\u0632<\/td>\n<\/tr>\n<tr>\n<td width=\"46\">15<\/td>\n<td width=\"217\">\u062c\u0647\u062f \u0627\u0644\u0639\u0645\u0644<\/td>\n<td width=\"289\">\u062a\u064a\u0627\u0631 \u0645\u062a\u0631\u062f\u062f 380 \u0641\u0648\u0644\u062a\/50\/60 \u0647\u0631\u062a\u0632\u060c 3 \u0641\u0648\u0644\u062a \u0641\u064a \u0627\u0644\u0633\u0627\u0639\u0629 (\u0627\u062e\u062a\u064a\u0627\u0631\u064a: 220 \u0641\u0648\u0644\u062a))<\/td>\n<\/tr>\n<tr>\n<td width=\"46\">16<\/td>\n<td width=\"217\">\u0644\u063a\u0629 \u0627\u0644\u0623\u0648\u0627\u0645\u0631<\/td>\n<td width=\"289\">\u0627\u0644\u0631\u0645\u0632 G<\/td>\n<\/tr>\n<tr>\n<td width=\"46\">17<\/td>\n<td width=\"217\">\u0646\u0638\u0627\u0645 \u0627\u0644\u062a\u0634\u063a\u064a\u0644<\/td>\n<td width=\"289\">\u0646\u0638\u0627\u0645 \u0627\u0644\u062a\u062d\u0643\u0645 \u0641\u064a \u0633\u064a\u0646\u062a\u064a\u0643\/\u0627\u0644\u062a\u062d\u0643\u0645 \u0641\u064a \u0627\u0644\u0637\u0627\u0642\u0629\/\u0648\u0633\u0627\u064a<\/td>\n<\/tr>\n<tr>\n<td width=\"46\">18<\/td>\n<td width=\"217\">\u0648\u0627\u062c\u0647\u0629 \u0627\u0644\u0643\u0645\u0628\u064a\u0648\u062a\u0631<\/td>\n<td width=\"289\">USB<\/td>\n<\/tr>\n<tr>\n<td width=\"46\">19<\/td>\n<td width=\"217\">\u0630\u0627\u0643\u0631\u0629 \u0641\u0644\u0627\u0634<\/td>\n<td width=\"289\">512M<\/td>\n<\/tr>\n<tr>\n<td width=\"46\">20<\/td>\n<td width=\"217\">\u0643\u0648\u0644\u064a\u062a<\/td>\n<td width=\"289\">HSK-F63<\/td>\n<\/tr>\n<tr>\n<td width=\"46\">21<\/td>\n<td width=\"217\">\u062f\u0642\u0629 X\u060c Y<\/td>\n<td width=\"289\">&lt;0.01 \u0645\u0645<\/td>\n<\/tr>\n<tr>\n<td width=\"46\">22<\/td>\n<td width=\"217\">\u062a\u0648\u0627\u0641\u0642 \u0627\u0644\u0628\u0631\u0627\u0645\u062c<\/td>\n<td width=\"289\">\u00a0\u0628\u0631\u0646\u0627\u0645\u062c Powermill UG<\/td>\n<\/tr>\n<tr>\n<td width=\"46\">23<\/td>\n<td width=\"217\">\u062f\u0631\u062c\u0629 \u062d\u0631\u0627\u0631\u0629 \u0628\u064a\u0626\u0629 \u0627\u0644\u062a\u0634\u063a\u064a\u0644<\/td>\n<td width=\"289\">0 - 45 \u062f\u0631\u062c\u0629 \u0645\u0626\u0648\u064a\u0629<\/td>\n<\/tr>\n<tr>\n<td width=\"46\">24<\/td>\n<td width=\"217\">\u0627\u0644\u0631\u0637\u0648\u0628\u0629 \u0627\u0644\u0646\u0633\u0628\u064a\u0629<\/td>\n<td width=\"289\">30% - 75%<\/td>\n<\/tr>\n<tr>\n<td width=\"46\">25<\/td>\n<td width=\"217\">\u062d\u062c\u0645 \u0627\u0644\u062a\u0639\u0628\u0626\u0629 \u0648\u0627\u0644\u062a\u063a\u0644\u064a\u0641<\/td>\n<td width=\"289\">5500 \u00d7 2100 \u00d7 2300 \u00d7 2300 \u0645\u0645<\/td>\n<\/tr>\n<tr>\n<td width=\"46\">26<\/td>\n<td width=\"217\">\u0646.\u0648<\/td>\n<td width=\"289\">18000 \u0643\u062c\u0645<\/td>\n<\/tr>\n<tr>\n<td width=\"46\">27<\/td>\n<td width=\"217\">\u062c. \u0648.<\/td>\n<td width=\"289\">20000 \u0643\u062c\u0645<\/td>\n<\/tr>\n<\/tbody>\n<\/table>\n<p>&nbsp;<\/td>\n<td width=\"1\">&nbsp;<\/td>\n<\/tr>\n<\/tbody>\n<\/table>\n<p>&nbsp;<\/p>","protected":false},"excerpt":{"rendered":"<p><strong>\u0627\u0644\u0645\u0627\u0643\u064a\u0646\u0627\u062a \u0628\u0646\u0638\u0627\u0645 \u0627\u0644\u062a\u062d\u0643\u0645 \u0627\u0644\u0631\u0642\u0645\u064a \u062e\u0645\u0627\u0633\u064a\u0629 \u0627\u0644\u0645\u062d\u0627\u0648\u0631 \u0645\u0646 Suntec: \u062f\u0642\u0629 \u0639\u0644\u0649 \u0627\u0644\u0645\u0633\u062a\u0648\u0649 \u0627\u0644\u0635\u0646\u0627\u0639\u064a \u0644\u0644\u062a\u0635\u0646\u064a\u0639 \u0627\u0644\u062d\u0631\u062c<\/strong>\u200b<br \/>\n\u0645\u0635\u0645\u0645\u0629 \u0644\u0645\u0643\u0648\u0646\u0627\u062a \u0627\u0644\u0637\u064a\u0631\u0627\u0646 \u0648\u0627\u0644\u062f\u0641\u0627\u0639 \u0648\u0627\u0644\u0637\u0627\u0642\u0629 \u0630\u0627\u062a \u0627\u0644\u0645\u0642\u0627\u064a\u064a\u0633 \u0627\u0644\u0636\u062e\u0645\u0629 (\u0633\u0639\u0629 6000 \u00d7 7000 \u00d7 2000 \u0645\u0645). \u064a\u062d\u0642\u0642 \u062f\u0642\u0629 \u00b1 0.01 \u0645\u0645 \u0641\u064a \u0623\u0644\u064a\u0627\u0641 \u0627\u0644\u0643\u0631\u0628\u0648\u0646 \u0648\u0627\u0644\u0623\u0644\u0648\u0645\u0646\u064a\u0648\u0645 \u0648\u0627\u0644\u0645\u0631\u0643\u0628\u0627\u062a \u0627\u0644\u0635\u0646\u0627\u0639\u064a\u0629. \u062a\u062a\u0645\u064a\u0632 \u0628\u062f\u0648\u0631\u0627\u0646 \u0634\u062f\u064a\u062f \u00b1 110 \u062f\u0631\u062c\u0629 \u0623\u0645\u0628\u064a\u0631\/\u00b1 245 \u062f\u0631\u062c\u0629 \u0645\u0626\u0648\u064a\u0629\u060c \u0648\u0645\u063a\u0632\u0644 \u0628\u0642\u062f\u0631\u0629 15 \u0643\u064a\u0644\u0648 \u0648\u0627\u062a (24 \u0643\u064a\u0644\u0648 \u0648\u0627\u062a \u0641\u064a \u0627\u0644\u062f\u0642\u064a\u0642\u0629)\u060c \u0648\u0645\u0636\u0627\u0639\u0641\u0627\u062a Yaskawa. \u064a\u062f\u0639\u0645 \u0627\u0644\u0625\u0637\u0627\u0631 \u0627\u0644\u0641\u0648\u0644\u0627\u0630\u064a \u0627\u0644\u0645\u0639\u0627\u0644\u062c \u0628\u0627\u0644\u062d\u0631\u0627\u0631\u0629 \u0644\u0644\u062e\u062f\u0645\u0629 \u0627\u0644\u0634\u0627\u0642\u0629 \u0623\u062d\u0645\u0627\u0644 20 \u0637\u0646\u064b\u0627 \u0639\u0644\u0649 \u0637\u0627\u0648\u0644\u0629 \u0645\u0646 \u0627\u0644\u062d\u062f\u064a\u062f \u0627\u0644\u0632\u0647\u0631. \u062a\u0639\u0627\u0644\u062c \u0627\u0644\u0623\u0634\u0643\u0627\u0644 \u0627\u0644\u0647\u0646\u062f\u0633\u064a\u0629 \u0627\u0644\u0645\u0639\u0642\u062f\u0629 \u0628\u0633\u0631\u0639\u0629 40 \u0645\/\u062f\u0642\u064a\u0642\u0629 \u0644\u0644\u062a\u0648\u0631\u0628\u064a\u0646\u0627\u062a \u0648\u0627\u0644\u0642\u0650\u0637\u0639 \u0627\u0644\u063a\u0648\u0627\u0635\u0629 \u0648\u0627\u0644\u063a\u0631\u0633\u0627\u062a \u0627\u0644\u0637\u0628\u064a\u0629.<\/p>","protected":false},"featured_media":1572,"template":"","meta":{"_gspb_post_css":""},"product_brand":[],"product_cat":[40],"product_tag":[],"class_list":{"0":"post-1571","1":"product","2":"type-product","3":"status-publish","4":"has-post-thumbnail","6":"product_cat-5-axis-cnc-router","8":"first","9":"instock","10":"shipping-taxable","11":"product-type-simple"},"_links":{"self":[{"href":"https:\/\/sunteccncrouter.com\/ar\/wp-json\/wp\/v2\/product\/1571","targetHints":{"allow":["GET"]}}],"collection":[{"href":"https:\/\/sunteccncrouter.com\/ar\/wp-json\/wp\/v2\/product"}],"about":[{"href":"https:\/\/sunteccncrouter.com\/ar\/wp-json\/wp\/v2\/types\/product"}],"wp:featuredmedia":[{"embeddable":true,"href":"https:\/\/sunteccncrouter.com\/ar\/wp-json\/wp\/v2\/media\/1572"}],"wp:attachment":[{"href":"https:\/\/sunteccncrouter.com\/ar\/wp-json\/wp\/v2\/media?parent=1571"}],"wp:term":[{"taxonomy":"product_brand","embeddable":true,"href":"https:\/\/sunteccncrouter.com\/ar\/wp-json\/wp\/v2\/product_brand?post=1571"},{"taxonomy":"product_cat","embeddable":true,"href":"https:\/\/sunteccncrouter.com\/ar\/wp-json\/wp\/v2\/product_cat?post=1571"},{"taxonomy":"product_tag","embeddable":true,"href":"https:\/\/sunteccncrouter.com\/ar\/wp-json\/wp\/v2\/product_tag?post=1571"}],"curies":[{"name":"\u062f\u0628\u0644\u064a\u0648 \u0628\u064a","href":"https:\/\/api.w.org\/{rel}","templated":true}]}}