{"id":1601,"date":"2025-06-13T08:42:57","date_gmt":"2025-06-13T08:42:57","guid":{"rendered":"https:\/\/sunteccncrouter.com\/?post_type=product&#038;p=1601"},"modified":"2025-06-13T08:42:57","modified_gmt":"2025-06-13T08:42:57","slug":"4-axis-cnc-4-axis-cnc-router-car-mold-for-sale","status":"publish","type":"product","link":"https:\/\/sunteccncrouter.com\/ar\/4-axis-cnc-4-axis-cnc-router-car-mold-for-sale\/","title":{"rendered":"4 \u0645\u062d\u0627\u0648\u0631 CNC 4 \u0645\u062d\u0627\u0648\u0631 CNC \u0642\u0627\u0644\u0628 \u0633\u064a\u0627\u0631\u0629 \u0631\u0627\u0648\u062a\u0631 CNC 4 \u0645\u062d\u0627\u0648\u0631 \u0644\u0644\u0628\u064a\u0639 ST-2050"},"content":{"rendered":"<p>\u064a\u0645\u0643\u0646 \u0644\u0644\u0645\u063a\u0632\u0644 \u062a\u062f\u0648\u064a\u0631 180 \u062f\u0631\u062c\u0629 (\u00b1 90 \u062f\u0631\u062c\u0629)\u060c \u0648\u064a\u0645\u0643\u0646\u0647 \u0635\u0646\u0639 \u0623\u0646\u0648\u0627\u0639 \u0645\u062a\u0639\u062f\u062f\u0629 \u0645\u0646 \u0627\u0644\u0623\u0633\u0637\u062d \u0627\u0644\u062a\u064a \u064a\u0645\u0643\u0646\u0646\u0627 \u062a\u0635\u0645\u064a\u0645\u0647\u0627 \u0628\u0627\u0633\u062a\u062e\u062f\u0627\u0645 \u0628\u0631\u0646\u0627\u0645\u062c \u0645\u0627\u0633\u062a\u0631 \u0643\u0627\u0645 \u0627\u0644\u062e\u0627\u0635 \u0628\u0637\u0627\u062d\u0648\u0646\u0629 \u0627\u0644\u0628\u064a\u0631\u0645\u064a\u0644 \u0648\u0645\u0627 \u0625\u0644\u0649 \u0630\u0644\u0643<\/p>\n<p>2. \u0646\u062d\u0646 \u0646\u0633\u062a\u062e\u062f\u0645 \u0645\u0643\u0648\u0646\u0627\u062a \u0639\u0627\u0644\u064a\u0629 \u0627\u0644\u062c\u0648\u062f\u0629 \u0644\u0644\u0645\u0627\u0643\u064a\u0646\u0627\u062a\u060c \u0645\u062b\u0644 \u0645\u063a\u0632\u0644 HSD\u060c \u0648\u0646\u0638\u0627\u0645 \u0627\u0644\u062a\u062d\u0643\u0645 Syntec EZ-4M\u060c \u0648\u0639\u0627\u0643\u0633 \u062f\u0644\u062a\u0627\u060c \u0648\u0645\u062d\u0631\u0643\u0627\u062a \u0645\u0624\u0627\u0632\u0631\u0629 Yaskawa\u060c \u0648\u0635\u0646\u062f\u0648\u0642 \u062a\u062d\u0643\u0645 \u0645\u0646\u0641\u0635\u0644\u060c \u0648\u062e\u0637\u064a Hiwin PMI \u0648\u0645\u0627 \u0625\u0644\u0649 \u0630\u0644\u0643\u060c \u0644\u0644\u062d\u0641\u0627\u0638 \u0639\u0644\u0649 \u0627\u0644\u0645\u0627\u0643\u064a\u0646\u0629 \u0641\u064a \u0623\u0641\u0636\u0644 \u062d\u0627\u0644\u0629 \u062d\u062a\u0649 \u0628\u0639\u062f \u0633\u0646\u0648\u0627\u062a \u0639\u062f\u064a\u062f\u0629 \u0645\u0646 \u0627\u0644\u0639\u0645\u0644.<\/p>\n<p>\u064a\u0645\u0643\u0646 \u0644\u0645\u0636\u0627\u0639\u0641\u0627\u062a Yaskawa \u0627\u0644\u0645\u0624\u0627\u0632\u0631\u0629 \u0623\u0646 \u062a\u0635\u0646\u0639 \u062f\u0642\u0629 \u0639\u0627\u0644\u064a\u0629 \u0648\u0639\u0632\u0645 \u062f\u0648\u0631\u0627\u0646 \u0639\u0627\u0644\u064a \u0627\u0644\u062f\u0642\u0629 \u0648\u0639\u0637\u0644 \u0623\u0642\u0644.<\/p>\n<p>\u0645\u0639 \u0627\u0644\u0647\u064a\u0643\u0644 \u0627\u0644\u0641\u0648\u0644\u0627\u0630\u064a \u0627\u0644\u0635\u0644\u0628\u060c \u0643\u0644 \u0644\u062d\u0627\u0645 \u0627\u0644\u0647\u064a\u0643\u0644 \u0627\u0644\u0641\u0648\u0644\u0627\u0630\u064a \u062b\u0645 \u0627\u0644\u0645\u0639\u0627\u0644\u062c\u0629 \u0644\u062a\u0642\u0644\u064a\u0644 \u0635\u0644\u0627\u0628\u0629 \u0646\u0641\u0633\u0647 \u0644\u0644\u062a\u0623\u0643\u062f \u0645\u0646 \u0639\u062f\u0645 \u0648\u062c\u0648\u062f \u062a\u0634\u0648\u0647 \u0641\u064a \u0627\u0644\u062d\u064a\u0627\u0629 \u0627\u0644\u0637\u0648\u064a\u0644\u0629 \u0627\u0644\u0639\u0645\u0631\u060c \u062b\u0645 \u0627\u0633\u062a\u062e\u062f\u0645 \u0645\u0631\u0643\u0632 \u0637\u062d\u0646 5 \u062c\u0648\u0627\u0646\u0628 \u0644\u0637\u062d\u0646 \u0633\u0643\u0629 \u0627\u0644\u062a\u0648\u062c\u064a\u0647 \u0627\u0644\u0645\u0631\u0628\u0639\u0629 \u0644\u0644\u062a\u0623\u0643\u062f \u0645\u0646 \u0627\u0644\u062f\u0642\u0629 \u0627\u0644\u0639\u0627\u0644\u064a\u0629 \u0628\u062d\u064a\u062b \u064a\u0643\u0648\u0646 \u0645\u0646\u0627\u0633\u0628\u064b\u0627 \u0644\u0644\u0639\u0645\u0644 \u0639\u0644\u0649 \u0627\u0644\u062e\u0634\u0628 \u0627\u0644\u0635\u0644\u0628\u060c \u0645\u062b\u0644 \u0627\u0644\u0642\u0637\u0639 \u0648\u0627\u0644\u0646\u0642\u0634 \u0639\u0644\u0649 \u062e\u0634\u0628 \u0627\u0644\u0648\u0631\u062f \u0644\u0644\u0623\u062b\u0627\u062b \u0648\u0627\u0644\u062f\u064a\u0643\u0648\u0631 \u0627\u0644\u062f\u0627\u062e\u0644\u064a. \u0635\u0646\u0639 \u0642\u0648\u0627\u0644\u0628 \u0627\u0644\u0635\u0628\u060c \u0635\u0646\u0639 \u0642\u0648\u0627\u0644\u0628 \u0627\u0644\u0645\u0648\u0627\u062f \u0627\u0644\u0643\u0631\u0628\u0648\u0646\u064a\u0629\u060c \u0635\u0646\u0639 \u0642\u0648\u0627\u0644\u0628 \u0627\u0644\u0623\u0644\u064a\u0627\u0641 \u0627\u0644\u0632\u062c\u0627\u062c\u064a\u0629\u060c \u0635\u0646\u0639 \u0642\u0648\u0627\u0644\u0628 \u0627\u0644\u0628\u0644\u0627\u0633\u062a\u064a\u0643\u060c \u0635\u0646\u0639 \u0642\u0648\u0627\u0644\u0628 EPS\u060c \u0635\u0646\u0639 \u0627\u0644\u0631\u063a\u0648\u0629 \u062b\u0644\u0627\u062b\u064a\u0629 \u0627\u0644\u0623\u0628\u0639\u0627\u062f\u060c \u0635\u0646\u0639 \u0646\u0645\u0627\u0630\u062c \u062b\u0644\u0627\u062b\u064a\u0629 \u0627\u0644\u0623\u0628\u0639\u0627\u062f \u063a\u064a\u0631 \u0627\u0644\u0645\u0639\u062f\u0646\u064a\u0629. \u0635\u0646\u0627\u0639\u0629 \u0642\u0648\u0627\u0644\u0628 \u0627\u0644\u0637\u064a\u0631\u0627\u0646\u060c \u0635\u0646\u0627\u0639\u0629 \u0627\u0644\u0642\u0648\u0627\u0644\u0628 \u0627\u0644\u0639\u0633\u0643\u0631\u064a\u0629\u060c \u0625\u0644\u062e.<\/p>\n<table>\n<tbody>\n<tr>\n<td width=\"43\">\u0627\u0644\u0639\u062f\u062f<\/td>\n<td width=\"205\">\u0627\u0644\u0648\u0635\u0641<\/td>\n<td width=\"304\">\u0627\u0644\u0645\u0639\u0644\u0645\u0629<\/td>\n<\/tr>\n<tr>\n<td width=\"43\">1<\/td>\n<td width=\"205\">\u0645\u0646\u0637\u0642\u0629 \u0627\u0644\u0639\u0645\u0644 X\u060c Y\u060c Z<\/td>\n<td width=\"304\">2000 \u00d7 5000 \u00d7 1000 \u0645\u0645<\/td>\n<\/tr>\n<tr>\n<td width=\"43\">2<\/td>\n<td width=\"205\">\u062d\u062c\u0645 \u0627\u0644\u062c\u062f\u0648\u0644<\/td>\n<td width=\"304\">4000 \u00d7 6440 \u0645\u0645<\/td>\n<\/tr>\n<tr>\n<td width=\"43\">3<\/td>\n<td width=\"205\">\u062f\u0642\u0629 \u062a\u062d\u062f\u064a\u062f \u0627\u0644\u0645\u0648\u0627\u0642\u0639 \u0627\u0644\u0645\u062a\u0646\u0642\u0644\u0629 X\u060c Y\u060c Z<\/td>\n<td width=\"304\">\u00b1 0.01\/1000 \u0645\u0645<\/td>\n<\/tr>\n<tr>\n<td width=\"43\">4<\/td>\n<td width=\"205\">\u062f\u0642\u0629 \u0625\u0639\u0627\u062f\u0629 \u0627\u0644\u062a\u0645\u0648\u0636\u0639 X\u060c Y\u060c Z:<\/td>\n<td width=\"304\">\u00b1 0.01 \u0645\u0645<\/td>\n<\/tr>\n<tr>\n<td width=\"43\">5<\/td>\n<td width=\"205\">\u0633\u0637\u062d \u0627\u0644\u0637\u0627\u0648\u0644\u0629<\/td>\n<td width=\"304\">\u00a0\u0637\u0627\u0648\u0644\u0629 \u0645\u0646 \u0627\u0644\u0623\u0644\u0648\u0645\u0646\u064a\u0648\u0645 \u0645\u0639 \u0628\u0648\u0644\u064a \u0643\u0644\u0648\u0631\u064a\u062f \u0627\u0644\u0641\u064a\u0646\u064a\u0644<\/td>\n<\/tr>\n<tr>\n<td width=\"43\">6<\/td>\n<td width=\"205\">\u0627\u0644\u0625\u0637\u0627\u0631<\/td>\n<td width=\"304\">\u0647\u064a\u0643\u0644 \u0627\u0644\u0623\u0646\u0628\u0648\u0628 \u0627\u0644\u0641\u0648\u0644\u0627\u0630\u064a \u0627\u0644\u0643\u0628\u064a\u0631<\/td>\n<\/tr>\n<tr>\n<td width=\"43\">7<\/td>\n<td width=\"205\">\u0647\u064a\u0643\u0644 X\u060c Y<\/td>\n<td width=\"304\">\u0645\u062d\u0631\u0643 \u0627\u0644\u0631\u0641 \u0648\u0627\u0644\u062c\u0646\u0627\u062d\u060c \u0627\u0644\u0645\u062d\u0627\u0645\u0644 \u0627\u0644\u062e\u0637\u064a\u0629 \u0644\u0644\u0633\u0643\u0643 \u0627\u0644\u062d\u062f\u064a\u062f\u064a\u0629 Hiwin<\/td>\n<\/tr>\n<tr>\n<td width=\"43\">8<\/td>\n<td width=\"205\">\u0647\u064a\u0643\u0644 Z<\/td>\n<td width=\"304\">\u0627\u0644\u0645\u062d\u0627\u0645\u0644 \u0627\u0644\u062e\u0637\u064a\u0629 \u0644\u0644\u0633\u0643\u0643 \u0627\u0644\u062d\u062f\u064a\u062f\u064a\u0629 Hiwin \u0648\u0627\u0644\u0628\u0631\u0627\u063a\u064a \u0627\u0644\u0643\u0631\u0648\u064a\u0629<\/td>\n<\/tr>\n<tr>\n<td width=\"43\">9<\/td>\n<td width=\"205\">\u0627\u0644\u062d\u062f \u0627\u0644\u0623\u0642\u0635\u0649. \u0627\u0633\u062a\u0647\u0644\u0627\u0643 \u0627\u0644\u0637\u0627\u0642\u0629<\/td>\n<td width=\"304\">(\u0628\u062f\u0648\u0646 \u0645\u063a\u0632\u0644) 20 \u0643\u064a\u0644\u0648\u0648\u0627\u0637<\/td>\n<\/tr>\n<tr>\n<td width=\"43\">10<\/td>\n<td width=\"205\">\u0627\u0644\u062d\u062f \u0627\u0644\u0623\u0642\u0635\u0649 \u0645\u0639\u062f\u0644 \u0627\u0644\u0633\u0641\u0631 \u0627\u0644\u0633\u0631\u064a\u0639<\/td>\n<td width=\"304\">40000 \u0645\u0645\/\u062f\u0642\u064a\u0642\u0629<\/td>\n<\/tr>\n<tr>\n<td width=\"43\">11<\/td>\n<td width=\"205\">\u0627\u0644\u062d\u062f \u0627\u0644\u0623\u0642\u0635\u0649. \u0633\u0631\u0639\u0629 \u0627\u0644\u0639\u0645\u0644<\/td>\n<td width=\"304\">30000 \u0645\u0645\/\u062f\u0642\u064a\u0642\u0629<\/td>\n<\/tr>\n<tr>\n<td width=\"43\">12<\/td>\n<td width=\"205\">\u0637\u0627\u0642\u0629 \u0639\u0645\u0648\u062f \u0627\u0644\u062f\u0648\u0631\u0627\u0646<\/td>\n<td width=\"304\">9.6 \u0643\u064a\u0644\u0648 \u0648\u0627\u0637 HSD \u0645\u0639 \u062f\u0648\u0631\u0627\u0646 180 \u062f\u0631\u062c\u0629 \u064a\u0645\u064a\u0646\u0627\u064b \u0648\u064a\u0633\u0627\u0631\u0627\u064b<\/td>\n<\/tr>\n<tr>\n<td width=\"43\">13<\/td>\n<td width=\"205\">\u0633\u0631\u0639\u0629 \u0639\u0645\u0648\u062f \u0627\u0644\u062f\u0648\u0631\u0627\u0646<\/td>\n<td width=\"304\">0-24000 \u062f\u0648\u0631\u0629 \u0641\u064a \u0627\u0644\u062f\u0642\u064a\u0642\u0629<\/td>\n<\/tr>\n<tr>\n<td width=\"43\">14<\/td>\n<td width=\"205\">\u0645\u062d\u0631\u0643\u0627\u062a \u0627\u0644\u0623\u0642\u0631\u0627\u0635<\/td>\n<td width=\"304\">\u0645\u062d\u0631\u0643\u0627\u062a \u064a\u0627\u0633\u0643\u0627\u0648\u0627 1300 \u0648\u0627\u0637<\/td>\n<\/tr>\n<tr>\n<td width=\"43\">15<\/td>\n<td width=\"205\">\u062c\u0647\u062f \u0627\u0644\u0639\u0645\u0644<\/td>\n<td width=\"304\">\u062a\u064a\u0627\u0631 \u0645\u062a\u0631\u062f\u062f 380 \u0641\u0648\u0644\u062a\/50\/60 \u0647\u0631\u062a\u0632\u060c 3 \u0641\u0648\u0644\u062a \u0641\u064a \u0627\u0644\u0633\u0627\u0639\u0629 (\u0627\u062e\u062a\u064a\u0627\u0631\u064a: 220 \u0641\u0648\u0644\u062a))<\/td>\n<\/tr>\n<tr>\n<td width=\"43\">16<\/td>\n<td width=\"205\">\u0644\u063a\u0629 \u0627\u0644\u0623\u0648\u0627\u0645\u0631<\/td>\n<td width=\"304\">\u0627\u0644\u0631\u0645\u0632 G<\/td>\n<\/tr>\n<tr>\n<td width=\"43\">17<\/td>\n<td width=\"205\">\u0646\u0638\u0627\u0645 \u0627\u0644\u062a\u0634\u063a\u064a\u0644<\/td>\n<td width=\"304\">\u0646\u0638\u0627\u0645 \u0627\u0644\u062a\u062d\u0643\u0645 \u0641\u064a \u0633\u064a\u0646\u062a\u064a\u0643<\/td>\n<\/tr>\n<tr>\n<td width=\"43\">18<\/td>\n<td width=\"205\">\u0648\u0627\u062c\u0647\u0629 \u0627\u0644\u0643\u0645\u0628\u064a\u0648\u062a\u0631<\/td>\n<td width=\"304\">USB<\/td>\n<\/tr>\n<tr>\n<td width=\"43\">19<\/td>\n<td width=\"205\">\u0630\u0627\u0643\u0631\u0629 \u0641\u0644\u0627\u0634<\/td>\n<td width=\"304\">512M<\/td>\n<\/tr>\n<tr>\n<td width=\"43\">20<\/td>\n<td width=\"205\">\u0643\u0648\u0644\u064a\u062a<\/td>\n<td width=\"304\">ISO30<\/td>\n<\/tr>\n<tr>\n<td width=\"43\">21<\/td>\n<td width=\"205\">\u062f\u0642\u0629 X\u060c Y<\/td>\n<td width=\"304\">&lt;0.01 \u0645\u0645<\/td>\n<\/tr>\n<tr>\n<td width=\"43\">22<\/td>\n<td width=\"205\">\u062a\u0648\u0627\u0641\u0642 \u0627\u0644\u0628\u0631\u0627\u0645\u062c<\/td>\n<td width=\"304\">\u00a0\u0628\u0631\u0646\u0627\u0645\u062c Powermill UG<\/td>\n<\/tr>\n<tr>\n<td width=\"43\">23<\/td>\n<td width=\"205\">\u062f\u0631\u062c\u0629 \u062d\u0631\u0627\u0631\u0629 \u0628\u064a\u0626\u0629 \u0627\u0644\u062a\u0634\u063a\u064a\u0644<\/td>\n<td width=\"304\">0 - 45 \u062f\u0631\u062c\u0629 \u0645\u0626\u0648\u064a\u0629<\/td>\n<\/tr>\n<tr>\n<td width=\"43\">24<\/td>\n<td width=\"205\">\u0627\u0644\u0631\u0637\u0648\u0628\u0629 \u0627\u0644\u0646\u0633\u0628\u064a\u0629<\/td>\n<td width=\"304\">30% - 75%<\/td>\n<\/tr>\n<tr>\n<td width=\"43\">25<\/td>\n<td width=\"205\">\u062d\u062c\u0645 \u0627\u0644\u062a\u0639\u0628\u0626\u0629 \u0648\u0627\u0644\u062a\u063a\u0644\u064a\u0641<\/td>\n<td width=\"304\">6800 \u00d7 2100 \u00d7 2300 \u00d7 2300 \u0645\u0645<\/td>\n<\/tr>\n<tr>\n<td width=\"43\">26<\/td>\n<td width=\"205\">\u0646.\u0648<\/td>\n<td width=\"304\">7000 \u0643\u062c\u0645<\/td>\n<\/tr>\n<tr>\n<td width=\"43\">27<\/td>\n<td width=\"205\">\u062c. \u0648.<\/td>\n<td width=\"304\">8000 \u0643\u062c\u0645<\/td>\n<\/tr>\n<\/tbody>\n<\/table>\n<p>&nbsp;<\/p>","protected":false},"excerpt":{"rendered":"<p>\u064a\u062a\u064a\u062d \u0645\u063a\u0632\u0644 HSD \u0627\u0644\u062f\u0648\u0651\u0627\u0631 \u0628\u0632\u0627\u0648\u064a\u0629 180 \u062f\u0631\u062c\u0629 \u0625\u0645\u0643\u0627\u0646\u064a\u0629 \u0627\u0644\u062a\u0634\u063a\u064a\u0644 \u0627\u0644\u0622\u0644\u064a \u062b\u0644\u0627\u062b\u064a \u0627\u0644\u0623\u0628\u0639\u0627\u062f \u0627\u0644\u0645\u0639\u0642\u062f. \u062a\u0636\u0645\u0646 \u0627\u0644\u0645\u0643\u0648\u0646\u0627\u062a \u0627\u0644\u0645\u0645\u062a\u0627\u0632\u0629 (HSD\u060c Yaskawa\u060c Syntec) \u0645\u062a\u0627\u0646\u0629 \u0645\u0639\u0632\u0632\u0629 \u0648\u062f\u0642\u0629 \u0623\u0642\u0644 \u0645\u0646 0.01 \u0645\u0645. \u064a\u062f\u0639\u0645 \u0627\u0644\u0625\u0637\u0627\u0631 \u0627\u0644\u0641\u0648\u0644\u0627\u0630\u064a \u0627\u0644\u0645\u0642\u0648\u0649 \u0627\u0644\u0642\u0637\u0639 \u0639\u0627\u0644\u064a \u0627\u0644\u0633\u0631\u0639\u0629 (40 \u0645\/\u062f\u0642\u064a\u0642\u0629) \u0644\u0644\u0623\u062e\u0634\u0627\u0628 \u0627\u0644\u0635\u0644\u0628\u0629 \u0648\u0623\u0644\u064a\u0627\u0641 \u0627\u0644\u0643\u0631\u0628\u0648\u0646 \u0648\u0627\u0644\u0642\u0648\u0627\u0644\u0628 \u0627\u0644\u0643\u0628\u064a\u0631\u0629 \u0644\u062a\u0637\u0628\u064a\u0642\u0627\u062a \u0627\u0644\u0637\u064a\u0631\u0627\u0646\/\u0627\u0644\u0645\u062c\u0627\u0644 \u0627\u0644\u0635\u0646\u0627\u0639\u064a.<\/p>","protected":false},"featured_media":1602,"template":"","meta":{"_gspb_post_css":""},"product_brand":[],"product_cat":[39],"product_tag":[],"class_list":{"0":"post-1601","1":"product","2":"type-product","3":"status-publish","4":"has-post-thumbnail","6":"product_cat-4-axis-cnc-router","8":"first","9":"instock","10":"shipping-taxable","11":"product-type-simple"},"_links":{"self":[{"href":"https:\/\/sunteccncrouter.com\/ar\/wp-json\/wp\/v2\/product\/1601","targetHints":{"allow":["GET"]}}],"collection":[{"href":"https:\/\/sunteccncrouter.com\/ar\/wp-json\/wp\/v2\/product"}],"about":[{"href":"https:\/\/sunteccncrouter.com\/ar\/wp-json\/wp\/v2\/types\/product"}],"wp:featuredmedia":[{"embeddable":true,"href":"https:\/\/sunteccncrouter.com\/ar\/wp-json\/wp\/v2\/media\/1602"}],"wp:attachment":[{"href":"https:\/\/sunteccncrouter.com\/ar\/wp-json\/wp\/v2\/media?parent=1601"}],"wp:term":[{"taxonomy":"product_brand","embeddable":true,"href":"https:\/\/sunteccncrouter.com\/ar\/wp-json\/wp\/v2\/product_brand?post=1601"},{"taxonomy":"product_cat","embeddable":true,"href":"https:\/\/sunteccncrouter.com\/ar\/wp-json\/wp\/v2\/product_cat?post=1601"},{"taxonomy":"product_tag","embeddable":true,"href":"https:\/\/sunteccncrouter.com\/ar\/wp-json\/wp\/v2\/product_tag?post=1601"}],"curies":[{"name":"\u062f\u0628\u0644\u064a\u0648 \u0628\u064a","href":"https:\/\/api.w.org\/{rel}","templated":true}]}}