{"id":1514,"date":"2025-06-09T17:51:46","date_gmt":"2025-06-09T17:51:46","guid":{"rendered":"https:\/\/sunteccncrouter.com\/?post_type=product&#038;p=1514"},"modified":"2025-06-10T02:39:24","modified_gmt":"2025-06-10T02:39:24","slug":"5-axis-cnc-router-woodworking-cnc-machine-center","status":"publish","type":"product","link":"https:\/\/sunteccncrouter.com\/de\/5-axis-cnc-router-woodworking-cnc-machine-center\/","title":{"rendered":"5-Achsen CNC-Fr\u00e4se Holzbearbeitung CNC-Maschinenzentrum ST-2030"},"content":{"rendered":"<h2><strong><b>Suntec 5-Achsen-CNC-Bearbeitung - Allgemeine Anwendungen<\/b><\/strong><\/h2>\n<p>Die 5-Achsen-CNC-Bearbeitung kann zur Herstellung von Teilen verwendet werden, die aufgrund ihrer Effizienz und der F\u00e4higkeit, komplexe Formen zu produzieren, in vielen verschiedenen Branchen zum Einsatz kommen. Hier sind einige Beispiele von Branchen, die diese Technologie am h\u00e4ufigsten nutzen:<\/p>\n<p><strong><b>\u00a0<\/b><\/strong><strong><b>Luft- und Raumfahrt<\/b><\/strong>\u00a0- Diese Branche erfordert eine sehr pr\u00e4zise Maschine, da die Formen sehr kompliziert und einzigartig sind.<\/p>\n<p><strong><b>Medizinische\u00a0<\/b><\/strong>- Die 5-Achsen-CNC-Bearbeitung kann Herstellern medizinischer Ger\u00e4te bei der Produktion von Ger\u00e4ten, Implantaten und anderen Ausr\u00fcstungsgegenst\u00e4nden helfen, die mit besonderer Pr\u00e4zision gefertigt werden m\u00fcssen, um den (zu Recht) strengen Normen des Gesundheitswesens zu entsprechen.<\/p>\n<p><strong><b>Milit\u00e4r<\/b><\/strong>\u00a0- ein weiterer Industriezweig, der die 5-Achsen-CNC-Bearbeitung zur Herstellung der ben\u00f6tigten Teile einsetzt. Zu den m\u00f6glichen Anwendungen geh\u00f6ren U-Boot-Teile, Teile von Hochleistungsmotoren, Turbinen- und Kompressorschaufeln, intelligente Waffen, Sensoren, Tarnkappenanwendungen sowie in einigen F\u00e4llen auch Atomwaffen.<\/p>\n<p><strong><b>Energietechnische Ausr\u00fcstung\u00a0<\/b><\/strong>- Die Herstellung von Teilen f\u00fcr Energieanlagen erfordert oft die Verwendung schwer zu bearbeitender Materialien. Mit der 5-Achsen-CNC-Bearbeitung k\u00f6nnen Sie den gesamten Prozess einfacher und effizienter gestalten.<\/p>\n<p>&nbsp;<\/p>\n<p><strong><b>Suntec 5 Achsen Details\u00a0<\/b><\/strong><\/p>\n<ol>\n<li>suntec 5 Achsen XYZAC 5 Achsen XYZ 3 Achsen move A +_110 C-Achse +_245 Grad rotierend<\/li>\n<\/ol>\n<p>die fr\u00e4sen trim schneiden schnitzen gravieren Oberfl\u00e4che des Arbeitsmaterials wie Verbundwerkstoffe sucha Glasfaser Kohlenstoff Eps Schaum Styropor, Kunststoff Aluminium Hartholz etc. suntec 5-Achsen k\u00f6nnen fl\u00fcssige Raketentriebwerk D\u00fcse ein Space Shuttle Nase Kegel Flugzeug Bremsscheibe Holzform gelten,<\/p>\n<p>Auto Flugzeug Boot Yacht Schimmel Teile gegossen sterben nicht-Metall machen Form etc.<\/p>\n<ol start=\"2\">\n<li>suntec 5 axis all used Top-brand parts HSD spindle hitec spindle italy Demas 5 axis head ,hsd spindle TPA osai or syntec controller . japan yaskawa absolutely driver and motor helica 3M gear to make sure high precision 0.1mm can be use longlife and low cost low time to maintainance .<\/li>\n<li>Suntec 5 Achsen verwenden alle schwer-dickem Stahl geschwei\u00dft einige Teile 12mm dick einige sogar 20 mm geschwei\u00dft gantry lengs alle heattreatment zu l\u00f6schen selbst Steifigkeit, um sicherzustellen, longlife verwenden keine verformt, alle strucutre von 5 cnc Zentrum zu fr\u00e4sen ein Beine quadratische F\u00fchrung brauchen 3-5 Tage von 5 Seiten cnc Zentrum zu fr\u00e4sen niedriger Geschwindigkeit hohes Drehmoment, um sicherzustellen, hohe Pr\u00e4zision.<\/li>\n<li>Suntec 5-Achsen-Arbeitstisch Gusseisen Tisch ein Tisch von 5-20t nach Ihrem Arbeitsmaterial zu entscheiden, die auch sicherstellen k\u00f6nnen, hohe Pr\u00e4zision.<\/li>\n<li>Suntec 5-Achsen-CNC-Installation verwenden Laser zu justieren XYZAX callbrate Ausrichtung, um sicherzustellen, hohe<\/li>\n<\/ol>\n<p>Pr\u00e4zision.<\/p>\n<table>\n<tbody>\n<tr>\n<td width=\"46\">Nummer<\/td>\n<td width=\"217\">Beschreibung<\/td>\n<td width=\"289\">Parameter<\/td>\n<\/tr>\n<tr>\n<td width=\"46\">1<\/td>\n<td width=\"217\">X,Y,Z Arbeitsbereich<\/td>\n<td width=\"289\">2000*3000*1000mm<\/td>\n<\/tr>\n<tr>\n<td width=\"46\">2<\/td>\n<td width=\"217\">Tabelle Gr\u00f6\u00dfe<\/td>\n<td width=\"289\">3300\u00d75700mm<\/td>\n<\/tr>\n<tr>\n<td width=\"46\">3<\/td>\n<td width=\"217\">X,Y,Z Verfahrweg Positioniergenauigkeit<\/td>\n<td width=\"289\">\u00b10,01\/1000mm<\/td>\n<\/tr>\n<tr>\n<td width=\"46\">4<\/td>\n<td width=\"217\">A-Achse<\/td>\n<td width=\"289\">A \u00b1110 Grad<\/td>\n<\/tr>\n<tr>\n<td width=\"46\">5<\/td>\n<td width=\"217\">C rotierend<\/td>\n<td width=\"289\">C\u00b1 245 Grad<\/td>\n<\/tr>\n<tr>\n<td width=\"46\">5<\/td>\n<td width=\"217\">Tischoberfl\u00e4che<\/td>\n<td width=\"289\">Vakuumtisch<\/td>\n<\/tr>\n<tr>\n<td width=\"46\">6<\/td>\n<td width=\"217\">Rahmen<\/td>\n<td width=\"289\">Gro\u00dfe Stahlrohrstruktur mit W\u00e4rmebehandlung<\/td>\n<\/tr>\n<tr>\n<td width=\"46\">7<\/td>\n<td width=\"217\">X, Y Struktur<\/td>\n<td width=\"289\">Zahnstangenantrieb, Hiwin-Schienen-Linearlager<\/td>\n<\/tr>\n<tr>\n<td width=\"46\">8<\/td>\n<td width=\"217\">Z Struktur<\/td>\n<td width=\"289\">Hiwin Schienen-Linearlager und TBI-Kugelgewindetrieb<\/td>\n<\/tr>\n<tr>\n<td width=\"46\">9<\/td>\n<td width=\"217\">Max. Leistungsaufnahme<\/td>\n<td width=\"289\">(ohne Spindel) 12 Kw<\/td>\n<\/tr>\n<tr>\n<td width=\"46\">10<\/td>\n<td width=\"217\">Max. Schnellreisegeschwindigkeit<\/td>\n<td width=\"289\">40000mm\/min<\/td>\n<\/tr>\n<tr>\n<td width=\"46\">11<\/td>\n<td width=\"217\">Max. Arbeitsgeschwindigkeit<\/td>\n<td width=\"289\">30000mm\/min<\/td>\n<\/tr>\n<tr>\n<td width=\"46\">12<\/td>\n<td width=\"217\">Spindel Leistung<\/td>\n<td width=\"289\">12kw<\/td>\n<\/tr>\n<tr>\n<td width=\"46\">13<\/td>\n<td width=\"217\">Spindeldrehzahl<\/td>\n<td width=\"289\">0-24000RPM<\/td>\n<\/tr>\n<tr>\n<td width=\"46\">14<\/td>\n<td width=\"217\">Antriebsmotoren<\/td>\n<td width=\"289\">Yaskawa-Motoren<\/td>\n<\/tr>\n<tr>\n<td width=\"46\">15<\/td>\n<td width=\"217\">Arbeitsspannung<\/td>\n<td width=\"289\">AC380V\/50\/60Hz,3PH (Option: 220V))<\/td>\n<\/tr>\n<tr>\n<td width=\"46\">16<\/td>\n<td width=\"217\">Befehlssprache<\/td>\n<td width=\"289\">G-Code<\/td>\n<\/tr>\n<tr>\n<td width=\"46\">17<\/td>\n<td width=\"217\">Betriebssystem<\/td>\n<td width=\"289\">Syntec Steuerungssystem\/TPA \/osai<\/td>\n<\/tr>\n<tr>\n<td width=\"46\">18<\/td>\n<td width=\"217\">Computer-Schnittstelle<\/td>\n<td width=\"289\">USB<\/td>\n<\/tr>\n<tr>\n<td width=\"46\">19<\/td>\n<td width=\"217\">Flash-Speicher<\/td>\n<td width=\"289\">512M<\/td>\n<\/tr>\n<tr>\n<td width=\"46\">20<\/td>\n<td width=\"217\">Spannzange<\/td>\n<td width=\"289\">HSK-F63<\/td>\n<\/tr>\n<tr>\n<td width=\"46\">21<\/td>\n<td width=\"217\">X,Y Aufl\u00f6sung<\/td>\n<td width=\"289\">&lt;0,01mm<\/td>\n<\/tr>\n<tr>\n<td width=\"46\">22<\/td>\n<td width=\"217\">Software-Kompatibilit\u00e4t<\/td>\n<td width=\"289\">\u00a0powermill UG Software<\/td>\n<\/tr>\n<tr>\n<td width=\"46\">23<\/td>\n<td width=\"217\">Temperatur der Betriebsumgebung<\/td>\n<td width=\"289\">0 - 45 Grad Celsius<\/td>\n<\/tr>\n<tr>\n<td width=\"46\">24<\/td>\n<td width=\"217\">Relative Luftfeuchtigkeit<\/td>\n<td width=\"289\">30% - 75%<\/td>\n<\/tr>\n<tr>\n<td width=\"46\">25<\/td>\n<td width=\"217\">Packungsgr\u00f6\u00dfe<\/td>\n<td width=\"289\">5500X2100X2300mm<\/td>\n<\/tr>\n<tr>\n<td width=\"46\">26<\/td>\n<td width=\"217\">N.W.<\/td>\n<td width=\"289\">16000KG<\/td>\n<\/tr>\n<tr>\n<td width=\"46\">27<\/td>\n<td width=\"217\">G.W.<\/td>\n<td width=\"289\">18000kG<\/td>\n<\/tr>\n<tr>\n<td rowspan=\"7\" width=\"46\">28<\/td>\n<td rowspan=\"7\" width=\"217\">Optionale Teile<\/td>\n<td width=\"289\">Staubabsaugung\/Staubhauben f\u00fcr drei Achsen<\/td>\n<\/tr>\n<tr>\n<td width=\"289\">Vakuumpumpe<\/td>\n<\/tr>\n<tr>\n<td width=\"289\">Rotierendes System<\/td>\n<\/tr>\n<tr>\n<td width=\"289\">Nebel-K\u00fchlsystem<\/td>\n<\/tr>\n<tr>\n<td width=\"289\">Delta-\/Panasonic-Servomotoren<\/td>\n<\/tr>\n<tr>\n<td width=\"289\">Colombo-Spindel<\/td>\n<\/tr>\n<tr>\n<td width=\"289\">Schmalz PTP-Tabelle<\/td>\n<\/tr>\n<\/tbody>\n<\/table>\n<p>&nbsp;<\/p>","protected":false},"excerpt":{"rendered":"<p>Kombiniert un\u00fcbertroffene \u00b1110\u00b0 A-Achsen- und \u00b1245\u00b0 C-Achsen-Rotation mit einer gro\u00dfen Kapazit\u00e4t von 2000x3000x1000mm f\u00fcr die Bearbeitung komplexer Teile aus der Luft- und Raumfahrt, der Medizintechnik und der Energietechnik. Gebaut f\u00fcr Pr\u00e4zision im Mikrometerbereich (\u00b10,01mm) mit Yaskawa-Motoren, HSD-Spindeln (24k RPM) und laser-kalibrierten Demas-K\u00f6pfen. Die industrietaugliche Konstruktion mit w\u00e4rmebehandelten 12-20 mm dicken Stahlrahmen gew\u00e4hrleistet jahrzehntelangen verformungsfreien Betrieb. Bearbeitet Verbundwerkstoffe, Metalle und H\u00f6lzer mit einer Geschwindigkeit von 40 m\/min und bietet langlebige, hochpr\u00e4zise industrielle L\u00f6sungen.<\/p>","protected":false},"featured_media":1435,"template":"","meta":{"_gspb_post_css":""},"product_brand":[],"product_cat":[40],"product_tag":[],"class_list":{"0":"post-1514","1":"product","2":"type-product","3":"status-publish","4":"has-post-thumbnail","6":"product_cat-5-axis-cnc-router","8":"first","9":"instock","10":"shipping-taxable","11":"product-type-simple"},"_links":{"self":[{"href":"https:\/\/sunteccncrouter.com\/de\/wp-json\/wp\/v2\/product\/1514","targetHints":{"allow":["GET"]}}],"collection":[{"href":"https:\/\/sunteccncrouter.com\/de\/wp-json\/wp\/v2\/product"}],"about":[{"href":"https:\/\/sunteccncrouter.com\/de\/wp-json\/wp\/v2\/types\/product"}],"wp:featuredmedia":[{"embeddable":true,"href":"https:\/\/sunteccncrouter.com\/de\/wp-json\/wp\/v2\/media\/1435"}],"wp:attachment":[{"href":"https:\/\/sunteccncrouter.com\/de\/wp-json\/wp\/v2\/media?parent=1514"}],"wp:term":[{"taxonomy":"product_brand","embeddable":true,"href":"https:\/\/sunteccncrouter.com\/de\/wp-json\/wp\/v2\/product_brand?post=1514"},{"taxonomy":"product_cat","embeddable":true,"href":"https:\/\/sunteccncrouter.com\/de\/wp-json\/wp\/v2\/product_cat?post=1514"},{"taxonomy":"product_tag","embeddable":true,"href":"https:\/\/sunteccncrouter.com\/de\/wp-json\/wp\/v2\/product_tag?post=1514"}],"curies":[{"name":"wp","href":"https:\/\/api.w.org\/{rel}","templated":true}]}}