{"id":1539,"date":"2025-06-10T03:49:52","date_gmt":"2025-06-10T03:49:52","guid":{"rendered":"https:\/\/sunteccncrouter.com\/?post_type=product&#038;p=1539"},"modified":"2025-06-10T03:50:23","modified_gmt":"2025-06-10T03:50:23","slug":"stone-aluminum-5-axis-cnc-router-for-foundry-pattern-machining","status":"publish","type":"product","link":"https:\/\/sunteccncrouter.com\/de\/stone-aluminum-5-axis-cnc-router-for-foundry-pattern-machining\/","title":{"rendered":"China Stein Aluminium 5-Achsen CNC-Router f\u00fcr Gie\u00dferei Muster Bearbeitung ST-2550"},"content":{"rendered":"<p><strong><b>Suntec 5 Achsen Details\u00a0<\/b><\/strong><\/p>\n<ol>\n<li>suntec 5 Achsen XYZAC 5 Achsen XYZ 3 Achsen move A +_110 C-Achse +_245 Grad rotierend<\/li>\n<\/ol>\n<p>die fr\u00e4sen trim schneiden schnitzen gravieren Oberfl\u00e4che des Arbeitsmaterials wie Verbundwerkstoffe sucha Glasfaser Kohlenstoff Eps Schaum Styropor, Kunststoff Aluminium Hartholz etc. suntec 5-Achsen k\u00f6nnen fl\u00fcssige Raketentriebwerk D\u00fcse ein Space Shuttle Nase Kegel Flugzeug Bremsscheibe Holzform gelten,<\/p>\n<p>Auto Flugzeug Boot Yacht Schimmel Teile gegossen sterben nicht-Metall machen Form etc.<\/p>\n<ol start=\"2\">\n<li>suntec 5 axis all used Top-brand parts HSD spindle hitec spindle italy Demas 5 axis head ,hsd spindle TPA osai or syntec controller . japan yaskawa absolutely driver and motor helica 3M gear to make sure high precision 0.1mm can be use longlife and low cost low time to maintainance .<\/li>\n<li>Suntec 5 Achsen verwenden alle schwer-dickem Stahl geschwei\u00dft einige Teile 12mm dick einige sogar 20 mm geschwei\u00dft gantry lengs alle heattreatment zu l\u00f6schen selbst Steifigkeit, um sicherzustellen, longlife verwenden keine verformt, alle strucutre von 5 cnc Zentrum zu fr\u00e4sen ein Beine quadratische F\u00fchrung brauchen 3-5 Tage von 5 Seiten cnc Zentrum zu fr\u00e4sen niedriger Geschwindigkeit hohes Drehmoment, um sicherzustellen, hohe Pr\u00e4zision.<\/li>\n<li>Suntec 5-Achsen-Arbeitstisch Gusseisen Tisch ein Tisch von 5-20t nach Ihrem Arbeitsmaterial zu entscheiden, die auch sicherstellen k\u00f6nnen, hohe Pr\u00e4zision.<\/li>\n<li>Suntec 5-Achsen-CNC-Installation verwenden Laser zu justieren XYZAX callbrate Ausrichtung, um sicherzustellen, hohe<\/li>\n<\/ol>\n<p>Pr\u00e4zision.<\/p>\n<table>\n<tbody>\n<tr>\n<td width=\"46\">Nummer<\/td>\n<td width=\"217\">Beschreibung<\/td>\n<td width=\"289\">Parameter<\/td>\n<\/tr>\n<tr>\n<td width=\"46\">1<\/td>\n<td width=\"217\">X,Y,Z Arbeitsbereich<\/td>\n<td width=\"289\">2500*5000*2000mm<\/td>\n<\/tr>\n<tr>\n<td width=\"46\">2<\/td>\n<td width=\"217\">Tabelle Gr\u00f6\u00dfe<\/td>\n<td width=\"289\">4300\u00d78000mm<\/td>\n<\/tr>\n<tr>\n<td width=\"46\">3<\/td>\n<td width=\"217\">X,Y,Z Verfahrweg Positioniergenauigkeit<\/td>\n<td width=\"289\">\u00b10,01\/2000mm<\/td>\n<\/tr>\n<tr>\n<td width=\"46\">4<\/td>\n<td width=\"217\">A-Achse<\/td>\n<td width=\"289\">A \u00b1110 Grad<\/td>\n<\/tr>\n<tr>\n<td width=\"46\">5<\/td>\n<td width=\"217\">C rotierend<\/td>\n<td width=\"289\">C\u00b1 245 Grad<\/td>\n<\/tr>\n<tr>\n<td width=\"46\">5<\/td>\n<td width=\"217\">Bewegter Typ<\/td>\n<td width=\"289\">\u00a0Gantry bewegt<\/td>\n<\/tr>\n<tr>\n<td width=\"46\">6<\/td>\n<td width=\"217\">Rahmen<\/td>\n<td width=\"289\">Gro\u00dfe Stahlrohrstruktur mit W\u00e4rmebehandlung<\/td>\n<\/tr>\n<tr>\n<td width=\"46\">7<\/td>\n<td width=\"217\">X, Y Struktur<\/td>\n<td width=\"289\">Zahnstangenantrieb, Hiwin-Schienen-Linearlager<\/td>\n<\/tr>\n<tr>\n<td width=\"46\">8<\/td>\n<td width=\"217\">Z Struktur<\/td>\n<td width=\"289\">Hiwin Schienen-Linearlager und TBI-Kugelgewindetrieb<\/td>\n<\/tr>\n<tr>\n<td width=\"46\">9<\/td>\n<td width=\"217\">Max. Leistungsaufnahme<\/td>\n<td width=\"289\">(ohne Spindel) 12 Kw<\/td>\n<\/tr>\n<tr>\n<td width=\"46\">10<\/td>\n<td width=\"217\">Max. Schnellreisegeschwindigkeit<\/td>\n<td width=\"289\">40000mm\/min<\/td>\n<\/tr>\n<tr>\n<td width=\"46\">11<\/td>\n<td width=\"217\">Max. Arbeitsgeschwindigkeit<\/td>\n<td width=\"289\">30000mm\/min<\/td>\n<\/tr>\n<tr>\n<td width=\"46\">12<\/td>\n<td width=\"217\">Spindel Leistung<\/td>\n<td width=\"289\">18kw<\/td>\n<\/tr>\n<tr>\n<td width=\"46\">13<\/td>\n<td width=\"217\">Spindeldrehzahl<\/td>\n<td width=\"289\">0-24000RPM<\/td>\n<\/tr>\n<tr>\n<td width=\"46\">14<\/td>\n<td width=\"217\">Antriebsmotoren<\/td>\n<td width=\"289\">Yaskawa-Motoren<\/td>\n<\/tr>\n<tr>\n<td width=\"46\">15<\/td>\n<td width=\"217\">Arbeitsspannung<\/td>\n<td width=\"289\">AC380V\/50\/60Hz,3PH (Option: 220V))<\/td>\n<\/tr>\n<tr>\n<td width=\"46\">16<\/td>\n<td width=\"217\">Befehlssprache<\/td>\n<td width=\"289\">G-Code<\/td>\n<\/tr>\n<tr>\n<td width=\"46\">17<\/td>\n<td width=\"217\">Betriebssystem<\/td>\n<td width=\"289\">Syntec Steuerungssystem\/TPA \/osai<\/td>\n<\/tr>\n<tr>\n<td width=\"46\">18<\/td>\n<td width=\"217\">Computer-Schnittstelle<\/td>\n<td width=\"289\">USB<\/td>\n<\/tr>\n<tr>\n<td width=\"46\">19<\/td>\n<td width=\"217\">Flash-Speicher<\/td>\n<td width=\"289\">512M<\/td>\n<\/tr>\n<tr>\n<td width=\"46\">20<\/td>\n<td width=\"217\">Spannzange<\/td>\n<td width=\"289\">HSK-F63<\/td>\n<\/tr>\n<tr>\n<td width=\"46\">21<\/td>\n<td width=\"217\">X,Y Aufl\u00f6sung<\/td>\n<td width=\"289\">&lt;0,01mm<\/td>\n<\/tr>\n<tr>\n<td width=\"46\">22<\/td>\n<td width=\"217\">Software-Kompatibilit\u00e4t<\/td>\n<td width=\"289\">\u00a0powermill UG Software<\/td>\n<\/tr>\n<tr>\n<td width=\"46\">23<\/td>\n<td width=\"217\">Temperatur der Betriebsumgebung<\/td>\n<td width=\"289\">0 - 45 Grad Celsius<\/td>\n<\/tr>\n<tr>\n<td width=\"46\">24<\/td>\n<td width=\"217\">Relative Luftfeuchtigkeit<\/td>\n<td width=\"289\">30% - 75%<\/td>\n<\/tr>\n<tr>\n<td width=\"46\">25<\/td>\n<td width=\"217\">Packungsgr\u00f6\u00dfe<\/td>\n<td width=\"289\">4500X2100X2300mm<\/td>\n<\/tr>\n<tr>\n<td width=\"46\">26<\/td>\n<td width=\"217\">N.W.<\/td>\n<td width=\"289\">16000KG<\/td>\n<\/tr>\n<tr>\n<td width=\"46\">27<\/td>\n<td width=\"217\">G.W.<\/td>\n<td width=\"289\">18000kG<\/td>\n<\/tr>\n<tr>\n<td rowspan=\"7\" width=\"46\">28<\/td>\n<td rowspan=\"7\" width=\"217\">Optionale Teile<\/td>\n<td width=\"289\">Staubabsaugung\/Staubhauben f\u00fcr drei Achsen<\/td>\n<\/tr>\n<tr>\n<td width=\"289\">Vakuumpumpe<\/td>\n<\/tr>\n<tr>\n<td width=\"289\">Rotierendes System<\/td>\n<\/tr>\n<tr>\n<td width=\"289\">Nebel-K\u00fchlsystem<\/td>\n<\/tr>\n<tr>\n<td width=\"289\">Delta-\/Panasonic-Servomotoren<\/td>\n<\/tr>\n<tr>\n<td width=\"289\">Colombo-Spindel<\/td>\n<\/tr>\n<tr>\n<td width=\"289\">Schmalz PTP-Tabelle<\/td>\n<\/tr>\n<\/tbody>\n<\/table>\n<p>&nbsp;<\/p>","protected":false},"excerpt":{"rendered":"<p>Beherrscht \u00fcbergro\u00dfe Teile (2500\u00d75000\u00d72000mm Kapazit\u00e4t) mit industrieller 18kW Spindelleistung und Gantry-Stabilit\u00e4t. Erzielt Genauigkeit im Mikrometerbereich (\u00b10,01\/2000 mm) durch Laserkalibrierung und hochwertige Komponenten (italienischer Demas-Kopf, Yaskawa-Motoren). Extreme \u00b1110\u00b0A\/\u00b1245\u00b0C Rotation bew\u00e4ltigt komplexe Luft- und Raumfahrt-, Milit\u00e4r- und Formwerkzeuge. Die robuste Konstruktion aus 12-20 mm w\u00e4rmebehandeltem Stahl h\u00e4lt Belastungen von 5-20 t stand. Bearbeitet Verbundwerkstoffe, Metalle und Holz bei 40 m\/min mit aufr\u00fcstbaren HSD\/Colombo-Spindeln (24k RPM) und Schmalz-Vakuumtisch.<\/p>","protected":false},"featured_media":1540,"template":"","meta":{"_gspb_post_css":""},"product_brand":[],"product_cat":[40],"product_tag":[],"class_list":{"0":"post-1539","1":"product","2":"type-product","3":"status-publish","4":"has-post-thumbnail","6":"product_cat-5-axis-cnc-router","8":"first","9":"instock","10":"shipping-taxable","11":"product-type-simple"},"_links":{"self":[{"href":"https:\/\/sunteccncrouter.com\/de\/wp-json\/wp\/v2\/product\/1539","targetHints":{"allow":["GET"]}}],"collection":[{"href":"https:\/\/sunteccncrouter.com\/de\/wp-json\/wp\/v2\/product"}],"about":[{"href":"https:\/\/sunteccncrouter.com\/de\/wp-json\/wp\/v2\/types\/product"}],"wp:featuredmedia":[{"embeddable":true,"href":"https:\/\/sunteccncrouter.com\/de\/wp-json\/wp\/v2\/media\/1540"}],"wp:attachment":[{"href":"https:\/\/sunteccncrouter.com\/de\/wp-json\/wp\/v2\/media?parent=1539"}],"wp:term":[{"taxonomy":"product_brand","embeddable":true,"href":"https:\/\/sunteccncrouter.com\/de\/wp-json\/wp\/v2\/product_brand?post=1539"},{"taxonomy":"product_cat","embeddable":true,"href":"https:\/\/sunteccncrouter.com\/de\/wp-json\/wp\/v2\/product_cat?post=1539"},{"taxonomy":"product_tag","embeddable":true,"href":"https:\/\/sunteccncrouter.com\/de\/wp-json\/wp\/v2\/product_tag?post=1539"}],"curies":[{"name":"wp","href":"https:\/\/api.w.org\/{rel}","templated":true}]}}