{"id":1544,"date":"2025-06-10T06:57:32","date_gmt":"2025-06-10T06:57:32","guid":{"rendered":"https:\/\/sunteccncrouter.com\/?post_type=product&#038;p=1544"},"modified":"2025-06-10T06:57:32","modified_gmt":"2025-06-10T06:57:32","slug":"high-efficiency-mini-double-table-5-axis-cncrouter-center-st-1218","status":"publish","type":"product","link":"https:\/\/sunteccncrouter.com\/de\/high-efficiency-mini-double-table-5-axis-cncrouter-center-st-1218\/","title":{"rendered":"Hocheffizientes Mini-Doppeltisch-5-Achsen-CNC-Fr\u00e4szentrum ST-1218"},"content":{"rendered":"<table>\n<tbody>\n<tr>\n<td width=\"537\"><strong><b>Suntec 5 Achsen Details\u00a0<\/b><\/strong><\/p>\n<p>1. suntec 5 Achsen XYZAC 5 Achsen XYZ 3 Achsen move A +_110 C Achse +_245 Grad rotierend<\/p>\n<p>die fr\u00e4sen trim schneiden schnitzen gravieren Oberfl\u00e4che des Arbeitsmaterials wie Verbundwerkstoffe sucha Glasfaser Kohlenstoff Eps Schaum Styropor, Kunststoff Aluminium Hartholz etc. suntec 5-Achsen k\u00f6nnen fl\u00fcssige Raketentriebwerk D\u00fcse ein Space Shuttle Nase Kegel Flugzeug Bremsscheibe Holzform gelten,<\/p>\n<p>Auto Flugzeug Boot Yacht Schimmel Teile gegossen sterben nicht-Metall machen Form etc.<\/p>\n<p>2. suntec 5 axis all used Top-brand parts HSD spindle hitec spindle italy Demas 5 axis head ,hsd spindle TPA osai or syntec controller . japan yaskawa absolutely driver and motor helica 3M gear to make sure high precision 0.1mm can be use longlife and low cost low time to maintainance .<\/p>\n<p>3. Suntec 5-Achse alle Verwendung schwer-dickem Stahl geschwei\u00dft einige Teile 12mm dick einige sogar 20 mm geschwei\u00dft gantry lengs alle heattreatment zu l\u00f6schen selbst Steifigkeit, um sicherzustellen, longlife verwenden keine verformt, alle strucutre von 5 cnc Zentrum zu fr\u00e4sen ein Beine quadratische F\u00fchrung brauchen 3-5 Tage von 5 Seiten cnc Zentrum zu fr\u00e4sen niedriger Geschwindigkeit hohes Drehmoment, um sicherzustellen, hohe Pr\u00e4zision.<\/p>\n<p>4. Suntec 5 Achse Arbeitstisch Gusseisen Tabelle eine Tabelle von 5-20t nach Ihrem Arbeitsmaterial zu entscheiden, die auch sicherstellen k\u00f6nnen, hohe Pr\u00e4zision.<\/p>\n<p>5. Suntec 5 Achsen cnc installieren Laser verwenden, um XYZAX callbrate Ausrichtung anpassen, um sicherzustellen, hohe<\/p>\n<p>Pr\u00e4zision.<\/p>\n<table>\n<tbody>\n<tr>\n<td width=\"46\">Nummer<\/td>\n<td width=\"217\">Beschreibung<\/td>\n<td width=\"289\">Parameter<\/td>\n<\/tr>\n<tr>\n<td width=\"46\">1<\/td>\n<td width=\"217\">X,Y,Z Arbeitsbereich<\/td>\n<td width=\"289\">1200*1800*1000mm<\/td>\n<\/tr>\n<tr>\n<td width=\"46\">2<\/td>\n<td width=\"217\">Tabelle Gr\u00f6\u00dfe<\/td>\n<td width=\"289\">3300\u00d73700mm<\/td>\n<\/tr>\n<tr>\n<td width=\"46\">3<\/td>\n<td width=\"217\">X,Y,Z Verfahrweg Positioniergenauigkeit<\/td>\n<td width=\"289\">\u00b10,01\/1000mm<\/td>\n<\/tr>\n<tr>\n<td width=\"46\">4<\/td>\n<td width=\"217\">A-Achse<\/td>\n<td width=\"289\">A \u00b1110 Grad<\/td>\n<\/tr>\n<tr>\n<td width=\"46\">5<\/td>\n<td width=\"217\">C rotierend<\/td>\n<td width=\"289\">C\u00b1 245 Grad<\/td>\n<\/tr>\n<tr>\n<td width=\"46\">5<\/td>\n<td width=\"217\">Tischoberfl\u00e4che<\/td>\n<td width=\"289\">beweglicher Tisch<\/td>\n<\/tr>\n<tr>\n<td width=\"46\">6<\/td>\n<td width=\"217\">Rahmen<\/td>\n<td width=\"289\">Gro\u00dfe Stahlrohrstruktur mit W\u00e4rmebehandlung<\/td>\n<\/tr>\n<tr>\n<td width=\"46\">7<\/td>\n<td width=\"217\">X, Y Struktur<\/td>\n<td width=\"289\">Zahnstangenantrieb, Hiwin-Schienen-Linearlager<\/td>\n<\/tr>\n<tr>\n<td width=\"46\">8<\/td>\n<td width=\"217\">Z Struktur<\/td>\n<td width=\"289\">Hiwin Schienen-Linearlager und TBI-Kugelgewindetrieb<\/td>\n<\/tr>\n<tr>\n<td width=\"46\">9<\/td>\n<td width=\"217\">Max. Leistungsaufnahme<\/td>\n<td width=\"289\">(ohne Spindel) 12 Kw<\/td>\n<\/tr>\n<tr>\n<td width=\"46\">10<\/td>\n<td width=\"217\">Max. Schnellreisegeschwindigkeit<\/td>\n<td width=\"289\">40000mm\/min<\/td>\n<\/tr>\n<tr>\n<td width=\"46\">11<\/td>\n<td width=\"217\">Max. Arbeitsgeschwindigkeit<\/td>\n<td width=\"289\">30000mm\/min<\/td>\n<\/tr>\n<tr>\n<td width=\"46\">12<\/td>\n<td width=\"217\">Spindel Leistung<\/td>\n<td width=\"289\">12kw<\/td>\n<\/tr>\n<tr>\n<td width=\"46\">13<\/td>\n<td width=\"217\">Spindeldrehzahl<\/td>\n<td width=\"289\">0-24000RPM<\/td>\n<\/tr>\n<tr>\n<td width=\"46\">14<\/td>\n<td width=\"217\">Antriebsmotoren<\/td>\n<td width=\"289\">Yaskawa-Motoren<\/td>\n<\/tr>\n<tr>\n<td width=\"46\">15<\/td>\n<td width=\"217\">Arbeitsspannung<\/td>\n<td width=\"289\">AC380V\/50\/60Hz,3PH (Option: 220V))<\/td>\n<\/tr>\n<tr>\n<td width=\"46\">16<\/td>\n<td width=\"217\">Befehlssprache<\/td>\n<td width=\"289\">G-Code<\/td>\n<\/tr>\n<tr>\n<td width=\"46\">17<\/td>\n<td width=\"217\">Betriebssystem<\/td>\n<td width=\"289\">Syntec Steuerungssystem\/TPA \/osai<\/td>\n<\/tr>\n<tr>\n<td width=\"46\">18<\/td>\n<td width=\"217\">Computer-Schnittstelle<\/td>\n<td width=\"289\">USB<\/td>\n<\/tr>\n<tr>\n<td width=\"46\">19<\/td>\n<td width=\"217\">Flash-Speicher<\/td>\n<td width=\"289\">512M<\/td>\n<\/tr>\n<tr>\n<td width=\"46\">20<\/td>\n<td width=\"217\">Spannzange<\/td>\n<td width=\"289\">HSK-F63<\/td>\n<\/tr>\n<tr>\n<td width=\"46\">21<\/td>\n<td width=\"217\">X,Y Aufl\u00f6sung<\/td>\n<td width=\"289\">&lt;0,01mm<\/td>\n<\/tr>\n<tr>\n<td width=\"46\">22<\/td>\n<td width=\"217\">Software-Kompatibilit\u00e4t<\/td>\n<td width=\"289\">\u00a0powermill UG Software<\/td>\n<\/tr>\n<tr>\n<td width=\"46\">23<\/td>\n<td width=\"217\">Temperatur der Betriebsumgebung<\/td>\n<td width=\"289\">0 - 45 Grad Celsius<\/td>\n<\/tr>\n<tr>\n<td width=\"46\">24<\/td>\n<td width=\"217\">Relative Luftfeuchtigkeit<\/td>\n<td width=\"289\">30% - 75%<\/td>\n<\/tr>\n<tr>\n<td width=\"46\">25<\/td>\n<td width=\"217\">Packungsgr\u00f6\u00dfe<\/td>\n<td width=\"289\">5500X2100X2300mm<\/td>\n<\/tr>\n<tr>\n<td width=\"46\">26<\/td>\n<td width=\"217\">N.W.<\/td>\n<td width=\"289\">6000KG<\/td>\n<\/tr>\n<tr>\n<td width=\"46\">27<\/td>\n<td width=\"217\">G.W.<\/td>\n<td width=\"289\">8000kG<\/td>\n<\/tr>\n<tr>\n<td rowspan=\"7\" width=\"46\">28<\/td>\n<td rowspan=\"7\" width=\"217\">Optionale Teile<\/td>\n<td width=\"289\">Staubabsaugung\/Staubhauben f\u00fcr drei Achsen<\/td>\n<\/tr>\n<tr>\n<td width=\"289\">Vakuumpumpe<\/td>\n<\/tr>\n<tr>\n<td width=\"289\">Rotierendes System<\/td>\n<\/tr>\n<tr>\n<td width=\"289\">Nebel-K\u00fchlsystem<\/td>\n<\/tr>\n<tr>\n<td width=\"289\">Delta-\/Panasonic-Servomotoren<\/td>\n<\/tr>\n<tr>\n<td width=\"289\">Colombo-Spindel<\/td>\n<\/tr>\n<tr>\n<td width=\"289\">Schmalz PTP-Tabelle<\/td>\n<\/tr>\n<\/tbody>\n<\/table>\n<\/td>\n<\/tr>\n<\/tbody>\n<\/table>","protected":false},"excerpt":{"rendered":"<p>Bietet extreme \u00b1110\u00b0A\/\u00b1245\u00b0C Rotation f\u00fcr komplexe Formen in der Luft- und Raumfahrt, medizinische Werkzeuge und Automobilwerkzeuge. Erreicht durch Laserkalibrierung und hochwertige Komponenten eine Pr\u00e4zision im Mikrometerbereich (\u00b10,01\/1000 mm): Italienischer Demas-Kopf, Yaskawa-Motoren und 24k RPM HSD-Spindel. Der robuste 12-20 mm starke Rahmen aus w\u00e4rmebehandeltem Stahl sorgt f\u00fcr eine verformungsfreie Bearbeitung unter hoher Last (5-20 T). Hochgeschwindigkeitsbearbeitung (40m\/min) von Verbundwerkstoffen (Kohlefaser), Metallen und Holz. Der verfahrbare Tisch erh\u00f6ht die Vielseitigkeit bei der Bearbeitung gro\u00dfer Teile.<\/p>","protected":false},"featured_media":1545,"template":"","meta":{"_gspb_post_css":""},"product_brand":[],"product_cat":[40],"product_tag":[],"class_list":{"0":"post-1544","1":"product","2":"type-product","3":"status-publish","4":"has-post-thumbnail","6":"product_cat-5-axis-cnc-router","8":"first","9":"instock","10":"shipping-taxable","11":"product-type-simple"},"_links":{"self":[{"href":"https:\/\/sunteccncrouter.com\/de\/wp-json\/wp\/v2\/product\/1544","targetHints":{"allow":["GET"]}}],"collection":[{"href":"https:\/\/sunteccncrouter.com\/de\/wp-json\/wp\/v2\/product"}],"about":[{"href":"https:\/\/sunteccncrouter.com\/de\/wp-json\/wp\/v2\/types\/product"}],"wp:featuredmedia":[{"embeddable":true,"href":"https:\/\/sunteccncrouter.com\/de\/wp-json\/wp\/v2\/media\/1545"}],"wp:attachment":[{"href":"https:\/\/sunteccncrouter.com\/de\/wp-json\/wp\/v2\/media?parent=1544"}],"wp:term":[{"taxonomy":"product_brand","embeddable":true,"href":"https:\/\/sunteccncrouter.com\/de\/wp-json\/wp\/v2\/product_brand?post=1544"},{"taxonomy":"product_cat","embeddable":true,"href":"https:\/\/sunteccncrouter.com\/de\/wp-json\/wp\/v2\/product_cat?post=1544"},{"taxonomy":"product_tag","embeddable":true,"href":"https:\/\/sunteccncrouter.com\/de\/wp-json\/wp\/v2\/product_tag?post=1544"}],"curies":[{"name":"wp","href":"https:\/\/api.w.org\/{rel}","templated":true}]}}