{"id":1551,"date":"2025-06-12T02:31:11","date_gmt":"2025-06-12T02:31:11","guid":{"rendered":"https:\/\/sunteccncrouter.com\/?post_type=product&#038;p=1551"},"modified":"2025-06-12T02:31:11","modified_gmt":"2025-06-12T02:31:11","slug":"customized-furniture-making-5-axis-cnc-router-center","status":"publish","type":"product","link":"https:\/\/sunteccncrouter.com\/de\/customized-furniture-making-5-axis-cnc-router-center\/","title":{"rendered":"Kundenspezifische M\u00f6belfertigung 5-Achsen CNC-Fr\u00e4szentrum ST-1525"},"content":{"rendered":"<p>Kann auf Massivholzm\u00f6bel, PVC\/PP\/PE, ABS, Gummi, Polyurethan, Glasfaser, Kohlefaser und andere Verbundwerkstoffe zum Nuten, Fasen, Stanzen, Hakennuten und andere Prozesse und mehrere Winkel von hoher Pr\u00e4zision und hoher Effizienz Verarbeitung angewendet werden.<\/p>\n<table>\n<tbody>\n<tr>\n<td width=\"42\">Nummer<\/td>\n<td width=\"196\">Beschreibung<\/td>\n<td width=\"265\">Parameter<\/td>\n<\/tr>\n<tr>\n<td width=\"42\">1<\/td>\n<td width=\"196\">X,Y,Z Arbeitsbereich<\/td>\n<td width=\"265\">1500*2500*600mm<\/td>\n<\/tr>\n<tr>\n<td width=\"42\">2<\/td>\n<td width=\"196\">Tabelle Gr\u00f6\u00dfe<\/td>\n<td width=\"265\">2000\u00d73500mm<\/td>\n<\/tr>\n<tr>\n<td width=\"42\">3<\/td>\n<td width=\"196\">X,Y,Z Verfahrweg Positioniergenauigkeit<\/td>\n<td width=\"265\">\u00b10,01\/600mm<\/td>\n<\/tr>\n<tr>\n<td width=\"42\">4<\/td>\n<td width=\"196\">A C ROTARY<\/td>\n<td width=\"265\">A 110 Grad C 220 Grad<\/td>\n<\/tr>\n<tr>\n<td width=\"42\">5<\/td>\n<td width=\"196\">Tischoberfl\u00e4che<\/td>\n<td width=\"265\">Vakuumtisch mit Vakuumsaugern zur Befestigung von Kleinm\u00f6beln<\/td>\n<\/tr>\n<tr>\n<td width=\"42\">6<\/td>\n<td width=\"196\">Rahmen<\/td>\n<td width=\"265\">Gro\u00dfe Stahlrohrstruktur mit W\u00e4rmebehandlung<\/td>\n<\/tr>\n<tr>\n<td width=\"42\">7<\/td>\n<td width=\"196\">X, Y Struktur<\/td>\n<td width=\"265\">Zahnstangenantrieb, Hiwin-Schienen-Linearlager<\/td>\n<\/tr>\n<tr>\n<td width=\"42\">8<\/td>\n<td width=\"196\">Z Struktur<\/td>\n<td width=\"265\">Hiwin Schienen-Linearlager und Kugelgewindetriebe<\/td>\n<\/tr>\n<tr>\n<td width=\"42\">9<\/td>\n<td width=\"196\">Max. Leistungsaufnahme<\/td>\n<td width=\"265\">(ohne Spindel) 10 Kw<\/td>\n<\/tr>\n<tr>\n<td width=\"42\">10<\/td>\n<td width=\"196\">Max. Schnellreisegeschwindigkeit<\/td>\n<td width=\"265\">40000mm\/min<\/td>\n<\/tr>\n<tr>\n<td width=\"42\">11<\/td>\n<td width=\"196\">Max. Arbeitsgeschwindigkeit<\/td>\n<td width=\"265\">30000mm\/min<\/td>\n<\/tr>\n<tr>\n<td width=\"42\">12<\/td>\n<td width=\"196\">Spindel Leistung<\/td>\n<td width=\"265\">12 kw<\/td>\n<\/tr>\n<tr>\n<td width=\"42\">13<\/td>\n<td width=\"196\">Spindeldrehzahl<\/td>\n<td width=\"265\">0-24000RPM<\/td>\n<\/tr>\n<tr>\n<td width=\"42\">14<\/td>\n<td width=\"196\">Antriebsmotoren<\/td>\n<td width=\"265\">\u00a0Yaskawa-Motoren<\/td>\n<\/tr>\n<tr>\n<td width=\"42\">15<\/td>\n<td width=\"196\">Arbeitsspannung<\/td>\n<td width=\"265\">AC380V\/50\/60Hz,3PH (Option: 220V))<\/td>\n<\/tr>\n<tr>\n<td width=\"42\">16<\/td>\n<td width=\"196\">Befehlssprache<\/td>\n<td width=\"265\">G-Code<\/td>\n<\/tr>\n<tr>\n<td width=\"42\">17<\/td>\n<td width=\"196\">Betriebssystem<\/td>\n<td width=\"265\">Syntec Steuerungssystem\/TPA \/osai<\/td>\n<\/tr>\n<tr>\n<td width=\"42\">18<\/td>\n<td width=\"196\">Computer-Schnittstelle<\/td>\n<td width=\"265\">USB<\/td>\n<\/tr>\n<tr>\n<td width=\"42\">19<\/td>\n<td width=\"196\">Flash-Speicher<\/td>\n<td width=\"265\">512M<\/td>\n<\/tr>\n<tr>\n<td width=\"42\">20<\/td>\n<td width=\"196\">Spannzange<\/td>\n<td width=\"265\">HSK-F63<\/td>\n<\/tr>\n<tr>\n<td width=\"42\">21<\/td>\n<td width=\"196\">X,Y Aufl\u00f6sung<\/td>\n<td width=\"265\">&lt;0,01mm<\/td>\n<\/tr>\n<tr>\n<td width=\"42\">22<\/td>\n<td width=\"196\">Software-Kompatibilit\u00e4t<\/td>\n<td width=\"265\">Typ3\/UcancameV9 powermill UG Software<\/td>\n<\/tr>\n<tr>\n<td width=\"42\">23<\/td>\n<td width=\"196\">Temperatur der Betriebsumgebung<\/td>\n<td width=\"265\">0 - 45 Grad Celsius<\/td>\n<\/tr>\n<tr>\n<td width=\"42\">24<\/td>\n<td width=\"196\">Relative Luftfeuchtigkeit<\/td>\n<td width=\"265\">30% - 75%<\/td>\n<\/tr>\n<tr>\n<td width=\"42\">25<\/td>\n<td width=\"196\">Packungsgr\u00f6\u00dfe<\/td>\n<td width=\"265\">5500X2100X2300mm<\/td>\n<\/tr>\n<tr>\n<td width=\"42\">26<\/td>\n<td width=\"196\">N.W.<\/td>\n<td width=\"265\">5000KG<\/td>\n<\/tr>\n<tr>\n<td width=\"42\">27<\/td>\n<td width=\"196\">G.W.<\/td>\n<td width=\"265\">6000kG<\/td>\n<\/tr>\n<tr>\n<td rowspan=\"6\" width=\"42\">28<\/td>\n<td rowspan=\"6\" width=\"196\">Optionale Teile<\/td>\n<td width=\"265\">Staubabsaugung\/Staubhauben f\u00fcr drei Achsen<\/td>\n<\/tr>\n<tr>\n<td width=\"265\">Vakuumpumpe<\/td>\n<\/tr>\n<tr>\n<td width=\"265\">Rotierendes System<\/td>\n<\/tr>\n<tr>\n<td width=\"265\">Nebel-K\u00fchlsystem<\/td>\n<\/tr>\n<tr>\n<td width=\"265\">Delta-\/Panasonic-Servomotoren<\/td>\n<\/tr>\n<tr>\n<td width=\"265\">Colombo-Spindel<\/td>\n<\/tr>\n<\/tbody>\n<\/table>\n<p>&nbsp;<\/p>","protected":false},"excerpt":{"rendered":"<p>Entwickelt f\u00fcr die Bearbeitung von Massivholz, PVC\/ABS und Kohlefaser (\u00b10,01 mm Genauigkeit). Mit \u00b1110\u00b0A\/\u00b1220\u00b0C Rotation f\u00fcr komplexe Tischlerarbeiten, 3D-Reliefs und Nuten. M\u00f6beloptimierter Vakuumtisch sichert kleine Werkst\u00fccke. Hochwertige Yaskawa-Motoren und eine Spindel mit 24k RPM sorgen f\u00fcr eine Schnittgeschwindigkeit von 40m\/min. Der w\u00e4rmebehandelte Stahlrahmen gew\u00e4hrleistet Stabilit\u00e4t bei schweren 5-Tonnen-Bearbeitungen.<\/p>","protected":false},"featured_media":1553,"template":"","meta":{"_gspb_post_css":""},"product_brand":[],"product_cat":[40],"product_tag":[],"class_list":{"0":"post-1551","1":"product","2":"type-product","3":"status-publish","4":"has-post-thumbnail","6":"product_cat-5-axis-cnc-router","8":"first","9":"instock","10":"shipping-taxable","11":"product-type-simple"},"_links":{"self":[{"href":"https:\/\/sunteccncrouter.com\/de\/wp-json\/wp\/v2\/product\/1551","targetHints":{"allow":["GET"]}}],"collection":[{"href":"https:\/\/sunteccncrouter.com\/de\/wp-json\/wp\/v2\/product"}],"about":[{"href":"https:\/\/sunteccncrouter.com\/de\/wp-json\/wp\/v2\/types\/product"}],"wp:featuredmedia":[{"embeddable":true,"href":"https:\/\/sunteccncrouter.com\/de\/wp-json\/wp\/v2\/media\/1553"}],"wp:attachment":[{"href":"https:\/\/sunteccncrouter.com\/de\/wp-json\/wp\/v2\/media?parent=1551"}],"wp:term":[{"taxonomy":"product_brand","embeddable":true,"href":"https:\/\/sunteccncrouter.com\/de\/wp-json\/wp\/v2\/product_brand?post=1551"},{"taxonomy":"product_cat","embeddable":true,"href":"https:\/\/sunteccncrouter.com\/de\/wp-json\/wp\/v2\/product_cat?post=1551"},{"taxonomy":"product_tag","embeddable":true,"href":"https:\/\/sunteccncrouter.com\/de\/wp-json\/wp\/v2\/product_tag?post=1551"}],"curies":[{"name":"wp","href":"https:\/\/api.w.org\/{rel}","templated":true}]}}