{"id":1555,"date":"2025-06-12T02:39:38","date_gmt":"2025-06-12T02:39:38","guid":{"rendered":"https:\/\/sunteccncrouter.com\/?post_type=product&#038;p=1555"},"modified":"2025-06-12T02:39:38","modified_gmt":"2025-06-12T02:39:38","slug":"customized-double-table-ptp-5-axis-cnc-router","status":"publish","type":"product","link":"https:\/\/sunteccncrouter.com\/de\/customized-double-table-ptp-5-axis-cnc-router\/","title":{"rendered":"Kundenspezifischer Doppeltisch PTP 5-Achsen CNC-Fr\u00e4ser ST-3015"},"content":{"rendered":"<p>Kann auf MDF-M\u00f6bel, Massivholzm\u00f6bel, PVC\/PP\/PE, ABS, Gummi, Polyurethan, Glasfaser, Kohlefaser und andere Verbundwerkstoffe zum Nuten, Fasen, Stanzen, Hakennuten und andere Prozesse und mehrere Winkel von hoher Pr\u00e4zision und hoher Effizienz Verarbeitung angewendet werden.<\/p>\n<p>Itlay HSD 15KW Luftk\u00fchlspindel HSK63F Kollektor<\/p>\n<p>Itlay HSD-Bohrkopf<\/p>\n<p>Japan Yaskawa Servomotor und Treiber<\/p>\n<p>Rotierendes Werkzeugmagazin mit 12 Pl\u00e4tzen<\/p>\n<p>Deutschland Schmalz Vakuumtisch<\/p>\n<p>Taiwan syntec Steuerger\u00e4t<\/p>\n<p>Vakuumpumpe 7,5kw 250m3\/h<\/p>\n<p>Funktioniert mit allen branchen\u00fcblichen CAD\/CAM-Programmen<\/p>\n<table>\n<tbody>\n<tr>\n<td width=\"37\">umber<\/td>\n<td width=\"222\">Beschreibung<\/td>\n<td width=\"295\">Parameter<\/td>\n<\/tr>\n<tr>\n<td width=\"37\">1<\/td>\n<td width=\"222\">X,Y,Z Arbeitsbereich<\/td>\n<td width=\"295\">3000*15000*1000mm 1500*1500*1000<\/td>\n<\/tr>\n<tr>\n<td width=\"37\">2<\/td>\n<td width=\"222\">Tabelle Gr\u00f6\u00dfe<\/td>\n<td width=\"295\">3000\u00d71500mm<\/td>\n<\/tr>\n<tr>\n<td width=\"37\">3<\/td>\n<td width=\"222\">X,Y,Z Verfahrweg Positioniergenauigkeit<\/td>\n<td width=\"295\">\u00b10,01\/1000mm<\/td>\n<\/tr>\n<tr>\n<td width=\"37\">4<\/td>\n<td width=\"222\">A C ROTARY<\/td>\n<td width=\"295\">A 120 Grad C 240 Grad<\/td>\n<\/tr>\n<tr>\n<td width=\"37\">5<\/td>\n<td width=\"222\">Tischoberfl\u00e4che<\/td>\n<td width=\"295\">PTP-Tisch mit Vakuumsaugern shmalz<\/td>\n<\/tr>\n<tr>\n<td width=\"37\">6<\/td>\n<td width=\"222\">Rahmen<\/td>\n<td width=\"295\">Gro\u00dfe Stahlrohrstruktur mit W\u00e4rmebehandlung<\/td>\n<\/tr>\n<tr>\n<td width=\"37\">7<\/td>\n<td width=\"222\">X, Y Struktur<\/td>\n<td width=\"295\">Zahnstangenantrieb, Hiwin-Schienen-Linearlager<\/td>\n<\/tr>\n<tr>\n<td width=\"37\">8<\/td>\n<td width=\"222\">Z Struktur<\/td>\n<td width=\"295\">Hiwin Schienen-Linearlager und Kugelgewindetriebe<\/td>\n<\/tr>\n<tr>\n<td width=\"37\">9<\/td>\n<td width=\"222\">Max. Leistungsaufnahme<\/td>\n<td width=\"295\">(ohne Spindel) 16 Kw<\/td>\n<\/tr>\n<tr>\n<td width=\"37\">10<\/td>\n<td width=\"222\">Max. Schnellreisegeschwindigkeit<\/td>\n<td width=\"295\">40000mm\/min<\/td>\n<\/tr>\n<tr>\n<td width=\"37\">11<\/td>\n<td width=\"222\">Max. Arbeitsgeschwindigkeit<\/td>\n<td width=\"295\">30000mm\/min<\/td>\n<\/tr>\n<tr>\n<td width=\"37\">12<\/td>\n<td width=\"222\">Spindel Leistung<\/td>\n<td width=\"295\">HSD 15kw Spindel<\/td>\n<\/tr>\n<tr>\n<td width=\"37\">13<\/td>\n<td width=\"222\">Bohrkopf<\/td>\n<td width=\"295\">HSD 9v3h1s<\/td>\n<\/tr>\n<tr>\n<td width=\"37\">14<\/td>\n<td width=\"222\">Spindeldrehzahl<\/td>\n<td width=\"295\">0-24000RPM<\/td>\n<\/tr>\n<tr>\n<td width=\"37\">15<\/td>\n<td width=\"222\">Antriebsmotoren<\/td>\n<td width=\"295\">\u00a0Yaskawa-Motoren<\/td>\n<\/tr>\n<tr>\n<td width=\"37\">16<\/td>\n<td width=\"222\">Arbeitsspannung<\/td>\n<td width=\"295\">AC380V\/50\/60Hz,3PH<\/td>\n<\/tr>\n<tr>\n<td width=\"37\">17<\/td>\n<td width=\"222\">Befehlssprache<\/td>\n<td width=\"295\">G-Code<\/td>\n<\/tr>\n<tr>\n<td width=\"37\">18<\/td>\n<td width=\"222\">Betriebssystem<\/td>\n<td width=\"295\">osai<\/td>\n<\/tr>\n<tr>\n<td width=\"37\">18<\/td>\n<td width=\"222\">Computer-Schnittstelle<\/td>\n<td width=\"295\">USB<\/td>\n<\/tr>\n<tr>\n<td width=\"37\">19<\/td>\n<td width=\"222\">Flash-Speicher<\/td>\n<td width=\"295\">512M<\/td>\n<\/tr>\n<tr>\n<td width=\"37\">20<\/td>\n<td width=\"222\">Spannzange<\/td>\n<td width=\"295\">HSK-F63<\/td>\n<\/tr>\n<tr>\n<td width=\"37\">21<\/td>\n<td width=\"222\">X,Y Aufl\u00f6sung<\/td>\n<td width=\"295\">&lt;0,01mm<\/td>\n<\/tr>\n<tr>\n<td width=\"37\">22<\/td>\n<td width=\"222\">Software-Kompatibilit\u00e4t<\/td>\n<td width=\"295\">Typ3\/UcancameV9 powermill UG Software<\/td>\n<\/tr>\n<tr>\n<td width=\"37\">23<\/td>\n<td width=\"222\">Temperatur der Betriebsumgebung<\/td>\n<td width=\"295\">0 - 45 Grad Celsius<\/td>\n<\/tr>\n<tr>\n<td width=\"37\">24<\/td>\n<td width=\"222\">Relative Luftfeuchtigkeit<\/td>\n<td width=\"295\">30% - 75%<\/td>\n<\/tr>\n<tr>\n<td width=\"37\">25<\/td>\n<td width=\"222\">Packungsgr\u00f6\u00dfe<\/td>\n<td width=\"295\">5500X2100X2300mm<\/td>\n<\/tr>\n<tr>\n<td width=\"37\">26<\/td>\n<td width=\"222\">N.W.<\/td>\n<td width=\"295\">16000KG<\/td>\n<\/tr>\n<tr>\n<td width=\"37\">27<\/td>\n<td width=\"222\">G.W.<\/td>\n<td width=\"295\">18000kG<\/td>\n<\/tr>\n<\/tbody>\n<\/table>\n<p>&nbsp;<\/p>","protected":false},"excerpt":{"rendered":"<p>Beherrscht gro\u00dfformatige M\u00f6bel, Verbundwerkstoffe f\u00fcr die Luft- und Raumfahrt und Polymerformen mit einem branchenf\u00fchrenden Arbeitsbereich von 3000x15000x1000 mm (optional 1500x1500x1000 mm). Die Maschine zeichnet sich durch extreme A\u00b1120\u00b0\/C\u00b1240\u00b0-Rotation und mikrometergenaue (\u00b10,01\/1000mm) Bearbeitung aus, die durch hochwertige Komponenten unterst\u00fctzt wird: HSD 15kW Spindel (24k RPM), italienischer HSD 9v3h1s Bohrkopf, Yaskawa Servos &amp; Schmalz Vakuumtechnik. Der schwere, w\u00e4rmebehandelte Stahlrahmen sorgt f\u00fcr Stabilit\u00e4t bei Hochgeschwindigkeits-Nut- und Anfasbearbeitungen (40 m\/min).<\/p>","protected":false},"featured_media":1556,"template":"","meta":{"_gspb_post_css":""},"product_brand":[],"product_cat":[40],"product_tag":[],"class_list":{"0":"post-1555","1":"product","2":"type-product","3":"status-publish","4":"has-post-thumbnail","6":"product_cat-5-axis-cnc-router","8":"first","9":"instock","10":"shipping-taxable","11":"product-type-simple"},"_links":{"self":[{"href":"https:\/\/sunteccncrouter.com\/de\/wp-json\/wp\/v2\/product\/1555","targetHints":{"allow":["GET"]}}],"collection":[{"href":"https:\/\/sunteccncrouter.com\/de\/wp-json\/wp\/v2\/product"}],"about":[{"href":"https:\/\/sunteccncrouter.com\/de\/wp-json\/wp\/v2\/types\/product"}],"wp:featuredmedia":[{"embeddable":true,"href":"https:\/\/sunteccncrouter.com\/de\/wp-json\/wp\/v2\/media\/1556"}],"wp:attachment":[{"href":"https:\/\/sunteccncrouter.com\/de\/wp-json\/wp\/v2\/media?parent=1555"}],"wp:term":[{"taxonomy":"product_brand","embeddable":true,"href":"https:\/\/sunteccncrouter.com\/de\/wp-json\/wp\/v2\/product_brand?post=1555"},{"taxonomy":"product_cat","embeddable":true,"href":"https:\/\/sunteccncrouter.com\/de\/wp-json\/wp\/v2\/product_cat?post=1555"},{"taxonomy":"product_tag","embeddable":true,"href":"https:\/\/sunteccncrouter.com\/de\/wp-json\/wp\/v2\/product_tag?post=1555"}],"curies":[{"name":"wp","href":"https:\/\/api.w.org\/{rel}","templated":true}]}}