{"id":1560,"date":"2025-06-12T02:53:07","date_gmt":"2025-06-12T02:53:07","guid":{"rendered":"https:\/\/sunteccncrouter.com\/?post_type=product&#038;p=1560"},"modified":"2025-06-12T02:53:07","modified_gmt":"2025-06-12T02:53:07","slug":"customized-5-axis-cnc-machining-centres-for-timber-construction","status":"publish","type":"product","link":"https:\/\/sunteccncrouter.com\/de\/customized-5-axis-cnc-machining-centres-for-timber-construction\/","title":{"rendered":"Kundenspezifische 5-Achsen-CNC-Bearbeitungszentren f\u00fcr den Holzbau"},"content":{"rendered":"<p>Kann f\u00fcr altes Holzhaus, Holzbau angewendet werden<\/p>\n<table>\n<tbody>\n<tr>\n<td width=\"152\">Beschreibung<\/td>\n<td width=\"256\">Parameter<\/td>\n<\/tr>\n<tr>\n<td width=\"152\">X,Y,Z Arbeitsbereich<\/td>\n<td width=\"256\">1600*18000*1000mm<\/td>\n<\/tr>\n<tr>\n<td width=\"152\">Tabelle Gr\u00f6\u00dfe<\/td>\n<td width=\"256\">3850\u00d727000mm*3500mm<\/td>\n<\/tr>\n<tr>\n<td width=\"152\">X,Y,Z Verfahrweg Positioniergenauigkeit<\/td>\n<td width=\"256\">\u00b10,01\/1000mm<\/td>\n<\/tr>\n<tr>\n<td width=\"152\">AC<\/td>\n<td width=\"256\">120 und 245 Grad drehbar<\/td>\n<\/tr>\n<tr>\n<td width=\"152\">Tischoberfl\u00e4che<\/td>\n<td width=\"256\">Tisch aus Gusseisen<\/td>\n<\/tr>\n<tr>\n<td width=\"152\">Rahmen<\/td>\n<td width=\"256\">Gro\u00dfe Stahlrohrstruktur mit W\u00e4rmebehandlung<\/td>\n<\/tr>\n<tr>\n<td width=\"152\">X, Y Struktur<\/td>\n<td width=\"256\">Zahnstangenantrieb, Taiwan Rail Linear Bearings<\/td>\n<\/tr>\n<tr>\n<td width=\"152\">Z Struktur<\/td>\n<td width=\"256\">Hiwin Schienen-Linearlager und Kugelgewindetriebe<\/td>\n<\/tr>\n<tr>\n<td width=\"152\">Max. Leistungsaufnahme<\/td>\n<td width=\"256\">(ohne Spindel) 15 Kw<\/td>\n<\/tr>\n<tr>\n<td width=\"152\">Max. Schnellreisegeschwindigkeit<\/td>\n<td width=\"256\">40000mm\/min<\/td>\n<\/tr>\n<tr>\n<td width=\"152\">Max. Arbeitsgeschwindigkeit<\/td>\n<td width=\"256\">30000mm\/min<\/td>\n<\/tr>\n<tr>\n<td width=\"152\">Spindel Leistung<\/td>\n<td width=\"256\">10\/12\/14<\/td>\n<\/tr>\n<tr>\n<td width=\"152\">Spindeldrehzahl<\/td>\n<td width=\"256\">0-24000RPM<\/td>\n<\/tr>\n<tr>\n<td width=\"152\">Antriebsmotoren<\/td>\n<td width=\"256\">XY 1300W Yaskawa Motoren Z AXIS1800W<\/td>\n<\/tr>\n<tr>\n<td width=\"152\">Arbeitsspannung<\/td>\n<td width=\"256\">AC380V\/50\/60Hz,3PH (Option: 220V))<\/td>\n<\/tr>\n<tr>\n<td width=\"152\">Befehlssprache<\/td>\n<td width=\"256\">G-Code<\/td>\n<\/tr>\n<tr>\n<td width=\"152\">Betriebssystem<\/td>\n<td width=\"256\">Syntec-Steuerungssystem\/TPA\/OSAI<\/td>\n<\/tr>\n<tr>\n<td width=\"152\">Computer-Schnittstelle<\/td>\n<td width=\"256\">USB<\/td>\n<\/tr>\n<tr>\n<td width=\"152\">Flash-Speicher<\/td>\n<td width=\"256\">512M<\/td>\n<\/tr>\n<tr>\n<td width=\"152\">Spannzange<\/td>\n<td width=\"256\">HSKF63 ER40<\/td>\n<\/tr>\n<tr>\n<td width=\"152\">X,Y Aufl\u00f6sung<\/td>\n<td width=\"256\">&lt;0,01mm<\/td>\n<\/tr>\n<tr>\n<td width=\"152\">Software-Kompatibilit\u00e4t<\/td>\n<td width=\"256\">\u00a0powermill UG Software<\/td>\n<\/tr>\n<tr>\n<td width=\"152\">Temperatur der Betriebsumgebung<\/td>\n<td width=\"256\">0 - 45 Grad Celsius<\/td>\n<\/tr>\n<tr>\n<td width=\"152\">Relative Luftfeuchtigkeit<\/td>\n<td width=\"256\">30% - 75%<\/td>\n<\/tr>\n<tr>\n<td width=\"152\">Packungsgr\u00f6\u00dfe<\/td>\n<td width=\"256\">5500X2100X2300mm<\/td>\n<\/tr>\n<tr>\n<td width=\"152\">N.W.<\/td>\n<td width=\"256\">46000KG<\/td>\n<\/tr>\n<tr>\n<td width=\"152\">G.W.<\/td>\n<td width=\"256\">48000KG<\/td>\n<\/tr>\n<\/tbody>\n<\/table>\n<p>&nbsp;<\/p>","protected":false},"excerpt":{"rendered":"<p>Entwickelt f\u00fcr alte Holzh\u00e4user und Fachwerk mit massiver 18m X-Achsenkapazit\u00e4t und schwerer 48-Tonnen-Konstruktion. Der Gusseisentisch tr\u00e4gt \u00fcbergro\u00dfe Balken und erreicht eine Pr\u00e4zision von \u00b10,01 mm durch ein laserkalibriertes Yaskawa-Servosystem (1300 W XY\/1800 W Z) und eine Spindel mit 24 k U\/min (10\/12\/14 kW Optionen). Hochgeschwindigkeitsschneiden (40m\/min) f\u00fcr komplexe Tischlerarbeiten mit extremen A120\u00b0\/C245\u00b0-Winkeln. Branchenerprobte Syntec\/OSAI-Steuerung mit UG\/PowerMill-Kompatibilit\u00e4t f\u00fcr traditionelle Holzbearbeitungstechniken<\/p>","protected":false},"featured_media":1561,"template":"","meta":{"_gspb_post_css":""},"product_brand":[],"product_cat":[40],"product_tag":[],"class_list":{"0":"post-1560","1":"product","2":"type-product","3":"status-publish","4":"has-post-thumbnail","6":"product_cat-5-axis-cnc-router","8":"first","9":"instock","10":"shipping-taxable","11":"product-type-simple"},"_links":{"self":[{"href":"https:\/\/sunteccncrouter.com\/de\/wp-json\/wp\/v2\/product\/1560","targetHints":{"allow":["GET"]}}],"collection":[{"href":"https:\/\/sunteccncrouter.com\/de\/wp-json\/wp\/v2\/product"}],"about":[{"href":"https:\/\/sunteccncrouter.com\/de\/wp-json\/wp\/v2\/types\/product"}],"wp:featuredmedia":[{"embeddable":true,"href":"https:\/\/sunteccncrouter.com\/de\/wp-json\/wp\/v2\/media\/1561"}],"wp:attachment":[{"href":"https:\/\/sunteccncrouter.com\/de\/wp-json\/wp\/v2\/media?parent=1560"}],"wp:term":[{"taxonomy":"product_brand","embeddable":true,"href":"https:\/\/sunteccncrouter.com\/de\/wp-json\/wp\/v2\/product_brand?post=1560"},{"taxonomy":"product_cat","embeddable":true,"href":"https:\/\/sunteccncrouter.com\/de\/wp-json\/wp\/v2\/product_cat?post=1560"},{"taxonomy":"product_tag","embeddable":true,"href":"https:\/\/sunteccncrouter.com\/de\/wp-json\/wp\/v2\/product_tag?post=1560"}],"curies":[{"name":"wp","href":"https:\/\/api.w.org\/{rel}","templated":true}]}}