{"id":1571,"date":"2025-06-12T05:14:05","date_gmt":"2025-06-12T05:14:05","guid":{"rendered":"https:\/\/sunteccncrouter.com\/?post_type=product&#038;p=1571"},"modified":"2025-06-12T05:14:05","modified_gmt":"2025-06-12T05:14:05","slug":"large-5-axis-cnc-stone-aluminum-marble-milling-machines-for-heavy-industry","status":"publish","type":"product","link":"https:\/\/sunteccncrouter.com\/de\/large-5-axis-cnc-stone-aluminum-marble-milling-machines-for-heavy-industry\/","title":{"rendered":"Gro\u00dfe 5-Achsen-CNC-Stein-Aluminium-Marmor-Fr\u00e4smaschinen f\u00fcr die Schwerindustrie ST-7060"},"content":{"rendered":"<p>Die 5-Achsen-CNC-Bearbeitung kann zur Herstellung von Teilen verwendet werden, die aufgrund ihrer Effizienz und der F\u00e4higkeit, komplexe Formen zu produzieren, in vielen verschiedenen Branchen zum Einsatz kommen. Hier sind einige Beispiele von Branchen, die diese Technologie am h\u00e4ufigsten nutzen:<\/p>\n<p><strong><b>\u00a0<\/b><\/strong><strong><b>Luft- und Raumfahrt<\/b><\/strong>\u00a0- Diese Branche erfordert eine sehr pr\u00e4zise Maschine, da die Formen sehr kompliziert und einzigartig sind.<\/p>\n<p><strong><b>Medizinische\u00a0<\/b><\/strong>- Die 5-Achsen-CNC-Bearbeitung kann Herstellern medizinischer Ger\u00e4te bei der Produktion von Ger\u00e4ten, Implantaten und anderen Ausr\u00fcstungsgegenst\u00e4nden helfen, die mit besonderer Pr\u00e4zision gefertigt werden m\u00fcssen, um den (zu Recht) strengen Normen des Gesundheitswesens zu entsprechen.<\/p>\n<p><strong><b>Milit\u00e4r<\/b><\/strong>\u00a0- ein weiterer Industriezweig, der die 5-Achsen-CNC-Bearbeitung zur Herstellung der ben\u00f6tigten Teile einsetzt. Zu den m\u00f6glichen Anwendungen geh\u00f6ren U-Boot-Teile, Teile von Hochleistungsmotoren, Turbinen- und Kompressorschaufeln, intelligente Waffen, Sensoren, Tarnkappenanwendungen sowie in einigen F\u00e4llen auch Atomwaffen.<\/p>\n<p><strong><b>Energietechnische Ausr\u00fcstung\u00a0<\/b><\/strong>- Die Herstellung von Teilen f\u00fcr Energieanlagen erfordert oft die Verwendung schwer zu bearbeitender Materialien. Mit der 5-Achsen-CNC-Bearbeitung k\u00f6nnen Sie den gesamten Prozess einfacher und effizienter gestalten.<\/p>\n<p>Angewandt f\u00fcr Styropor, Eps-Schaum, Glasfaser, Kohlenstoffmaterial, Honigwaben, Yougi-Holz, Verbundmaterial, Aluminium, weiches Material usw. Nichtmetallische Materialien.<\/p>\n<table>\n<tbody>\n<tr>\n<td width=\"512\"><strong><b>Suntec 5 Achsen Details\u00a0<\/b><\/strong><\/p>\n<table>\n<tbody>\n<tr>\n<td width=\"46\">Nummer<\/td>\n<td width=\"217\">Beschreibung<\/td>\n<td width=\"289\">Parameter<\/td>\n<\/tr>\n<tr>\n<td width=\"46\">1<\/td>\n<td width=\"217\">X,Y,Z Arbeitsbereich<\/td>\n<td width=\"289\">6000*7000*2000mm<\/td>\n<\/tr>\n<tr>\n<td width=\"46\">2<\/td>\n<td width=\"217\">Tabelle Gr\u00f6\u00dfe<\/td>\n<td width=\"289\">7300\u00d79700mm*40000<\/td>\n<\/tr>\n<tr>\n<td width=\"46\">3<\/td>\n<td width=\"217\">X,Y,Z Verfahrweg Positioniergenauigkeit<\/td>\n<td width=\"289\">\u00b10,01\/2000mm<\/td>\n<\/tr>\n<tr>\n<td width=\"46\">4<\/td>\n<td width=\"217\">A-Achse<\/td>\n<td width=\"289\">A \u00b1110 Grad<\/td>\n<\/tr>\n<tr>\n<td width=\"46\">5<\/td>\n<td width=\"217\">C rotierend<\/td>\n<td width=\"289\">C\u00b1 245 Grad<\/td>\n<\/tr>\n<tr>\n<td width=\"46\">5<\/td>\n<td width=\"217\">Tischoberfl\u00e4che<\/td>\n<td width=\"289\">Tisch aus Gusseisen<\/td>\n<\/tr>\n<tr>\n<td width=\"46\">6<\/td>\n<td width=\"217\">Rahmen<\/td>\n<td width=\"289\">Gro\u00dfe Stahlrohrstruktur mit W\u00e4rmebehandlung<\/td>\n<\/tr>\n<tr>\n<td width=\"46\">7<\/td>\n<td width=\"217\">X, Y Struktur<\/td>\n<td width=\"289\">Zahnstangenantrieb, Hiwin-Schienen-Linearlager<\/td>\n<\/tr>\n<tr>\n<td width=\"46\">8<\/td>\n<td width=\"217\">Z Struktur<\/td>\n<td width=\"289\">Hiwin Schienen-Linearlager und TBI-Kugelgewindetrieb<\/td>\n<\/tr>\n<tr>\n<td width=\"46\">9<\/td>\n<td width=\"217\">Max. Leistungsaufnahme<\/td>\n<td width=\"289\">(ohne Spindel) 20 Kw<\/td>\n<\/tr>\n<tr>\n<td width=\"46\">10<\/td>\n<td width=\"217\">Max. Schnellreisegeschwindigkeit<\/td>\n<td width=\"289\">40000mm\/min<\/td>\n<\/tr>\n<tr>\n<td width=\"46\">11<\/td>\n<td width=\"217\">Max. Arbeitsgeschwindigkeit<\/td>\n<td width=\"289\">30000mm\/min<\/td>\n<\/tr>\n<tr>\n<td width=\"46\">12<\/td>\n<td width=\"217\">Spindel Leistung<\/td>\n<td width=\"289\">15kw<\/td>\n<\/tr>\n<tr>\n<td width=\"46\">13<\/td>\n<td width=\"217\">Spindeldrehzahl<\/td>\n<td width=\"289\">0-24000RPM<\/td>\n<\/tr>\n<tr>\n<td width=\"46\">14<\/td>\n<td width=\"217\">Antriebsmotoren<\/td>\n<td width=\"289\">Yaskawa-Motoren<\/td>\n<\/tr>\n<tr>\n<td width=\"46\">15<\/td>\n<td width=\"217\">Arbeitsspannung<\/td>\n<td width=\"289\">AC380V\/50\/60Hz,3PH (Option: 220V))<\/td>\n<\/tr>\n<tr>\n<td width=\"46\">16<\/td>\n<td width=\"217\">Befehlssprache<\/td>\n<td width=\"289\">G-Code<\/td>\n<\/tr>\n<tr>\n<td width=\"46\">17<\/td>\n<td width=\"217\">Betriebssystem<\/td>\n<td width=\"289\">Syntec Steuerungssystem\/TPA \/osai<\/td>\n<\/tr>\n<tr>\n<td width=\"46\">18<\/td>\n<td width=\"217\">Computer-Schnittstelle<\/td>\n<td width=\"289\">USB<\/td>\n<\/tr>\n<tr>\n<td width=\"46\">19<\/td>\n<td width=\"217\">Flash-Speicher<\/td>\n<td width=\"289\">512M<\/td>\n<\/tr>\n<tr>\n<td width=\"46\">20<\/td>\n<td width=\"217\">Spannzange<\/td>\n<td width=\"289\">HSK-F63<\/td>\n<\/tr>\n<tr>\n<td width=\"46\">21<\/td>\n<td width=\"217\">X,Y Aufl\u00f6sung<\/td>\n<td width=\"289\">&lt;0,01mm<\/td>\n<\/tr>\n<tr>\n<td width=\"46\">22<\/td>\n<td width=\"217\">Software-Kompatibilit\u00e4t<\/td>\n<td width=\"289\">\u00a0powermill UG Software<\/td>\n<\/tr>\n<tr>\n<td width=\"46\">23<\/td>\n<td width=\"217\">Temperatur der Betriebsumgebung<\/td>\n<td width=\"289\">0 - 45 Grad Celsius<\/td>\n<\/tr>\n<tr>\n<td width=\"46\">24<\/td>\n<td width=\"217\">Relative Luftfeuchtigkeit<\/td>\n<td width=\"289\">30% - 75%<\/td>\n<\/tr>\n<tr>\n<td width=\"46\">25<\/td>\n<td width=\"217\">Packungsgr\u00f6\u00dfe<\/td>\n<td width=\"289\">5500X2100X2300mm<\/td>\n<\/tr>\n<tr>\n<td width=\"46\">26<\/td>\n<td width=\"217\">N.W.<\/td>\n<td width=\"289\">18000KG<\/td>\n<\/tr>\n<tr>\n<td width=\"46\">27<\/td>\n<td width=\"217\">G.W.<\/td>\n<td width=\"289\">20000kG<\/td>\n<\/tr>\n<\/tbody>\n<\/table>\n<p>&nbsp;<\/td>\n<td width=\"1\">&nbsp;<\/td>\n<\/tr>\n<\/tbody>\n<\/table>\n<p>&nbsp;<\/p>","protected":false},"excerpt":{"rendered":"<p><strong>Suntec 5-Achsen-CNC: Pr\u00e4zision im Industriema\u00dfstab f\u00fcr die kritische Fertigung<\/strong>\u200b<br \/>\nEntwickelt f\u00fcr Komponenten im Mega-Ma\u00dfstab f\u00fcr Luft- und Raumfahrt, Verteidigung und Energie (6000\u00d77000\u00d72000 mm Kapazit\u00e4t). Erreicht eine Pr\u00e4zision von \u00b10,01 mm bei Kohlefaser, Aluminium und industriellen Verbundwerkstoffen. Mit extremer \u00b1110\u00b0A\/\u00b1245\u00b0C-Rotation, 15kW-Spindel (24k RPM) und Yaskawa-Servos. Der hochbelastbare Rahmen aus w\u00e4rmebehandeltem Stahl tr\u00e4gt 20-Tonnen-Lasten auf dem Gusseisentisch. Bearbeitet komplexe Geometrien bei 40 m\/min f\u00fcr Turbinen, U-Boot-Teile und medizinische Implantate.<\/p>","protected":false},"featured_media":1572,"template":"","meta":{"_gspb_post_css":""},"product_brand":[],"product_cat":[40],"product_tag":[],"class_list":{"0":"post-1571","1":"product","2":"type-product","3":"status-publish","4":"has-post-thumbnail","6":"product_cat-5-axis-cnc-router","8":"first","9":"instock","10":"shipping-taxable","11":"product-type-simple"},"_links":{"self":[{"href":"https:\/\/sunteccncrouter.com\/de\/wp-json\/wp\/v2\/product\/1571","targetHints":{"allow":["GET"]}}],"collection":[{"href":"https:\/\/sunteccncrouter.com\/de\/wp-json\/wp\/v2\/product"}],"about":[{"href":"https:\/\/sunteccncrouter.com\/de\/wp-json\/wp\/v2\/types\/product"}],"wp:featuredmedia":[{"embeddable":true,"href":"https:\/\/sunteccncrouter.com\/de\/wp-json\/wp\/v2\/media\/1572"}],"wp:attachment":[{"href":"https:\/\/sunteccncrouter.com\/de\/wp-json\/wp\/v2\/media?parent=1571"}],"wp:term":[{"taxonomy":"product_brand","embeddable":true,"href":"https:\/\/sunteccncrouter.com\/de\/wp-json\/wp\/v2\/product_brand?post=1571"},{"taxonomy":"product_cat","embeddable":true,"href":"https:\/\/sunteccncrouter.com\/de\/wp-json\/wp\/v2\/product_cat?post=1571"},{"taxonomy":"product_tag","embeddable":true,"href":"https:\/\/sunteccncrouter.com\/de\/wp-json\/wp\/v2\/product_tag?post=1571"}],"curies":[{"name":"wp","href":"https:\/\/api.w.org\/{rel}","templated":true}]}}