{"id":1580,"date":"2025-06-12T06:08:48","date_gmt":"2025-06-12T06:08:48","guid":{"rendered":"https:\/\/sunteccncrouter.com\/?post_type=product&#038;p=1580"},"modified":"2025-06-12T06:15:07","modified_gmt":"2025-06-12T06:15:07","slug":"ptp-woodworking-drlling-machine-center","status":"publish","type":"product","link":"https:\/\/sunteccncrouter.com\/de\/ptp-woodworking-drlling-machine-center\/","title":{"rendered":"PTP Holzbearbeitungs-Bohrmaschinen-Zentrum ST-1330"},"content":{"rendered":"<p>Schwerlastbohrungen\u00a0<strong><b>PTP<\/b><\/strong>\u00a0<strong><b>CNC-Maschine<\/b><\/strong>.<\/p>\n<p>1 Der Maschinenk\u00f6rper wird durch CNC-Fr\u00e4szentrum und W\u00e4rmebehandlung hergestellt, was die Stabilit\u00e4t und Lebensdauer der Maschine garantiert.<\/p>\n<p>2 Es gibt vier Arbeitszonen, kann Pendel Arbeitsweise zu tun. Die Arbeitsgeschwindigkeit ist schnell und genau, humanisiertes Design macht es bequem f\u00fcr die Arbeitnehmer zu laden \/ entladen die Teile. Control Interface ist humanisiert, modulare Programmierung, Fu\u00df Pedal verwendet werden, um das Laden \/ Entladen zu steuern.<\/p>\n<p>3 es ist geeignet f\u00fcr die Verarbeitung von kundenspezifischen M\u00f6beln (Schrank, Schrank), Paneel-M\u00f6bel und Batch-Rohrleitungen Produktion.<\/p>\n<p>PTP CNC-M\u00f6bel Holzbearbeitung Bohren Bohren Router-Center ist entworfen, um verschiedene komplizierte Verarbeitung Anforderungen zu erf\u00fcllen, sehr vielseitig mit Fr\u00e4sen, Bohren, Schneiden, Seitenfr\u00e4sen, S\u00e4gen und andere Funktionen.  Der Vakuumtisch ist mit Saugn\u00e4pfen ausgestattet. Beschneiden des vollen Blattes auf Ihre ideale Gr\u00f6\u00dfe, Fr\u00e4sen, Bohren, S\u00e4gen, Schneiden und Fr\u00e4sen-mehrere Funktionen, alles in einem. Einfaches Be- und Entladen, weniger Zeitaufwand, aber mehr Nutzen.<\/p>\n<table>\n<tbody>\n<tr>\n<td width=\"134\">Modell<\/td>\n<td width=\"235\">ST-1545<\/td>\n<td width=\"199\">\u00a0\u00a0\u00a0\u00a0\u00a0\u00a0ST-1330<\/td>\n<\/tr>\n<tr>\n<td width=\"134\">Reisende Gr\u00f6\u00dfe<\/td>\n<td width=\"235\">4750*2500*300mm<\/td>\n<td width=\"199\">3400*1640*250mm<\/td>\n<\/tr>\n<tr>\n<td width=\"134\">Maximale Arbeitsgr\u00f6\u00dfe<\/td>\n<td width=\"235\">4500*1500*300mm<\/td>\n<td width=\"199\">3000*1300*100mm<\/td>\n<\/tr>\n<tr>\n<td width=\"134\">Arbeitsbereich<\/td>\n<td colspan=\"2\" width=\"435\">4 oder 2 Arbeitszonen\/Pendelbetrieb<\/td>\n<\/tr>\n<tr>\n<td width=\"134\">\u00dcbertragung<\/td>\n<td colspan=\"2\" width=\"435\">X\/Y-Zahnstangenantrieb, Z-Kugelumlaufspindelantrieb<\/td>\n<\/tr>\n<tr>\n<td width=\"134\">Struktur der Tabelle<\/td>\n<td colspan=\"2\" width=\"435\">Aluminiumstangen (10 St\u00fcck) mit beweglichen Vakuum-Pads<\/td>\n<\/tr>\n<tr>\n<td width=\"134\">Leistung der Spindel<\/td>\n<td width=\"235\">12 KW\/Luftk\u00fchlung\/HSK-F63<\/td>\n<td width=\"199\">12 KW\/Luftk\u00fchlung\/HSK-F63<\/td>\n<\/tr>\n<tr>\n<td width=\"134\">Antriebssystem<\/td>\n<td width=\"235\">1300W Servomotor\/Yaskawa<\/td>\n<td width=\"199\">\u00a0\u00a01300W Servomotor \/Yaskawa<\/td>\n<\/tr>\n<tr>\n<td width=\"134\">Controller<\/td>\n<td width=\"235\">Italienische TPA-Steuerung (Mechatrolink II)\/osai<\/td>\n<td width=\"199\">Italienischer TPA-Kontrolleur\/osai<\/td>\n<\/tr>\n<tr>\n<td width=\"134\">Maximale Spindeldrehzahl<\/td>\n<td width=\"235\">24000 U\/min<\/td>\n<td width=\"199\">24000 U\/min<\/td>\n<\/tr>\n<tr>\n<td width=\"134\">Max. Fahrgeschwindigkeit<\/td>\n<td width=\"235\">80m\/min<\/td>\n<td width=\"199\">80m\/min<\/td>\n<\/tr>\n<tr>\n<td width=\"134\">Arbeitsgeschwindigkeit<\/td>\n<td width=\"235\">20m\/min<\/td>\n<td width=\"199\">20m\/min<\/td>\n<\/tr>\n<tr>\n<td width=\"134\">Repositionierungsgenauigkeit<\/td>\n<td width=\"235\">+\/- 0,025 mm<\/td>\n<td width=\"199\">+\/- 0,025 mm<\/td>\n<\/tr>\n<tr>\n<td width=\"134\">Werkzeugmagazin<\/td>\n<td width=\"235\">Karussell\/Servo\/ 12<\/td>\n<td width=\"199\">Karussell\/Servo\/ 8<\/td>\n<\/tr>\n<tr>\n<td width=\"134\">Spannung<\/td>\n<td width=\"235\">AC380\/3PH\/50HZ<\/td>\n<td width=\"199\">AC380\/3PH\/50HZ<\/td>\n<\/tr>\n<tr>\n<td width=\"134\">Bohrkopf<\/td>\n<td width=\"235\">16V8H2S\/HSD\/Italien<\/td>\n<td width=\"199\">9V6H1S\/HSD\/Italien<\/td>\n<\/tr>\n<tr>\n<td width=\"134\">Optionale Bohreinheit<\/td>\n<td width=\"235\">9V6H1S\/ 7V4H\/ 12V8H2S<\/td>\n<td width=\"199\">10V4H2S\/ 7V4H\/ 12V8H2S<\/td>\n<\/tr>\n<tr>\n<td width=\"134\">Nettogewicht<\/td>\n<td width=\"235\">5600KGS<\/td>\n<td width=\"199\">\u00a0\u00a04000KGS<\/td>\n<\/tr>\n<\/tbody>\n<\/table>","protected":false},"excerpt":{"rendered":"<p><strong>Suntec PTP CNC: Kraftwerk der industriellen M\u00f6belproduktion<\/strong>\u200b<br \/>\nVerf\u00fcgt \u00fcber einen 4-Zonen-Pendel-Workflow f\u00fcr die kontinuierliche Plattenbearbeitung bei einer Geschwindigkeit von 80m\/min. Pr\u00e4zisionsbohrungen (\u00b10,025mm) \u00fcber HSD-Spindeln (24k RPM) und italienische TPA-Steuerungen. M\u00f6beloptimierter Vakuumtisch mit beweglichen Saugn\u00e4pfen f\u00fcr die Bearbeitung von Vollformatplatten. Schwerer CNC-gefr\u00e4ster und w\u00e4rmebehandelter Rahmen gew\u00e4hrleistet Stabilit\u00e4t.<\/p>","protected":false},"featured_media":1581,"template":"","meta":{"_gspb_post_css":""},"product_brand":[],"product_cat":[38],"product_tag":[],"class_list":{"0":"post-1580","1":"product","2":"type-product","3":"status-publish","4":"has-post-thumbnail","6":"product_cat-3-axis-cnc-router","8":"first","9":"instock","10":"shipping-taxable","11":"product-type-simple"},"_links":{"self":[{"href":"https:\/\/sunteccncrouter.com\/de\/wp-json\/wp\/v2\/product\/1580","targetHints":{"allow":["GET"]}}],"collection":[{"href":"https:\/\/sunteccncrouter.com\/de\/wp-json\/wp\/v2\/product"}],"about":[{"href":"https:\/\/sunteccncrouter.com\/de\/wp-json\/wp\/v2\/types\/product"}],"wp:featuredmedia":[{"embeddable":true,"href":"https:\/\/sunteccncrouter.com\/de\/wp-json\/wp\/v2\/media\/1581"}],"wp:attachment":[{"href":"https:\/\/sunteccncrouter.com\/de\/wp-json\/wp\/v2\/media?parent=1580"}],"wp:term":[{"taxonomy":"product_brand","embeddable":true,"href":"https:\/\/sunteccncrouter.com\/de\/wp-json\/wp\/v2\/product_brand?post=1580"},{"taxonomy":"product_cat","embeddable":true,"href":"https:\/\/sunteccncrouter.com\/de\/wp-json\/wp\/v2\/product_cat?post=1580"},{"taxonomy":"product_tag","embeddable":true,"href":"https:\/\/sunteccncrouter.com\/de\/wp-json\/wp\/v2\/product_tag?post=1580"}],"curies":[{"name":"wp","href":"https:\/\/api.w.org\/{rel}","templated":true}]}}