{"id":1586,"date":"2025-06-12T06:53:25","date_gmt":"2025-06-12T06:53:25","guid":{"rendered":"https:\/\/sunteccncrouter.com\/?post_type=product&#038;p=1586"},"modified":"2025-06-12T06:53:40","modified_gmt":"2025-06-12T06:53:40","slug":"7-axis-kuka-robot-arm-cnc-for-3d-carving-milling","status":"publish","type":"product","link":"https:\/\/sunteccncrouter.com\/de\/7-axis-kuka-robot-arm-cnc-for-3d-carving-milling\/","title":{"rendered":"7 Achsen KUKA Roboterarm CNC f\u00fcr 3D Carving Fr\u00e4sen"},"content":{"rendered":"<table>\n<tbody>\n<tr>\n<td width=\"420\">Last (bezieht sich auf die Last des Punktes am vordersten Ende der 6. Achse)<\/td>\n<td colspan=\"2\" width=\"179\">210kgs<\/td>\n<\/tr>\n<tr>\n<td width=\"420\">Zus\u00e4tzliche Belastung des Arms<\/td>\n<td colspan=\"2\" width=\"179\">50kgs<\/td>\n<\/tr>\n<tr>\n<td width=\"420\">Nenn-Nutzlast<\/td>\n<td colspan=\"2\" width=\"179\">260kgs<\/td>\n<\/tr>\n<tr>\n<td width=\"420\">Maximale Nutzlast<\/p>\n<p>&nbsp;<\/td>\n<td colspan=\"2\" width=\"179\">275kgs<\/td>\n<\/tr>\n<tr>\n<td width=\"420\">Gewicht<\/td>\n<td colspan=\"2\" width=\"179\">1077kgs<\/td>\n<\/tr>\n<tr>\n<td width=\"420\">Bewegungsachse<\/td>\n<td colspan=\"2\" width=\"179\">6<\/td>\n<\/tr>\n<tr>\n<td width=\"420\">Wiederholbarkeit der Pose (ISO 9283)<\/p>\n<p>&nbsp;<\/td>\n<td colspan=\"2\" width=\"179\">\u00b1 0,05 mm<\/p>\n<p>&nbsp;<\/td>\n<\/tr>\n<tr>\n<td width=\"420\">Maximale Reichweite<\/p>\n<p>&nbsp;<\/td>\n<td colspan=\"2\" width=\"179\">2700mm\/3100<\/td>\n<\/tr>\n<tr>\n<td width=\"420\">Schutzart (IEC 60529)<\/p>\n<p>&nbsp;<\/td>\n<td colspan=\"2\" width=\"179\">IP65<\/p>\n<p>&nbsp;<\/td>\n<\/tr>\n<tr>\n<td width=\"420\">Schutzart, Inline-Handgelenk (IEC 60529)<\/p>\n<p>&nbsp;<\/td>\n<td colspan=\"2\" width=\"179\">IP65 \/ IP67<\/p>\n<p>&nbsp;<\/td>\n<\/tr>\n<tr>\n<td width=\"420\">Schallpegel<\/p>\n<p>&nbsp;<\/td>\n<td colspan=\"2\" width=\"179\">&lt; 75 dB (A)<\/p>\n<p>&nbsp;<\/td>\n<\/tr>\n<tr>\n<td width=\"420\">Einbaulage<\/p>\n<p>&nbsp;<\/td>\n<td colspan=\"2\" width=\"179\">Boden<\/td>\n<\/tr>\n<tr>\n<td width=\"420\">Fu\u00dfabdruck<\/p>\n<p>&nbsp;<\/td>\n<td colspan=\"2\" width=\"179\">754 mm x 754 mm<\/p>\n<p>&nbsp;<\/td>\n<\/tr>\n<tr>\n<td width=\"420\">Lochmuster: Montagefl\u00e4che f\u00fcr Kinemathek<\/p>\n<p>System<\/p>\n<p>&nbsp;<\/td>\n<td colspan=\"2\" width=\"179\">S780<\/p>\n<p>&nbsp;<\/td>\n<\/tr>\n<tr>\n<td width=\"420\">Zul\u00e4ssiger Neigungswinkel<\/p>\n<p>&nbsp;<\/td>\n<td colspan=\"2\" width=\"179\">\u2264 5 \u00b0<\/p>\n<p>&nbsp;<\/td>\n<\/tr>\n<tr>\n<td width=\"420\">Flansch (auf der 6. Achse)<\/td>\n<td colspan=\"2\" width=\"179\">DIN ISO 9409-1-A50<\/td>\n<\/tr>\n<tr>\n<td width=\"420\">Controller<\/td>\n<td colspan=\"2\" width=\"179\">KRC4<\/td>\n<\/tr>\n<tr>\n<td width=\"420\">Name der Umwandlung<\/p>\n<p>&nbsp;<\/td>\n<td colspan=\"2\" width=\"179\">KR C4: KR210R2700_2 C4 FLR<\/p>\n<p>&nbsp;<\/td>\n<\/tr>\n<tr>\n<td width=\"420\">W\u00e4hrend des Betriebes<\/p>\n<p>&nbsp;<\/td>\n<td colspan=\"2\" width=\"179\">0 \u00b0C bis 55 \u00b0C (273 K bis 328 K)<\/p>\n<p>&nbsp;<\/td>\n<\/tr>\n<tr>\n<td width=\"420\">Bei Lagerung\/Transport<\/p>\n<p>&nbsp;<\/td>\n<td colspan=\"2\" width=\"179\">-40 \u00b0C bis 60 \u00b0C (233 K bis 333 K)<\/p>\n<p>&nbsp;<\/td>\n<\/tr>\n<tr>\n<td width=\"420\">Einbaulage<\/td>\n<td colspan=\"2\" width=\"179\">Vor Ort<\/td>\n<\/tr>\n<tr>\n<td width=\"420\">CPU und Hauptplatine<\/td>\n<td colspan=\"2\" width=\"179\">KUKA<\/td>\n<\/tr>\n<tr>\n<td width=\"420\">Rotart-Tisch<\/td>\n<td colspan=\"2\" width=\"179\">1500kgs Porzellan hergestellt<\/td>\n<\/tr>\n<tr>\n<td width=\"420\">Spindel mit Wasserk\u00fchlung<\/td>\n<td colspan=\"2\" width=\"179\">18kw Italien Spindel<\/td>\n<\/tr>\n<tr>\n<td width=\"420\">Software<\/td>\n<td colspan=\"2\" width=\"179\">Sprutcam<\/p>\n<p>&nbsp;<\/td>\n<\/tr>\n<tr>\n<td width=\"420\">DeviceNet<\/p>\n<p>&nbsp;<\/td>\n<td colspan=\"2\" width=\"179\">OMRON<\/td>\n<\/tr>\n<tr>\n<td width=\"420\">RAILS<\/td>\n<td colspan=\"2\" width=\"179\">5M\/6M\/7M\/12M\/25M<\/td>\n<\/tr>\n<tr>\n<td width=\"420\">Bewegungsparameter der einzelnen Achsen<\/td>\n<td width=\"110\">Umfang der Bewegung<\/td>\n<td width=\"68\">Geschwindigkeit<\/td>\n<\/tr>\n<tr>\n<td width=\"420\">Achse 1<\/td>\n<td width=\"110\">+\/-185\u00b0<\/td>\n<td width=\"68\">120\u00b0\/s<\/td>\n<\/tr>\n<tr>\n<td width=\"420\">Achse 2<\/td>\n<td width=\"110\">-5\u00b0\/-140\u00b0<\/td>\n<td width=\"68\">115\u00b0\/s<\/td>\n<\/tr>\n<tr>\n<td width=\"420\">Achse 3<\/td>\n<td width=\"110\">-120 \u00b0 \/ 168 \u00b0<\/p>\n<p>&nbsp;<\/td>\n<td width=\"68\">112\u00b0\/s<\/td>\n<\/tr>\n<tr>\n<td width=\"420\">Achse 4<\/td>\n<td width=\"110\">+\/-350\u00b0<\/td>\n<td width=\"68\">179\u00b0\/s<\/td>\n<\/tr>\n<tr>\n<td width=\"420\">Achse 5<\/td>\n<td width=\"110\">+\/-125\u00b0<\/td>\n<td width=\"68\">172\u00b0\/s<\/td>\n<\/tr>\n<tr>\n<td width=\"420\">Achse 6<\/td>\n<td width=\"110\">+\/-350\u00b0<\/td>\n<td width=\"68\">220\/\u00b0\/s<\/td>\n<\/tr>\n<\/tbody>\n<\/table>\n<p>&nbsp;<\/p>","protected":false},"excerpt":{"rendered":"<p><strong>KUKA KR210 R2700: Schwerlastpr\u00e4zision f\u00fcr anspruchsvolle Automation<\/strong>\u200b<br \/>\nBietet eine un\u00fcbertroffene Nutzlastkapazit\u00e4t von 275 kg bei einer Reichweite von 3100 mm und Wiederholgenauigkeit im Mikrometerbereich (\u00b10,05 mm). Mit industrietauglichem IP67-Schutz und 18kW wassergek\u00fchlter italienischer Spindel f\u00fcr schwere Bearbeitungen. KRC4-Steuerung und Sprutcam-Software erm\u00f6glichen komplexe Hochgeschwindigkeitsoperationen (Achse 6: 220\u00b0\/s) in rauen Umgebungen (0-55\u00b0C). Der integrierte 1500kg-Rundtisch unterst\u00fctzt die Bearbeitung gro\u00dfer Teile.<\/p>","protected":false},"featured_media":1587,"template":"","meta":{"_gspb_post_css":""},"product_brand":[],"product_cat":[41],"product_tag":[],"class_list":{"0":"post-1586","1":"product","2":"type-product","3":"status-publish","4":"has-post-thumbnail","6":"product_cat-6-7-axis-cnc-router","8":"first","9":"instock","10":"shipping-taxable","11":"product-type-simple"},"_links":{"self":[{"href":"https:\/\/sunteccncrouter.com\/de\/wp-json\/wp\/v2\/product\/1586","targetHints":{"allow":["GET"]}}],"collection":[{"href":"https:\/\/sunteccncrouter.com\/de\/wp-json\/wp\/v2\/product"}],"about":[{"href":"https:\/\/sunteccncrouter.com\/de\/wp-json\/wp\/v2\/types\/product"}],"wp:featuredmedia":[{"embeddable":true,"href":"https:\/\/sunteccncrouter.com\/de\/wp-json\/wp\/v2\/media\/1587"}],"wp:attachment":[{"href":"https:\/\/sunteccncrouter.com\/de\/wp-json\/wp\/v2\/media?parent=1586"}],"wp:term":[{"taxonomy":"product_brand","embeddable":true,"href":"https:\/\/sunteccncrouter.com\/de\/wp-json\/wp\/v2\/product_brand?post=1586"},{"taxonomy":"product_cat","embeddable":true,"href":"https:\/\/sunteccncrouter.com\/de\/wp-json\/wp\/v2\/product_cat?post=1586"},{"taxonomy":"product_tag","embeddable":true,"href":"https:\/\/sunteccncrouter.com\/de\/wp-json\/wp\/v2\/product_tag?post=1586"}],"curies":[{"name":"wp","href":"https:\/\/api.w.org\/{rel}","templated":true}]}}