{"id":1597,"date":"2025-06-13T08:31:18","date_gmt":"2025-06-13T08:31:18","guid":{"rendered":"https:\/\/sunteccncrouter.com\/?post_type=product&#038;p=1597"},"modified":"2025-06-13T08:31:18","modified_gmt":"2025-06-13T08:31:18","slug":"4-axis-3d-mold-eps-cnc-router-for-foam-wood-aluminium-mold-making","status":"publish","type":"product","link":"https:\/\/sunteccncrouter.com\/de\/4-axis-3d-mold-eps-cnc-router-for-foam-wood-aluminium-mold-making\/","title":{"rendered":"4 Achsen 3d Form EPS CNC Router f\u00fcr Schaumstoff Holz Aluminium Formenbau ST-2030"},"content":{"rendered":"<p>Die Spindel kann sich um 180 Grad (\u00b190 Grad) drehen, kann mehrere Arten von Oberfl\u00e4chen herstellen, die wir mit powermill mastercam Software etc. entwerfen k\u00f6nnen.<\/p>\n<p>Wir verwenden hochwertige Komponenten f\u00fcr die Maschinen, wie z. B. HSD-Spindel, Syntec EZ-4M-Steuerung, Delta-Inverter, Yaskawa-Servomotoren und separater Schaltkasten, Hiwin PMI linear usw., um die Maschine auch nach vielen Jahren in bestem Zustand zu halten.<\/p>\n<p>Yaskawa Servo kann hohe Aufl\u00f6sung hohe Drehmoment hohe Pr\u00e4zision niedriger Fehler.<\/p>\n<p>Mit harten Stahlstruktur, alle Stahlstruktur Schwei\u00dfen dann heattreatment, um sich selbst zu reduzieren Steifigkeit, um sicherzustellen, longlife uselife keine verformt. dann verwenden 5 Seiten Fr\u00e4sen Zentrum zu fr\u00e4sen quadratischen F\u00fchrungsbahn, um sicherzustellen, hohe precsion so ist es fit f\u00fcr Hartholz arbeiten, wie Schneiden und Gravieren auf Palisander f\u00fcr M\u00f6bel, Innendekoration. Gussformenbau , Kohlenstoff-Material Formenbau , Fiberglas Formenbau , Kunststoff Formenbau , EPS Formenbau , 3D-Schaum machen , Nicht-Metall-3D-Modell machen. Formenbau f\u00fcr die Luftfahrt, Formenbau f\u00fcr den Milit\u00e4rbereich usw.<\/p>\n<table>\n<tbody>\n<tr>\n<td width=\"43\">Nummer<\/td>\n<td width=\"205\">Beschreibung<\/td>\n<td width=\"304\">Parameter<\/td>\n<\/tr>\n<tr>\n<td width=\"43\">1<\/td>\n<td width=\"205\">X,Y,Z Arbeitsbereich<\/td>\n<td width=\"304\">2000x3000x1000mm<\/td>\n<\/tr>\n<tr>\n<td width=\"43\">2<\/td>\n<td width=\"205\">Tabelle Gr\u00f6\u00dfe<\/td>\n<td width=\"304\">4000\u00d75440mm<\/td>\n<\/tr>\n<tr>\n<td width=\"43\">3<\/td>\n<td width=\"205\">X,Y,Z Verfahrweg Positioniergenauigkeit<\/td>\n<td width=\"304\">\u00b10,01\/1000mm<\/td>\n<\/tr>\n<tr>\n<td width=\"43\">4<\/td>\n<td width=\"205\">X,Y,Z Repositionierungsgenauigkeit:<\/td>\n<td width=\"304\">\u00b10,01 mm<\/td>\n<\/tr>\n<tr>\n<td width=\"43\">5<\/td>\n<td width=\"205\">Tischoberfl\u00e4che<\/td>\n<td width=\"304\">\u00a0Aluminiumtisch mit PVC<\/td>\n<\/tr>\n<tr>\n<td width=\"43\">6<\/td>\n<td width=\"205\">Rahmen<\/td>\n<td width=\"304\">Gro\u00dfe Stahlrohrstruktur<\/td>\n<\/tr>\n<tr>\n<td width=\"43\">7<\/td>\n<td width=\"205\">X, Y Struktur<\/td>\n<td width=\"304\">Zahnstangenantrieb, Hiwin-Schienen-Linearlager<\/td>\n<\/tr>\n<tr>\n<td width=\"43\">8<\/td>\n<td width=\"205\">Z Struktur<\/td>\n<td width=\"304\">Hiwin Schienen-Linearlager und Kugelgewindetriebe<\/td>\n<\/tr>\n<tr>\n<td width=\"43\">9<\/td>\n<td width=\"205\">Max. Leistungsaufnahme<\/td>\n<td width=\"304\">(ohne Spindel) 20 Kw<\/td>\n<\/tr>\n<tr>\n<td width=\"43\">10<\/td>\n<td width=\"205\">Max. Schnellreisegeschwindigkeit<\/td>\n<td width=\"304\">40000mm\/min<\/td>\n<\/tr>\n<tr>\n<td width=\"43\">11<\/td>\n<td width=\"205\">Max. Arbeitsgeschwindigkeit<\/td>\n<td width=\"304\">30000mm\/min<\/td>\n<\/tr>\n<tr>\n<td width=\"43\">12<\/td>\n<td width=\"205\">Spindel Leistung<\/td>\n<td width=\"304\">9.6kw HSD mit 180 Grad Drehung rechts und links<\/td>\n<\/tr>\n<tr>\n<td width=\"43\">13<\/td>\n<td width=\"205\">Spindeldrehzahl<\/td>\n<td width=\"304\">0-24000RPM<\/td>\n<\/tr>\n<tr>\n<td width=\"43\">14<\/td>\n<td width=\"205\">Antriebsmotoren<\/td>\n<td width=\"304\">1300W Yaskawa Motoren<\/td>\n<\/tr>\n<tr>\n<td width=\"43\">15<\/td>\n<td width=\"205\">Arbeitsspannung<\/td>\n<td width=\"304\">AC380V\/50\/60Hz,3PH (Option: 220V))<\/td>\n<\/tr>\n<tr>\n<td width=\"43\">16<\/td>\n<td width=\"205\">Befehlssprache<\/td>\n<td width=\"304\">G-Code<\/td>\n<\/tr>\n<tr>\n<td width=\"43\">17<\/td>\n<td width=\"205\">Betriebssystem<\/td>\n<td width=\"304\">Syntec-Kontrollsystem<\/td>\n<\/tr>\n<tr>\n<td width=\"43\">18<\/td>\n<td width=\"205\">Computer-Schnittstelle<\/td>\n<td width=\"304\">USB<\/td>\n<\/tr>\n<tr>\n<td width=\"43\">19<\/td>\n<td width=\"205\">Flash-Speicher<\/td>\n<td width=\"304\">512M<\/td>\n<\/tr>\n<tr>\n<td width=\"43\">20<\/td>\n<td width=\"205\">Spannzange<\/td>\n<td width=\"304\">ISO30<\/td>\n<\/tr>\n<tr>\n<td width=\"43\">21<\/td>\n<td width=\"205\">X,Y Aufl\u00f6sung<\/td>\n<td width=\"304\">&lt;0,01mm<\/td>\n<\/tr>\n<tr>\n<td width=\"43\">22<\/td>\n<td width=\"205\">Software-Kompatibilit\u00e4t<\/td>\n<td width=\"304\">\u00a0powermill UG Software<\/td>\n<\/tr>\n<tr>\n<td width=\"43\">23<\/td>\n<td width=\"205\">Temperatur der Betriebsumgebung<\/td>\n<td width=\"304\">0 - 45 Grad Celsius<\/td>\n<\/tr>\n<tr>\n<td width=\"43\">24<\/td>\n<td width=\"205\">Relative Luftfeuchtigkeit<\/td>\n<td width=\"304\">30% - 75%<\/td>\n<\/tr>\n<tr>\n<td width=\"43\">25<\/td>\n<td width=\"205\">Packungsgr\u00f6\u00dfe<\/td>\n<td width=\"304\">6800X2100X2300mm<\/td>\n<\/tr>\n<tr>\n<td width=\"43\">26<\/td>\n<td width=\"205\">N.W.<\/td>\n<td width=\"304\">7000KG<\/td>\n<\/tr>\n<tr>\n<td width=\"43\">27<\/td>\n<td width=\"205\">G.W.<\/td>\n<td width=\"304\">8000KG<\/td>\n<\/tr>\n<\/tbody>\n<\/table>\n<p>&nbsp;<\/p>","protected":false},"excerpt":{"rendered":"<p>Die um 180\u00b0 drehbare HSD-Spindel erm\u00f6glicht komplexe Bearbeitungen. Hochwertige Komponenten (HSD, Yaskawa, Syntec) gew\u00e4hrleisten langfristige Pr\u00e4zision und Zuverl\u00e4ssigkeit. Die Struktur aus geh\u00e4rtetem Stahl garantiert Genauigkeit bei anspruchsvollen Anwendungen (Harth\u00f6lzer, Gussformen). Hohe Geschwindigkeit (40m\/min), \u00b10,01mm Pr\u00e4zision.<\/p>","protected":false},"featured_media":1598,"template":"","meta":{"_gspb_post_css":""},"product_brand":[],"product_cat":[39],"product_tag":[],"class_list":{"0":"post-1597","1":"product","2":"type-product","3":"status-publish","4":"has-post-thumbnail","6":"product_cat-4-axis-cnc-router","8":"first","9":"instock","10":"shipping-taxable","11":"product-type-simple"},"_links":{"self":[{"href":"https:\/\/sunteccncrouter.com\/de\/wp-json\/wp\/v2\/product\/1597","targetHints":{"allow":["GET"]}}],"collection":[{"href":"https:\/\/sunteccncrouter.com\/de\/wp-json\/wp\/v2\/product"}],"about":[{"href":"https:\/\/sunteccncrouter.com\/de\/wp-json\/wp\/v2\/types\/product"}],"wp:featuredmedia":[{"embeddable":true,"href":"https:\/\/sunteccncrouter.com\/de\/wp-json\/wp\/v2\/media\/1598"}],"wp:attachment":[{"href":"https:\/\/sunteccncrouter.com\/de\/wp-json\/wp\/v2\/media?parent=1597"}],"wp:term":[{"taxonomy":"product_brand","embeddable":true,"href":"https:\/\/sunteccncrouter.com\/de\/wp-json\/wp\/v2\/product_brand?post=1597"},{"taxonomy":"product_cat","embeddable":true,"href":"https:\/\/sunteccncrouter.com\/de\/wp-json\/wp\/v2\/product_cat?post=1597"},{"taxonomy":"product_tag","embeddable":true,"href":"https:\/\/sunteccncrouter.com\/de\/wp-json\/wp\/v2\/product_tag?post=1597"}],"curies":[{"name":"wp","href":"https:\/\/api.w.org\/{rel}","templated":true}]}}