{"id":1608,"date":"2025-06-13T08:56:30","date_gmt":"2025-06-13T08:56:30","guid":{"rendered":"https:\/\/sunteccncrouter.com\/?post_type=product&#038;p=1608"},"modified":"2025-06-13T08:56:45","modified_gmt":"2025-06-13T08:56:45","slug":"4-axis-cnc-router-swing-180-degree-rotary-spindle-3d-wood-mold-st-3040","status":"publish","type":"product","link":"https:\/\/sunteccncrouter.com\/de\/4-axis-cnc-router-swing-180-degree-rotary-spindle-3d-wood-mold-st-3040\/","title":{"rendered":"4-Achsen-CNC-Router schwingen 180 Grad Drehspindel 3d Holzform ST-3040"},"content":{"rendered":"<p>Die Spindel kann sich um 180 Grad (\u00b190 Grad) drehen, kann mehrere Arten von Oberfl\u00e4chen herstellen, die wir mit powermill mastercam Software etc. entwerfen k\u00f6nnen.<\/p>\n<p>2. Wir verwenden hochwertige Komponenten f\u00fcr die Maschinen, wieHSD Spindel, Syntec EZ-4M Steuerungssystem, Delta Inverter, Yaskawa Servomotoren und separaten Schaltkasten, Hiwin PMI linear und so weiter, um die Maschine in bestem Zustand auch nach vielen Jahren arbeiten zu halten.<\/p>\n<p>Yaskawa Servo kann hohe Aufl\u00f6sung hohe Drehmoment hohe Pr\u00e4zision niedriger Fehler.<\/p>\n<p>Mit harten Stahlstruktur, alle Stahlstruktur Schwei\u00dfen dann heattreatment zu reduzieren selbst Steifigkeit, um sicherzustellen, longlife uselife keine verformt .dann verwenden 5 Seiten Fr\u00e4sen Zentrum zu fr\u00e4sen quadratischen F\u00fchrungsbahn, um sicherzustellen, hohe precsion so ist es fit f\u00fcr Hartholz arbeiten, wie Schneiden und Gravieren auf Palisander f\u00fcr M\u00f6bel, Innendekoration. Gussformenbau , Kohlenstoff-Material Formenbau , Fiberglas Formenbau , Kunststoff Formenbau , EPS Formenbau , 3D-Schaum machen , Nicht-Metall-3D-Modell machen. Luftfahrt Schimmel, millitary Schimmel machen Aluminium Styropor Schimmel machen Schiff Boote etc.<\/p>\n<p>1) Gr\u00f6\u00dfere Abmessungen wie 1500*3000mm, 2000*3000mm, etc.<br \/>\n2) Drehvorrichtung f\u00fcr die Verarbeitung von S\u00e4ulenmaterialien.<br \/>\n3) Staubabscheider 4) Nebelspr\u00fchk\u00fchlsystem<\/p>\n<table>\n<tbody>\n<tr>\n<td width=\"43\">Nummer<\/td>\n<td width=\"205\">Beschreibung<\/td>\n<td width=\"304\">Parameter<\/td>\n<\/tr>\n<tr>\n<td width=\"43\">1<\/td>\n<td width=\"205\">X,Y,Z Arbeitsbereich<\/td>\n<td width=\"304\">3000x4000x1000mm<\/td>\n<\/tr>\n<tr>\n<td width=\"43\">2<\/td>\n<td width=\"205\">Tabelle Gr\u00f6\u00dfe<\/td>\n<td width=\"304\">4000\u00d76440mm<\/td>\n<\/tr>\n<tr>\n<td width=\"43\">3<\/td>\n<td width=\"205\">X,Y,Z Verfahrweg Positioniergenauigkeit<\/td>\n<td width=\"304\">\u00b10,01\/1000mm<\/td>\n<\/tr>\n<tr>\n<td width=\"43\">4<\/td>\n<td width=\"205\">X,Y,Z Repositionierungsgenauigkeit:<\/td>\n<td width=\"304\">\u00b10,01 mm<\/td>\n<\/tr>\n<tr>\n<td width=\"43\">5<\/td>\n<td width=\"205\">Tischoberfl\u00e4che<\/td>\n<td width=\"304\">\u00a0 T-Nut Kombiniert (Option: T-Nut Tisch)<\/td>\n<\/tr>\n<tr>\n<td width=\"43\">6<\/td>\n<td width=\"205\">Rahmen<\/td>\n<td width=\"304\">Gro\u00dfe Stahlrohrstruktur<\/td>\n<\/tr>\n<tr>\n<td width=\"43\">7<\/td>\n<td width=\"205\">X, Y Struktur<\/td>\n<td width=\"304\">Zahnstangenantrieb, Hiwin-Schienen-Linearlager<\/td>\n<\/tr>\n<tr>\n<td width=\"43\">8<\/td>\n<td width=\"205\">Z Struktur<\/td>\n<td width=\"304\">Hiwin Schienen-Linearlager und Kugelgewindetriebe<\/td>\n<\/tr>\n<tr>\n<td width=\"43\">9<\/td>\n<td width=\"205\">Max. Leistungsaufnahme<\/td>\n<td width=\"304\">(ohne Spindel) 4 Kw<\/td>\n<\/tr>\n<tr>\n<td width=\"43\">10<\/td>\n<td width=\"205\">Max. Schnellreisegeschwindigkeit<\/td>\n<td width=\"304\">40000mm\/min<\/td>\n<\/tr>\n<tr>\n<td width=\"43\">11<\/td>\n<td width=\"205\">Max. Arbeitsgeschwindigkeit<\/td>\n<td width=\"304\">30000mm\/min<\/td>\n<\/tr>\n<tr>\n<td width=\"43\">12<\/td>\n<td width=\"205\">Spindel Leistung<\/td>\n<td width=\"304\">9,6kw HSD<\/td>\n<\/tr>\n<tr>\n<td width=\"43\">13<\/td>\n<td width=\"205\">Spindeldrehzahl<\/td>\n<td width=\"304\">0-24000RPM<\/td>\n<\/tr>\n<tr>\n<td width=\"43\">14<\/td>\n<td width=\"205\">Antriebsmotoren<\/td>\n<td width=\"304\">1300W Yaskawa Motoren<\/td>\n<\/tr>\n<tr>\n<td width=\"43\">15<\/td>\n<td width=\"205\">Arbeitsspannung<\/td>\n<td width=\"304\">AC380V\/50\/60Hz,3PH (Option: 220V))<\/td>\n<\/tr>\n<tr>\n<td width=\"43\">16<\/td>\n<td width=\"205\">Befehlssprache<\/td>\n<td width=\"304\">G-Code<\/td>\n<\/tr>\n<tr>\n<td width=\"43\">17<\/td>\n<td width=\"205\">Betriebssystem<\/td>\n<td width=\"304\">Syntec-Kontrollsystem<\/td>\n<\/tr>\n<tr>\n<td width=\"43\">18<\/td>\n<td width=\"205\">Computer-Schnittstelle<\/td>\n<td width=\"304\">USB<\/td>\n<\/tr>\n<tr>\n<td width=\"43\">19<\/td>\n<td width=\"205\">Flash-Speicher<\/td>\n<td width=\"304\">512M<\/td>\n<\/tr>\n<tr>\n<td width=\"43\">20<\/td>\n<td width=\"205\">Spannzange<\/td>\n<td width=\"304\">ISO30<\/td>\n<\/tr>\n<tr>\n<td width=\"43\">21<\/td>\n<td width=\"205\">X,Y Aufl\u00f6sung<\/td>\n<td width=\"304\">&lt;0,01mm<\/td>\n<\/tr>\n<tr>\n<td width=\"43\">22<\/td>\n<td width=\"205\">Software-Kompatibilit\u00e4t<\/td>\n<td width=\"304\">\u00a0powermill UG Software<\/td>\n<\/tr>\n<tr>\n<td width=\"43\">23<\/td>\n<td width=\"205\">Temperatur der Betriebsumgebung<\/td>\n<td width=\"304\">0 - 45 Grad Celsius<\/td>\n<\/tr>\n<tr>\n<td width=\"43\">24<\/td>\n<td width=\"205\">Relative Luftfeuchtigkeit<\/td>\n<td width=\"304\">30% - 75%<\/td>\n<\/tr>\n<tr>\n<td width=\"43\">25<\/td>\n<td width=\"205\">Packungsgr\u00f6\u00dfe<\/td>\n<td width=\"304\">6800X2100X2300mm<\/td>\n<\/tr>\n<tr>\n<td width=\"43\">26<\/td>\n<td width=\"205\">N.W.<\/td>\n<td width=\"304\">10000KG<\/td>\n<\/tr>\n<tr>\n<td width=\"43\">27<\/td>\n<td width=\"205\">G.W.<\/td>\n<td width=\"304\">12500KG<\/td>\n<\/tr>\n<tr>\n<td rowspan=\"6\" width=\"43\">28<\/td>\n<td rowspan=\"6\" width=\"205\">Optionale Teile<\/td>\n<td width=\"304\">Staubabsaugung\/Staubhauben f\u00fcr drei Achsen<\/td>\n<\/tr>\n<tr>\n<td width=\"304\">Vakuumpumpe<\/td>\n<\/tr>\n<tr>\n<td width=\"304\">Rotierendes System<\/td>\n<\/tr>\n<tr>\n<td width=\"304\">Nebel-K\u00fchlsystem<\/td>\n<\/tr>\n<tr>\n<td width=\"304\">Delta-\/Panasonic-Servomotoren<\/td>\n<\/tr>\n<tr>\n<td width=\"304\">Colombo-Spindel<\/td>\n<\/tr>\n<\/tbody>\n<\/table>\n<p>&nbsp;<\/p>\n<p><strong><b>\u00a0PRODUKTIONSDETAILS\u00a0<\/b><\/strong><\/p>\n<p>Nach dem Schwei\u00dfen dann Tabelle flach produzieren, um sicherzustellen, dass Tabelle auf der gleichen Ebene, um sicherzustellen, hohe Pr\u00e4zision<\/p>\n<p>Italien, HSD Spindel, die Merkmale sind hohe Geschwindigkeit und geringes Rauschen. Die Spindel ist nach IP65 wasser- und staubgesch\u00fctzt, das Keramiklager ist thermostabil. Max. Geschwindigkeit ist 24000RPM, Hochleistungsschneiden ist f\u00fcr hohe Pr\u00e4zision und Lagerabrieb verf\u00fcgbar. Innen- und Au\u00dfenluftk\u00fchlung verl\u00e4ngern die Lebensdauer der Spindel.<\/p>\n<p>syntec controller Schnelles Ansprechverhalten, PLC, hohe Stabilit\u00e4t, gute Regelbarkeit, hohe Empfindlichkeit, sekund\u00e4re Entwicklung m\u00f6glich, Funktionen k\u00f6nnen nach Belieben hinzugef\u00fcgt werden<\/p>\n<p>Das Steuersystem verf\u00fcgt \u00fcber eine hohe Genauigkeit, einen vielseitigen Betrieb und einen Schutzmechanismus, der mechanische Kollisionen durch \u00dcberfahren des Weges verhindert.<\/p>\n<p>automatischer Werkzeugwechsel 8-teilig zur Zeitersparnis, Kolokationszeit und Antikolokationswechsel hohe Arbeitseffizienz<\/p>\n<p>Arbeitsmuster nach Kundenwunsch mit suntec 4 axis cnc ST-2030 Form<\/p>\n<p>Fl\u00fcgelrad Holz Form von suntec ST-1830 Swing 180 Grad 4-Achsen-Cnc-Router<\/p>\n<p>Raupenschuhe Form von suntec 4-Achsen cnc Maschine Zentrum Pr\u00e4zision 0,1mm<\/p>\n<p>Die Spindel kann um 180 Grad (\u00b190 Grad) gedreht werden, kann multikinds der Oberfl\u00e4che machen<\/p>\n<p>Wir verwenden hochwertige Komponenten f\u00fcr die Maschinen, wie z.B. HSD Spindel, Hitec Spindel ISO 30 24000 rpm Syntec \/OSAI\/tpa Controller f\u00fcr optional, Delta Inverter, Yaskawa Servomotoren und separater Schaltkasten, Hiwin PMI Liner und so weiter, um die Maschine in bestem Zustand zu halten, auch nach vielen Jahren Arbeit.<\/p>\n<p>3. mit Hartstahl, die f\u00fcr harte Holzbearbeitung, wie Schneiden und Gravieren auf Roseod fit ist<\/p>\n<p>f\u00fcr M\u00f6bel, Innendekoration. 3d Holz Form, eps Schaumstoff Form machen etc hohe Pr\u00e4zision<\/p>\n<p>5-Achsen-Seitenfr\u00e4szentrum zum Fr\u00e4sen von quadratischen F\u00fchrungen, um eine hohe Pr\u00e4zision zu gew\u00e4hrleisten<\/p>\n<p>Schleifen, um den Stahlstaub zu reduzieren und um sicherzustellen, dass die Verkleidung gut sitzt und keine Kratzer aufweist<\/p>\n<p>Alle Struktur Tabelle heattreatment zu Stahl selbst Steifigkeit ableiten, um sicherzustellen, longlife verwenden keine deformiert.<\/p>\n<p>Schwerer quadratischer Portaltisch zum Fr\u00e4sen mit CNC-Zentrum<\/p>\n<p>Stahlblechtisch mit T-Nut zur Aufnahme von schwerem Material, um sicherzustellen, dass der Tisch nicht verformt wird<\/p>\n<p>&nbsp;<\/p>\n<p><strong><b>\u00a0STAHLTISCH F\u00dcR OPTIONAL, NORMALER ALUMINIUMTISCH MIT PVC, ALLE NACH IHREN ANFORDERUNGEN ZU W\u00c4HLEN E TABELLE\u00a0<\/b><\/strong><\/p>\n<p>9kw HSD Spindel 24000 rpm Messer und Spindel rotierenden zur gleichen Zeit die ganze Zeit, so dass es keine Schaukel Fr\u00e4ser und ATC gut. Kunden arbeiten 16 Stunden t\u00e4glich mit 6 Jahren noch gut.<\/p>\n<p>Syntec Controller hohe Empfindlichkeit starke Stabilit\u00e4t Kontrolle F\u00e4higkeit und schnelle R\u00fcckmeldung, wichtig ist es zweite Entwicklung, wenn Sie eine Funktion hinzuf\u00fcgen m\u00f6chten nur senden Sie Datei dann direkt verwenden,<\/p>\n<p>Automatischer Werkzeugwechsel 8 St\u00fcck, Fr\u00e4ser accordingyour Material zu w\u00e4hlen, wenn Sie Form erste Fr\u00e4sen brauchen grobe Fr\u00e4sen brauchen 150-200mm gerade Fr\u00e4ser dann fein Fr\u00e4sen brauchen 50mm Fr\u00e4ser zu langsam Fr\u00e4sen, um sicherzustellen, Pr\u00e4zision.<\/p>","protected":false},"excerpt":{"rendered":"<p>Gro\u00dfformatige CNC (3x4m Fl\u00e4che) mit 180\u00b0 HSD-Spindel f\u00fcr komplexe Formen (Luft- und Raumfahrt\/Schiffbau). \u00b10,01 mm Pr\u00e4zision durch w\u00e4rmebehandelten Stahlrahmen und Hiwin-F\u00fchrungen. Hochwertige Yaskawa\/Syntec-Komponenten sorgen f\u00fcr 40 m\/min Geschwindigkeit und Zuverl\u00e4ssigkeit. Optionale ATC, Drehachse und Stahltisch verbessern die Schwerlastbearbeitung.<\/p>","protected":false},"featured_media":1609,"template":"","meta":{"_gspb_post_css":""},"product_brand":[],"product_cat":[39],"product_tag":[],"class_list":{"0":"post-1608","1":"product","2":"type-product","3":"status-publish","4":"has-post-thumbnail","6":"product_cat-4-axis-cnc-router","8":"first","9":"instock","10":"shipping-taxable","11":"product-type-simple"},"_links":{"self":[{"href":"https:\/\/sunteccncrouter.com\/de\/wp-json\/wp\/v2\/product\/1608","targetHints":{"allow":["GET"]}}],"collection":[{"href":"https:\/\/sunteccncrouter.com\/de\/wp-json\/wp\/v2\/product"}],"about":[{"href":"https:\/\/sunteccncrouter.com\/de\/wp-json\/wp\/v2\/types\/product"}],"wp:featuredmedia":[{"embeddable":true,"href":"https:\/\/sunteccncrouter.com\/de\/wp-json\/wp\/v2\/media\/1609"}],"wp:attachment":[{"href":"https:\/\/sunteccncrouter.com\/de\/wp-json\/wp\/v2\/media?parent=1608"}],"wp:term":[{"taxonomy":"product_brand","embeddable":true,"href":"https:\/\/sunteccncrouter.com\/de\/wp-json\/wp\/v2\/product_brand?post=1608"},{"taxonomy":"product_cat","embeddable":true,"href":"https:\/\/sunteccncrouter.com\/de\/wp-json\/wp\/v2\/product_cat?post=1608"},{"taxonomy":"product_tag","embeddable":true,"href":"https:\/\/sunteccncrouter.com\/de\/wp-json\/wp\/v2\/product_tag?post=1608"}],"curies":[{"name":"wp","href":"https:\/\/api.w.org\/{rel}","templated":true}]}}