{"id":1640,"date":"2025-06-13T13:04:04","date_gmt":"2025-06-13T13:04:04","guid":{"rendered":"https:\/\/sunteccncrouter.com\/?post_type=product&#038;p=1640"},"modified":"2025-06-13T13:04:04","modified_gmt":"2025-06-13T13:04:04","slug":"automatic-tool-change-aggregated-nesting-3-axis-wood-cnc-router-st-2138-with-ce-barrier","status":"publish","type":"product","link":"https:\/\/sunteccncrouter.com\/de\/automatic-tool-change-aggregated-nesting-3-axis-wood-cnc-router-st-2138-with-ce-barrier\/","title":{"rendered":"Automatischer Werkzeugwechsel aggregierte Verschachtelung 3-Achsen-Holz CNC-Router ST-2138 mit CE-Barriere"},"content":{"rendered":"<p>1) Vakuumtisch: Doppelte PVC-Schicht, 5 Vakuumzonen f\u00fcr unterschiedliche Plattengr\u00f6\u00dfe. PVC-Tabelle 35mm Dicke jedes Vakuum Loch 8mm, um sicherzustellen, gut adsobtion MDF Holz.<\/p>\n<p>2) Unabh\u00e4ngiger Schaltschrank und Bedienfeld<\/p>\n<p>3). Der gesamte Arbeitszyklus des Beladens, Verschachtelns, Bohrens und Entladens wird automatisch durchgef\u00fchrt, was zu maximaler Produktivit\u00e4t und null Ausfallzeiten f\u00fchrt.<\/p>\n<p>4). F\u00fchrende Markenkomponenten wie die italienische HSD-Spindel (automatischer Werkzeugwechsler), die japanischen Yaskawa-Servomotoren, die taiwanesische Syntec-Steuerung, das japanische Shimpo-Getriebe und die Getriebe gew\u00e4hrleisten eine hohe Effizienz.<\/p>\n<p>5). Hohe Effizienz erweiterte automatische Werkzeugwechsel-Programm, ohne menschliches Eingreifen, Programm automatisch.<\/p>\n<p>6). Durch die industrielle Qualit\u00e4t des gesamten Schwei\u00dfdrehbetts mit Anlassen und Alterungsbehandlung werden Verformungen vermieden und die Stabilit\u00e4t und Bearbeitungsgenauigkeit der Werkzeugmaschine verbessert.<\/p>\n<p>7). Karussell Werkzeugmagazin kann bis zu 12 Werkzeuge oder lineare atc f\u00fcr HSKF63 oder ISO30 halten. Adopted Yaskawa Servomotor-Magazin, um hohe Wiederholbarkeit, hohe Effizienz zu gew\u00e4hrleisten.<\/p>\n<p>8). Wirklich vielseitig: Nesting, Fr\u00e4sen, vertikales Bohren, Schneiden, Seitenfr\u00e4sen und Kantenschleifen in einem. Sie ist gut geeignet f\u00fcr die Herstellung von Plattenm\u00f6beln, B\u00fcrom\u00f6beln und Schr\u00e4nken.<br \/>\n<strong><b><br \/>\n<\/b><\/strong><strong><b>Vorteil<\/b><\/strong><strong><b><br \/>\n<\/b><\/strong>1. Erh\u00f6hung des Materialverbrauchs von 10%<br \/>\n2. Verringerung der Abh\u00e4ngigkeit der technischen Mitarbeiter.<br \/>\n3. die Verringerung des Sortiervorgangs und des Sortierfehlers.<br \/>\n4. Sparen Sie Zeit und Arbeit bei der Bearbeitung komplizierter Werkst\u00fccke.<br \/>\n5. Es kann auch nuten und bohren.<br \/>\n6. Verbessern Sie die Produktqualit\u00e4t und die Effizienz.<br \/>\n7. Optimieren Sie Technologieverfahren, reduzieren Sie die Produktionskosten.<\/p>\n<table>\n<tbody>\n<tr>\n<td width=\"144\">Modell<\/td>\n<td width=\"133\">ST-2138<\/td>\n<td width=\"184\">\u00a0\u00a0\u00a0\u00a0\u00a0\u00a0ST-1352<\/td>\n<td width=\"147\">ST-1332<\/td>\n<\/tr>\n<tr>\n<td width=\"144\">Reisende Gr\u00f6\u00dfe<\/td>\n<td width=\"133\">2100*3800*500mm<\/td>\n<td width=\"184\">1300*5200*300mm<\/td>\n<td width=\"147\">1300*3200*300<\/td>\n<\/tr>\n<tr>\n<td width=\"144\">Maximale Arbeitsgr\u00f6\u00dfe<\/td>\n<td width=\"133\">4600*2300*1800mm<\/td>\n<td width=\"184\">2200*6500*1800mm<\/td>\n<td width=\"147\">2200*5000*1800mm<\/td>\n<\/tr>\n<tr>\n<td width=\"144\">Arbeitsbereich<\/td>\n<td colspan=\"3\" width=\"464\">15\/7\/7 Arbeitsbereich entsprechend der Gr\u00f6\u00dfe Ihrer Arbeitsplatte<\/td>\n<\/tr>\n<tr>\n<td width=\"144\">\u00dcbertragung<\/td>\n<td colspan=\"2\" width=\"317\">X\/Y-Zahnstangenantrieb, Z-Kugelumlaufspindelantrieb<\/td>\n<td width=\"147\">&nbsp;<\/td>\n<\/tr>\n<tr>\n<td width=\"144\">Struktur der Tabelle<\/td>\n<td colspan=\"3\" width=\"464\">\u00a0Schwere Struktur Tisch mit Stahlplatte<\/td>\n<\/tr>\n<tr>\n<td width=\"144\">Leistung der Spindel<\/td>\n<td colspan=\"3\" width=\"464\">9 KW\/Luftk\u00fchlung\/ISO30<\/p>\n<p>0r 11 KW\/Luftk\u00fchlung\/HSK-F63<\/td>\n<\/tr>\n<tr>\n<td width=\"144\">Antriebssystem<\/td>\n<td colspan=\"3\" width=\"464\">850 Servomotor\/Yaskawa<\/p>\n<p>&nbsp;<\/td>\n<\/tr>\n<tr>\n<td width=\"144\">Controller<\/td>\n<td width=\"133\">OSAI-CONTROLLER<\/td>\n<td colspan=\"2\" width=\"331\">NC-Steuerung<\/td>\n<\/tr>\n<tr>\n<td width=\"144\">Maximale Spindeldrehzahl<\/td>\n<td colspan=\"3\" width=\"464\">24000 U\/min<\/td>\n<\/tr>\n<tr>\n<td width=\"144\">Max. Fahrgeschwindigkeit<\/td>\n<td colspan=\"3\" width=\"464\">80m\/min<\/td>\n<\/tr>\n<tr>\n<td width=\"144\">Arbeitsgeschwindigkeit<\/td>\n<td colspan=\"3\" width=\"464\">20m\/min<\/td>\n<\/tr>\n<tr>\n<td width=\"144\">Repositionierungsgenauigkeit<\/td>\n<td colspan=\"3\" width=\"464\">+\/- 0,025 mm<\/td>\n<\/tr>\n<tr>\n<td width=\"144\">Werkzeugmagazin<\/td>\n<td colspan=\"3\" width=\"464\">Linear atc 12<\/td>\n<\/tr>\n<tr>\n<td width=\"144\">Spannung<\/td>\n<td colspan=\"3\" width=\"464\">AC400\/3PH\/50HZ<\/td>\n<\/tr>\n<tr>\n<td width=\"144\">Bohrkopf<\/td>\n<td colspan=\"3\" width=\"464\">9V3H1S\/FAM \/Italien<\/td>\n<\/tr>\n<tr>\n<td width=\"144\">Optionale Bohreinheit<\/td>\n<td width=\"133\">9V6H1S\/ 7V4H\/ 12V8H2S<\/td>\n<td width=\"184\">10V4H2S\/ 7V4H\/ 12V8H2S<\/td>\n<td width=\"147\">9V3H1S<\/td>\n<\/tr>\n<tr>\n<td width=\"144\">Nettogewicht<\/td>\n<td width=\"133\">5600KGS<\/td>\n<td width=\"184\">\u00a0\u00a05600KGS<\/td>\n<td width=\"147\">5600KGS<\/td>\n<\/tr>\n<\/tbody>\n<\/table>\n<p>&nbsp;<\/p>","protected":false},"excerpt":{"rendered":"<p>Automatisierung ohne Ausfallzeiten: Vollst\u00e4ndiger Lade-\/Nesting-\/Bohr-\/Entladezyklus. 5-Zonen-Vakuumtisch erh\u00f6ht die Materialausnutzung 10%. 80m\/min Geschwindigkeit und \u00b10,025mm Pr\u00e4zision mit HSD\/Yaskawa\/OSAI Komponenten. ATC mit 12 Werkzeugen zum Fr\u00e4sen\/Bohren\/Fr\u00e4sen f\u00fcr die Schrankfertigung.<\/p>","protected":false},"featured_media":1641,"template":"","meta":{"_gspb_post_css":""},"product_brand":[],"product_cat":[38],"product_tag":[],"class_list":{"0":"post-1640","1":"product","2":"type-product","3":"status-publish","4":"has-post-thumbnail","6":"product_cat-3-axis-cnc-router","8":"first","9":"instock","10":"shipping-taxable","11":"product-type-simple"},"_links":{"self":[{"href":"https:\/\/sunteccncrouter.com\/de\/wp-json\/wp\/v2\/product\/1640","targetHints":{"allow":["GET"]}}],"collection":[{"href":"https:\/\/sunteccncrouter.com\/de\/wp-json\/wp\/v2\/product"}],"about":[{"href":"https:\/\/sunteccncrouter.com\/de\/wp-json\/wp\/v2\/types\/product"}],"wp:featuredmedia":[{"embeddable":true,"href":"https:\/\/sunteccncrouter.com\/de\/wp-json\/wp\/v2\/media\/1641"}],"wp:attachment":[{"href":"https:\/\/sunteccncrouter.com\/de\/wp-json\/wp\/v2\/media?parent=1640"}],"wp:term":[{"taxonomy":"product_brand","embeddable":true,"href":"https:\/\/sunteccncrouter.com\/de\/wp-json\/wp\/v2\/product_brand?post=1640"},{"taxonomy":"product_cat","embeddable":true,"href":"https:\/\/sunteccncrouter.com\/de\/wp-json\/wp\/v2\/product_cat?post=1640"},{"taxonomy":"product_tag","embeddable":true,"href":"https:\/\/sunteccncrouter.com\/de\/wp-json\/wp\/v2\/product_tag?post=1640"}],"curies":[{"name":"wp","href":"https:\/\/api.w.org\/{rel}","templated":true}]}}