{"id":1513,"date":"2025-06-09T17:51:42","date_gmt":"2025-06-09T17:51:42","guid":{"rendered":"https:\/\/sunteccncrouter.com\/?post_type=product&#038;p=1513"},"modified":"2025-06-10T03:08:05","modified_gmt":"2025-06-10T03:08:05","slug":"china-best-five-axis-cnc-routers-manufacturers","status":"publish","type":"product","link":"https:\/\/sunteccncrouter.com\/es\/china-best-five-axis-cnc-routers-manufacturers\/","title":{"rendered":"China Mejor Cinco Ejes CNC Routers fabricantes ST-2040"},"content":{"rendered":"<h2><strong><b>Mecanizado CNC de 5 ejes de Suntec - Usos comunes<\/b><\/strong><\/h2>\n<p>El mecanizado CNC de 5 ejes se puede utilizar para producir piezas que se utilizan en un mont\u00f3n de industrias diferentes debido a su eficiencia y a la capacidad de producir formas complejas. Estos son algunos ejemplos de las industrias que m\u00e1s com\u00fanmente se aprovechan de esta tecnolog\u00eda:<\/p>\n<p><strong><b>\u00a0<\/b><\/strong><strong><b>Aeroespacial<\/b><\/strong>\u00a0- esta industria requiere una m\u00e1quina muy precisa, ya que las formas son muy intrincadas y \u00fanicas.<\/p>\n<p><strong><b>M\u00e9dico\u00a0<\/b><\/strong>- El mecanizado CNC de 5 ejes puede ayudar a los fabricantes de equipos m\u00e9dicos en la producci\u00f3n de dispositivos, implantes y otras piezas de equipos que deben fabricarse con una precisi\u00f3n adicional para cumplir las normas sanitarias, que suelen ser rigurosas (y con raz\u00f3n).<\/p>\n<p><strong><b>Militar<\/b><\/strong>\u00a0- otra industria que utiliza el mecanizado CNC de 5 ejes para producir las piezas necesarias. Algunas de las posibles aplicaciones incluyen piezas de submarinos, piezas de motores de alto rendimiento, \u00e1labes de turbinas y compresores, armas inteligentes, sensores, aplicaciones de sigilo, as\u00ed como, en algunos casos, armamento nuclear.<\/p>\n<p><strong><b>Equipamiento energ\u00e9tico\u00a0<\/b><\/strong>- La fabricaci\u00f3n de piezas para equipos energ\u00e9ticos suele requerir el uso de materiales dif\u00edciles de trabajar. Con el mecanizado CNC de 5 ejes, puede hacer que todo el proceso sea m\u00e1s f\u00e1cil y eficiente.<\/p>\n<p>&nbsp;<\/p>\n<p><strong><b>Detalles del eje Suntec 5\u00a0<\/b><\/strong><\/p>\n<ol>\n<li>suntec 5 ejes XYZAC 5 ejes XYZ 3 ejes movimiento A +_110 eje C +_245 grados rotativo<\/li>\n<\/ol>\n<p>que puede moler recortar cortar tallar grabar la superficie del material de trabajo, tales como materiales compuestos sucha fibra de vidrio de carbono Eps espuma de poliestireno, pl\u00e1stico de aluminio madera dura, etc suntec 5 ejes se puede aplicar boquilla del motor de cohete l\u00edquido un transbordador espacial cono de la nariz aviones disco de freno molde de madera,<\/p>\n<p>coche avi\u00f3n barco yate molde piezas de fundici\u00f3n dieing no metal fabricaci\u00f3n de moldes, etc .<\/p>\n<ol start=\"2\">\n<li>suntec 5 axis all used Top-brand parts HSD spindle hitec spindle italy Demas 5 axis head ,hsd spindle TPA osai or syntec controller . japan yaskawa absolutely driver and motor helica 3M gear to make sure high precision 0.1mm can be use longlife and low cost low time to maintainance .<\/li>\n<li>Suntec 5 ejes todo uso pesado-grueso acero soldado con aut\u00f3gena algunas partes 12mm grueso algunos incluso 20 mm soldado con aut\u00f3gena p\u00f3rtico lengs todo heattreatment para eliminar s\u00ed mismo rigidez para asegurarse de longlife uso no deformado, todo strucutre por 5 cnc centro para fresar una patas cuadradas gu\u00eda necesidad 3-5 d\u00edas por 5 lados cnc centro para fresar baja velocidad alto par para asegurarse de alta precisi\u00f3n.<\/li>\n<li>Suntec 5 ejes mesa de trabajo mesa de hierro fundido una mesa de 5-20t de acuerdo a su material de trabajo para decidir que tambi\u00e9n puede asegurarse de alta precisi\u00f3n .<\/li>\n<li>Suntec 5 ejes cnc instalar el uso de l\u00e1ser para ajustar XYZAX callbrate alineaci\u00f3n para asegurarse de alta<\/li>\n<\/ol>\n<p>precisi\u00f3n .<\/p>\n<table>\n<tbody>\n<tr>\n<td width=\"46\">N\u00famero<\/td>\n<td width=\"217\">Descripci\u00f3n<\/td>\n<td width=\"289\">Par\u00e1metro<\/td>\n<\/tr>\n<tr>\n<td width=\"46\">1<\/td>\n<td width=\"217\">X,Y,Z \u00c1rea de trabajo<\/td>\n<td width=\"289\">1200*1200*700mm<\/td>\n<\/tr>\n<tr>\n<td width=\"46\">2<\/td>\n<td width=\"217\">Tama\u00f1o de la tabla<\/td>\n<td width=\"289\">3300\u00d73700mm<\/td>\n<\/tr>\n<tr>\n<td width=\"46\">3<\/td>\n<td width=\"217\">Precisi\u00f3n de posicionamiento de desplazamiento X,Y,Z<\/td>\n<td width=\"289\">\u00b10,01\/700 mm<\/td>\n<\/tr>\n<tr>\n<td width=\"46\">4<\/td>\n<td width=\"217\">Un eje<\/td>\n<td width=\"289\">A \u00b1110 grados<\/td>\n<\/tr>\n<tr>\n<td width=\"46\">5<\/td>\n<td width=\"217\">C rotativa<\/td>\n<td width=\"289\">C\u00b1 245 grados<\/td>\n<\/tr>\n<tr>\n<td width=\"46\">5<\/td>\n<td width=\"217\">Superficie de la mesa<\/td>\n<td width=\"289\">Mesa m\u00f3vil con mesa de vac\u00edo<\/td>\n<\/tr>\n<tr>\n<td width=\"46\">6<\/td>\n<td width=\"217\">Marco<\/td>\n<td width=\"289\">Gran estructura de tubo de acero con tratamiento t\u00e9rmico<\/td>\n<\/tr>\n<tr>\n<td width=\"46\">7<\/td>\n<td width=\"217\">Estructura X, Y<\/td>\n<td width=\"289\">Accionamiento por cremallera, rodamientos lineales sobre ra\u00edles Hiwin<\/td>\n<\/tr>\n<tr>\n<td width=\"46\">8<\/td>\n<td width=\"217\">Estructura Z<\/td>\n<td width=\"289\">Rodamientos lineales de carril Hiwin y husillo de bolas TBI<\/td>\n<\/tr>\n<tr>\n<td width=\"46\">9<\/td>\n<td width=\"217\">M\u00e1x. Consumo de energ\u00eda<\/td>\n<td width=\"289\">(sin husillo) 12 Kw<\/td>\n<\/tr>\n<tr>\n<td width=\"46\">10<\/td>\n<td width=\"217\">Max. Velocidad de desplazamiento r\u00e1pido<\/td>\n<td width=\"289\">40000mm\/min<\/td>\n<\/tr>\n<tr>\n<td width=\"46\">11<\/td>\n<td width=\"217\">M\u00e1x. Velocidad de trabajo<\/td>\n<td width=\"289\">30000mm\/min<\/td>\n<\/tr>\n<tr>\n<td width=\"46\">12<\/td>\n<td width=\"217\">Potencia del husillo<\/td>\n<td width=\"289\">12kw<\/td>\n<\/tr>\n<tr>\n<td width=\"46\">13<\/td>\n<td width=\"217\">Velocidad del cabezal<\/td>\n<td width=\"289\">0-24000RPM<\/td>\n<\/tr>\n<tr>\n<td width=\"46\">14<\/td>\n<td width=\"217\">Motores de accionamiento<\/td>\n<td width=\"289\">Motores Yaskawa<\/td>\n<\/tr>\n<tr>\n<td width=\"46\">15<\/td>\n<td width=\"217\">Tensi\u00f3n de trabajo<\/td>\n<td width=\"289\">AC380V\/50\/60Hz,3PH (Opci\u00f3n: 220V))<\/td>\n<\/tr>\n<tr>\n<td width=\"46\">16<\/td>\n<td width=\"217\">Lenguaje de comandos<\/td>\n<td width=\"289\">C\u00f3digo G<\/td>\n<\/tr>\n<tr>\n<td width=\"46\">17<\/td>\n<td width=\"217\">Sistema operativo<\/td>\n<td width=\"289\">Sistema de control Syntec\/TPA \/osai<\/td>\n<\/tr>\n<tr>\n<td width=\"46\">18<\/td>\n<td width=\"217\">Interfaz de ordenador<\/td>\n<td width=\"289\">USB<\/td>\n<\/tr>\n<tr>\n<td width=\"46\">19<\/td>\n<td width=\"217\">Memoria Flash<\/td>\n<td width=\"289\">512M<\/td>\n<\/tr>\n<tr>\n<td width=\"46\">20<\/td>\n<td width=\"217\">Pinza<\/td>\n<td width=\"289\">HSK-F63<\/td>\n<\/tr>\n<tr>\n<td width=\"46\">21<\/td>\n<td width=\"217\">Resoluci\u00f3n X,Y<\/td>\n<td width=\"289\">&lt;0,01 mm<\/td>\n<\/tr>\n<tr>\n<td width=\"46\">22<\/td>\n<td width=\"217\">Compatibilidad del software<\/td>\n<td width=\"289\">\u00a0software powermill UG<\/td>\n<\/tr>\n<tr>\n<td width=\"46\">23<\/td>\n<td width=\"217\">Temperatura ambiente de funcionamiento<\/td>\n<td width=\"289\">0 - 45 grados cent\u00edgrados<\/td>\n<\/tr>\n<tr>\n<td width=\"46\">24<\/td>\n<td width=\"217\">Humedad relativa<\/td>\n<td width=\"289\">30% - 75%<\/td>\n<\/tr>\n<tr>\n<td width=\"46\">25<\/td>\n<td width=\"217\">Tama\u00f1o del embalaje<\/td>\n<td width=\"289\">4500X2100X2300mm<\/td>\n<\/tr>\n<tr>\n<td width=\"46\">26<\/td>\n<td width=\"217\">N.O.<\/td>\n<td width=\"289\">6000KG<\/td>\n<\/tr>\n<tr>\n<td width=\"46\">27<\/td>\n<td width=\"217\">G.W.<\/td>\n<td width=\"289\">8000kG<\/td>\n<\/tr>\n<tr>\n<td rowspan=\"7\" width=\"46\">28<\/td>\n<td rowspan=\"7\" width=\"217\">Piezas opcionales<\/td>\n<td width=\"289\">Captadores de polvo para tres ejes<\/td>\n<\/tr>\n<tr>\n<td width=\"289\">Bomba de vac\u00edo<\/td>\n<\/tr>\n<tr>\n<td width=\"289\">Sistema rotativo<\/td>\n<\/tr>\n<tr>\n<td width=\"289\">Sistema de refrigeraci\u00f3n por niebla<\/td>\n<\/tr>\n<tr>\n<td width=\"289\">Servomotores Delta\/ Panasonic<\/td>\n<\/tr>\n<tr>\n<td width=\"289\">Husillo Colombo<\/td>\n<\/tr>\n<tr>\n<td width=\"289\">Tabla PTP de Schmalz<\/td>\n<\/tr>\n<\/tbody>\n<\/table>\n<p>&nbsp;<\/p>","protected":false},"excerpt":{"rendered":"<p>Domina los sectores aeroespacial, m\u00e9dico, militar y energ\u00e9tico con una rotaci\u00f3n extrema del eje de \u00b1110\u00b0A\/\u00b1245\u00b0C y una precisi\u00f3n de \u00b10,01 mm calibrada por l\u00e1ser. El robusto bastidor de acero con tratamiento t\u00e9rmico de 12-20 mm garantiza d\u00e9cadas de funcionamiento sin deformaciones para materiales pesados (5-20T). Los componentes de primera calidad (motores Yaskawa, cabezal Demas, husillo HSD) proporcionan una potencia de 24k RPM y velocidades r\u00e1pidas de 40m\/min. Mesa de vac\u00edo vers\u00e1til para el mecanizado de materiales compuestos (fibra de carbono), metales y madera para aplicaciones cr\u00edticas: implantes, toberas de cohetes, moldes.<\/p>","protected":false},"featured_media":1532,"template":"","meta":{"_gspb_post_css":""},"product_brand":[],"product_cat":[40],"product_tag":[],"class_list":{"0":"post-1513","1":"product","2":"type-product","3":"status-publish","4":"has-post-thumbnail","6":"product_cat-5-axis-cnc-router","8":"first","9":"instock","10":"shipping-taxable","11":"product-type-simple"},"_links":{"self":[{"href":"https:\/\/sunteccncrouter.com\/es\/wp-json\/wp\/v2\/product\/1513","targetHints":{"allow":["GET"]}}],"collection":[{"href":"https:\/\/sunteccncrouter.com\/es\/wp-json\/wp\/v2\/product"}],"about":[{"href":"https:\/\/sunteccncrouter.com\/es\/wp-json\/wp\/v2\/types\/product"}],"wp:featuredmedia":[{"embeddable":true,"href":"https:\/\/sunteccncrouter.com\/es\/wp-json\/wp\/v2\/media\/1532"}],"wp:attachment":[{"href":"https:\/\/sunteccncrouter.com\/es\/wp-json\/wp\/v2\/media?parent=1513"}],"wp:term":[{"taxonomy":"product_brand","embeddable":true,"href":"https:\/\/sunteccncrouter.com\/es\/wp-json\/wp\/v2\/product_brand?post=1513"},{"taxonomy":"product_cat","embeddable":true,"href":"https:\/\/sunteccncrouter.com\/es\/wp-json\/wp\/v2\/product_cat?post=1513"},{"taxonomy":"product_tag","embeddable":true,"href":"https:\/\/sunteccncrouter.com\/es\/wp-json\/wp\/v2\/product_tag?post=1513"}],"curies":[{"name":"wp","href":"https:\/\/api.w.org\/{rel}","templated":true}]}}