{"id":1544,"date":"2025-06-10T06:57:32","date_gmt":"2025-06-10T06:57:32","guid":{"rendered":"https:\/\/sunteccncrouter.com\/?post_type=product&#038;p=1544"},"modified":"2025-06-10T06:57:32","modified_gmt":"2025-06-10T06:57:32","slug":"high-efficiency-mini-double-table-5-axis-cncrouter-center-st-1218","status":"publish","type":"product","link":"https:\/\/sunteccncrouter.com\/es\/high-efficiency-mini-double-table-5-axis-cncrouter-center-st-1218\/","title":{"rendered":"Alta eficiencia Mini doble mesa 5 ejes CNCrouter centro ST-1218"},"content":{"rendered":"<table>\n<tbody>\n<tr>\n<td width=\"537\"><strong><b>Detalles del eje Suntec 5\u00a0<\/b><\/strong><\/p>\n<p>1. suntec 5 ejes XYZAC 5 ejes XYZ 3 ejes movimiento A +_110 eje C +_245 grados rotativo<\/p>\n<p>que puede moler recortar cortar tallar grabar la superficie del material de trabajo, tales como materiales compuestos sucha fibra de vidrio de carbono Eps espuma de poliestireno, pl\u00e1stico de aluminio madera dura, etc suntec 5 ejes se puede aplicar boquilla del motor de cohete l\u00edquido un transbordador espacial cono de la nariz aviones disco de freno molde de madera,<\/p>\n<p>coche avi\u00f3n barco yate molde piezas de fundici\u00f3n dieing no metal fabricaci\u00f3n de moldes, etc .<\/p>\n<p>2. suntec 5 ejes todo usado Top-marca partes HSD husillo hitec husillo italia Demas 5 eje cabeza, hsd husillo TPA osai o syntec controlador . jap\u00f3n yaskawa absolutamente conductor y motor helica 3M engranaje para asegurarse de alta precisi\u00f3n 0,1 mm se puede utilizar larga vida y bajo costo bajo tiempo de mantenimiento .<\/p>\n<p>3. Suntec 5 ejes todo el uso de acero de gran espesor soldada algunas partes de 12 mm de espesor algunos incluso 20 mm soldada p\u00f3rtico lengs todos heattreatment para eliminar en s\u00ed rigidez para asegurarse de uso longlife no deformado, todos strucutre por 5 centro cnc para fresar una gu\u00eda cuadrada piernas necesitan 3-5 d\u00edas por 5 lados centro cnc para fresar baja velocidad de alto par para asegurarse de alta precisi\u00f3n.<\/p>\n<p>4. Suntec 5 ejes mesa de trabajo mesa de hierro fundido una mesa de 5-20t de acuerdo a su material de trabajo para decidir que tambi\u00e9n puede asegurarse de alta precisi\u00f3n .<\/p>\n<p>5. Suntec 5 ejes cnc instalar utilizar l\u00e1ser para ajustar XYZAX callbrate alineaci\u00f3n para asegurarse de alta<\/p>\n<p>precisi\u00f3n .<\/p>\n<table>\n<tbody>\n<tr>\n<td width=\"46\">N\u00famero<\/td>\n<td width=\"217\">Descripci\u00f3n<\/td>\n<td width=\"289\">Par\u00e1metro<\/td>\n<\/tr>\n<tr>\n<td width=\"46\">1<\/td>\n<td width=\"217\">X,Y,Z \u00c1rea de trabajo<\/td>\n<td width=\"289\">1200*1800*1000mm<\/td>\n<\/tr>\n<tr>\n<td width=\"46\">2<\/td>\n<td width=\"217\">Tama\u00f1o de la tabla<\/td>\n<td width=\"289\">3300\u00d73700mm<\/td>\n<\/tr>\n<tr>\n<td width=\"46\">3<\/td>\n<td width=\"217\">Precisi\u00f3n de posicionamiento de desplazamiento X,Y,Z<\/td>\n<td width=\"289\">\u00b10,01\/1000 mm<\/td>\n<\/tr>\n<tr>\n<td width=\"46\">4<\/td>\n<td width=\"217\">Un eje<\/td>\n<td width=\"289\">A \u00b1110 grados<\/td>\n<\/tr>\n<tr>\n<td width=\"46\">5<\/td>\n<td width=\"217\">C rotativa<\/td>\n<td width=\"289\">C\u00b1 245 grados<\/td>\n<\/tr>\n<tr>\n<td width=\"46\">5<\/td>\n<td width=\"217\">Superficie de la mesa<\/td>\n<td width=\"289\">mesa m\u00f3vil<\/td>\n<\/tr>\n<tr>\n<td width=\"46\">6<\/td>\n<td width=\"217\">Marco<\/td>\n<td width=\"289\">Gran estructura de tubo de acero con tratamiento t\u00e9rmico<\/td>\n<\/tr>\n<tr>\n<td width=\"46\">7<\/td>\n<td width=\"217\">Estructura X, Y<\/td>\n<td width=\"289\">Accionamiento por cremallera, rodamientos lineales sobre ra\u00edles Hiwin<\/td>\n<\/tr>\n<tr>\n<td width=\"46\">8<\/td>\n<td width=\"217\">Estructura Z<\/td>\n<td width=\"289\">Rodamientos lineales de carril Hiwin y husillo de bolas TBI<\/td>\n<\/tr>\n<tr>\n<td width=\"46\">9<\/td>\n<td width=\"217\">M\u00e1x. Consumo de energ\u00eda<\/td>\n<td width=\"289\">(sin husillo) 12 Kw<\/td>\n<\/tr>\n<tr>\n<td width=\"46\">10<\/td>\n<td width=\"217\">Max. Velocidad de desplazamiento r\u00e1pido<\/td>\n<td width=\"289\">40000mm\/min<\/td>\n<\/tr>\n<tr>\n<td width=\"46\">11<\/td>\n<td width=\"217\">M\u00e1x. Velocidad de trabajo<\/td>\n<td width=\"289\">30000mm\/min<\/td>\n<\/tr>\n<tr>\n<td width=\"46\">12<\/td>\n<td width=\"217\">Potencia del husillo<\/td>\n<td width=\"289\">12kw<\/td>\n<\/tr>\n<tr>\n<td width=\"46\">13<\/td>\n<td width=\"217\">Velocidad del cabezal<\/td>\n<td width=\"289\">0-24000RPM<\/td>\n<\/tr>\n<tr>\n<td width=\"46\">14<\/td>\n<td width=\"217\">Motores de accionamiento<\/td>\n<td width=\"289\">Motores Yaskawa<\/td>\n<\/tr>\n<tr>\n<td width=\"46\">15<\/td>\n<td width=\"217\">Tensi\u00f3n de trabajo<\/td>\n<td width=\"289\">AC380V\/50\/60Hz,3PH (Opci\u00f3n: 220V))<\/td>\n<\/tr>\n<tr>\n<td width=\"46\">16<\/td>\n<td width=\"217\">Lenguaje de comandos<\/td>\n<td width=\"289\">C\u00f3digo G<\/td>\n<\/tr>\n<tr>\n<td width=\"46\">17<\/td>\n<td width=\"217\">Sistema operativo<\/td>\n<td width=\"289\">Sistema de control Syntec\/TPA \/osai<\/td>\n<\/tr>\n<tr>\n<td width=\"46\">18<\/td>\n<td width=\"217\">Interfaz de ordenador<\/td>\n<td width=\"289\">USB<\/td>\n<\/tr>\n<tr>\n<td width=\"46\">19<\/td>\n<td width=\"217\">Memoria Flash<\/td>\n<td width=\"289\">512M<\/td>\n<\/tr>\n<tr>\n<td width=\"46\">20<\/td>\n<td width=\"217\">Pinza<\/td>\n<td width=\"289\">HSK-F63<\/td>\n<\/tr>\n<tr>\n<td width=\"46\">21<\/td>\n<td width=\"217\">Resoluci\u00f3n X,Y<\/td>\n<td width=\"289\">&lt;0,01 mm<\/td>\n<\/tr>\n<tr>\n<td width=\"46\">22<\/td>\n<td width=\"217\">Compatibilidad del software<\/td>\n<td width=\"289\">\u00a0software powermill UG<\/td>\n<\/tr>\n<tr>\n<td width=\"46\">23<\/td>\n<td width=\"217\">Temperatura ambiente de funcionamiento<\/td>\n<td width=\"289\">0 - 45 grados cent\u00edgrados<\/td>\n<\/tr>\n<tr>\n<td width=\"46\">24<\/td>\n<td width=\"217\">Humedad relativa<\/td>\n<td width=\"289\">30% - 75%<\/td>\n<\/tr>\n<tr>\n<td width=\"46\">25<\/td>\n<td width=\"217\">Tama\u00f1o del embalaje<\/td>\n<td width=\"289\">5500X2100X2300mm<\/td>\n<\/tr>\n<tr>\n<td width=\"46\">26<\/td>\n<td width=\"217\">N.O.<\/td>\n<td width=\"289\">6000KG<\/td>\n<\/tr>\n<tr>\n<td width=\"46\">27<\/td>\n<td width=\"217\">G.W.<\/td>\n<td width=\"289\">8000kG<\/td>\n<\/tr>\n<tr>\n<td rowspan=\"7\" width=\"46\">28<\/td>\n<td rowspan=\"7\" width=\"217\">Piezas opcionales<\/td>\n<td width=\"289\">Captadores de polvo para tres ejes<\/td>\n<\/tr>\n<tr>\n<td width=\"289\">Bomba de vac\u00edo<\/td>\n<\/tr>\n<tr>\n<td width=\"289\">Sistema rotativo<\/td>\n<\/tr>\n<tr>\n<td width=\"289\">Sistema de refrigeraci\u00f3n por niebla<\/td>\n<\/tr>\n<tr>\n<td width=\"289\">Servomotores Delta\/ Panasonic<\/td>\n<\/tr>\n<tr>\n<td width=\"289\">Husillo Colombo<\/td>\n<\/tr>\n<tr>\n<td width=\"289\">Tabla PTP de Schmalz<\/td>\n<\/tr>\n<\/tbody>\n<\/table>\n<\/td>\n<\/tr>\n<\/tbody>\n<\/table>","protected":false},"excerpt":{"rendered":"<p>Ofrece una rotaci\u00f3n extrema de \u00b1110\u00b0A\/\u00b1245\u00b0C para moldes aeroespaciales complejos, herramientas m\u00e9dicas y troqueles de automoci\u00f3n. Alcanza una precisi\u00f3n a nivel de micras (\u00b10,01\/1000 mm) mediante calibraci\u00f3n l\u00e1ser y componentes de primera calidad: Cabezal Demas italiano, motores Yaskawa y husillo HSD de 24k RPM. Robusto bastidor de acero con tratamiento t\u00e9rmico de 12-20 mm que garantiza una deformaci\u00f3n nula durante el mecanizado con cargas pesadas (5-20 T). Procesamiento a alta velocidad (40 m\/min) de materiales compuestos (fibra de carbono), metales y madera. La mesa m\u00f3vil mejora la versatilidad para piezas grandes.<\/p>","protected":false},"featured_media":1545,"template":"","meta":{"_gspb_post_css":""},"product_brand":[],"product_cat":[40],"product_tag":[],"class_list":{"0":"post-1544","1":"product","2":"type-product","3":"status-publish","4":"has-post-thumbnail","6":"product_cat-5-axis-cnc-router","8":"first","9":"instock","10":"shipping-taxable","11":"product-type-simple"},"_links":{"self":[{"href":"https:\/\/sunteccncrouter.com\/es\/wp-json\/wp\/v2\/product\/1544","targetHints":{"allow":["GET"]}}],"collection":[{"href":"https:\/\/sunteccncrouter.com\/es\/wp-json\/wp\/v2\/product"}],"about":[{"href":"https:\/\/sunteccncrouter.com\/es\/wp-json\/wp\/v2\/types\/product"}],"wp:featuredmedia":[{"embeddable":true,"href":"https:\/\/sunteccncrouter.com\/es\/wp-json\/wp\/v2\/media\/1545"}],"wp:attachment":[{"href":"https:\/\/sunteccncrouter.com\/es\/wp-json\/wp\/v2\/media?parent=1544"}],"wp:term":[{"taxonomy":"product_brand","embeddable":true,"href":"https:\/\/sunteccncrouter.com\/es\/wp-json\/wp\/v2\/product_brand?post=1544"},{"taxonomy":"product_cat","embeddable":true,"href":"https:\/\/sunteccncrouter.com\/es\/wp-json\/wp\/v2\/product_cat?post=1544"},{"taxonomy":"product_tag","embeddable":true,"href":"https:\/\/sunteccncrouter.com\/es\/wp-json\/wp\/v2\/product_tag?post=1544"}],"curies":[{"name":"wp","href":"https:\/\/api.w.org\/{rel}","templated":true}]}}