{"id":1580,"date":"2025-06-12T06:08:48","date_gmt":"2025-06-12T06:08:48","guid":{"rendered":"https:\/\/sunteccncrouter.com\/?post_type=product&#038;p=1580"},"modified":"2025-06-12T06:15:07","modified_gmt":"2025-06-12T06:15:07","slug":"ptp-woodworking-drlling-machine-center","status":"publish","type":"product","link":"https:\/\/sunteccncrouter.com\/es\/ptp-woodworking-drlling-machine-center\/","title":{"rendered":"Centro de mecanizado de madera PTP ST-1330"},"content":{"rendered":"<p>perforaci\u00f3n para trabajos pesados\u00a0<strong><b>PTP<\/b><\/strong>\u00a0<strong><b>M\u00e1quina CNC<\/b><\/strong>.<\/p>\n<p>1 El cuerpo de la m\u00e1quina est\u00e1 hecho por centro de fresado cnc y tratamiento t\u00e9rmico, que puede garantizar la estabilidad y la vida \u00fatil de la m\u00e1quina.<\/p>\n<p>2 Hay cuatro zonas de trabajo, puede hacer p\u00e9ndulo forma de trabajo. La velocidad de trabajo es r\u00e1pida y precisa, dise\u00f1o humanizado hace que sea conveniente para los trabajadores para cargar \/ descargar las piezas. Interfaz de control es humanizado, programaci\u00f3n modular, pedal para ser utilizado para controlar la carga \/ descarga.<\/p>\n<p>3 es adecuado para el procesamiento de muebles personalizados (gabinete, armario), muebles de panel y la producci\u00f3n de tuber\u00edas por lotes.<\/p>\n<p>El centro de fresado y taladrado CNC para muebles PTP est\u00e1 dise\u00f1ado para satisfacer diversos requisitos de procesamiento complicados, altamente vers\u00e1til con fresado, taladrado, corte, fresado lateral, aserrado y otras funciones.  Mesa de vac\u00edo equipada con ventosas. Recortar la hoja completa a su tama\u00f1o ideal, fresar, taladrar, serrar, cortar y fresar-m\u00faltiples funciones, todo en uno. F\u00e1cil de cargar y descargar, emplee menos tiempo pero saque m\u00e1s partido.<\/p>\n<table>\n<tbody>\n<tr>\n<td width=\"134\">Modelo<\/td>\n<td width=\"235\">ST-1545<\/td>\n<td width=\"199\">\u00a0\u00a0\u00a0\u00a0\u00a0\u00a0ST-1330<\/td>\n<\/tr>\n<tr>\n<td width=\"134\">Tama\u00f1o de viaje<\/td>\n<td width=\"235\">4750*2500*300mm<\/td>\n<td width=\"199\">3400*1640*250mm<\/td>\n<\/tr>\n<tr>\n<td width=\"134\">Tama\u00f1o m\u00e1ximo de trabajo<\/td>\n<td width=\"235\">4500*1500*300mm<\/td>\n<td width=\"199\">3000*1300*100mm<\/td>\n<\/tr>\n<tr>\n<td width=\"134\">Zona de trabajo<\/td>\n<td colspan=\"2\" width=\"435\">4 \u00f3 2 zonas de trabajo\/V\u00eda de trabajo pendular<\/td>\n<\/tr>\n<tr>\n<td width=\"134\">Transmisi\u00f3n<\/td>\n<td colspan=\"2\" width=\"435\">Transmisi\u00f3n X\/Y por cremallera, transmisi\u00f3n Z por husillo de bolas<\/td>\n<\/tr>\n<tr>\n<td width=\"134\">Estructura del cuadro<\/td>\n<td colspan=\"2\" width=\"435\">Barras de aluminio x10pcs con ventosas m\u00f3viles<\/td>\n<\/tr>\n<tr>\n<td width=\"134\">Potencia del husillo<\/td>\n<td width=\"235\">12 KW\/Refrigeraci\u00f3n por aire\/HSK-F63<\/td>\n<td width=\"199\">12 KW\/Refrigeraci\u00f3n por aire\/HSK-F63<\/td>\n<\/tr>\n<tr>\n<td width=\"134\">Sistema de conducci\u00f3n<\/td>\n<td width=\"235\">Servomotor 1300W\/Yaskawa<\/td>\n<td width=\"199\">\u00a0\u00a0Servomotor de 1300 W \/Yaskawa<\/td>\n<\/tr>\n<tr>\n<td width=\"134\">Controlador<\/td>\n<td width=\"235\">Controlador italiano TPA (Mechatrolink II)\/osai<\/td>\n<td width=\"199\">Controlador italiano TPA\/osai<\/td>\n<\/tr>\n<tr>\n<td width=\"134\">Velocidad m\u00e1xima del husillo<\/td>\n<td width=\"235\">24000r\/min<\/td>\n<td width=\"199\">24000r\/min<\/td>\n<\/tr>\n<tr>\n<td width=\"134\">Velocidad m\u00e1xima de desplazamiento<\/td>\n<td width=\"235\">80 m\/min<\/td>\n<td width=\"199\">80 m\/min<\/td>\n<\/tr>\n<tr>\n<td width=\"134\">Velocidad de trabajo<\/td>\n<td width=\"235\">20 m\/min<\/td>\n<td width=\"199\">20 m\/min<\/td>\n<\/tr>\n<tr>\n<td width=\"134\">Precisi\u00f3n de reposicionamiento<\/td>\n<td width=\"235\">+\/- 0,025 mm<\/td>\n<td width=\"199\">+\/- 0,025 mm<\/td>\n<\/tr>\n<tr>\n<td width=\"134\">Revista de herramientas<\/td>\n<td width=\"235\">Carrusel\/Servo\/ 12<\/td>\n<td width=\"199\">Carrusel\/Servo\/ 8<\/td>\n<\/tr>\n<tr>\n<td width=\"134\">Tensi\u00f3n<\/td>\n<td width=\"235\">AC380\/3PH\/50HZ<\/td>\n<td width=\"199\">AC380\/3PH\/50HZ<\/td>\n<\/tr>\n<tr>\n<td width=\"134\">Cabezal de mandrinar<\/td>\n<td width=\"235\">16V8H2S\/HSD\/Italia<\/td>\n<td width=\"199\">9V6H1S\/HSD\/Italia<\/td>\n<\/tr>\n<tr>\n<td width=\"134\">Unidad de perforaci\u00f3n opcional<\/td>\n<td width=\"235\">9V6H1S\/ 7V4H\/ 12V8H2S<\/td>\n<td width=\"199\">10V4H2S\/ 7V4H\/ 12V8H2S<\/td>\n<\/tr>\n<tr>\n<td width=\"134\">Peso neto<\/td>\n<td width=\"235\">5600KGS<\/td>\n<td width=\"199\">\u00a0\u00a04000KGS<\/td>\n<\/tr>\n<\/tbody>\n<\/table>","protected":false},"excerpt":{"rendered":"<p><strong>Suntec PTP CNC: centro neur\u00e1lgico de la producci\u00f3n industrial de muebles<\/strong>\u200b<br \/>\nDispone de flujo de trabajo pendular de 4 zonas para el procesamiento continuo de paneles a velocidades de 80 m\/min. Taladrado de precisi\u00f3n (\u00b10,025 mm) mediante husillos HSD (24.000 rpm) y controladores TPA italianos. La mesa de vac\u00edo optimizada para muebles con ventosas m\u00f3viles maneja planchas de tama\u00f1o normal. Bastidor pesado fresado CNC\/tratado t\u00e9rmicamente que garantiza la estabilidad.<\/p>","protected":false},"featured_media":1581,"template":"","meta":{"_gspb_post_css":""},"product_brand":[],"product_cat":[38],"product_tag":[],"class_list":{"0":"post-1580","1":"product","2":"type-product","3":"status-publish","4":"has-post-thumbnail","6":"product_cat-3-axis-cnc-router","8":"first","9":"instock","10":"shipping-taxable","11":"product-type-simple"},"_links":{"self":[{"href":"https:\/\/sunteccncrouter.com\/es\/wp-json\/wp\/v2\/product\/1580","targetHints":{"allow":["GET"]}}],"collection":[{"href":"https:\/\/sunteccncrouter.com\/es\/wp-json\/wp\/v2\/product"}],"about":[{"href":"https:\/\/sunteccncrouter.com\/es\/wp-json\/wp\/v2\/types\/product"}],"wp:featuredmedia":[{"embeddable":true,"href":"https:\/\/sunteccncrouter.com\/es\/wp-json\/wp\/v2\/media\/1581"}],"wp:attachment":[{"href":"https:\/\/sunteccncrouter.com\/es\/wp-json\/wp\/v2\/media?parent=1580"}],"wp:term":[{"taxonomy":"product_brand","embeddable":true,"href":"https:\/\/sunteccncrouter.com\/es\/wp-json\/wp\/v2\/product_brand?post=1580"},{"taxonomy":"product_cat","embeddable":true,"href":"https:\/\/sunteccncrouter.com\/es\/wp-json\/wp\/v2\/product_cat?post=1580"},{"taxonomy":"product_tag","embeddable":true,"href":"https:\/\/sunteccncrouter.com\/es\/wp-json\/wp\/v2\/product_tag?post=1580"}],"curies":[{"name":"wp","href":"https:\/\/api.w.org\/{rel}","templated":true}]}}