{"id":1593,"date":"2025-06-13T08:18:49","date_gmt":"2025-06-13T08:18:49","guid":{"rendered":"https:\/\/sunteccncrouter.com\/?post_type=product&#038;p=1593"},"modified":"2025-06-13T08:18:49","modified_gmt":"2025-06-13T08:18:49","slug":"automation-for-robotic-machining-cnc-machines","status":"publish","type":"product","link":"https:\/\/sunteccncrouter.com\/es\/automation-for-robotic-machining-cnc-machines\/","title":{"rendered":"Automatizaci\u00f3n para el mecanizado robotizado M\u00e1quinas CNC"},"content":{"rendered":"<table>\n<tbody>\n<tr>\n<td width=\"420\">Carga (se refiere a la carga del punto situado en el extremo anterior del 6\u00ba eje)<\/td>\n<td colspan=\"2\" width=\"179\">210kgs<\/td>\n<\/tr>\n<tr>\n<td width=\"420\">Carga adicional en el brazo<\/td>\n<td colspan=\"2\" width=\"179\">50kgs<\/td>\n<\/tr>\n<tr>\n<td width=\"420\">Carga \u00fatil nominal<\/td>\n<td colspan=\"2\" width=\"179\">260kgs<\/td>\n<\/tr>\n<tr>\n<td width=\"420\">Carga \u00fatil m\u00e1xima<\/p>\n<p>&nbsp;<\/td>\n<td colspan=\"2\" width=\"179\">275kgs<\/td>\n<\/tr>\n<tr>\n<td width=\"420\">Peso<\/td>\n<td colspan=\"2\" width=\"179\">1077kgs<\/td>\n<\/tr>\n<tr>\n<td width=\"420\">Eje de movimiento<\/td>\n<td colspan=\"2\" width=\"179\">6<\/td>\n<\/tr>\n<tr>\n<td width=\"420\">Repetibilidad de la pose (ISO 9283)<\/p>\n<p>&nbsp;<\/td>\n<td colspan=\"2\" width=\"179\">\u00b1 0,05 mm<\/p>\n<p>&nbsp;<\/td>\n<\/tr>\n<tr>\n<td width=\"420\">Alcance m\u00e1ximo<\/p>\n<p>&nbsp;<\/td>\n<td colspan=\"2\" width=\"179\">2700mm\/3100<\/td>\n<\/tr>\n<tr>\n<td width=\"420\">\u00cdndice de protecci\u00f3n (IEC 60529)<\/p>\n<p>&nbsp;<\/td>\n<td colspan=\"2\" width=\"179\">IP65<\/p>\n<p>&nbsp;<\/td>\n<\/tr>\n<tr>\n<td width=\"420\">\u00cdndice de protecci\u00f3n, mu\u00f1eca en l\u00ednea (IEC 60529)<\/p>\n<p>&nbsp;<\/td>\n<td colspan=\"2\" width=\"179\">IP65 \/ IP67<\/p>\n<p>&nbsp;<\/td>\n<\/tr>\n<tr>\n<td width=\"420\">Nivel sonoro<\/p>\n<p>&nbsp;<\/td>\n<td colspan=\"2\" width=\"179\">&lt; 75 dB (A)<\/p>\n<p>&nbsp;<\/td>\n<\/tr>\n<tr>\n<td width=\"420\">Posici\u00f3n de montaje<\/p>\n<p>&nbsp;<\/td>\n<td colspan=\"2\" width=\"179\">Suelo<\/td>\n<\/tr>\n<tr>\n<td width=\"420\">Huella<\/p>\n<p>&nbsp;<\/td>\n<td colspan=\"2\" width=\"179\">754 mm x 754 mm<\/p>\n<p>&nbsp;<\/td>\n<\/tr>\n<tr>\n<td width=\"420\">Taladro patern: superficie de montaje para kinematc<\/p>\n<p>sistema<\/p>\n<p>&nbsp;<\/td>\n<td colspan=\"2\" width=\"179\">S780<\/p>\n<p>&nbsp;<\/td>\n<\/tr>\n<tr>\n<td width=\"420\">\u00c1ngulo de inclinaci\u00f3n admisible<\/p>\n<p>&nbsp;<\/td>\n<td colspan=\"2\" width=\"179\">\u2264 5 \u00b0<\/p>\n<p>&nbsp;<\/td>\n<\/tr>\n<tr>\n<td width=\"420\">Brida (en el 6\u00ba eje)<\/td>\n<td colspan=\"2\" width=\"179\">DIN ISO 9409-1-A50<\/td>\n<\/tr>\n<tr>\n<td width=\"420\">Controlador<\/td>\n<td colspan=\"2\" width=\"179\">KRC4<\/td>\n<\/tr>\n<tr>\n<td width=\"420\">Nombre de la transformaci\u00f3n<\/p>\n<p>&nbsp;<\/td>\n<td colspan=\"2\" width=\"179\">KR C4: KR210R2700_2 C4 FLR<\/p>\n<p>&nbsp;<\/td>\n<\/tr>\n<tr>\n<td width=\"420\">Durante la operaci\u00f3n<\/p>\n<p>&nbsp;<\/td>\n<td colspan=\"2\" width=\"179\">0 \u00b0C a 55 \u00b0C (273 K a 328 K)<\/p>\n<p>&nbsp;<\/td>\n<\/tr>\n<tr>\n<td width=\"420\">Durante el almacenamiento\/transporte<\/p>\n<p>&nbsp;<\/td>\n<td colspan=\"2\" width=\"179\">De -40 \u00b0C a 60 \u00b0C (de 233 K a 333 K)<\/p>\n<p>&nbsp;<\/td>\n<\/tr>\n<tr>\n<td width=\"420\">Posici\u00f3n de instalaci\u00f3n<\/td>\n<td colspan=\"2\" width=\"179\">Sobre el terreno<\/td>\n<\/tr>\n<tr>\n<td width=\"420\">CPU y placa base<\/td>\n<td colspan=\"2\" width=\"179\">KUKA<\/td>\n<\/tr>\n<tr>\n<td width=\"420\">Mesa Rotart<\/td>\n<td colspan=\"2\" width=\"179\">1500kgs fabricaci\u00f3n china<\/td>\n<\/tr>\n<tr>\n<td width=\"420\">Husillo con sistema de refrigeraci\u00f3n por agua<\/td>\n<td colspan=\"2\" width=\"179\">18kw Italia husillo<\/td>\n<\/tr>\n<tr>\n<td width=\"420\">Software<\/td>\n<td colspan=\"2\" width=\"179\">Sprutcam<\/p>\n<p>&nbsp;<\/td>\n<\/tr>\n<tr>\n<td width=\"420\">DeviceNet<\/p>\n<p>&nbsp;<\/td>\n<td colspan=\"2\" width=\"179\">OMRON<\/td>\n<\/tr>\n<tr>\n<td width=\"420\">CARRILES<\/td>\n<td colspan=\"2\" width=\"179\">5M\/6M\/7M\/12M\/25M<\/td>\n<\/tr>\n<tr>\n<td width=\"420\">Par\u00e1metros de movimiento de cada eje<\/td>\n<td width=\"110\">Amplitud de movimiento<\/td>\n<td width=\"68\">Velocidad<\/td>\n<\/tr>\n<tr>\n<td width=\"420\">Eje 1<\/td>\n<td width=\"110\">+\/-185\u00b0<\/td>\n<td width=\"68\">120\u00b0\/s<\/td>\n<\/tr>\n<tr>\n<td width=\"420\">Eje 2<\/td>\n<td width=\"110\">-5\u00b0\/-140\u00b0<\/td>\n<td width=\"68\">115\u00b0\/s<\/td>\n<\/tr>\n<tr>\n<td width=\"420\">Eje 3<\/td>\n<td width=\"110\">-120 \u00b0 \/ 168 \u00b0<\/p>\n<p>&nbsp;<\/td>\n<td width=\"68\">112\u00b0\/s<\/td>\n<\/tr>\n<tr>\n<td width=\"420\">Eje 4<\/td>\n<td width=\"110\">+\/-350\u00b0<\/td>\n<td width=\"68\">179\u00b0\/s<\/td>\n<\/tr>\n<tr>\n<td width=\"420\">Eje 5<\/td>\n<td width=\"110\">+\/-125\u00b0<\/td>\n<td width=\"68\">172\u00b0\/s<\/td>\n<\/tr>\n<tr>\n<td width=\"420\">Eje 6<\/td>\n<td width=\"110\">+\/-350\u00b0<\/td>\n<td width=\"68\">220\/\u00b0\/s<\/td>\n<\/tr>\n<\/tbody>\n<\/table>\n<p>&nbsp;<\/p>\n<p>&nbsp;<\/p>","protected":false},"excerpt":{"rendered":"<p>Load (refers to the load of point at the foremost end of the 6th axis) 210kgs Additional load on the arm 50kgs Rated payload 260kgs Maximum payload &nbsp; 275kgs Weight 1077kgs Motion axis 6 Pose repeatability (ISO 9283) &nbsp; \u00b1 0.05 mm &nbsp; Maximum reach &nbsp; 2700mm\/3100 Protecton ratng (IEC 60529) &nbsp; IP65 &nbsp; Protection [&hellip;]<\/p>\n","protected":false},"featured_media":1594,"template":"","meta":{"_gspb_post_css":""},"product_brand":[],"product_cat":[41],"product_tag":[],"class_list":{"0":"post-1593","1":"product","2":"type-product","3":"status-publish","4":"has-post-thumbnail","6":"product_cat-6-7-axis-cnc-router","8":"first","9":"instock","10":"shipping-taxable","11":"product-type-simple"},"_links":{"self":[{"href":"https:\/\/sunteccncrouter.com\/es\/wp-json\/wp\/v2\/product\/1593","targetHints":{"allow":["GET"]}}],"collection":[{"href":"https:\/\/sunteccncrouter.com\/es\/wp-json\/wp\/v2\/product"}],"about":[{"href":"https:\/\/sunteccncrouter.com\/es\/wp-json\/wp\/v2\/types\/product"}],"wp:featuredmedia":[{"embeddable":true,"href":"https:\/\/sunteccncrouter.com\/es\/wp-json\/wp\/v2\/media\/1594"}],"wp:attachment":[{"href":"https:\/\/sunteccncrouter.com\/es\/wp-json\/wp\/v2\/media?parent=1593"}],"wp:term":[{"taxonomy":"product_brand","embeddable":true,"href":"https:\/\/sunteccncrouter.com\/es\/wp-json\/wp\/v2\/product_brand?post=1593"},{"taxonomy":"product_cat","embeddable":true,"href":"https:\/\/sunteccncrouter.com\/es\/wp-json\/wp\/v2\/product_cat?post=1593"},{"taxonomy":"product_tag","embeddable":true,"href":"https:\/\/sunteccncrouter.com\/es\/wp-json\/wp\/v2\/product_tag?post=1593"}],"curies":[{"name":"wp","href":"https:\/\/api.w.org\/{rel}","templated":true}]}}