{"id":1604,"date":"2025-06-13T08:48:18","date_gmt":"2025-06-13T08:48:18","guid":{"rendered":"https:\/\/sunteccncrouter.com\/?post_type=product&#038;p=1604"},"modified":"2025-06-13T08:48:18","modified_gmt":"2025-06-13T08:48:18","slug":"4-axis-cnc-router-foam-styrofoam-eps-mold","status":"publish","type":"product","link":"https:\/\/sunteccncrouter.com\/es\/4-axis-cnc-router-foam-styrofoam-eps-mold\/","title":{"rendered":"4 ejes CNC router espuma de poliestireno eps molde ST-1325"},"content":{"rendered":"<p>El husillo puede girar 180 grados (\u00b1 90 grados), puede hacer multi-kinds de superficie que podemos dise\u00f1ar con powermill mastercam Software etc.<\/p>\n<p>Utilizamos componentes de primera calidad para las m\u00e1quinas, como husillo HHSD, sistema de control Syntec EZ-4M, inversor Delta, servomotores Yaskawa y caja de control independiente, Hiwin PMI lineal, etc., para mantener la m\u00e1quina en las mejores condiciones incluso despu\u00e9s de muchos a\u00f1os de trabajo.<\/p>\n<p>Yaskawa servo puede hacer de alta resoluci\u00f3n de alto par de alta precisi\u00f3n menor fallo .<\/p>\n<p>Con estructura de acero duro, toda la estructura de acero de soldadura a continuaci\u00f3n, heattreatment para reducir la rigidez en s\u00ed para asegurarse de longlife uselife no deformado. a continuaci\u00f3n, utilizar 5 lados centro de fresado para fresar ferrocarril gu\u00eda cuadrada para asegurarse de alta precsion por lo que es apto para el trabajo de la madera dura, como el corte y grabado en Rosewood para muebles, decoraci\u00f3n de interiores. moldeado de fundici\u00f3n de decisiones, la fabricaci\u00f3n de moldes de material de carbono, fabricaci\u00f3n de moldes de fibra de vidrio, fabricaci\u00f3n de moldes de pl\u00e1stico, fabricaci\u00f3n de moldes de EPS, espuma 3d haciendo, no met\u00e1lico modelo 3d haciendo. Moldes de aviaci\u00f3n, moldes militares, etc.<\/p>\n<table>\n<tbody>\n<tr>\n<td width=\"43\">N\u00famero<\/td>\n<td width=\"205\">Descripci\u00f3n<\/td>\n<td width=\"304\">Par\u00e1metro<\/td>\n<\/tr>\n<tr>\n<td width=\"43\">1<\/td>\n<td width=\"205\">X,Y,Z \u00c1rea de trabajo<\/td>\n<td width=\"304\">1300x2500x1000mm<\/td>\n<\/tr>\n<tr>\n<td width=\"43\">2<\/td>\n<td width=\"205\">Tama\u00f1o de la tabla<\/td>\n<td width=\"304\">3000\u00d74440mm<\/td>\n<\/tr>\n<tr>\n<td width=\"43\">3<\/td>\n<td width=\"205\">Precisi\u00f3n de posicionamiento de desplazamiento X,Y,Z<\/td>\n<td width=\"304\">\u00b10,01\/1000 mm<\/td>\n<\/tr>\n<tr>\n<td width=\"43\">4<\/td>\n<td width=\"205\">Precisi\u00f3n de reposicionamiento X,Y,Z:<\/td>\n<td width=\"304\">\u00b10,01 mm<\/td>\n<\/tr>\n<tr>\n<td width=\"43\">5<\/td>\n<td width=\"205\">Superficie de la mesa<\/td>\n<td width=\"304\">\u00a0Mesa de aluminio con PVC<\/td>\n<\/tr>\n<tr>\n<td width=\"43\">6<\/td>\n<td width=\"205\">Marco<\/td>\n<td width=\"304\">Gran estructura de tubo de acero<\/td>\n<\/tr>\n<tr>\n<td width=\"43\">7<\/td>\n<td width=\"205\">Estructura X, Y<\/td>\n<td width=\"304\">Accionamiento por cremallera, rodamientos lineales sobre ra\u00edles Hiwin<\/td>\n<\/tr>\n<tr>\n<td width=\"43\">8<\/td>\n<td width=\"205\">Estructura Z<\/td>\n<td width=\"304\">Rodamientos lineales y husillos de bolas Hiwin Rail<\/td>\n<\/tr>\n<tr>\n<td width=\"43\">9<\/td>\n<td width=\"205\">M\u00e1x. Consumo de energ\u00eda<\/td>\n<td width=\"304\">(sin husillo) 20 Kw<\/td>\n<\/tr>\n<tr>\n<td width=\"43\">10<\/td>\n<td width=\"205\">Max. Velocidad de desplazamiento r\u00e1pido<\/td>\n<td width=\"304\">40000mm\/min<\/td>\n<\/tr>\n<tr>\n<td width=\"43\">11<\/td>\n<td width=\"205\">M\u00e1x. Velocidad de trabajo<\/td>\n<td width=\"304\">30000mm\/min<\/td>\n<\/tr>\n<tr>\n<td width=\"43\">12<\/td>\n<td width=\"205\">Potencia del husillo<\/td>\n<td width=\"304\">HSD de 9,6 kW con giro de 180 grados a derecha e izquierda<\/td>\n<\/tr>\n<tr>\n<td width=\"43\">13<\/td>\n<td width=\"205\">Velocidad del cabezal<\/td>\n<td width=\"304\">0-24000RPM<\/td>\n<\/tr>\n<tr>\n<td width=\"43\">14<\/td>\n<td width=\"205\">Motores de accionamiento<\/td>\n<td width=\"304\">Motores Yaskawa de 1300 W<\/td>\n<\/tr>\n<tr>\n<td width=\"43\">15<\/td>\n<td width=\"205\">Tensi\u00f3n de trabajo<\/td>\n<td width=\"304\">AC380V\/50\/60Hz,3PH (Opci\u00f3n: 220V))<\/td>\n<\/tr>\n<tr>\n<td width=\"43\">16<\/td>\n<td width=\"205\">Lenguaje de comandos<\/td>\n<td width=\"304\">C\u00f3digo G<\/td>\n<\/tr>\n<tr>\n<td width=\"43\">17<\/td>\n<td width=\"205\">Sistema operativo<\/td>\n<td width=\"304\">Sistema de control Syntec<\/td>\n<\/tr>\n<tr>\n<td width=\"43\">18<\/td>\n<td width=\"205\">Interfaz de ordenador<\/td>\n<td width=\"304\">USB<\/td>\n<\/tr>\n<tr>\n<td width=\"43\">19<\/td>\n<td width=\"205\">Memoria Flash<\/td>\n<td width=\"304\">512M<\/td>\n<\/tr>\n<tr>\n<td width=\"43\">20<\/td>\n<td width=\"205\">Pinza<\/td>\n<td width=\"304\">ISO30<\/td>\n<\/tr>\n<tr>\n<td width=\"43\">21<\/td>\n<td width=\"205\">Resoluci\u00f3n X,Y<\/td>\n<td width=\"304\">&lt;0,01 mm<\/td>\n<\/tr>\n<tr>\n<td width=\"43\">22<\/td>\n<td width=\"205\">Compatibilidad del software<\/td>\n<td width=\"304\">\u00a0software powermill UG<\/td>\n<\/tr>\n<tr>\n<td width=\"43\">23<\/td>\n<td width=\"205\">Temperatura ambiente de funcionamiento<\/td>\n<td width=\"304\">0 - 45 grados cent\u00edgrados<\/td>\n<\/tr>\n<tr>\n<td width=\"43\">24<\/td>\n<td width=\"205\">Humedad relativa<\/td>\n<td width=\"304\">30% - 75%<\/td>\n<\/tr>\n<tr>\n<td width=\"43\">25<\/td>\n<td width=\"205\">Tama\u00f1o del embalaje<\/td>\n<td width=\"304\">6800X2100X2300mm<\/td>\n<\/tr>\n<tr>\n<td width=\"43\">26<\/td>\n<td width=\"205\">N.O.<\/td>\n<td width=\"304\">7000KG<\/td>\n<\/tr>\n<tr>\n<td width=\"43\">27<\/td>\n<td width=\"205\">G.W.<\/td>\n<td width=\"304\">8000KG<\/td>\n<\/tr>\n<\/tbody>\n<\/table>\n<p>&nbsp;<\/p>","protected":false},"excerpt":{"rendered":"<p>The\u00a0spindle\u00a0can\u00a0rotate\u00a0180\u00a0degree(\u00b190\u00a0degree),\u00a0can\u00a0make\u00a0multi-kinds\u00a0of\u00a0surface\u00a0which\u00a0we\u00a0can\u00a0design\u00a0with\u00a0 powermill\u00a0 mastercam Software etc We use top quality components for the machines, likeHSD spindle, Syntec EZ-4M control system, Delta Inverter, Yaskawa servo motors, and separate control box, Hiwin\u00a0 PMI linear and so on, to keep the machine in best condition even after many years working. Yaskawa servo can make high resolution high torque\u00a0 high [&hellip;]<\/p>\n","protected":false},"featured_media":1605,"template":"","meta":{"_gspb_post_css":""},"product_brand":[],"product_cat":[39],"product_tag":[],"class_list":{"0":"post-1604","1":"product","2":"type-product","3":"status-publish","4":"has-post-thumbnail","6":"product_cat-4-axis-cnc-router","8":"first","9":"instock","10":"shipping-taxable","11":"product-type-simple"},"_links":{"self":[{"href":"https:\/\/sunteccncrouter.com\/es\/wp-json\/wp\/v2\/product\/1604","targetHints":{"allow":["GET"]}}],"collection":[{"href":"https:\/\/sunteccncrouter.com\/es\/wp-json\/wp\/v2\/product"}],"about":[{"href":"https:\/\/sunteccncrouter.com\/es\/wp-json\/wp\/v2\/types\/product"}],"wp:featuredmedia":[{"embeddable":true,"href":"https:\/\/sunteccncrouter.com\/es\/wp-json\/wp\/v2\/media\/1605"}],"wp:attachment":[{"href":"https:\/\/sunteccncrouter.com\/es\/wp-json\/wp\/v2\/media?parent=1604"}],"wp:term":[{"taxonomy":"product_brand","embeddable":true,"href":"https:\/\/sunteccncrouter.com\/es\/wp-json\/wp\/v2\/product_brand?post=1604"},{"taxonomy":"product_cat","embeddable":true,"href":"https:\/\/sunteccncrouter.com\/es\/wp-json\/wp\/v2\/product_cat?post=1604"},{"taxonomy":"product_tag","embeddable":true,"href":"https:\/\/sunteccncrouter.com\/es\/wp-json\/wp\/v2\/product_tag?post=1604"}],"curies":[{"name":"wp","href":"https:\/\/api.w.org\/{rel}","templated":true}]}}