{"id":1608,"date":"2025-06-13T08:56:30","date_gmt":"2025-06-13T08:56:30","guid":{"rendered":"https:\/\/sunteccncrouter.com\/?post_type=product&#038;p=1608"},"modified":"2025-06-13T08:56:45","modified_gmt":"2025-06-13T08:56:45","slug":"4-axis-cnc-router-swing-180-degree-rotary-spindle-3d-wood-mold-st-3040","status":"publish","type":"product","link":"https:\/\/sunteccncrouter.com\/es\/4-axis-cnc-router-swing-180-degree-rotary-spindle-3d-wood-mold-st-3040\/","title":{"rendered":"4 ejes CNC router swing 180 grados husillo giratorio 3d molde de madera ST-3040"},"content":{"rendered":"<p>El husillo puede girar 180 grados (\u00b1 90 grados), puede hacer multi-kinds de superficie que podemos dise\u00f1ar con powermill mastercam Software etc.<\/p>\n<p>2. Utilizamos componentes de primera calidad para las m\u00e1quinas, como husillo HHSD, sistema de control Syntec EZ-4M, inversor Delta, servomotores Yaskawa y caja de control independiente, Hiwin PMI lineal, etc., para mantener la m\u00e1quina en las mejores condiciones incluso despu\u00e9s de muchos a\u00f1os de trabajo.<\/p>\n<p>Yaskawa servo puede hacer de alta resoluci\u00f3n de alto par de alta precisi\u00f3n menor fallo .<\/p>\n<p>Con la estructura de acero dura, toda la soldadura de la estructura de acero entonces heattreatment para reducir s\u00ed mismo rigidez para asegurarse de longlife uselife no deformado. despu\u00e9s utilice el centro que muele de 5 lados para moler el ferrocarril cuadrado de la gu\u00eda para asegurarse del alto precsion as\u00ed que est\u00e1 cabido para el trabajo de madera duro, como el corte y el grabado en el palo de rosa para los muebles, decoraci\u00f3n interior. moldeado del molde que hace, material del molde del carbono que hace, molde de la fibra de vidrio que hace, molde pl\u00e1stico que hace, molde del EPS que hace, espuma 3d que hace, modelo no-met\u00e1lico 3d que hace. Molde de la aviaci\u00f3n, molde militar que hace el molde de la espuma de poliestireno de aluminio que hace los barcos de la nave etc.<\/p>\n<p>1)Mayor tama\u00f1o como 1500*3000mm, 2000*3000mm, etc.<br \/>\n2) Dispositivo rotativo para procesar materiales en columna.<br \/>\n3) Colector de polvo 4) Sistema de refrigeraci\u00f3n por nebulizaci\u00f3n<\/p>\n<table>\n<tbody>\n<tr>\n<td width=\"43\">N\u00famero<\/td>\n<td width=\"205\">Descripci\u00f3n<\/td>\n<td width=\"304\">Par\u00e1metro<\/td>\n<\/tr>\n<tr>\n<td width=\"43\">1<\/td>\n<td width=\"205\">X,Y,Z \u00c1rea de trabajo<\/td>\n<td width=\"304\">3000x4000x1000mm<\/td>\n<\/tr>\n<tr>\n<td width=\"43\">2<\/td>\n<td width=\"205\">Tama\u00f1o de la tabla<\/td>\n<td width=\"304\">4000\u00d76440mm<\/td>\n<\/tr>\n<tr>\n<td width=\"43\">3<\/td>\n<td width=\"205\">Precisi\u00f3n de posicionamiento de desplazamiento X,Y,Z<\/td>\n<td width=\"304\">\u00b10,01\/1000 mm<\/td>\n<\/tr>\n<tr>\n<td width=\"43\">4<\/td>\n<td width=\"205\">Precisi\u00f3n de reposicionamiento X,Y,Z:<\/td>\n<td width=\"304\">\u00b10,01 mm<\/td>\n<\/tr>\n<tr>\n<td width=\"43\">5<\/td>\n<td width=\"205\">Superficie de la mesa<\/td>\n<td width=\"304\">\u00a0 Ranura en T Combinada (Opci\u00f3n: Tabla de ranuras en T)<\/td>\n<\/tr>\n<tr>\n<td width=\"43\">6<\/td>\n<td width=\"205\">Marco<\/td>\n<td width=\"304\">Gran estructura de tubo de acero<\/td>\n<\/tr>\n<tr>\n<td width=\"43\">7<\/td>\n<td width=\"205\">Estructura X, Y<\/td>\n<td width=\"304\">Accionamiento por cremallera, rodamientos lineales sobre ra\u00edles Hiwin<\/td>\n<\/tr>\n<tr>\n<td width=\"43\">8<\/td>\n<td width=\"205\">Estructura Z<\/td>\n<td width=\"304\">Rodamientos lineales y husillos de bolas Hiwin Rail<\/td>\n<\/tr>\n<tr>\n<td width=\"43\">9<\/td>\n<td width=\"205\">M\u00e1x. Consumo de energ\u00eda<\/td>\n<td width=\"304\">(sin husillo) 4 Kw<\/td>\n<\/tr>\n<tr>\n<td width=\"43\">10<\/td>\n<td width=\"205\">Max. Velocidad de desplazamiento r\u00e1pido<\/td>\n<td width=\"304\">40000mm\/min<\/td>\n<\/tr>\n<tr>\n<td width=\"43\">11<\/td>\n<td width=\"205\">M\u00e1x. Velocidad de trabajo<\/td>\n<td width=\"304\">30000mm\/min<\/td>\n<\/tr>\n<tr>\n<td width=\"43\">12<\/td>\n<td width=\"205\">Potencia del husillo<\/td>\n<td width=\"304\">HSD de 9,6 kW<\/td>\n<\/tr>\n<tr>\n<td width=\"43\">13<\/td>\n<td width=\"205\">Velocidad del cabezal<\/td>\n<td width=\"304\">0-24000RPM<\/td>\n<\/tr>\n<tr>\n<td width=\"43\">14<\/td>\n<td width=\"205\">Motores de accionamiento<\/td>\n<td width=\"304\">Motores Yaskawa de 1300 W<\/td>\n<\/tr>\n<tr>\n<td width=\"43\">15<\/td>\n<td width=\"205\">Tensi\u00f3n de trabajo<\/td>\n<td width=\"304\">AC380V\/50\/60Hz,3PH (Opci\u00f3n: 220V))<\/td>\n<\/tr>\n<tr>\n<td width=\"43\">16<\/td>\n<td width=\"205\">Lenguaje de comandos<\/td>\n<td width=\"304\">C\u00f3digo G<\/td>\n<\/tr>\n<tr>\n<td width=\"43\">17<\/td>\n<td width=\"205\">Sistema operativo<\/td>\n<td width=\"304\">Sistema de control Syntec<\/td>\n<\/tr>\n<tr>\n<td width=\"43\">18<\/td>\n<td width=\"205\">Interfaz de ordenador<\/td>\n<td width=\"304\">USB<\/td>\n<\/tr>\n<tr>\n<td width=\"43\">19<\/td>\n<td width=\"205\">Memoria Flash<\/td>\n<td width=\"304\">512M<\/td>\n<\/tr>\n<tr>\n<td width=\"43\">20<\/td>\n<td width=\"205\">Pinza<\/td>\n<td width=\"304\">ISO30<\/td>\n<\/tr>\n<tr>\n<td width=\"43\">21<\/td>\n<td width=\"205\">Resoluci\u00f3n X,Y<\/td>\n<td width=\"304\">&lt;0,01 mm<\/td>\n<\/tr>\n<tr>\n<td width=\"43\">22<\/td>\n<td width=\"205\">Compatibilidad del software<\/td>\n<td width=\"304\">\u00a0software powermill UG<\/td>\n<\/tr>\n<tr>\n<td width=\"43\">23<\/td>\n<td width=\"205\">Temperatura ambiente de funcionamiento<\/td>\n<td width=\"304\">0 - 45 grados cent\u00edgrados<\/td>\n<\/tr>\n<tr>\n<td width=\"43\">24<\/td>\n<td width=\"205\">Humedad relativa<\/td>\n<td width=\"304\">30% - 75%<\/td>\n<\/tr>\n<tr>\n<td width=\"43\">25<\/td>\n<td width=\"205\">Tama\u00f1o del embalaje<\/td>\n<td width=\"304\">6800X2100X2300mm<\/td>\n<\/tr>\n<tr>\n<td width=\"43\">26<\/td>\n<td width=\"205\">N.O.<\/td>\n<td width=\"304\">10000KG<\/td>\n<\/tr>\n<tr>\n<td width=\"43\">27<\/td>\n<td width=\"205\">G.W.<\/td>\n<td width=\"304\">12500KG<\/td>\n<\/tr>\n<tr>\n<td rowspan=\"6\" width=\"43\">28<\/td>\n<td rowspan=\"6\" width=\"205\">Piezas opcionales<\/td>\n<td width=\"304\">Captadores de polvo para tres ejes<\/td>\n<\/tr>\n<tr>\n<td width=\"304\">Bomba de vac\u00edo<\/td>\n<\/tr>\n<tr>\n<td width=\"304\">Sistema rotativo<\/td>\n<\/tr>\n<tr>\n<td width=\"304\">Sistema de refrigeraci\u00f3n por niebla<\/td>\n<\/tr>\n<tr>\n<td width=\"304\">Servomotores Delta\/ Panasonic<\/td>\n<\/tr>\n<tr>\n<td width=\"304\">Husillo Colombo<\/td>\n<\/tr>\n<\/tbody>\n<\/table>\n<p>&nbsp;<\/p>\n<p><strong><b>\u00a0DETALLES DE PRODUCCI\u00d3N\u00a0<\/b><\/strong><\/p>\n<p>Despu\u00e9s de soldar, la mesa se aplana para asegurar que la mesa est\u00e9 al mismo nivel y garantizar una alta precisi\u00f3n.<\/p>\n<p>Italia, HSD husillo, las caracter\u00edsticas son de alta velocidad y bajo ruido. El husillo ha pasado la prueba de IP65 a prueba de agua y polvo, el rodamiento cer\u00e1mico es termoestable. La velocidad m\u00e1xima es de 24000RPM, el corte de alta resistencia est\u00e1 disponible para alta precisi\u00f3n y la abrasi\u00f3n del rodamiento. El sistema de refrigeraci\u00f3n por aire interior y exterior prolonga la vida \u00fatil del husillo.<\/p>\n<p>Controlador syntec R\u00e1pida respuesta, PLC, gran estabilidad, gran capacidad de control, alta sensibilidad, posibilidad de desarrollo secundario y de a\u00f1adir funciones a voluntad<\/p>\n<p>El sistema de control tiene una alta precisi\u00f3n, un funcionamiento diversificado y un mecanismo de protecci\u00f3n para evitar la colisi\u00f3n mec\u00e1nica causada por la operaci\u00f3n de sobrecarrera.<\/p>\n<p>cambio autom\u00e1tico de herramientas de 8 piezas para ahorrar tiempo de trabajo colocktime y anticoloc cambio de alta eficiencia de trabajo<\/p>\n<p>muestra de trabajo por el cliente haciendo uso de suntec 4 ejes cnc ST-2030 molde<\/p>\n<p>molde de madera del impulsor por suntec ST-1830 giro 180 grados 4 ejes cnc router<\/p>\n<p>orugas zapatos molde por suntec 4 ejes cnc centro de la m\u00e1quina de precisi\u00f3n de 0,1 mm<\/p>\n<p>El husillo puede girar 180 grados (\u00b190 grados), puede hacer multikinds de superficie<\/p>\n<p>Utilizamos componentes de primera calidad para las m\u00e1quinas, como el husillo HSD, el husillo Hitec ISO 30 24000 rpm, el controlador Syntec \/OSAI\/tpa opcional, el inversor Delta, los servomotores Yaskawa y la caja de control independiente, el revestimiento Hiwin PMI, etc., para mantener la m\u00e1quina en las mejores condiciones incluso despu\u00e9s de muchos a\u00f1os de trabajo.<\/p>\n<p>3.Con acero duro, que es apto para el trabajo de la madera dura, como el corte y el grabado en Roseod<\/p>\n<p>para muebles, decoraci\u00f3n de interiores. 3d molde de madera, espuma de eps molde de pl\u00e1stico, etc de alta precisi\u00f3n de fabricaci\u00f3n<\/p>\n<p>Centro de fresado lateral de 5 ejes con gu\u00eda cuadrada de fresado para garantizar una alta precisi\u00f3n<\/p>\n<p>Lijado para reducir el polvo steelitsel para asegurarse de paiting bien y no scrab<\/p>\n<p>Todo el heattreatment de la tabla de la estructura para deducir el acero s\u00ed mismo rigidez para asegurarse del uso del longlife no deformado.<\/p>\n<p>Pesado p\u00f3rtico de mesa cuadrada de fresado por cnc center<\/p>\n<p>Mesa de chapa de acero con ranura en T para soportar material de alta resistencia y garantizar que la mesa no se deforme<\/p>\n<p>&nbsp;<\/p>\n<p><strong><b>\u00a0MESA DE ACERO PARA OPCIONAL , MESA DE ALUMINIO NORMAL CON PVC , TODO DE ACUERDO A SUS REQUIRMENTS PARA ELEGIR E MESA\u00a0<\/b><\/strong><\/p>\n<p>9kw HSD husillo 24000 rpm cuchilla de corte y husillo giratorio al mismo tiempo todo el tiempo por lo que no hay cortador de swing y ATC bien . cliente que trabaja 16 horas todos los d\u00edas utilizando 6 a\u00f1os todav\u00eda bien .<\/p>\n<p>Syntec controlador de alta sensibilidad fuerte estabilidad capacidad de control y retroalimentaci\u00f3n r\u00e1pida, lo importante es que puede segundo desarrollo si desea agregar un fuction s\u00f3lo tiene que enviar el archivo a continuaci\u00f3n, utilizar directamente,<\/p>\n<p>Cambio autom\u00e1tico de herramientas 8 piezas, fresa seg\u00fan el material a elegir, si hace molde primero necesita fresado basto necesita fresa recta de 150-200mm luego fresado fino necesita fresa de 50mm para frenar el fresado para asegurar la precisi\u00f3n.<\/p>","protected":false},"excerpt":{"rendered":"<p>CNC de gran formato (\u00e1rea de 3x4 m) con husillo HSD de 180\u00b0 para moldes complejos (aeroespacial\/construcci\u00f3n naval). Precisi\u00f3n de \u00b10,01 mm mediante bastidor de acero con tratamiento t\u00e9rmico y gu\u00edas Hiwin. Componentes Yaskawa\/Syntec de alta calidad que garantizan una velocidad y fiabilidad de 40 m\/min. El ATC opcional, el eje giratorio y la mesa de acero mejoran el procesamiento de alta resistencia.<\/p>","protected":false},"featured_media":1609,"template":"","meta":{"_gspb_post_css":""},"product_brand":[],"product_cat":[39],"product_tag":[],"class_list":{"0":"post-1608","1":"product","2":"type-product","3":"status-publish","4":"has-post-thumbnail","6":"product_cat-4-axis-cnc-router","8":"first","9":"instock","10":"shipping-taxable","11":"product-type-simple"},"_links":{"self":[{"href":"https:\/\/sunteccncrouter.com\/es\/wp-json\/wp\/v2\/product\/1608","targetHints":{"allow":["GET"]}}],"collection":[{"href":"https:\/\/sunteccncrouter.com\/es\/wp-json\/wp\/v2\/product"}],"about":[{"href":"https:\/\/sunteccncrouter.com\/es\/wp-json\/wp\/v2\/types\/product"}],"wp:featuredmedia":[{"embeddable":true,"href":"https:\/\/sunteccncrouter.com\/es\/wp-json\/wp\/v2\/media\/1609"}],"wp:attachment":[{"href":"https:\/\/sunteccncrouter.com\/es\/wp-json\/wp\/v2\/media?parent=1608"}],"wp:term":[{"taxonomy":"product_brand","embeddable":true,"href":"https:\/\/sunteccncrouter.com\/es\/wp-json\/wp\/v2\/product_brand?post=1608"},{"taxonomy":"product_cat","embeddable":true,"href":"https:\/\/sunteccncrouter.com\/es\/wp-json\/wp\/v2\/product_cat?post=1608"},{"taxonomy":"product_tag","embeddable":true,"href":"https:\/\/sunteccncrouter.com\/es\/wp-json\/wp\/v2\/product_tag?post=1608"}],"curies":[{"name":"wp","href":"https:\/\/api.w.org\/{rel}","templated":true}]}}