{"id":1637,"date":"2025-06-13T12:35:41","date_gmt":"2025-06-13T12:35:41","guid":{"rendered":"https:\/\/sunteccncrouter.com\/?post_type=product&#038;p=1637"},"modified":"2025-06-19T07:29:14","modified_gmt":"2025-06-19T07:29:14","slug":"automatic-loading-unloading-labelling-nesting-cnc-router","status":"publish","type":"product","link":"https:\/\/sunteccncrouter.com\/es\/automatic-loading-unloading-labelling-nesting-cnc-router\/","title":{"rendered":"carga autom\u00e1tica descarga etiquetado nesting CNC router ST-2130"},"content":{"rendered":"<p>1) Mesa de vac\u00edo: Doble capa de PVC, 5 zonas de vac\u00edo para diferentes tama\u00f1os de panel. Mesa de PVC de 35 mm de espesor cada agujero de vac\u00edo de 8 mm para asegurarse de que la madera MDF adsobtion bien.<\/p>\n<p>2) Armario el\u00e9ctrico y panel de control independientes<\/p>\n<p>3). El ciclo de trabajo completo de carga, anidado, perforaci\u00f3n y descarga se realiza autom\u00e1ticamente, lo que se traduce en una productividad m\u00e1xima y un tiempo de inactividad nulo.<\/p>\n<p>4). Componentes de marcas l\u00edderes como el husillo italiano HSD (cambiador autom\u00e1tico de herramientas), los servomotores japoneses Yaskawa, el controlador Syntec de Taiw\u00e1n, el reductor y las transmisiones Shimpo de Jap\u00f3n garantizan una alta eficacia.<\/p>\n<p>5). Programa de cambio de herramienta autom\u00e1tico avanzado de alta eficiencia, sin intervenci\u00f3n humana, programa autom\u00e1ticamente.<\/p>\n<p>6). Mediante el tratamiento de templado y envejecimiento de la bancada de torno de soldadura general de calidad industrial, se evita la deformaci\u00f3n y se mejoran la estabilidad y la precisi\u00f3n de procesamiento de la m\u00e1quina herramienta.<\/p>\n<p>7). Almac\u00e9n de herramientas de carrusel puede contener hasta 12 herramientas o atc lineal para HSKF63 o ISO30 . Adoptado Yaskawa servo motor revista para garantizar una alta repetibilidad, alta eficiencia.<\/p>\n<p>8). Verdaderamente vers\u00e1til: anidado, fresado, taladrado vertical, corte, fresado lateral y rectificado de cantos, todo en uno. Es muy adecuada para la producci\u00f3n de muebles de panel, muebles de oficina y armarios.<br \/>\n<strong><b><br \/>\n<\/b><\/strong><strong><b>Ventaja<\/b><\/strong><strong><b><br \/>\n<\/b><\/strong>1. Aumentar el uso de material 10%<br \/>\n2. Reducir la dependencia de los trabajadores t\u00e9cnicos.<br \/>\n3.Disminuci\u00f3n del procedimiento de clasificaci\u00f3n y del error de clasificaci\u00f3n.<br \/>\n4. Ahorra tiempo y mano de obra en el procesamiento de piezas complicadas.<br \/>\n5. Tambi\u00e9n puede ranurar y taladrar.<br \/>\n6. Mejorar la calidad del producto y la eficiencia.<br \/>\n7. Optimizar el procedimiento tecnol\u00f3gico, reducir el coste de producci\u00f3n.<\/p>\n<table>\n<tbody>\n<tr>\n<td width=\"144\">Modelo<\/td>\n<td width=\"133\">ST-2138<\/td>\n<td width=\"184\">\u00a0\u00a0\u00a0\u00a0\u00a0\u00a0ST-1352<\/td>\n<td width=\"147\">ST-1332<\/td>\n<\/tr>\n<tr>\n<td width=\"144\">Tama\u00f1o de viaje<\/td>\n<td width=\"133\">2100*3800*500mm<\/td>\n<td width=\"184\">1300*5200*300mm<\/td>\n<td width=\"147\">1300*3200*300<\/td>\n<\/tr>\n<tr>\n<td width=\"144\">Tama\u00f1o m\u00e1ximo de trabajo<\/td>\n<td width=\"133\">4600*2300*1800mm<\/td>\n<td width=\"184\">2200*6500*1800mm<\/td>\n<td width=\"147\">2200*5000*1800mm<\/td>\n<\/tr>\n<tr>\n<td width=\"144\">Zona de trabajo<\/td>\n<td colspan=\"3\" width=\"464\">Zona de trabajo 15\/7\/7 seg\u00fan el tama\u00f1o del tablero de trabajo<\/td>\n<\/tr>\n<tr>\n<td width=\"144\">Transmisi\u00f3n<\/td>\n<td colspan=\"2\" width=\"317\">Transmisi\u00f3n X\/Y por cremallera, transmisi\u00f3n Z por husillo de bolas<\/td>\n<td width=\"147\"><\/td>\n<\/tr>\n<tr>\n<td width=\"144\">Estructura del cuadro<\/td>\n<td colspan=\"3\" width=\"464\">\u00a0Mesa de estructura pesada con chapa de acero<\/td>\n<\/tr>\n<tr>\n<td width=\"144\">Potencia del husillo<\/td>\n<td colspan=\"3\" width=\"464\">9 KW\/Enfriamiento por aire\/ISO30<\/p>\n<p>0r 11 KW\/Refrigeraci\u00f3n por aire\/HSK-F63<\/td>\n<\/tr>\n<tr>\n<td width=\"144\">Sistema de conducci\u00f3n<\/td>\n<td colspan=\"3\" width=\"464\">850 Servomotor\/Yaskawa<\/td>\n<\/tr>\n<tr>\n<td width=\"144\">Controlador<\/td>\n<td width=\"133\">CONTROLADOR OSAI<\/td>\n<td colspan=\"2\" width=\"331\">Controlador NC<\/td>\n<\/tr>\n<tr>\n<td width=\"144\">Velocidad m\u00e1xima del husillo<\/td>\n<td colspan=\"3\" width=\"464\">24000r\/min<\/td>\n<\/tr>\n<tr>\n<td width=\"144\">Velocidad m\u00e1xima de desplazamiento<\/td>\n<td colspan=\"3\" width=\"464\">80 m\/min<\/td>\n<\/tr>\n<tr>\n<td width=\"144\">Velocidad de trabajo<\/td>\n<td colspan=\"3\" width=\"464\">20 m\/min<\/td>\n<\/tr>\n<tr>\n<td width=\"144\">Precisi\u00f3n de reposicionamiento<\/td>\n<td colspan=\"3\" width=\"464\">+\/- 0,025 mm<\/td>\n<\/tr>\n<tr>\n<td width=\"144\">Revista de herramientas<\/td>\n<td colspan=\"3\" width=\"464\">Lineal atc 12<\/td>\n<\/tr>\n<tr>\n<td width=\"144\">Tensi\u00f3n<\/td>\n<td colspan=\"3\" width=\"464\">AC400\/3PH\/50HZ<\/td>\n<\/tr>\n<tr>\n<td width=\"144\">Cabezal de mandrinar<\/td>\n<td colspan=\"3\" width=\"464\">9V3H1S\/FAM \/Italia<\/td>\n<\/tr>\n<tr>\n<td width=\"144\">Unidad de perforaci\u00f3n opcional<\/td>\n<td width=\"133\">9V6H1S\/ 7V4H\/ 12V8H2S<\/td>\n<td width=\"184\">10V4H2S\/ 7V4H\/ 12V8H2S<\/td>\n<td width=\"147\">9V3H1S<\/td>\n<\/tr>\n<tr>\n<td width=\"144\">Peso neto<\/td>\n<td width=\"133\">5600KGS<\/td>\n<td width=\"184\">\u00a0\u00a05600KGS<\/td>\n<td width=\"147\">5600KGS<\/td>\n<\/tr>\n<\/tbody>\n<\/table>\n<p>&nbsp;<\/p>","protected":false},"excerpt":{"rendered":"<p>Automatizaci\u00f3n sin tiempos muertos: ciclo completo de carga-anidamiento-fresado-descarga. Mesa de vac\u00edo de 5 zonas que aumenta el aprovechamiento del material 10%. ATC de 12 herramientas y velocidad de 80 m\/min con componentes HSD\/Yaskawa\/OSAI. La soldadura industrial garantiza una precisi\u00f3n de \u00b10,025 mm para la producci\u00f3n de armarios\/muebles.<\/p>","protected":false},"featured_media":1638,"template":"","meta":{"_gspb_post_css":""},"product_brand":[],"product_cat":[61],"product_tag":[],"class_list":{"0":"post-1637","1":"product","2":"type-product","3":"status-publish","4":"has-post-thumbnail","6":"product_cat-nesting-cnc-router","8":"first","9":"instock","10":"shipping-taxable","11":"product-type-simple"},"_links":{"self":[{"href":"https:\/\/sunteccncrouter.com\/es\/wp-json\/wp\/v2\/product\/1637","targetHints":{"allow":["GET"]}}],"collection":[{"href":"https:\/\/sunteccncrouter.com\/es\/wp-json\/wp\/v2\/product"}],"about":[{"href":"https:\/\/sunteccncrouter.com\/es\/wp-json\/wp\/v2\/types\/product"}],"wp:featuredmedia":[{"embeddable":true,"href":"https:\/\/sunteccncrouter.com\/es\/wp-json\/wp\/v2\/media\/1638"}],"wp:attachment":[{"href":"https:\/\/sunteccncrouter.com\/es\/wp-json\/wp\/v2\/media?parent=1637"}],"wp:term":[{"taxonomy":"product_brand","embeddable":true,"href":"https:\/\/sunteccncrouter.com\/es\/wp-json\/wp\/v2\/product_brand?post=1637"},{"taxonomy":"product_cat","embeddable":true,"href":"https:\/\/sunteccncrouter.com\/es\/wp-json\/wp\/v2\/product_cat?post=1637"},{"taxonomy":"product_tag","embeddable":true,"href":"https:\/\/sunteccncrouter.com\/es\/wp-json\/wp\/v2\/product_tag?post=1637"}],"curies":[{"name":"wp","href":"https:\/\/api.w.org\/{rel}","templated":true}]}}