{"id":1539,"date":"2025-06-10T03:49:52","date_gmt":"2025-06-10T03:49:52","guid":{"rendered":"https:\/\/sunteccncrouter.com\/?post_type=product&#038;p=1539"},"modified":"2025-06-10T03:50:23","modified_gmt":"2025-06-10T03:50:23","slug":"stone-aluminum-5-axis-cnc-router-for-foundry-pattern-machining","status":"publish","type":"product","link":"https:\/\/sunteccncrouter.com\/fr\/stone-aluminum-5-axis-cnc-router-for-foundry-pattern-machining\/","title":{"rendered":"Machine \u00e0 calculer CNC \u00e0 5 axes pour l'usinage de mod\u00e8les de fonderie ST-2550"},"content":{"rendered":"<p><strong><b>D\u00e9tails de l'axe Suntec 5\u00a0<\/b><\/strong><\/p>\n<ol>\n<li>suntec 5 axes XYZAC 5 axes XYZ 3 axes move A +_110 C axis +_245 degree rotary<\/li>\n<\/ol>\n<p>qui peut fraiser, couper, sculpter, graver la surface des mat\u00e9riaux de travail tels que les mat\u00e9riaux composites comme la fibre de verre, le carbone, la mousse Eps, le styrofoam, le plastique, l'aluminium, le bois dur, etc. Le Suntec 5 axes peut appliquer la tuy\u00e8re d'un moteur de fus\u00e9e liquide au c\u00f4ne de nez d'une navette spatiale, au disque de frein d'un avion, \u00e0 un moule en bois,<\/p>\n<p>voiture avion bateau yacht pi\u00e8ces moul\u00e9es moulage non-m\u00e9tal moules etc .<\/p>\n<ol start=\"2\">\n<li>suntec 5 axis all used Top-brand parts HSD spindle hitec spindle italy Demas 5 axis head ,hsd spindle TPA osai or syntec controller . japan yaskawa absolutely driver and motor helica 3M gear to make sure high precision 0.1mm can be used longlife and low cost low time to maintenance .<\/li>\n<li>Suntec 5 axes utilise de l'acier de forte \u00e9paisseur soud\u00e9, certaines pi\u00e8ces ont une \u00e9paisseur de 12 mm, d'autres de 20 mm. Les bras du portique sont trait\u00e9s pour se supprimer la rigidit\u00e9 afin d'assurer une longue dur\u00e9e de vie sans d\u00e9formation. La structure est usin\u00e9e par 5 centres cnc pour fraiser une jambe carr\u00e9e, ce qui prend 3 \u00e0 5 jours. Le centre cnc 5 c\u00f4t\u00e9s fraise \u00e0 basse vitesse et \u00e0 couple \u00e9lev\u00e9 pour assurer une haute pr\u00e9cision.<\/li>\n<li>Suntec 5 axis working table cast iron table one table from 5-20t according to your working material to decide which also can make sure high precision .<\/li>\n<li>Suntec 5 axis cnc install use laser to adjust XYZAX callbrate alignment to ensure high<\/li>\n<\/ol>\n<p>pr\u00e9cision .<\/p>\n<table>\n<tbody>\n<tr>\n<td width=\"46\">Nombre<\/td>\n<td width=\"217\">Description<\/td>\n<td width=\"289\">Param\u00e8tres<\/td>\n<\/tr>\n<tr>\n<td width=\"46\">1<\/td>\n<td width=\"217\">X,Y,Z Zone de travail<\/td>\n<td width=\"289\">2500*5000*2000mm<\/td>\n<\/tr>\n<tr>\n<td width=\"46\">2<\/td>\n<td width=\"217\">Taille du tableau<\/td>\n<td width=\"289\">4300\u00d78000mm<\/td>\n<\/tr>\n<tr>\n<td width=\"46\">3<\/td>\n<td width=\"217\">X,Y,Z Pr\u00e9cision du positionnement de d\u00e9placement<\/td>\n<td width=\"289\">\u00b10,01\/2000mm<\/td>\n<\/tr>\n<tr>\n<td width=\"46\">4<\/td>\n<td width=\"217\">Un axe<\/td>\n<td width=\"289\">A \u00b1110 degr\u00e9s<\/td>\n<\/tr>\n<tr>\n<td width=\"46\">5<\/td>\n<td width=\"217\">C rotatif<\/td>\n<td width=\"289\">C\u00b1 245 degr\u00e9s<\/td>\n<\/tr>\n<tr>\n<td width=\"46\">5<\/td>\n<td width=\"217\">Type d\u00e9plac\u00e9<\/td>\n<td width=\"289\">\u00a0Portique d\u00e9plac\u00e9<\/td>\n<\/tr>\n<tr>\n<td width=\"46\">6<\/td>\n<td width=\"217\">Cadre<\/td>\n<td width=\"289\">Structure de gros tubes d'acier avec traitement thermique<\/td>\n<\/tr>\n<tr>\n<td width=\"46\">7<\/td>\n<td width=\"217\">X, Y Structure<\/td>\n<td width=\"289\">Entra\u00eenement par cr\u00e9maill\u00e8re et pignon, roulements lin\u00e9aires Hiwin Rail<\/td>\n<\/tr>\n<tr>\n<td width=\"46\">8<\/td>\n<td width=\"217\">Z Structure<\/td>\n<td width=\"289\">Roulements lin\u00e9aires Hiwin et vis \u00e0 billes TBI<\/td>\n<\/tr>\n<tr>\n<td width=\"46\">9<\/td>\n<td width=\"217\">Max. Consommation \u00e9lectrique<\/td>\n<td width=\"289\">(sans broche) 12 Kw<\/td>\n<\/tr>\n<tr>\n<td width=\"46\">10<\/td>\n<td width=\"217\">Max. Vitesse de d\u00e9placement rapide<\/td>\n<td width=\"289\">40000mm\/min<\/td>\n<\/tr>\n<tr>\n<td width=\"46\">11<\/td>\n<td width=\"217\">Vitesse de travail max. Vitesse de travail<\/td>\n<td width=\"289\">30000mm\/min<\/td>\n<\/tr>\n<tr>\n<td width=\"46\">12<\/td>\n<td width=\"217\">Puissance de la broche<\/td>\n<td width=\"289\">18kw<\/td>\n<\/tr>\n<tr>\n<td width=\"46\">13<\/td>\n<td width=\"217\">Vitesse de la broche<\/td>\n<td width=\"289\">0-24000RPM<\/td>\n<\/tr>\n<tr>\n<td width=\"46\">14<\/td>\n<td width=\"217\">Moteurs d'entra\u00eenement<\/td>\n<td width=\"289\">Moteurs Yaskawa<\/td>\n<\/tr>\n<tr>\n<td width=\"46\">15<\/td>\n<td width=\"217\">Tension de fonctionnement<\/td>\n<td width=\"289\">AC380V\/50\/60Hz,3PH (Option : 220V))<\/td>\n<\/tr>\n<tr>\n<td width=\"46\">16<\/td>\n<td width=\"217\">Langage de commande<\/td>\n<td width=\"289\">G Code<\/td>\n<\/tr>\n<tr>\n<td width=\"46\">17<\/td>\n<td width=\"217\">Syst\u00e8me d'exploitation<\/td>\n<td width=\"289\">Syntec Control System\/TPA \/osai<\/td>\n<\/tr>\n<tr>\n<td width=\"46\">18<\/td>\n<td width=\"217\">Interface informatique<\/td>\n<td width=\"289\">USB<\/td>\n<\/tr>\n<tr>\n<td width=\"46\">19<\/td>\n<td width=\"217\">M\u00e9moire flash<\/td>\n<td width=\"289\">512M<\/td>\n<\/tr>\n<tr>\n<td width=\"46\">20<\/td>\n<td width=\"217\">Collet<\/td>\n<td width=\"289\">HSK-F63<\/td>\n<\/tr>\n<tr>\n<td width=\"46\">21<\/td>\n<td width=\"217\">R\u00e9solution X,Y<\/td>\n<td width=\"289\">&lt;0,01mm<\/td>\n<\/tr>\n<tr>\n<td width=\"46\">22<\/td>\n<td width=\"217\">Compatibilit\u00e9 des logiciels<\/td>\n<td width=\"289\">\u00a0Logiciel powermill UG<\/td>\n<\/tr>\n<tr>\n<td width=\"46\">23<\/td>\n<td width=\"217\">Temp\u00e9rature de l'environnement de travail<\/td>\n<td width=\"289\">0 - 45 degr\u00e9s Celsius<\/td>\n<\/tr>\n<tr>\n<td width=\"46\">24<\/td>\n<td width=\"217\">Humidit\u00e9 relative<\/td>\n<td width=\"289\">30% - 75%<\/td>\n<\/tr>\n<tr>\n<td width=\"46\">25<\/td>\n<td width=\"217\">Taille de l'emballage<\/td>\n<td width=\"289\">4500X2100X2300mm<\/td>\n<\/tr>\n<tr>\n<td width=\"46\">26<\/td>\n<td width=\"217\">N.W.<\/td>\n<td width=\"289\">16000KG<\/td>\n<\/tr>\n<tr>\n<td width=\"46\">27<\/td>\n<td width=\"217\">G.W.<\/td>\n<td width=\"289\">18000kG<\/td>\n<\/tr>\n<tr>\n<td rowspan=\"7\" width=\"46\">28<\/td>\n<td rowspan=\"7\" width=\"217\">Pi\u00e8ces optionnelles<\/td>\n<td width=\"289\">D\u00e9poussi\u00e9reurs \/ hottes pour trois axes<\/td>\n<\/tr>\n<tr>\n<td width=\"289\">Pompe \u00e0 vide<\/td>\n<\/tr>\n<tr>\n<td width=\"289\">Syst\u00e8me rotatif<\/td>\n<\/tr>\n<tr>\n<td width=\"289\">Syst\u00e8me de refroidissement par brouillard<\/td>\n<\/tr>\n<tr>\n<td width=\"289\">Servomoteurs Delta\/ Panasonic<\/td>\n<\/tr>\n<tr>\n<td width=\"289\">Broche Colombo<\/td>\n<\/tr>\n<tr>\n<td width=\"289\">Tableau Schmalz PTP<\/td>\n<\/tr>\n<\/tbody>\n<\/table>\n<p>&nbsp;<\/p>","protected":false},"excerpt":{"rendered":"<p>Ma\u00eetrise des pi\u00e8ces surdimensionn\u00e9es (capacit\u00e9 de 2500\u00d75000\u00d72000 mm) gr\u00e2ce \u00e0 la puissance de la broche industrielle de 18 kW et \u00e0 la stabilit\u00e9 du portique. Pr\u00e9cision au micron pr\u00e8s (\u00b10,01\/2000 mm) gr\u00e2ce \u00e0 l'\u00e9talonnage au laser et \u00e0 des composants de premi\u00e8re qualit\u00e9 (t\u00eate Demas italienne, moteurs Yaskawa). La rotation extr\u00eame de \u00b1110\u00b0A\/\u00b1245\u00b0C permet de traiter des outils complexes pour l'a\u00e9rospatiale, l'arm\u00e9e et les moules. La construction robuste en acier trait\u00e9 thermiquement de 12 \u00e0 20 mm r\u00e9siste \u00e0 des charges de 5 \u00e0 20 tonnes. Traite les composites, les m\u00e9taux, le bois \u00e0 des vitesses de 40 m\/min avec des broches HSD\/Colombo \u00e9volutives (24k RPM) et une table \u00e0 vide Schmalz.<\/p>","protected":false},"featured_media":1540,"template":"","meta":{"_gspb_post_css":""},"product_brand":[],"product_cat":[40],"product_tag":[],"class_list":{"0":"post-1539","1":"product","2":"type-product","3":"status-publish","4":"has-post-thumbnail","6":"product_cat-5-axis-cnc-router","8":"first","9":"instock","10":"shipping-taxable","11":"product-type-simple"},"_links":{"self":[{"href":"https:\/\/sunteccncrouter.com\/fr\/wp-json\/wp\/v2\/product\/1539","targetHints":{"allow":["GET"]}}],"collection":[{"href":"https:\/\/sunteccncrouter.com\/fr\/wp-json\/wp\/v2\/product"}],"about":[{"href":"https:\/\/sunteccncrouter.com\/fr\/wp-json\/wp\/v2\/types\/product"}],"wp:featuredmedia":[{"embeddable":true,"href":"https:\/\/sunteccncrouter.com\/fr\/wp-json\/wp\/v2\/media\/1540"}],"wp:attachment":[{"href":"https:\/\/sunteccncrouter.com\/fr\/wp-json\/wp\/v2\/media?parent=1539"}],"wp:term":[{"taxonomy":"product_brand","embeddable":true,"href":"https:\/\/sunteccncrouter.com\/fr\/wp-json\/wp\/v2\/product_brand?post=1539"},{"taxonomy":"product_cat","embeddable":true,"href":"https:\/\/sunteccncrouter.com\/fr\/wp-json\/wp\/v2\/product_cat?post=1539"},{"taxonomy":"product_tag","embeddable":true,"href":"https:\/\/sunteccncrouter.com\/fr\/wp-json\/wp\/v2\/product_tag?post=1539"}],"curies":[{"name":"wp","href":"https:\/\/api.w.org\/{rel}","templated":true}]}}