{"id":1551,"date":"2025-06-12T02:31:11","date_gmt":"2025-06-12T02:31:11","guid":{"rendered":"https:\/\/sunteccncrouter.com\/?post_type=product&#038;p=1551"},"modified":"2025-06-12T02:31:11","modified_gmt":"2025-06-12T02:31:11","slug":"customized-furniture-making-5-axis-cnc-router-center","status":"publish","type":"product","link":"https:\/\/sunteccncrouter.com\/fr\/customized-furniture-making-5-axis-cnc-router-center\/","title":{"rendered":"Centre d'usinage CNC \u00e0 5 axes ST-1525 pour la fabrication de meubles sur mesure"},"content":{"rendered":"<p>Il peut \u00eatre utilis\u00e9 pour les meubles en bois massif, le PVC\/PP\/PE, l'ABS, le caoutchouc, le polyur\u00e9thane, la fibre de verre, la fibre de carbone et d'autres mat\u00e9riaux composites pour le rainurage, le chanfreinage, le poin\u00e7onnage, les rainures en crochet et d'autres processus et angles multiples de traitement de haute pr\u00e9cision et de haute efficacit\u00e9.<\/p>\n<table>\n<tbody>\n<tr>\n<td width=\"42\">Nombre<\/td>\n<td width=\"196\">Description<\/td>\n<td width=\"265\">Param\u00e8tres<\/td>\n<\/tr>\n<tr>\n<td width=\"42\">1<\/td>\n<td width=\"196\">X,Y,Z Zone de travail<\/td>\n<td width=\"265\">1500*2500*600mm<\/td>\n<\/tr>\n<tr>\n<td width=\"42\">2<\/td>\n<td width=\"196\">Taille du tableau<\/td>\n<td width=\"265\">2000\u00d73500mm<\/td>\n<\/tr>\n<tr>\n<td width=\"42\">3<\/td>\n<td width=\"196\">X,Y,Z Pr\u00e9cision du positionnement de d\u00e9placement<\/td>\n<td width=\"265\">\u00b10,01\/600mm<\/td>\n<\/tr>\n<tr>\n<td width=\"42\">4<\/td>\n<td width=\"196\">A C ROTARY<\/td>\n<td width=\"265\">A 110 degr\u00e9s C 220 degr\u00e9s<\/td>\n<\/tr>\n<tr>\n<td width=\"42\">5<\/td>\n<td width=\"196\">Surface de la table<\/td>\n<td width=\"265\">Table \u00e0 vide avec ventouses pour la fixation de petits meubles<\/td>\n<\/tr>\n<tr>\n<td width=\"42\">6<\/td>\n<td width=\"196\">Cadre<\/td>\n<td width=\"265\">Structure de gros tubes d'acier avec traitement thermique<\/td>\n<\/tr>\n<tr>\n<td width=\"42\">7<\/td>\n<td width=\"196\">X, Y Structure<\/td>\n<td width=\"265\">Entra\u00eenement par cr\u00e9maill\u00e8re et pignon, roulements lin\u00e9aires Hiwin Rail<\/td>\n<\/tr>\n<tr>\n<td width=\"42\">8<\/td>\n<td width=\"196\">Z Structure<\/td>\n<td width=\"265\">Roulements lin\u00e9aires et vis \u00e0 billes Hiwin Rail<\/td>\n<\/tr>\n<tr>\n<td width=\"42\">9<\/td>\n<td width=\"196\">Max. Consommation \u00e9lectrique<\/td>\n<td width=\"265\">(sans broche) 10 Kw<\/td>\n<\/tr>\n<tr>\n<td width=\"42\">10<\/td>\n<td width=\"196\">Max. Vitesse de d\u00e9placement rapide<\/td>\n<td width=\"265\">40000mm\/min<\/td>\n<\/tr>\n<tr>\n<td width=\"42\">11<\/td>\n<td width=\"196\">Vitesse de travail max. Vitesse de travail<\/td>\n<td width=\"265\">30000mm\/min<\/td>\n<\/tr>\n<tr>\n<td width=\"42\">12<\/td>\n<td width=\"196\">Puissance de la broche<\/td>\n<td width=\"265\">12 kw<\/td>\n<\/tr>\n<tr>\n<td width=\"42\">13<\/td>\n<td width=\"196\">Vitesse de la broche<\/td>\n<td width=\"265\">0-24000RPM<\/td>\n<\/tr>\n<tr>\n<td width=\"42\">14<\/td>\n<td width=\"196\">Moteurs d'entra\u00eenement<\/td>\n<td width=\"265\">\u00a0Moteurs Yaskawa<\/td>\n<\/tr>\n<tr>\n<td width=\"42\">15<\/td>\n<td width=\"196\">Tension de fonctionnement<\/td>\n<td width=\"265\">AC380V\/50\/60Hz,3PH (Option : 220V))<\/td>\n<\/tr>\n<tr>\n<td width=\"42\">16<\/td>\n<td width=\"196\">Langage de commande<\/td>\n<td width=\"265\">G Code<\/td>\n<\/tr>\n<tr>\n<td width=\"42\">17<\/td>\n<td width=\"196\">Syst\u00e8me d'exploitation<\/td>\n<td width=\"265\">Syntec Control System\/TPA \/osai<\/td>\n<\/tr>\n<tr>\n<td width=\"42\">18<\/td>\n<td width=\"196\">Interface informatique<\/td>\n<td width=\"265\">USB<\/td>\n<\/tr>\n<tr>\n<td width=\"42\">19<\/td>\n<td width=\"196\">M\u00e9moire flash<\/td>\n<td width=\"265\">512M<\/td>\n<\/tr>\n<tr>\n<td width=\"42\">20<\/td>\n<td width=\"196\">Collet<\/td>\n<td width=\"265\">HSK-F63<\/td>\n<\/tr>\n<tr>\n<td width=\"42\">21<\/td>\n<td width=\"196\">R\u00e9solution X,Y<\/td>\n<td width=\"265\">&lt;0,01mm<\/td>\n<\/tr>\n<tr>\n<td width=\"42\">22<\/td>\n<td width=\"196\">Compatibilit\u00e9 des logiciels<\/td>\n<td width=\"265\">Type3\/UcancameV9 powermill Logiciel UG<\/td>\n<\/tr>\n<tr>\n<td width=\"42\">23<\/td>\n<td width=\"196\">Temp\u00e9rature de l'environnement de travail<\/td>\n<td width=\"265\">0 - 45 degr\u00e9s Celsius<\/td>\n<\/tr>\n<tr>\n<td width=\"42\">24<\/td>\n<td width=\"196\">Humidit\u00e9 relative<\/td>\n<td width=\"265\">30% - 75%<\/td>\n<\/tr>\n<tr>\n<td width=\"42\">25<\/td>\n<td width=\"196\">Taille de l'emballage<\/td>\n<td width=\"265\">5500X2100X2300mm<\/td>\n<\/tr>\n<tr>\n<td width=\"42\">26<\/td>\n<td width=\"196\">N.W.<\/td>\n<td width=\"265\">5000KG<\/td>\n<\/tr>\n<tr>\n<td width=\"42\">27<\/td>\n<td width=\"196\">G.W.<\/td>\n<td width=\"265\">6000kG<\/td>\n<\/tr>\n<tr>\n<td rowspan=\"6\" width=\"42\">28<\/td>\n<td rowspan=\"6\" width=\"196\">Pi\u00e8ces optionnelles<\/td>\n<td width=\"265\">D\u00e9poussi\u00e9reurs \/ hottes pour trois axes<\/td>\n<\/tr>\n<tr>\n<td width=\"265\">Pompe \u00e0 vide<\/td>\n<\/tr>\n<tr>\n<td width=\"265\">Syst\u00e8me rotatif<\/td>\n<\/tr>\n<tr>\n<td width=\"265\">Syst\u00e8me de refroidissement par brouillard<\/td>\n<\/tr>\n<tr>\n<td width=\"265\">Servomoteurs Delta\/ Panasonic<\/td>\n<\/tr>\n<tr>\n<td width=\"265\">Broche Colombo<\/td>\n<\/tr>\n<\/tbody>\n<\/table>\n<p>&nbsp;<\/p>","protected":false},"excerpt":{"rendered":"<p>Con\u00e7u pour le traitement du bois massif, du PVC\/ABS et de la fibre de carbone (pr\u00e9cision de \u00b10,01 mm). Rotation de \u00b1110\u00b0A\/\u00b1220\u00b0C pour les assemblages complexes, les reliefs 3D et le rainurage. La table \u00e0 vide optimis\u00e9e pour le mobilier s\u00e9curise les petites pi\u00e8ces. Les moteurs Yaskawa de premi\u00e8re qualit\u00e9 et la broche de 24k RPM offrent des vitesses de coupe de 40m\/min. Le ch\u00e2ssis en acier trait\u00e9 thermiquement assure la stabilit\u00e9 pendant les op\u00e9rations lourdes de 5 tonnes.<\/p>","protected":false},"featured_media":1553,"template":"","meta":{"_gspb_post_css":""},"product_brand":[],"product_cat":[40],"product_tag":[],"class_list":{"0":"post-1551","1":"product","2":"type-product","3":"status-publish","4":"has-post-thumbnail","6":"product_cat-5-axis-cnc-router","8":"first","9":"instock","10":"shipping-taxable","11":"product-type-simple"},"_links":{"self":[{"href":"https:\/\/sunteccncrouter.com\/fr\/wp-json\/wp\/v2\/product\/1551","targetHints":{"allow":["GET"]}}],"collection":[{"href":"https:\/\/sunteccncrouter.com\/fr\/wp-json\/wp\/v2\/product"}],"about":[{"href":"https:\/\/sunteccncrouter.com\/fr\/wp-json\/wp\/v2\/types\/product"}],"wp:featuredmedia":[{"embeddable":true,"href":"https:\/\/sunteccncrouter.com\/fr\/wp-json\/wp\/v2\/media\/1553"}],"wp:attachment":[{"href":"https:\/\/sunteccncrouter.com\/fr\/wp-json\/wp\/v2\/media?parent=1551"}],"wp:term":[{"taxonomy":"product_brand","embeddable":true,"href":"https:\/\/sunteccncrouter.com\/fr\/wp-json\/wp\/v2\/product_brand?post=1551"},{"taxonomy":"product_cat","embeddable":true,"href":"https:\/\/sunteccncrouter.com\/fr\/wp-json\/wp\/v2\/product_cat?post=1551"},{"taxonomy":"product_tag","embeddable":true,"href":"https:\/\/sunteccncrouter.com\/fr\/wp-json\/wp\/v2\/product_tag?post=1551"}],"curies":[{"name":"wp","href":"https:\/\/api.w.org\/{rel}","templated":true}]}}