{"id":1560,"date":"2025-06-12T02:53:07","date_gmt":"2025-06-12T02:53:07","guid":{"rendered":"https:\/\/sunteccncrouter.com\/?post_type=product&#038;p=1560"},"modified":"2025-06-12T02:53:07","modified_gmt":"2025-06-12T02:53:07","slug":"customized-5-axis-cnc-machining-centres-for-timber-construction","status":"publish","type":"product","link":"https:\/\/sunteccncrouter.com\/fr\/customized-5-axis-cnc-machining-centres-for-timber-construction\/","title":{"rendered":"Centres d'usinage CNC 5 axes personnalis\u00e9s pour la construction en bois"},"content":{"rendered":"<p>Peut \u00eatre utilis\u00e9 pour les maisons anciennes en bois, les constructions en bois.<\/p>\n<table>\n<tbody>\n<tr>\n<td width=\"152\">Description<\/td>\n<td width=\"256\">Param\u00e8tres<\/td>\n<\/tr>\n<tr>\n<td width=\"152\">X,Y,Z Zone de travail<\/td>\n<td width=\"256\">1600*18000*1000mm<\/td>\n<\/tr>\n<tr>\n<td width=\"152\">Taille du tableau<\/td>\n<td width=\"256\">3850\u00d727000mm*3500mm<\/td>\n<\/tr>\n<tr>\n<td width=\"152\">X,Y,Z Pr\u00e9cision du positionnement de d\u00e9placement<\/td>\n<td width=\"256\">\u00b10,01\/1000mm<\/td>\n<\/tr>\n<tr>\n<td width=\"152\">AC<\/td>\n<td width=\"256\">Rotation de 120 et 245 degr\u00e9s<\/td>\n<\/tr>\n<tr>\n<td width=\"152\">Surface de la table<\/td>\n<td width=\"256\">Table en fonte<\/td>\n<\/tr>\n<tr>\n<td width=\"152\">Cadre<\/td>\n<td width=\"256\">Structure de gros tubes d'acier avec traitement thermique<\/td>\n<\/tr>\n<tr>\n<td width=\"152\">X, Y Structure<\/td>\n<td width=\"256\">Entra\u00eenement par cr\u00e9maill\u00e8re et pignon, roulements lin\u00e9aires sur rail de Ta\u00efwan<\/td>\n<\/tr>\n<tr>\n<td width=\"152\">Z Structure<\/td>\n<td width=\"256\">Roulements lin\u00e9aires et vis \u00e0 billes Hiwin Rail<\/td>\n<\/tr>\n<tr>\n<td width=\"152\">Max. Consommation \u00e9lectrique<\/td>\n<td width=\"256\">(sans broche) 15 Kw<\/td>\n<\/tr>\n<tr>\n<td width=\"152\">Max. Vitesse de d\u00e9placement rapide<\/td>\n<td width=\"256\">40000mm\/min<\/td>\n<\/tr>\n<tr>\n<td width=\"152\">Vitesse de travail max. Vitesse de travail<\/td>\n<td width=\"256\">30000mm\/min<\/td>\n<\/tr>\n<tr>\n<td width=\"152\">Puissance de la broche<\/td>\n<td width=\"256\">10\/12\/14<\/td>\n<\/tr>\n<tr>\n<td width=\"152\">Vitesse de la broche<\/td>\n<td width=\"256\">0-24000RPM<\/td>\n<\/tr>\n<tr>\n<td width=\"152\">Moteurs d'entra\u00eenement<\/td>\n<td width=\"256\">XY 1300W Yaskawa Motors Z AXIS1800W<\/td>\n<\/tr>\n<tr>\n<td width=\"152\">Tension de fonctionnement<\/td>\n<td width=\"256\">AC380V\/50\/60Hz,3PH (Option : 220V))<\/td>\n<\/tr>\n<tr>\n<td width=\"152\">Langage de commande<\/td>\n<td width=\"256\">G Code<\/td>\n<\/tr>\n<tr>\n<td width=\"152\">Syst\u00e8me d'exploitation<\/td>\n<td width=\"256\">Syntec Control System\/TPA \/OSAI<\/td>\n<\/tr>\n<tr>\n<td width=\"152\">Interface informatique<\/td>\n<td width=\"256\">USB<\/td>\n<\/tr>\n<tr>\n<td width=\"152\">M\u00e9moire flash<\/td>\n<td width=\"256\">512M<\/td>\n<\/tr>\n<tr>\n<td width=\"152\">Collet<\/td>\n<td width=\"256\">HSKF63 ER40<\/td>\n<\/tr>\n<tr>\n<td width=\"152\">R\u00e9solution X,Y<\/td>\n<td width=\"256\">&lt;0,01mm<\/td>\n<\/tr>\n<tr>\n<td width=\"152\">Compatibilit\u00e9 des logiciels<\/td>\n<td width=\"256\">\u00a0Logiciel powermill UG<\/td>\n<\/tr>\n<tr>\n<td width=\"152\">Temp\u00e9rature de l'environnement de travail<\/td>\n<td width=\"256\">0 - 45 degr\u00e9s Celsius<\/td>\n<\/tr>\n<tr>\n<td width=\"152\">Humidit\u00e9 relative<\/td>\n<td width=\"256\">30% - 75%<\/td>\n<\/tr>\n<tr>\n<td width=\"152\">Taille de l'emballage<\/td>\n<td width=\"256\">5500X2100X2300mm<\/td>\n<\/tr>\n<tr>\n<td width=\"152\">N.W.<\/td>\n<td width=\"256\">46000KG<\/td>\n<\/tr>\n<tr>\n<td width=\"152\">G.W.<\/td>\n<td width=\"256\">48000KG<\/td>\n<\/tr>\n<\/tbody>\n<\/table>\n<p>&nbsp;<\/p>","protected":false},"excerpt":{"rendered":"<p>Con\u00e7ue pour les maisons anciennes en bois et les charpentes en bois avec une capacit\u00e9 d'axe X de 18 m et une construction lourde de 48 tonnes. La table en fonte supporte des poutres surdimensionn\u00e9es tout en atteignant une pr\u00e9cision de \u00b10,01 mm gr\u00e2ce \u00e0 un syst\u00e8me servo Yaskawa calibr\u00e9 au laser (1300 W XY\/1800 W Z) et \u00e0 une broche de 24k RPM (options 10\/12\/14kW). D\u00e9coupe \u00e0 grande vitesse (40m\/min) de menuiseries complexes \u00e0 des angles extr\u00eames A120\u00b0\/C245\u00b0. Commandes Syntec\/OSAI \u00e9prouv\u00e9es dans l'industrie avec compatibilit\u00e9 UG\/PowerMill pour les techniques traditionnelles de travail du bois.<\/p>","protected":false},"featured_media":1561,"template":"","meta":{"_gspb_post_css":""},"product_brand":[],"product_cat":[40],"product_tag":[],"class_list":{"0":"post-1560","1":"product","2":"type-product","3":"status-publish","4":"has-post-thumbnail","6":"product_cat-5-axis-cnc-router","8":"first","9":"instock","10":"shipping-taxable","11":"product-type-simple"},"_links":{"self":[{"href":"https:\/\/sunteccncrouter.com\/fr\/wp-json\/wp\/v2\/product\/1560","targetHints":{"allow":["GET"]}}],"collection":[{"href":"https:\/\/sunteccncrouter.com\/fr\/wp-json\/wp\/v2\/product"}],"about":[{"href":"https:\/\/sunteccncrouter.com\/fr\/wp-json\/wp\/v2\/types\/product"}],"wp:featuredmedia":[{"embeddable":true,"href":"https:\/\/sunteccncrouter.com\/fr\/wp-json\/wp\/v2\/media\/1561"}],"wp:attachment":[{"href":"https:\/\/sunteccncrouter.com\/fr\/wp-json\/wp\/v2\/media?parent=1560"}],"wp:term":[{"taxonomy":"product_brand","embeddable":true,"href":"https:\/\/sunteccncrouter.com\/fr\/wp-json\/wp\/v2\/product_brand?post=1560"},{"taxonomy":"product_cat","embeddable":true,"href":"https:\/\/sunteccncrouter.com\/fr\/wp-json\/wp\/v2\/product_cat?post=1560"},{"taxonomy":"product_tag","embeddable":true,"href":"https:\/\/sunteccncrouter.com\/fr\/wp-json\/wp\/v2\/product_tag?post=1560"}],"curies":[{"name":"wp","href":"https:\/\/api.w.org\/{rel}","templated":true}]}}