{"id":1571,"date":"2025-06-12T05:14:05","date_gmt":"2025-06-12T05:14:05","guid":{"rendered":"https:\/\/sunteccncrouter.com\/?post_type=product&#038;p=1571"},"modified":"2025-06-12T05:14:05","modified_gmt":"2025-06-12T05:14:05","slug":"large-5-axis-cnc-stone-aluminum-marble-milling-machines-for-heavy-industry","status":"publish","type":"product","link":"https:\/\/sunteccncrouter.com\/fr\/large-5-axis-cnc-stone-aluminum-marble-milling-machines-for-heavy-industry\/","title":{"rendered":"Grandes fraiseuses \u00e0 commande num\u00e9rique \u00e0 5 axes pour l'industrie lourde ST-7060"},"content":{"rendered":"<p>L'usinage CNC 5 axes peut \u00eatre utilis\u00e9 pour produire des pi\u00e8ces utilis\u00e9es dans un grand nombre d'industries diff\u00e9rentes en raison de son efficacit\u00e9 et de sa capacit\u00e9 \u00e0 produire des formes complexes. Voici quelques exemples d'industries qui utilisent le plus souvent cette technologie :<\/p>\n<p><strong><b>\u00a0<\/b><\/strong><strong><b>A\u00e9rospatiale<\/b><\/strong>\u00a0- cette industrie n\u00e9cessite une machine tr\u00e8s pr\u00e9cise, car les formes sont tr\u00e8s complexes et uniques.<\/p>\n<p><strong><b>M\u00e9dical\u00a0<\/b><\/strong>- L'usinage CNC 5 axes peut aider les fabricants d'\u00e9quipements m\u00e9dicaux \u00e0 produire des dispositifs, des implants et d'autres pi\u00e8ces d'\u00e9quipement qui doivent \u00eatre fabriqu\u00e9s avec une pr\u00e9cision accrue afin de r\u00e9pondre aux normes de sant\u00e9 qui tendent \u00e0 \u00eatre rigoureuses (\u00e0 juste titre).<\/p>\n<p><strong><b>Militaire<\/b><\/strong>\u00a0- une autre industrie qui utilise l'usinage CNC \u00e0 5 axes pour produire les pi\u00e8ces n\u00e9cessaires. Parmi les applications possibles, citons les pi\u00e8ces de sous-marins, les pi\u00e8ces de moteurs \u00e0 haute performance, les aubes de turbines et de compresseurs, les armes intelligentes, les capteurs, les applications furtives, ainsi que, dans certains cas, l'armement nucl\u00e9aire.<\/p>\n<p><strong><b>\u00c9quipements \u00e9nerg\u00e9tiques\u00a0<\/b><\/strong>- La production de pi\u00e8ces pour les \u00e9quipements \u00e9nerg\u00e9tiques n\u00e9cessite souvent l'utilisation de mat\u00e9riaux difficiles \u00e0 travailler. Avec l'usinage CNC 5 axes, vous pouvez rendre l'ensemble du processus plus facile et plus efficace.<\/p>\n<p>Appliqu\u00e9 \u00e0 la mousse de polystyr\u00e8ne, \u00e0 la mousse de polystyr\u00e8ne expans\u00e9, \u00e0 la fibre de verre, aux mat\u00e9riaux en carbone, au bois en nid d'abeille, aux mat\u00e9riaux composites, aux mat\u00e9riaux souples en aluminium, etc.<\/p>\n<table>\n<tbody>\n<tr>\n<td width=\"512\"><strong><b>D\u00e9tails de l'axe Suntec 5\u00a0<\/b><\/strong><\/p>\n<table>\n<tbody>\n<tr>\n<td width=\"46\">Nombre<\/td>\n<td width=\"217\">Description<\/td>\n<td width=\"289\">Param\u00e8tres<\/td>\n<\/tr>\n<tr>\n<td width=\"46\">1<\/td>\n<td width=\"217\">X,Y,Z Zone de travail<\/td>\n<td width=\"289\">6000*7000*2000mm<\/td>\n<\/tr>\n<tr>\n<td width=\"46\">2<\/td>\n<td width=\"217\">Taille du tableau<\/td>\n<td width=\"289\">7300\u00d79700mm*40000<\/td>\n<\/tr>\n<tr>\n<td width=\"46\">3<\/td>\n<td width=\"217\">X,Y,Z Pr\u00e9cision du positionnement de d\u00e9placement<\/td>\n<td width=\"289\">\u00b10,01\/2000mm<\/td>\n<\/tr>\n<tr>\n<td width=\"46\">4<\/td>\n<td width=\"217\">Un axe<\/td>\n<td width=\"289\">A \u00b1110 degr\u00e9s<\/td>\n<\/tr>\n<tr>\n<td width=\"46\">5<\/td>\n<td width=\"217\">C rotatif<\/td>\n<td width=\"289\">C\u00b1 245 degr\u00e9s<\/td>\n<\/tr>\n<tr>\n<td width=\"46\">5<\/td>\n<td width=\"217\">Surface de la table<\/td>\n<td width=\"289\">Table en fonte<\/td>\n<\/tr>\n<tr>\n<td width=\"46\">6<\/td>\n<td width=\"217\">Cadre<\/td>\n<td width=\"289\">Structure de gros tubes d'acier avec traitement thermique<\/td>\n<\/tr>\n<tr>\n<td width=\"46\">7<\/td>\n<td width=\"217\">X, Y Structure<\/td>\n<td width=\"289\">Entra\u00eenement par cr\u00e9maill\u00e8re et pignon, roulements lin\u00e9aires Hiwin Rail<\/td>\n<\/tr>\n<tr>\n<td width=\"46\">8<\/td>\n<td width=\"217\">Z Structure<\/td>\n<td width=\"289\">Roulements lin\u00e9aires Hiwin et vis \u00e0 billes TBI<\/td>\n<\/tr>\n<tr>\n<td width=\"46\">9<\/td>\n<td width=\"217\">Max. Consommation \u00e9lectrique<\/td>\n<td width=\"289\">(sans broche) 20 Kw<\/td>\n<\/tr>\n<tr>\n<td width=\"46\">10<\/td>\n<td width=\"217\">Max. Vitesse de d\u00e9placement rapide<\/td>\n<td width=\"289\">40000mm\/min<\/td>\n<\/tr>\n<tr>\n<td width=\"46\">11<\/td>\n<td width=\"217\">Vitesse de travail max. Vitesse de travail<\/td>\n<td width=\"289\">30000mm\/min<\/td>\n<\/tr>\n<tr>\n<td width=\"46\">12<\/td>\n<td width=\"217\">Puissance de la broche<\/td>\n<td width=\"289\">15kw<\/td>\n<\/tr>\n<tr>\n<td width=\"46\">13<\/td>\n<td width=\"217\">Vitesse de la broche<\/td>\n<td width=\"289\">0-24000RPM<\/td>\n<\/tr>\n<tr>\n<td width=\"46\">14<\/td>\n<td width=\"217\">Moteurs d'entra\u00eenement<\/td>\n<td width=\"289\">Moteurs Yaskawa<\/td>\n<\/tr>\n<tr>\n<td width=\"46\">15<\/td>\n<td width=\"217\">Tension de fonctionnement<\/td>\n<td width=\"289\">AC380V\/50\/60Hz,3PH (Option : 220V))<\/td>\n<\/tr>\n<tr>\n<td width=\"46\">16<\/td>\n<td width=\"217\">Langage de commande<\/td>\n<td width=\"289\">G Code<\/td>\n<\/tr>\n<tr>\n<td width=\"46\">17<\/td>\n<td width=\"217\">Syst\u00e8me d'exploitation<\/td>\n<td width=\"289\">Syntec Control System\/TPA \/osai<\/td>\n<\/tr>\n<tr>\n<td width=\"46\">18<\/td>\n<td width=\"217\">Interface informatique<\/td>\n<td width=\"289\">USB<\/td>\n<\/tr>\n<tr>\n<td width=\"46\">19<\/td>\n<td width=\"217\">M\u00e9moire flash<\/td>\n<td width=\"289\">512M<\/td>\n<\/tr>\n<tr>\n<td width=\"46\">20<\/td>\n<td width=\"217\">Collet<\/td>\n<td width=\"289\">HSK-F63<\/td>\n<\/tr>\n<tr>\n<td width=\"46\">21<\/td>\n<td width=\"217\">R\u00e9solution X,Y<\/td>\n<td width=\"289\">&lt;0,01mm<\/td>\n<\/tr>\n<tr>\n<td width=\"46\">22<\/td>\n<td width=\"217\">Compatibilit\u00e9 des logiciels<\/td>\n<td width=\"289\">\u00a0Logiciel powermill UG<\/td>\n<\/tr>\n<tr>\n<td width=\"46\">23<\/td>\n<td width=\"217\">Temp\u00e9rature de l'environnement de travail<\/td>\n<td width=\"289\">0 - 45 degr\u00e9s Celsius<\/td>\n<\/tr>\n<tr>\n<td width=\"46\">24<\/td>\n<td width=\"217\">Humidit\u00e9 relative<\/td>\n<td width=\"289\">30% - 75%<\/td>\n<\/tr>\n<tr>\n<td width=\"46\">25<\/td>\n<td width=\"217\">Taille de l'emballage<\/td>\n<td width=\"289\">5500X2100X2300mm<\/td>\n<\/tr>\n<tr>\n<td width=\"46\">26<\/td>\n<td width=\"217\">N.W.<\/td>\n<td width=\"289\">18000KG<\/td>\n<\/tr>\n<tr>\n<td width=\"46\">27<\/td>\n<td width=\"217\">G.W.<\/td>\n<td width=\"289\">20000kG<\/td>\n<\/tr>\n<\/tbody>\n<\/table>\n<p>&nbsp;<\/td>\n<td width=\"1\">&nbsp;<\/td>\n<\/tr>\n<\/tbody>\n<\/table>\n<p>&nbsp;<\/p>","protected":false},"excerpt":{"rendered":"<p><strong>CNC 5 axes Suntec : Pr\u00e9cision \u00e0 l'\u00e9chelle industrielle pour la fabrication critique<\/strong>\u200b<br \/>\nCon\u00e7ue pour les composants \u00e0 grande \u00e9chelle de l'a\u00e9rospatiale, de la d\u00e9fense et de l'\u00e9nergie (capacit\u00e9 de 6000\u00d77000\u00d72000 mm). Permet d'obtenir une pr\u00e9cision de \u00b10,01 mm dans la fibre de carbone, l'aluminium et les composites industriels. Rotation extr\u00eame de \u00b1110\u00b0A\/\u00b1245\u00b0C, broche de 15kW (24k RPM) et servos Yaskawa. Le ch\u00e2ssis robuste en acier trait\u00e9 thermiquement supporte des charges de 20 tonnes sur une table en fonte. Traite des g\u00e9om\u00e9tries complexes \u00e0 40 m\/min pour les turbines, les pi\u00e8ces sous-marines et les implants m\u00e9dicaux.<\/p>","protected":false},"featured_media":1572,"template":"","meta":{"_gspb_post_css":""},"product_brand":[],"product_cat":[40],"product_tag":[],"class_list":{"0":"post-1571","1":"product","2":"type-product","3":"status-publish","4":"has-post-thumbnail","6":"product_cat-5-axis-cnc-router","8":"first","9":"instock","10":"shipping-taxable","11":"product-type-simple"},"_links":{"self":[{"href":"https:\/\/sunteccncrouter.com\/fr\/wp-json\/wp\/v2\/product\/1571","targetHints":{"allow":["GET"]}}],"collection":[{"href":"https:\/\/sunteccncrouter.com\/fr\/wp-json\/wp\/v2\/product"}],"about":[{"href":"https:\/\/sunteccncrouter.com\/fr\/wp-json\/wp\/v2\/types\/product"}],"wp:featuredmedia":[{"embeddable":true,"href":"https:\/\/sunteccncrouter.com\/fr\/wp-json\/wp\/v2\/media\/1572"}],"wp:attachment":[{"href":"https:\/\/sunteccncrouter.com\/fr\/wp-json\/wp\/v2\/media?parent=1571"}],"wp:term":[{"taxonomy":"product_brand","embeddable":true,"href":"https:\/\/sunteccncrouter.com\/fr\/wp-json\/wp\/v2\/product_brand?post=1571"},{"taxonomy":"product_cat","embeddable":true,"href":"https:\/\/sunteccncrouter.com\/fr\/wp-json\/wp\/v2\/product_cat?post=1571"},{"taxonomy":"product_tag","embeddable":true,"href":"https:\/\/sunteccncrouter.com\/fr\/wp-json\/wp\/v2\/product_tag?post=1571"}],"curies":[{"name":"wp","href":"https:\/\/api.w.org\/{rel}","templated":true}]}}