{"id":1580,"date":"2025-06-12T06:08:48","date_gmt":"2025-06-12T06:08:48","guid":{"rendered":"https:\/\/sunteccncrouter.com\/?post_type=product&#038;p=1580"},"modified":"2025-06-12T06:15:07","modified_gmt":"2025-06-12T06:15:07","slug":"ptp-woodworking-drlling-machine-center","status":"publish","type":"product","link":"https:\/\/sunteccncrouter.com\/fr\/ptp-woodworking-drlling-machine-center\/","title":{"rendered":"Centre de per\u00e7age pour le travail du bois PTP ST-1330"},"content":{"rendered":"<p>forage \u00e0 haut rendement\u00a0<strong><b>PTP<\/b><\/strong>\u00a0<strong><b>Machine CNC<\/b><\/strong>.<\/p>\n<p>1 Le corps de la machine est fabriqu\u00e9 \u00e0 l'aide d'un centre de fraisage \u00e0 commande num\u00e9rique et d'un traitement thermique, ce qui garantit la stabilit\u00e9 et la dur\u00e9e de vie de la machine.<\/p>\n<p>2 Il y a quatre zones de travail, ce qui permet de travailler de mani\u00e8re pendulaire. La vitesse de travail est rapide et pr\u00e9cise, la conception humanis\u00e9e facilite le chargement\/d\u00e9chargement des pi\u00e8ces par les travailleurs. L'interface de contr\u00f4le est humanis\u00e9e, la programmation modulaire, la p\u00e9dale de commande peut \u00eatre utilis\u00e9e pour contr\u00f4ler le chargement et le d\u00e9chargement.<\/p>\n<p>3. Il convient \u00e0 la fabrication de meubles personnalis\u00e9s (armoires, placards), de meubles \u00e0 panneaux et \u00e0 la production de tuyauterie par lots.<\/p>\n<p>Le centre d'al\u00e9sage et de per\u00e7age CNC PTP pour le travail du bois est con\u00e7u pour r\u00e9pondre \u00e0 diverses exigences de traitement complexes. Il est tr\u00e8s polyvalent et offre des fonctions de d\u00e9fon\u00e7age, de per\u00e7age, de coupe, de fraisage lat\u00e9ral, de sciage et autres.  Table aspirante \u00e9quip\u00e9e de ventouses. Recadrage de la feuille enti\u00e8re \u00e0 la taille id\u00e9ale, d\u00e9fon\u00e7age, per\u00e7age, sciage, coupe et fraisage : de multiples fonctions en un seul appareil. Facile \u00e0 charger et \u00e0 d\u00e9charger, elle permet de gagner du temps et d'en faire plus.<\/p>\n<table>\n<tbody>\n<tr>\n<td width=\"134\">Mod\u00e8le<\/td>\n<td width=\"235\">ST-1545<\/td>\n<td width=\"199\">\u00a0\u00a0\u00a0\u00a0\u00a0\u00a0ST-1330<\/td>\n<\/tr>\n<tr>\n<td width=\"134\">Taille de voyage<\/td>\n<td width=\"235\">4750*2500*300mm<\/td>\n<td width=\"199\">3400*1640*250mm<\/td>\n<\/tr>\n<tr>\n<td width=\"134\">Taille maximale de travail<\/td>\n<td width=\"235\">4500*1500*300mm<\/td>\n<td width=\"199\">3000*1300*100mm<\/td>\n<\/tr>\n<tr>\n<td width=\"134\">Zone de travail<\/td>\n<td colspan=\"2\" width=\"435\">4 ou 2 zones de travail\/Mode de travail pendulaire<\/td>\n<\/tr>\n<tr>\n<td width=\"134\">Transmission<\/td>\n<td colspan=\"2\" width=\"435\">Entra\u00eenement par pignon et cr\u00e9maill\u00e8re X\/Y, entra\u00eenement par vis \u00e0 billes Z<\/td>\n<\/tr>\n<tr>\n<td width=\"134\">Structure du tableau<\/td>\n<td colspan=\"2\" width=\"435\">Barres en aluminium x10pcs avec coussins d'aspiration mobiles<\/td>\n<\/tr>\n<tr>\n<td width=\"134\">Puissance de la broche<\/td>\n<td width=\"235\">12 KW\/Refroidissement par air\/HSK-F63<\/td>\n<td width=\"199\">12 KW\/Refroidissement par air\/HSK-F63<\/td>\n<\/tr>\n<tr>\n<td width=\"134\">Syst\u00e8me de conduite<\/td>\n<td width=\"235\">Servomoteur 1300W\/Yaskawa<\/td>\n<td width=\"199\">\u00a0\u00a0Servomoteur 1300W \/Yaskawa<\/td>\n<\/tr>\n<tr>\n<td width=\"134\">Contr\u00f4leur<\/td>\n<td width=\"235\">Contr\u00f4leur TPA italien (Mechatrolink II)\/osai<\/td>\n<td width=\"199\">Contr\u00f4leur TPA italien\/osai<\/td>\n<\/tr>\n<tr>\n<td width=\"134\">Vitesse maximale de la broche<\/td>\n<td width=\"235\">24000r\/min<\/td>\n<td width=\"199\">24000r\/min<\/td>\n<\/tr>\n<tr>\n<td width=\"134\">Vitesse de d\u00e9placement maximale<\/td>\n<td width=\"235\">80m\/min<\/td>\n<td width=\"199\">80m\/min<\/td>\n<\/tr>\n<tr>\n<td width=\"134\">Vitesse de travail<\/td>\n<td width=\"235\">20m\/min<\/td>\n<td width=\"199\">20m\/min<\/td>\n<\/tr>\n<tr>\n<td width=\"134\">Pr\u00e9cision du repositionnement<\/td>\n<td width=\"235\">+\/- 0,025 mm<\/td>\n<td width=\"199\">+\/- 0,025 mm<\/td>\n<\/tr>\n<tr>\n<td width=\"134\">Magazine de l'outil<\/td>\n<td width=\"235\">Carousel\/Servo\/ 12<\/td>\n<td width=\"199\">Carousel\/Servo\/ 8<\/td>\n<\/tr>\n<tr>\n<td width=\"134\">Tension<\/td>\n<td width=\"235\">AC380\/3PH\/50HZ<\/td>\n<td width=\"199\">AC380\/3PH\/50HZ<\/td>\n<\/tr>\n<tr>\n<td width=\"134\">T\u00eate d'al\u00e9sage<\/td>\n<td width=\"235\">16V8H2S\/HSD\/Italie<\/td>\n<td width=\"199\">9V6H1S\/HSD\/Italie<\/td>\n<\/tr>\n<tr>\n<td width=\"134\">Unit\u00e9 d'al\u00e9sage en option<\/td>\n<td width=\"235\">9V6H1S\/ 7V4H\/ 12V8H2S<\/td>\n<td width=\"199\">10V4H2S\/ 7V4H\/ 12V8H2S<\/td>\n<\/tr>\n<tr>\n<td width=\"134\">Poids net<\/td>\n<td width=\"235\">5600KGS<\/td>\n<td width=\"199\">\u00a0\u00a04000KGS<\/td>\n<\/tr>\n<\/tbody>\n<\/table>","protected":false},"excerpt":{"rendered":"<p><strong>Suntec PTP CNC : Centrale de production de meubles industriels<\/strong>\u200b<br \/>\nElle est dot\u00e9e d'un flux de travail pendulaire \u00e0 4 zones pour le traitement continu des panneaux \u00e0 des vitesses de 80 m\/min. Per\u00e7age de pr\u00e9cision (\u00b10,025 mm) gr\u00e2ce aux broches HSD (24k RPM) et aux contr\u00f4leurs italiens TPA. La table aspirante optimis\u00e9e pour l'ameublement avec des ventouses mobiles permet de manipuler des feuilles de grande taille. Le ch\u00e2ssis lourd, frais\u00e9 par CNC et trait\u00e9 \u00e0 la chaleur, assure la stabilit\u00e9 de la machine.<\/p>","protected":false},"featured_media":1581,"template":"","meta":{"_gspb_post_css":""},"product_brand":[],"product_cat":[38],"product_tag":[],"class_list":{"0":"post-1580","1":"product","2":"type-product","3":"status-publish","4":"has-post-thumbnail","6":"product_cat-3-axis-cnc-router","8":"first","9":"instock","10":"shipping-taxable","11":"product-type-simple"},"_links":{"self":[{"href":"https:\/\/sunteccncrouter.com\/fr\/wp-json\/wp\/v2\/product\/1580","targetHints":{"allow":["GET"]}}],"collection":[{"href":"https:\/\/sunteccncrouter.com\/fr\/wp-json\/wp\/v2\/product"}],"about":[{"href":"https:\/\/sunteccncrouter.com\/fr\/wp-json\/wp\/v2\/types\/product"}],"wp:featuredmedia":[{"embeddable":true,"href":"https:\/\/sunteccncrouter.com\/fr\/wp-json\/wp\/v2\/media\/1581"}],"wp:attachment":[{"href":"https:\/\/sunteccncrouter.com\/fr\/wp-json\/wp\/v2\/media?parent=1580"}],"wp:term":[{"taxonomy":"product_brand","embeddable":true,"href":"https:\/\/sunteccncrouter.com\/fr\/wp-json\/wp\/v2\/product_brand?post=1580"},{"taxonomy":"product_cat","embeddable":true,"href":"https:\/\/sunteccncrouter.com\/fr\/wp-json\/wp\/v2\/product_cat?post=1580"},{"taxonomy":"product_tag","embeddable":true,"href":"https:\/\/sunteccncrouter.com\/fr\/wp-json\/wp\/v2\/product_tag?post=1580"}],"curies":[{"name":"wp","href":"https:\/\/api.w.org\/{rel}","templated":true}]}}