{"id":1586,"date":"2025-06-12T06:53:25","date_gmt":"2025-06-12T06:53:25","guid":{"rendered":"https:\/\/sunteccncrouter.com\/?post_type=product&#038;p=1586"},"modified":"2025-06-12T06:53:40","modified_gmt":"2025-06-12T06:53:40","slug":"7-axis-kuka-robot-arm-cnc-for-3d-carving-milling","status":"publish","type":"product","link":"https:\/\/sunteccncrouter.com\/fr\/7-axis-kuka-robot-arm-cnc-for-3d-carving-milling\/","title":{"rendered":"Bras robotis\u00e9 KUKA 7 axes CNC pour la sculpture et le fraisage en 3D"},"content":{"rendered":"<table>\n<tbody>\n<tr>\n<td width=\"420\">Charge (se r\u00e9f\u00e8re \u00e0 la charge du point situ\u00e9 \u00e0 l'extr\u00e9mit\u00e9 la plus avanc\u00e9e du 6\u00e8me axe)<\/td>\n<td colspan=\"2\" width=\"179\">210 kg<\/td>\n<\/tr>\n<tr>\n<td width=\"420\">Charge suppl\u00e9mentaire sur le bras<\/td>\n<td colspan=\"2\" width=\"179\">50 kg<\/td>\n<\/tr>\n<tr>\n<td width=\"420\">Charge utile nominale<\/td>\n<td colspan=\"2\" width=\"179\">260 kg<\/td>\n<\/tr>\n<tr>\n<td width=\"420\">Charge utile maximale<\/p>\n<p>&nbsp;<\/td>\n<td colspan=\"2\" width=\"179\">275 kg<\/td>\n<\/tr>\n<tr>\n<td width=\"420\">Poids<\/td>\n<td colspan=\"2\" width=\"179\">1077kgs<\/td>\n<\/tr>\n<tr>\n<td width=\"420\">Axe de mouvement<\/td>\n<td colspan=\"2\" width=\"179\">6<\/td>\n<\/tr>\n<tr>\n<td width=\"420\">R\u00e9p\u00e9tabilit\u00e9 de la pose (ISO 9283)<\/p>\n<p>&nbsp;<\/td>\n<td colspan=\"2\" width=\"179\">\u00b1 0,05 mm<\/p>\n<p>&nbsp;<\/td>\n<\/tr>\n<tr>\n<td width=\"420\">Port\u00e9e maximale<\/p>\n<p>&nbsp;<\/td>\n<td colspan=\"2\" width=\"179\">2700mm\/3100<\/td>\n<\/tr>\n<tr>\n<td width=\"420\">Taux de protection (IEC 60529)<\/p>\n<p>&nbsp;<\/td>\n<td colspan=\"2\" width=\"179\">IP65<\/p>\n<p>&nbsp;<\/td>\n<\/tr>\n<tr>\n<td width=\"420\">Taux de protection, poignet en ligne (IEC 60529)<\/p>\n<p>&nbsp;<\/td>\n<td colspan=\"2\" width=\"179\">IP65 \/ IP67<\/p>\n<p>&nbsp;<\/td>\n<\/tr>\n<tr>\n<td width=\"420\">Niveau sonore<\/p>\n<p>&nbsp;<\/td>\n<td colspan=\"2\" width=\"179\">&lt; 75 dB (A)<\/p>\n<p>&nbsp;<\/td>\n<\/tr>\n<tr>\n<td width=\"420\">Position de montage<\/p>\n<p>&nbsp;<\/td>\n<td colspan=\"2\" width=\"179\">Plancher<\/td>\n<\/tr>\n<tr>\n<td width=\"420\">Empreinte<\/p>\n<p>&nbsp;<\/td>\n<td colspan=\"2\" width=\"179\">754 mm x 754 mm<\/p>\n<p>&nbsp;<\/td>\n<\/tr>\n<tr>\n<td width=\"420\">Perforation : surface de montage pour kinematc<\/p>\n<p>syst\u00e8me<\/p>\n<p>&nbsp;<\/td>\n<td colspan=\"2\" width=\"179\">S780<\/p>\n<p>&nbsp;<\/td>\n<\/tr>\n<tr>\n<td width=\"420\">Angle d'inclinaison autoris\u00e9<\/p>\n<p>&nbsp;<\/td>\n<td colspan=\"2\" width=\"179\">\u2264 5 \u00b0<\/p>\n<p>&nbsp;<\/td>\n<\/tr>\n<tr>\n<td width=\"420\">Bride (sur le 6e axe)<\/td>\n<td colspan=\"2\" width=\"179\">DIN ISO 9409-1-A50<\/td>\n<\/tr>\n<tr>\n<td width=\"420\">Contr\u00f4leur<\/td>\n<td colspan=\"2\" width=\"179\">KRC4<\/td>\n<\/tr>\n<tr>\n<td width=\"420\">Nom de la transformation<\/p>\n<p>&nbsp;<\/td>\n<td colspan=\"2\" width=\"179\">KR C4 : KR210R2700_2 C4 FLR<\/p>\n<p>&nbsp;<\/td>\n<\/tr>\n<tr>\n<td width=\"420\">Pendant l'op\u00e9ration<\/p>\n<p>&nbsp;<\/td>\n<td colspan=\"2\" width=\"179\">0 \u00b0C \u00e0 55 \u00b0C (273 K \u00e0 328 K)<\/p>\n<p>&nbsp;<\/td>\n<\/tr>\n<tr>\n<td width=\"420\">Pendant le stockage\/transport<\/p>\n<p>&nbsp;<\/td>\n<td colspan=\"2\" width=\"179\">-40 \u00b0C \u00e0 60 \u00b0C (233 K \u00e0 333 K)<\/p>\n<p>&nbsp;<\/td>\n<\/tr>\n<tr>\n<td width=\"420\">Position d'installation<\/td>\n<td colspan=\"2\" width=\"179\">Sur le terrain<\/td>\n<\/tr>\n<tr>\n<td width=\"420\">CPU et carte m\u00e8re<\/td>\n<td colspan=\"2\" width=\"179\">KUKA<\/td>\n<\/tr>\n<tr>\n<td width=\"420\">Table Rotart<\/td>\n<td colspan=\"2\" width=\"179\">1500kgs fabriqu\u00e9 en Chine<\/td>\n<\/tr>\n<tr>\n<td width=\"420\">Broche avec syst\u00e8me de refroidissement par eau<\/td>\n<td colspan=\"2\" width=\"179\">18kw Italy spindle<\/td>\n<\/tr>\n<tr>\n<td width=\"420\">Logiciel<\/td>\n<td colspan=\"2\" width=\"179\">Sprutcam<\/p>\n<p>&nbsp;<\/td>\n<\/tr>\n<tr>\n<td width=\"420\">DeviceNet<\/p>\n<p>&nbsp;<\/td>\n<td colspan=\"2\" width=\"179\">OMRON<\/td>\n<\/tr>\n<tr>\n<td width=\"420\">RAILS<\/td>\n<td colspan=\"2\" width=\"179\">5M\/6M\/7M\/12M\/25M<\/td>\n<\/tr>\n<tr>\n<td width=\"420\">Param\u00e8tres de mouvement de chaque axe<\/td>\n<td width=\"110\">Amplitude des mouvements<\/td>\n<td width=\"68\">Vitesse<\/td>\n<\/tr>\n<tr>\n<td width=\"420\">Axe 1<\/td>\n<td width=\"110\">+\/-185\u00b0<\/td>\n<td width=\"68\">120\u00b0\/s<\/td>\n<\/tr>\n<tr>\n<td width=\"420\">Axe 2<\/td>\n<td width=\"110\">-5\u00b0\/-140\u00b0<\/td>\n<td width=\"68\">115\u00b0\/s<\/td>\n<\/tr>\n<tr>\n<td width=\"420\">Axe 3<\/td>\n<td width=\"110\">-120 \u00b0 \/ 168 \u00b0<\/p>\n<p>&nbsp;<\/td>\n<td width=\"68\">112\u00b0\/s<\/td>\n<\/tr>\n<tr>\n<td width=\"420\">Axe 4<\/td>\n<td width=\"110\">+\/-350\u00b0<\/td>\n<td width=\"68\">179\u00b0\/s<\/td>\n<\/tr>\n<tr>\n<td width=\"420\">Axe 5<\/td>\n<td width=\"110\">+\/-125\u00b0<\/td>\n<td width=\"68\">172\u00b0\/s<\/td>\n<\/tr>\n<tr>\n<td width=\"420\">Axe 6<\/td>\n<td width=\"110\">+\/-350\u00b0<\/td>\n<td width=\"68\">220\/\u00b0\/s<\/td>\n<\/tr>\n<\/tbody>\n<\/table>\n<p>&nbsp;<\/p>","protected":false},"excerpt":{"rendered":"<p><strong>KUKA KR210 R2700 : Pr\u00e9cision des charges lourdes pour une automatisation exigeante<\/strong>\u200b<br \/>\nCapacit\u00e9 de charge in\u00e9gal\u00e9e de 275 kg \u00e0 une port\u00e9e de 3100 mm avec une r\u00e9p\u00e9tabilit\u00e9 de l'ordre du micron (\u00b10,05 mm). Elle est dot\u00e9e d'une protection IP67 de qualit\u00e9 industrielle et d'une broche italienne de 18 kW refroidie \u00e0 l'eau pour l'usinage lourd. La commande KRC4 + le logiciel Sprutcam permettent des op\u00e9rations complexes \u00e0 grande vitesse (axe 6 : 220\u00b0\/s) dans des environnements difficiles (0-55\u00b0C). La table rotative int\u00e9gr\u00e9e de 1500 kg permet l'usinage de grandes pi\u00e8ces.<\/p>","protected":false},"featured_media":1587,"template":"","meta":{"_gspb_post_css":""},"product_brand":[],"product_cat":[41],"product_tag":[],"class_list":{"0":"post-1586","1":"product","2":"type-product","3":"status-publish","4":"has-post-thumbnail","6":"product_cat-6-7-axis-cnc-router","8":"first","9":"instock","10":"shipping-taxable","11":"product-type-simple"},"_links":{"self":[{"href":"https:\/\/sunteccncrouter.com\/fr\/wp-json\/wp\/v2\/product\/1586","targetHints":{"allow":["GET"]}}],"collection":[{"href":"https:\/\/sunteccncrouter.com\/fr\/wp-json\/wp\/v2\/product"}],"about":[{"href":"https:\/\/sunteccncrouter.com\/fr\/wp-json\/wp\/v2\/types\/product"}],"wp:featuredmedia":[{"embeddable":true,"href":"https:\/\/sunteccncrouter.com\/fr\/wp-json\/wp\/v2\/media\/1587"}],"wp:attachment":[{"href":"https:\/\/sunteccncrouter.com\/fr\/wp-json\/wp\/v2\/media?parent=1586"}],"wp:term":[{"taxonomy":"product_brand","embeddable":true,"href":"https:\/\/sunteccncrouter.com\/fr\/wp-json\/wp\/v2\/product_brand?post=1586"},{"taxonomy":"product_cat","embeddable":true,"href":"https:\/\/sunteccncrouter.com\/fr\/wp-json\/wp\/v2\/product_cat?post=1586"},{"taxonomy":"product_tag","embeddable":true,"href":"https:\/\/sunteccncrouter.com\/fr\/wp-json\/wp\/v2\/product_tag?post=1586"}],"curies":[{"name":"wp","href":"https:\/\/api.w.org\/{rel}","templated":true}]}}