{"id":1597,"date":"2025-06-13T08:31:18","date_gmt":"2025-06-13T08:31:18","guid":{"rendered":"https:\/\/sunteccncrouter.com\/?post_type=product&#038;p=1597"},"modified":"2025-06-13T08:31:18","modified_gmt":"2025-06-13T08:31:18","slug":"4-axis-3d-mold-eps-cnc-router-for-foam-wood-aluminium-mold-making","status":"publish","type":"product","link":"https:\/\/sunteccncrouter.com\/fr\/4-axis-3d-mold-eps-cnc-router-for-foam-wood-aluminium-mold-making\/","title":{"rendered":"Routeur CNC 4 axes pour la fabrication de moules 3d EPS pour la mousse, le bois et l'aluminium ST-2030"},"content":{"rendered":"<p>La broche peut tourner de 180 degr\u00e9s (\u00b190 degr\u00e9s), elle peut r\u00e9aliser plusieurs types de surfaces que nous pouvons concevoir avec le logiciel powermill mastercam, etc.<\/p>\n<p>Nous utilisons des composants de premi\u00e8re qualit\u00e9 pour les machines, comme la brocheHSD, le syst\u00e8me de contr\u00f4le Syntec EZ-4M, l'onduleur Delta, les servomoteurs Yaskawa et le bo\u00eetier de contr\u00f4le s\u00e9par\u00e9, Hiwin PMI linear, etc. pour maintenir la machine dans les meilleures conditions m\u00eame apr\u00e8s de nombreuses ann\u00e9es de fonctionnement.<\/p>\n<p>Les servomoteurs Yaskawa permettent d'obtenir une haute r\u00e9solution, un couple \u00e9lev\u00e9, une grande pr\u00e9cision et un faible taux de d\u00e9faillance.<\/p>\n<p>Avec une structure en acier dur, toute la structure en acier est soud\u00e9e puis trait\u00e9e pour r\u00e9duire sa rigidit\u00e9 afin d'assurer une longue dur\u00e9e de vie sans d\u00e9formation. Ensuite, un centre de fraisage \u00e0 5 c\u00f4t\u00e9s fraise le rail de guidage carr\u00e9 pour assurer une haute pr\u00e9cision. Il convient donc au travail du bois dur, comme la coupe et la gravure sur le bois de rose pour les meubles et la d\u00e9coration int\u00e9rieure. Moules pour l'aviation, moules pour l'industrie militaire, etc.<\/p>\n<table>\n<tbody>\n<tr>\n<td width=\"43\">Nombre<\/td>\n<td width=\"205\">Description<\/td>\n<td width=\"304\">Param\u00e8tres<\/td>\n<\/tr>\n<tr>\n<td width=\"43\">1<\/td>\n<td width=\"205\">X,Y,Z Zone de travail<\/td>\n<td width=\"304\">2000x3000x1000mm<\/td>\n<\/tr>\n<tr>\n<td width=\"43\">2<\/td>\n<td width=\"205\">Taille du tableau<\/td>\n<td width=\"304\">4000\u00d75440mm<\/td>\n<\/tr>\n<tr>\n<td width=\"43\">3<\/td>\n<td width=\"205\">X,Y,Z Pr\u00e9cision du positionnement de d\u00e9placement<\/td>\n<td width=\"304\">\u00b10,01\/1000mm<\/td>\n<\/tr>\n<tr>\n<td width=\"43\">4<\/td>\n<td width=\"205\">X,Y,Z Pr\u00e9cision du repositionnement :<\/td>\n<td width=\"304\">\u00b10,01mm<\/td>\n<\/tr>\n<tr>\n<td width=\"43\">5<\/td>\n<td width=\"205\">Surface de la table<\/td>\n<td width=\"304\">\u00a0Table en aluminium avec PVC<\/td>\n<\/tr>\n<tr>\n<td width=\"43\">6<\/td>\n<td width=\"205\">Cadre<\/td>\n<td width=\"304\">Grande structure tubulaire en acier<\/td>\n<\/tr>\n<tr>\n<td width=\"43\">7<\/td>\n<td width=\"205\">X, Y Structure<\/td>\n<td width=\"304\">Entra\u00eenement par cr\u00e9maill\u00e8re et pignon, roulements lin\u00e9aires Hiwin Rail<\/td>\n<\/tr>\n<tr>\n<td width=\"43\">8<\/td>\n<td width=\"205\">Z Structure<\/td>\n<td width=\"304\">Roulements lin\u00e9aires et vis \u00e0 billes Hiwin Rail<\/td>\n<\/tr>\n<tr>\n<td width=\"43\">9<\/td>\n<td width=\"205\">Max. Consommation \u00e9lectrique<\/td>\n<td width=\"304\">(sans broche) 20 Kw<\/td>\n<\/tr>\n<tr>\n<td width=\"43\">10<\/td>\n<td width=\"205\">Max. Vitesse de d\u00e9placement rapide<\/td>\n<td width=\"304\">40000mm\/min<\/td>\n<\/tr>\n<tr>\n<td width=\"43\">11<\/td>\n<td width=\"205\">Vitesse de travail max. Vitesse de travail<\/td>\n<td width=\"304\">30000mm\/min<\/td>\n<\/tr>\n<tr>\n<td width=\"43\">12<\/td>\n<td width=\"205\">Puissance de la broche<\/td>\n<td width=\"304\">HSD de 9,6 kW avec rotation de 180 degr\u00e9s \u00e0 droite et \u00e0 gauche<\/td>\n<\/tr>\n<tr>\n<td width=\"43\">13<\/td>\n<td width=\"205\">Vitesse de la broche<\/td>\n<td width=\"304\">0-24000RPM<\/td>\n<\/tr>\n<tr>\n<td width=\"43\">14<\/td>\n<td width=\"205\">Moteurs d'entra\u00eenement<\/td>\n<td width=\"304\">Moteurs Yaskawa 1300W<\/td>\n<\/tr>\n<tr>\n<td width=\"43\">15<\/td>\n<td width=\"205\">Tension de fonctionnement<\/td>\n<td width=\"304\">AC380V\/50\/60Hz,3PH (Option : 220V))<\/td>\n<\/tr>\n<tr>\n<td width=\"43\">16<\/td>\n<td width=\"205\">Langage de commande<\/td>\n<td width=\"304\">G Code<\/td>\n<\/tr>\n<tr>\n<td width=\"43\">17<\/td>\n<td width=\"205\">Syst\u00e8me d'exploitation<\/td>\n<td width=\"304\">Syst\u00e8me de contr\u00f4le Syntec<\/td>\n<\/tr>\n<tr>\n<td width=\"43\">18<\/td>\n<td width=\"205\">Interface informatique<\/td>\n<td width=\"304\">USB<\/td>\n<\/tr>\n<tr>\n<td width=\"43\">19<\/td>\n<td width=\"205\">M\u00e9moire flash<\/td>\n<td width=\"304\">512M<\/td>\n<\/tr>\n<tr>\n<td width=\"43\">20<\/td>\n<td width=\"205\">Collet<\/td>\n<td width=\"304\">ISO30<\/td>\n<\/tr>\n<tr>\n<td width=\"43\">21<\/td>\n<td width=\"205\">R\u00e9solution X,Y<\/td>\n<td width=\"304\">&lt;0,01mm<\/td>\n<\/tr>\n<tr>\n<td width=\"43\">22<\/td>\n<td width=\"205\">Compatibilit\u00e9 des logiciels<\/td>\n<td width=\"304\">\u00a0Logiciel powermill UG<\/td>\n<\/tr>\n<tr>\n<td width=\"43\">23<\/td>\n<td width=\"205\">Temp\u00e9rature de l'environnement de travail<\/td>\n<td width=\"304\">0 - 45 degr\u00e9s Celsius<\/td>\n<\/tr>\n<tr>\n<td width=\"43\">24<\/td>\n<td width=\"205\">Humidit\u00e9 relative<\/td>\n<td width=\"304\">30% - 75%<\/td>\n<\/tr>\n<tr>\n<td width=\"43\">25<\/td>\n<td width=\"205\">Taille de l'emballage<\/td>\n<td width=\"304\">6800X2100X2300mm<\/td>\n<\/tr>\n<tr>\n<td width=\"43\">26<\/td>\n<td width=\"205\">N.W.<\/td>\n<td width=\"304\">7000KG<\/td>\n<\/tr>\n<tr>\n<td width=\"43\">27<\/td>\n<td width=\"205\">G.W.<\/td>\n<td width=\"304\">8000KG<\/td>\n<\/tr>\n<\/tbody>\n<\/table>\n<p>&nbsp;<\/p>","protected":false},"excerpt":{"rendered":"<p>La broche HSD \u00e0 rotation de 180\u00b0 permet des usinages complexes. Les composants de premi\u00e8re qualit\u00e9 (HSD, Yaskawa, Syntec) garantissent une pr\u00e9cision et une fiabilit\u00e9 \u00e0 long terme. La structure en acier tremp\u00e9 garantit la pr\u00e9cision pour les applications exigeantes (bois durs, moules). Vitesse \u00e9lev\u00e9e (40m\/min), pr\u00e9cision de \u00b10,01mm.<\/p>","protected":false},"featured_media":1598,"template":"","meta":{"_gspb_post_css":""},"product_brand":[],"product_cat":[39],"product_tag":[],"class_list":{"0":"post-1597","1":"product","2":"type-product","3":"status-publish","4":"has-post-thumbnail","6":"product_cat-4-axis-cnc-router","8":"first","9":"instock","10":"shipping-taxable","11":"product-type-simple"},"_links":{"self":[{"href":"https:\/\/sunteccncrouter.com\/fr\/wp-json\/wp\/v2\/product\/1597","targetHints":{"allow":["GET"]}}],"collection":[{"href":"https:\/\/sunteccncrouter.com\/fr\/wp-json\/wp\/v2\/product"}],"about":[{"href":"https:\/\/sunteccncrouter.com\/fr\/wp-json\/wp\/v2\/types\/product"}],"wp:featuredmedia":[{"embeddable":true,"href":"https:\/\/sunteccncrouter.com\/fr\/wp-json\/wp\/v2\/media\/1598"}],"wp:attachment":[{"href":"https:\/\/sunteccncrouter.com\/fr\/wp-json\/wp\/v2\/media?parent=1597"}],"wp:term":[{"taxonomy":"product_brand","embeddable":true,"href":"https:\/\/sunteccncrouter.com\/fr\/wp-json\/wp\/v2\/product_brand?post=1597"},{"taxonomy":"product_cat","embeddable":true,"href":"https:\/\/sunteccncrouter.com\/fr\/wp-json\/wp\/v2\/product_cat?post=1597"},{"taxonomy":"product_tag","embeddable":true,"href":"https:\/\/sunteccncrouter.com\/fr\/wp-json\/wp\/v2\/product_tag?post=1597"}],"curies":[{"name":"wp","href":"https:\/\/api.w.org\/{rel}","templated":true}]}}