{"id":1608,"date":"2025-06-13T08:56:30","date_gmt":"2025-06-13T08:56:30","guid":{"rendered":"https:\/\/sunteccncrouter.com\/?post_type=product&#038;p=1608"},"modified":"2025-06-13T08:56:45","modified_gmt":"2025-06-13T08:56:45","slug":"4-axis-cnc-router-swing-180-degree-rotary-spindle-3d-wood-mold-st-3040","status":"publish","type":"product","link":"https:\/\/sunteccncrouter.com\/fr\/4-axis-cnc-router-swing-180-degree-rotary-spindle-3d-wood-mold-st-3040\/","title":{"rendered":"Toupie CNC 4 axes, broche rotative 180 degr\u00e9s, moule \u00e0 bois 3D ST-3040"},"content":{"rendered":"<p>La broche peut tourner de 180 degr\u00e9s (\u00b190 degr\u00e9s), elle peut r\u00e9aliser plusieurs types de surfaces que nous pouvons concevoir avec le logiciel powermill mastercam, etc.<\/p>\n<p>2. Nous utilisons des composants de premi\u00e8re qualit\u00e9 pour les machines, comme la brocheHSD, le syst\u00e8me de commande Syntec EZ-4M, l'onduleur Delta, les servomoteurs Yaskawa et le bo\u00eetier de commande s\u00e9par\u00e9, le syst\u00e8me lin\u00e9aire Hiwin PMI, etc. pour maintenir la machine dans les meilleures conditions, m\u00eame apr\u00e8s de nombreuses ann\u00e9es de fonctionnement.<\/p>\n<p>Les servomoteurs Yaskawa permettent d'obtenir une haute r\u00e9solution, un couple \u00e9lev\u00e9, une grande pr\u00e9cision et un faible taux de d\u00e9faillance.<\/p>\n<p>Avec une structure en acier dur, toute la structure en acier est soud\u00e9e puis trait\u00e9e pour r\u00e9duire sa rigidit\u00e9 afin d'assurer une longue dur\u00e9e de vie sans d\u00e9formation. Ensuite, un centre de fraisage \u00e0 5 c\u00f4t\u00e9s fraise le rail de guidage carr\u00e9 pour assurer une haute pr\u00e9cision. Il convient donc au travail du bois dur, comme la d\u00e9coupe et la gravure sur le bois de rose pour les meubles et la d\u00e9coration int\u00e9rieure. Moules pour l'aviation, moules militaires, moules en aluminium, moules en styromousse, moules pour bateaux, etc.<\/p>\n<p>1) Grandes dimensions : 1500*3000mm, 2000*3000mm, etc.<br \/>\n2) Dispositif rotatif pour le traitement des mat\u00e9riaux en colonne.<br \/>\n3) D\u00e9poussi\u00e9reur 4) Syst\u00e8me de refroidissement par brumisation<\/p>\n<table>\n<tbody>\n<tr>\n<td width=\"43\">Nombre<\/td>\n<td width=\"205\">Description<\/td>\n<td width=\"304\">Param\u00e8tres<\/td>\n<\/tr>\n<tr>\n<td width=\"43\">1<\/td>\n<td width=\"205\">X,Y,Z Zone de travail<\/td>\n<td width=\"304\">3000x4000x1000mm<\/td>\n<\/tr>\n<tr>\n<td width=\"43\">2<\/td>\n<td width=\"205\">Taille du tableau<\/td>\n<td width=\"304\">4000\u00d76440mm<\/td>\n<\/tr>\n<tr>\n<td width=\"43\">3<\/td>\n<td width=\"205\">X,Y,Z Pr\u00e9cision du positionnement de d\u00e9placement<\/td>\n<td width=\"304\">\u00b10,01\/1000mm<\/td>\n<\/tr>\n<tr>\n<td width=\"43\">4<\/td>\n<td width=\"205\">X,Y,Z Pr\u00e9cision du repositionnement :<\/td>\n<td width=\"304\">\u00b10,01mm<\/td>\n<\/tr>\n<tr>\n<td width=\"43\">5<\/td>\n<td width=\"205\">Surface de la table<\/td>\n<td width=\"304\">\u00a0 Fente en T combin\u00e9e (Option : Table \u00e0 fente en T)<\/td>\n<\/tr>\n<tr>\n<td width=\"43\">6<\/td>\n<td width=\"205\">Cadre<\/td>\n<td width=\"304\">Grande structure tubulaire en acier<\/td>\n<\/tr>\n<tr>\n<td width=\"43\">7<\/td>\n<td width=\"205\">X, Y Structure<\/td>\n<td width=\"304\">Entra\u00eenement par cr\u00e9maill\u00e8re et pignon, roulements lin\u00e9aires Hiwin Rail<\/td>\n<\/tr>\n<tr>\n<td width=\"43\">8<\/td>\n<td width=\"205\">Z Structure<\/td>\n<td width=\"304\">Roulements lin\u00e9aires et vis \u00e0 billes Hiwin Rail<\/td>\n<\/tr>\n<tr>\n<td width=\"43\">9<\/td>\n<td width=\"205\">Max. Consommation \u00e9lectrique<\/td>\n<td width=\"304\">(sans broche) 4 Kw<\/td>\n<\/tr>\n<tr>\n<td width=\"43\">10<\/td>\n<td width=\"205\">Max. Vitesse de d\u00e9placement rapide<\/td>\n<td width=\"304\">40000mm\/min<\/td>\n<\/tr>\n<tr>\n<td width=\"43\">11<\/td>\n<td width=\"205\">Vitesse de travail max. Vitesse de travail<\/td>\n<td width=\"304\">30000mm\/min<\/td>\n<\/tr>\n<tr>\n<td width=\"43\">12<\/td>\n<td width=\"205\">Puissance de la broche<\/td>\n<td width=\"304\">9,6 kW HSD<\/td>\n<\/tr>\n<tr>\n<td width=\"43\">13<\/td>\n<td width=\"205\">Vitesse de la broche<\/td>\n<td width=\"304\">0-24000RPM<\/td>\n<\/tr>\n<tr>\n<td width=\"43\">14<\/td>\n<td width=\"205\">Moteurs d'entra\u00eenement<\/td>\n<td width=\"304\">Moteurs Yaskawa 1300W<\/td>\n<\/tr>\n<tr>\n<td width=\"43\">15<\/td>\n<td width=\"205\">Tension de fonctionnement<\/td>\n<td width=\"304\">AC380V\/50\/60Hz,3PH (Option : 220V))<\/td>\n<\/tr>\n<tr>\n<td width=\"43\">16<\/td>\n<td width=\"205\">Langage de commande<\/td>\n<td width=\"304\">G Code<\/td>\n<\/tr>\n<tr>\n<td width=\"43\">17<\/td>\n<td width=\"205\">Syst\u00e8me d'exploitation<\/td>\n<td width=\"304\">Syst\u00e8me de contr\u00f4le Syntec<\/td>\n<\/tr>\n<tr>\n<td width=\"43\">18<\/td>\n<td width=\"205\">Interface informatique<\/td>\n<td width=\"304\">USB<\/td>\n<\/tr>\n<tr>\n<td width=\"43\">19<\/td>\n<td width=\"205\">M\u00e9moire flash<\/td>\n<td width=\"304\">512M<\/td>\n<\/tr>\n<tr>\n<td width=\"43\">20<\/td>\n<td width=\"205\">Collet<\/td>\n<td width=\"304\">ISO30<\/td>\n<\/tr>\n<tr>\n<td width=\"43\">21<\/td>\n<td width=\"205\">R\u00e9solution X,Y<\/td>\n<td width=\"304\">&lt;0,01mm<\/td>\n<\/tr>\n<tr>\n<td width=\"43\">22<\/td>\n<td width=\"205\">Compatibilit\u00e9 des logiciels<\/td>\n<td width=\"304\">\u00a0Logiciel powermill UG<\/td>\n<\/tr>\n<tr>\n<td width=\"43\">23<\/td>\n<td width=\"205\">Temp\u00e9rature de l'environnement de travail<\/td>\n<td width=\"304\">0 - 45 degr\u00e9s Celsius<\/td>\n<\/tr>\n<tr>\n<td width=\"43\">24<\/td>\n<td width=\"205\">Humidit\u00e9 relative<\/td>\n<td width=\"304\">30% - 75%<\/td>\n<\/tr>\n<tr>\n<td width=\"43\">25<\/td>\n<td width=\"205\">Taille de l'emballage<\/td>\n<td width=\"304\">6800X2100X2300mm<\/td>\n<\/tr>\n<tr>\n<td width=\"43\">26<\/td>\n<td width=\"205\">N.W.<\/td>\n<td width=\"304\">10000KG<\/td>\n<\/tr>\n<tr>\n<td width=\"43\">27<\/td>\n<td width=\"205\">G.W.<\/td>\n<td width=\"304\">12500KG<\/td>\n<\/tr>\n<tr>\n<td rowspan=\"6\" width=\"43\">28<\/td>\n<td rowspan=\"6\" width=\"205\">Pi\u00e8ces optionnelles<\/td>\n<td width=\"304\">D\u00e9poussi\u00e9reurs \/ hottes pour trois axes<\/td>\n<\/tr>\n<tr>\n<td width=\"304\">Pompe \u00e0 vide<\/td>\n<\/tr>\n<tr>\n<td width=\"304\">Syst\u00e8me rotatif<\/td>\n<\/tr>\n<tr>\n<td width=\"304\">Syst\u00e8me de refroidissement par brouillard<\/td>\n<\/tr>\n<tr>\n<td width=\"304\">Servomoteurs Delta\/ Panasonic<\/td>\n<\/tr>\n<tr>\n<td width=\"304\">Broche Colombo<\/td>\n<\/tr>\n<\/tbody>\n<\/table>\n<p>&nbsp;<\/p>\n<p><strong><b>\u00a0D\u00c9TAILS DE LA PRODUCTION\u00a0<\/b><\/strong><\/p>\n<p>Apr\u00e8s le soudage, la table est produite \u00e0 plat pour s'assurer que la table est au m\u00eame niveau et pour garantir une haute pr\u00e9cision.<\/p>\n<p>La broche HSD italienne se caract\u00e9rise par une vitesse \u00e9lev\u00e9e et un faible niveau de bruit. La broche a pass\u00e9 le test IP65 d'\u00e9tanch\u00e9it\u00e9 \u00e0 l'eau et \u00e0 la poussi\u00e8re, le roulement en c\u00e9ramique est thermostable. La vitesse maximale est de 24 000 tours\/minute, la coupe \u00e0 haut rendement est disponible pour la haute pr\u00e9cision et l'abrasion des roulements. Le syst\u00e8me de refroidissement par air int\u00e9rieur et ext\u00e9rieur prolonge la dur\u00e9e de vie de la broche.<\/p>\n<p>Contr\u00f4leur syntec R\u00e9ponse rapide, PLC, forte stabilit\u00e9, forte contr\u00f4labilit\u00e9, haute sensibilit\u00e9, d\u00e9veloppement secondaire possible, et fonctions pouvant \u00eatre ajout\u00e9es \u00e0 volont\u00e9.<\/p>\n<p>Le syst\u00e8me de contr\u00f4le a une grande pr\u00e9cision, un fonctionnement diversifi\u00e9 et un m\u00e9canisme de protection pour \u00e9viter les collisions m\u00e9caniques caus\u00e9es par une op\u00e9ration de surcourse.<\/p>\n<p>Changement automatique d'outils 8 pi\u00e8ces pour \u00e9conomiser du temps de travail changement de coloc et d'anticoloc haute efficacit\u00e9 de travail<\/p>\n<p>\u00e9chantillon de travail r\u00e9alis\u00e9 par le client \u00e0 l'aide d'un moule suntec 4 axis cnc ST-2030<\/p>\n<p>moule en bois pour roue \u00e0 aubes par suntec ST-1830 swing 180 degree 4 axis cnc router<\/p>\n<p>moule pour chaussures \u00e0 chenilles par suntec machine cnc 4 axes centre de pr\u00e9cision 0.1mm<\/p>\n<p>La broche peut tourner de 180 degr\u00e9s (\u00b190 degr\u00e9s), ce qui permet de r\u00e9aliser plusieurs types de surfaces.<\/p>\n<p>Nous utilisons des composants de premi\u00e8re qualit\u00e9 pour les machines, comme la broche HSD, la broche Hitec ISO 30 24000 tr\/min, le contr\u00f4leur Syntec \/OSAI\/tpa en option, l'onduleur Delta, les servomoteurs Yaskawa et le bo\u00eetier de commande s\u00e9par\u00e9, le rev\u00eatement Hiwin PMI et ainsi de suite, afin de maintenir la machine dans les meilleures conditions, m\u00eame apr\u00e8s de nombreuses ann\u00e9es de fonctionnement.<\/p>\n<p>3. avec de l'acier dur, qui convient au travail du bois dur, comme la d\u00e9coupe et la gravure sur bois de rose.<\/p>\n<p>pour l'ameublement, la d\u00e9coration int\u00e9rieure. Moule \u00e0 bois 3d, moule \u00e0 mousse plastique eps, etc. haute pr\u00e9cision<\/p>\n<p>Centre de fraisage lat\u00e9ral \u00e0 5 axes et guide carr\u00e9 de fraisage pour garantir une haute pr\u00e9cision<\/p>\n<p>Poncer pour r\u00e9duire la poussi\u00e8re d'acier et s'assurer que les pi\u00e8ces sont bien fix\u00e9es et qu'il n'y a pas d'\u00e9cailles.<\/p>\n<p>Toute la structure de la table est trait\u00e9e pour d\u00e9duire la rigidit\u00e9 de l'acier lui-m\u00eame afin d'assurer une utilisation \u00e0 long terme sans d\u00e9formation.<\/p>\n<p>Table de fraisage \u00e0 portique carr\u00e9 robuste pour centre d'usinage \u00e0 commande num\u00e9rique<\/p>\n<p>Table en t\u00f4le d'acier avec rainure en T pour supporter le mat\u00e9riel lourd afin d'assurer que la table ne se d\u00e9forme pas.<\/p>\n<p>&nbsp;<\/p>\n<p><strong><b>\u00a0TABLE EN ACIER EN OPTION , TABLE NORMALE EN ALUMINIUM AVEC PVC , TOUS SELON VOS EXIGENCES POUR CHOISIR UNE TABLE\u00a0<\/b><\/strong><\/p>\n<p>9kw HSD spindle 24000 rpm cutter blade and spindle rotary at the same time all time so it no swing cutter and ATC well . customer working 16 hours everyday using 6 years still well .<\/p>\n<p>Le contr\u00f4leur Syntec a une haute sensibilit\u00e9, une forte stabilit\u00e9, une capacit\u00e9 de contr\u00f4le et un retour d'information rapide. Il est important de noter qu'il peut \u00eatre d\u00e9velopp\u00e9 ult\u00e9rieurement si vous souhaitez ajouter une fonction, envoyez le fichier et utilisez-le directement,<\/p>\n<p>Changement d'outil automatique 8 pi\u00e8ces, fraise en fonction du mat\u00e9riau \u00e0 choisir, si vous faites un moule, le premier fraisage n\u00e9cessite une fraise droite de 150-200 mm, puis le fraisage fin n\u00e9cessite une fraise de 50 mm pour ralentir le fraisage afin d'assurer la pr\u00e9cision.<\/p>","protected":false},"excerpt":{"rendered":"<p>CNC grand format (3x4m) avec broche HSD 180\u00b0 pour moules complexes (a\u00e9rospatiale\/construction navale). Pr\u00e9cision de \u00b10,01 mm gr\u00e2ce au ch\u00e2ssis en acier trait\u00e9 thermiquement et aux guides Hiwin. Les composants Yaskawa\/Syntec de premi\u00e8re qualit\u00e9 garantissent une vitesse et une fiabilit\u00e9 de 40 m\/min. En option, l'ATC, l'axe rotatif et la table en acier am\u00e9liorent les traitements lourds.<\/p>","protected":false},"featured_media":1609,"template":"","meta":{"_gspb_post_css":""},"product_brand":[],"product_cat":[39],"product_tag":[],"class_list":{"0":"post-1608","1":"product","2":"type-product","3":"status-publish","4":"has-post-thumbnail","6":"product_cat-4-axis-cnc-router","8":"first","9":"instock","10":"shipping-taxable","11":"product-type-simple"},"_links":{"self":[{"href":"https:\/\/sunteccncrouter.com\/fr\/wp-json\/wp\/v2\/product\/1608","targetHints":{"allow":["GET"]}}],"collection":[{"href":"https:\/\/sunteccncrouter.com\/fr\/wp-json\/wp\/v2\/product"}],"about":[{"href":"https:\/\/sunteccncrouter.com\/fr\/wp-json\/wp\/v2\/types\/product"}],"wp:featuredmedia":[{"embeddable":true,"href":"https:\/\/sunteccncrouter.com\/fr\/wp-json\/wp\/v2\/media\/1609"}],"wp:attachment":[{"href":"https:\/\/sunteccncrouter.com\/fr\/wp-json\/wp\/v2\/media?parent=1608"}],"wp:term":[{"taxonomy":"product_brand","embeddable":true,"href":"https:\/\/sunteccncrouter.com\/fr\/wp-json\/wp\/v2\/product_brand?post=1608"},{"taxonomy":"product_cat","embeddable":true,"href":"https:\/\/sunteccncrouter.com\/fr\/wp-json\/wp\/v2\/product_cat?post=1608"},{"taxonomy":"product_tag","embeddable":true,"href":"https:\/\/sunteccncrouter.com\/fr\/wp-json\/wp\/v2\/product_tag?post=1608"}],"curies":[{"name":"wp","href":"https:\/\/api.w.org\/{rel}","templated":true}]}}