{"id":1640,"date":"2025-06-13T13:04:04","date_gmt":"2025-06-13T13:04:04","guid":{"rendered":"https:\/\/sunteccncrouter.com\/?post_type=product&#038;p=1640"},"modified":"2025-06-13T13:04:04","modified_gmt":"2025-06-13T13:04:04","slug":"automatic-tool-change-aggregated-nesting-3-axis-wood-cnc-router-st-2138-with-ce-barrier","status":"publish","type":"product","link":"https:\/\/sunteccncrouter.com\/fr\/automatic-tool-change-aggregated-nesting-3-axis-wood-cnc-router-st-2138-with-ce-barrier\/","title":{"rendered":"Changeur d'outils automatique, agr\u00e9gat nesting, fraiseuse \u00e0 bois CNC 3 axes ST-2138 avec barri\u00e8re CE"},"content":{"rendered":"<p>1) Table \u00e0 vide : Double couche de PVC, 5 zones de vide pour diff\u00e9rentes tailles de panneaux. Table en PVC de 35 mm d'\u00e9paisseur, chaque trou de vide de 8 mm pour assurer une bonne adh\u00e9sion au bois MDF.<\/p>\n<p>2) Armoire \u00e9lectrique et tableau de commande ind\u00e9pendants<\/p>\n<p>3). Le cycle de travail complet (chargement, embo\u00eetement, per\u00e7age et d\u00e9chargement) est ex\u00e9cut\u00e9 automatiquement, ce qui se traduit par une productivit\u00e9 maximale et un temps d'arr\u00eat nul.<\/p>\n<p>4). Des composants de marque de premier plan, tels que la broche italienne HSD (changeur d'outils automatique), les servomoteurs japonais Yaskawa, le contr\u00f4leur ta\u00efwanais Syntec, le r\u00e9ducteur japonais Shimpo et les transmissions, garantissent une grande efficacit\u00e9.<\/p>\n<p>5). Programme de changement d'outil automatique avanc\u00e9 \u00e0 haute efficacit\u00e9, sans intervention humaine, programme automatique.<\/p>\n<p>6). Gr\u00e2ce au traitement de trempe et de vieillissement du banc de tour \u00e0 souder de qualit\u00e9 industrielle, la d\u00e9formation est \u00e9vit\u00e9e et la stabilit\u00e9 et la pr\u00e9cision de traitement de la machine-outil sont am\u00e9lior\u00e9es.<\/p>\n<p>7). Le magasin d'outils \u00e0 carrousel peut contenir jusqu'\u00e0 12 outils ou atc lin\u00e9aires pour HSKF63 ou ISO30. Le magasin est \u00e9quip\u00e9 d'un servomoteur Yaskawa pour garantir une haute r\u00e9p\u00e9tabilit\u00e9 et une grande efficacit\u00e9.<\/p>\n<p>8). V\u00e9ritablement polyvalente : imbrication, d\u00e9fon\u00e7age, per\u00e7age vertical, d\u00e9coupe, fraisage lat\u00e9ral et pon\u00e7age des chants en un seul appareil. Elle convient parfaitement \u00e0 la production de meubles \u00e0 panneaux, de meubles de bureau et d'armoires.<br \/>\n<strong><b><br \/>\n<\/b><\/strong><strong><b>Avantage<\/b><\/strong><strong><b><br \/>\n<\/b><\/strong>1. Augmenter l'utilisation du mat\u00e9riel 10%<br \/>\n2. R\u00e9duire la d\u00e9pendance des travailleurs techniques.<br \/>\n3. diminution de la proc\u00e9dure de tri et de l'erreur de tri.<br \/>\n4. Gagner du temps et de la main d'\u0153uvre pour le traitement des pi\u00e8ces compliqu\u00e9es.<br \/>\n5. Il peut \u00e9galement rainurer et percer.<br \/>\n6. Am\u00e9liorer la qualit\u00e9 des produits et l'efficacit\u00e9.<br \/>\n7. Optimiser la proc\u00e9dure technologique, r\u00e9duire les co\u00fbts de production.<\/p>\n<table>\n<tbody>\n<tr>\n<td width=\"144\">Mod\u00e8le<\/td>\n<td width=\"133\">ST-2138<\/td>\n<td width=\"184\">\u00a0\u00a0\u00a0\u00a0\u00a0\u00a0ST-1352<\/td>\n<td width=\"147\">ST-1332<\/td>\n<\/tr>\n<tr>\n<td width=\"144\">Taille de voyage<\/td>\n<td width=\"133\">2100*3800*500mm<\/td>\n<td width=\"184\">1300*5200*300mm<\/td>\n<td width=\"147\">1300*3200*300<\/td>\n<\/tr>\n<tr>\n<td width=\"144\">Taille maximale de travail<\/td>\n<td width=\"133\">4600*2300*1800mm<\/td>\n<td width=\"184\">2200*6500*1800mm<\/td>\n<td width=\"147\">2200*5000*1800mm<\/td>\n<\/tr>\n<tr>\n<td width=\"144\">Zone de travail<\/td>\n<td colspan=\"3\" width=\"464\">Zone de travail 15\/7\/7 selon la taille de la planche de travail<\/td>\n<\/tr>\n<tr>\n<td width=\"144\">Transmission<\/td>\n<td colspan=\"2\" width=\"317\">Entra\u00eenement par pignon et cr\u00e9maill\u00e8re X\/Y, entra\u00eenement par vis \u00e0 billes Z<\/td>\n<td width=\"147\">&nbsp;<\/td>\n<\/tr>\n<tr>\n<td width=\"144\">Structure du tableau<\/td>\n<td colspan=\"3\" width=\"464\">\u00a0Table \u00e0 structure lourde avec plaque d'acier<\/td>\n<\/tr>\n<tr>\n<td width=\"144\">Puissance de la broche<\/td>\n<td colspan=\"3\" width=\"464\">9 KW\/Refroidissement par air\/ISO30<\/p>\n<p>0r 11 KW\/Refroidissement par air\/HSK-F63<\/td>\n<\/tr>\n<tr>\n<td width=\"144\">Syst\u00e8me de conduite<\/td>\n<td colspan=\"3\" width=\"464\">850 Servomoteur\/Yaskawa<\/p>\n<p>&nbsp;<\/td>\n<\/tr>\n<tr>\n<td width=\"144\">Contr\u00f4leur<\/td>\n<td width=\"133\">CONTR\u00d4LEUR OSAI<\/td>\n<td colspan=\"2\" width=\"331\">Contr\u00f4leur NC<\/td>\n<\/tr>\n<tr>\n<td width=\"144\">Vitesse maximale de la broche<\/td>\n<td colspan=\"3\" width=\"464\">24000r\/min<\/td>\n<\/tr>\n<tr>\n<td width=\"144\">Vitesse de d\u00e9placement maximale<\/td>\n<td colspan=\"3\" width=\"464\">80m\/min<\/td>\n<\/tr>\n<tr>\n<td width=\"144\">Vitesse de travail<\/td>\n<td colspan=\"3\" width=\"464\">20m\/min<\/td>\n<\/tr>\n<tr>\n<td width=\"144\">Pr\u00e9cision du repositionnement<\/td>\n<td colspan=\"3\" width=\"464\">+\/- 0,025 mm<\/td>\n<\/tr>\n<tr>\n<td width=\"144\">Magazine de l'outil<\/td>\n<td colspan=\"3\" width=\"464\">Lin\u00e9aire atc 12<\/td>\n<\/tr>\n<tr>\n<td width=\"144\">Tension<\/td>\n<td colspan=\"3\" width=\"464\">AC400\/3PH\/50HZ<\/td>\n<\/tr>\n<tr>\n<td width=\"144\">T\u00eate d'al\u00e9sage<\/td>\n<td colspan=\"3\" width=\"464\">9V3H1S\/FAM \/Italie<\/td>\n<\/tr>\n<tr>\n<td width=\"144\">Unit\u00e9 d'al\u00e9sage en option<\/td>\n<td width=\"133\">9V6H1S\/ 7V4H\/ 12V8H2S<\/td>\n<td width=\"184\">10V4H2S\/ 7V4H\/ 12V8H2S<\/td>\n<td width=\"147\">9V3H1S<\/td>\n<\/tr>\n<tr>\n<td width=\"144\">Poids net<\/td>\n<td width=\"133\">5600KGS<\/td>\n<td width=\"184\">\u00a0\u00a05600KGS<\/td>\n<td width=\"147\">5600KGS<\/td>\n<\/tr>\n<\/tbody>\n<\/table>\n<p>&nbsp;<\/p>","protected":false},"excerpt":{"rendered":"<p>Automatisation sans temps d'arr\u00eat : Cycle complet de chargement\/nidification\/per\u00e7age\/d\u00e9chargement. La table \u00e0 vide \u00e0 5 zones augmente l'utilisation des mat\u00e9riaux 10%. Vitesse de 80 m\/min et pr\u00e9cision de \u00b10,025 mm avec des composants HSD\/Yaskawa\/OSAI. L'ATC \u00e0 12 outils g\u00e8re le d\u00e9tourage, le per\u00e7age et le fraisage pour la production d'armoires.<\/p>","protected":false},"featured_media":1641,"template":"","meta":{"_gspb_post_css":""},"product_brand":[],"product_cat":[38],"product_tag":[],"class_list":{"0":"post-1640","1":"product","2":"type-product","3":"status-publish","4":"has-post-thumbnail","6":"product_cat-3-axis-cnc-router","8":"first","9":"instock","10":"shipping-taxable","11":"product-type-simple"},"_links":{"self":[{"href":"https:\/\/sunteccncrouter.com\/fr\/wp-json\/wp\/v2\/product\/1640","targetHints":{"allow":["GET"]}}],"collection":[{"href":"https:\/\/sunteccncrouter.com\/fr\/wp-json\/wp\/v2\/product"}],"about":[{"href":"https:\/\/sunteccncrouter.com\/fr\/wp-json\/wp\/v2\/types\/product"}],"wp:featuredmedia":[{"embeddable":true,"href":"https:\/\/sunteccncrouter.com\/fr\/wp-json\/wp\/v2\/media\/1641"}],"wp:attachment":[{"href":"https:\/\/sunteccncrouter.com\/fr\/wp-json\/wp\/v2\/media?parent=1640"}],"wp:term":[{"taxonomy":"product_brand","embeddable":true,"href":"https:\/\/sunteccncrouter.com\/fr\/wp-json\/wp\/v2\/product_brand?post=1640"},{"taxonomy":"product_cat","embeddable":true,"href":"https:\/\/sunteccncrouter.com\/fr\/wp-json\/wp\/v2\/product_cat?post=1640"},{"taxonomy":"product_tag","embeddable":true,"href":"https:\/\/sunteccncrouter.com\/fr\/wp-json\/wp\/v2\/product_tag?post=1640"}],"curies":[{"name":"wp","href":"https:\/\/api.w.org\/{rel}","templated":true}]}}