{"id":1514,"date":"2025-06-09T17:51:46","date_gmt":"2025-06-09T17:51:46","guid":{"rendered":"https:\/\/sunteccncrouter.com\/?post_type=product&#038;p=1514"},"modified":"2025-06-10T02:39:24","modified_gmt":"2025-06-10T02:39:24","slug":"5-axis-cnc-router-woodworking-cnc-machine-center","status":"publish","type":"product","link":"https:\/\/sunteccncrouter.com\/it\/5-axis-cnc-router-woodworking-cnc-machine-center\/","title":{"rendered":"Router CNC a 5 assi per la lavorazione del legno Centro macchina CNC ST-2030"},"content":{"rendered":"<h2><strong><b>Lavorazione CNC a 5 assi di Suntec - Usi comuni<\/b><\/strong><\/h2>\n<p>La lavorazione CNC a 5 assi pu\u00f2 essere utilizzata per produrre pezzi utilizzati in molti settori diversi, grazie alla sua efficienza e alla capacit\u00e0 di produrre forme complesse. Ecco alcuni esempi di industrie che pi\u00f9 comunemente si avvalgono di questa tecnologia:<\/p>\n<p><strong><b>\u00a0<\/b><\/strong><strong><b>Aerospaziale<\/b><\/strong>\u00a0- Questo settore richiede una macchina molto precisa, poich\u00e9 le forme sono molto intricate e uniche.<\/p>\n<p><strong><b>Medico\u00a0<\/b><\/strong>- La lavorazione CNC a 5 assi pu\u00f2 aiutare i produttori di apparecchiature mediche nella produzione di dispositivi, impianti e altre apparecchiature che devono essere realizzate con una precisione extra per soddisfare gli standard sanitari che tendono a essere rigorosi (giustamente).<\/p>\n<p><strong><b>Militare<\/b><\/strong>\u00a0- un altro settore che utilizza la lavorazione CNC a 5 assi per produrre i pezzi necessari. Alcune delle possibili applicazioni includono parti di sottomarini, parti di motori ad alte prestazioni, pale di turbine e compressori, armi intelligenti, sensori, applicazioni stealth e, in alcuni casi, armi nucleari.<\/p>\n<p><strong><b>Apparecchiature energetiche\u00a0<\/b><\/strong>- La produzione di parti per apparecchiature energetiche richiede spesso l'utilizzo di materiali difficili da lavorare. Con la lavorazione CNC a 5 assi, \u00e8 possibile rendere l'intero processo pi\u00f9 semplice ed efficiente.<\/p>\n<p>&nbsp;<\/p>\n<p><strong><b>Dettagli asse Suntec 5\u00a0<\/b><\/strong><\/p>\n<ol>\n<li>suntec 5 assi XYZAC 5 assi XYZ 3 assi movimento A +_110 asse C +_245 gradi rotativi<\/li>\n<\/ol>\n<p>che pu\u00f2 fresare tagliare incidere la superficie del materiale di lavoro come i materiali compositi sucha fibra di vetro carbonio Eps schiuma polistirolo, plastica alluminio legno duro ecc. suntec 5 assi pu\u00f2 applicare ugello del motore a razzo liquido una navetta spaziale naso cono aeromobili freno disco legno stampo,<\/p>\n<p>parti della muffa dello yacht della barca dell'aereo dell'automobile hanno fuso il metallo non facente la muffa ecc.<\/p>\n<ol start=\"2\">\n<li>suntec 5 assi tutti usati parti di alta marca mandrino HSD mandrino hitec italia Demas 5 asse testa, mandrino hsd TPA osai o syntec controller. giapponese yaskawa assolutamente driver e motore helica 3M ingranaggio per assicurarsi di alta precisione 0,1 millimetri pu\u00f2 essere utilizzato lunga vita e basso costo a basso tempo di manutenzione.<\/li>\n<li>Suntec 5 assi utilizzano tutti acciaio di grosso spessore saldato, alcune parti di 12 mm di spessore, altre addirittura di 20 mm, tutte saldate e trattate per eliminare la rigidit\u00e0 e assicurarsi che l'uso di lunga durata non si deformi, tutte le strutture sono realizzate da 5 centri cnc per fresare una guida quadrata delle gambe che necessita di 3-5 giorni da 5 centri cnc laterali per fresare una coppia di torsione elevata a bassa velocit\u00e0 per assicurarsi un'elevata precisione.<\/li>\n<li>Suntec 5 assi di lavoro tavolo in ghisa un tavolo da 5-20t secondo il vostro materiale di lavoro per decidere che anche in grado di garantire l'alta precisione.<\/li>\n<li>Suntec 5 assi cnc installare utilizzare il laser per regolare l'allineamento XYZAX callbrate per assicurarsi alta<\/li>\n<\/ol>\n<p>precisione .<\/p>\n<table>\n<tbody>\n<tr>\n<td width=\"46\">Numero<\/td>\n<td width=\"217\">Descrizione<\/td>\n<td width=\"289\">Parametro<\/td>\n<\/tr>\n<tr>\n<td width=\"46\">1<\/td>\n<td width=\"217\">X, Y, Z Area di lavoro<\/td>\n<td width=\"289\">2000*3000*1000mm<\/td>\n<\/tr>\n<tr>\n<td width=\"46\">2<\/td>\n<td width=\"217\">Dimensione della tabella<\/td>\n<td width=\"289\">3300\u00d75700 mm<\/td>\n<\/tr>\n<tr>\n<td width=\"46\">3<\/td>\n<td width=\"217\">Precisione di posizionamento in movimento X,Y,Z<\/td>\n<td width=\"289\">\u00b10,01\/1000mm<\/td>\n<\/tr>\n<tr>\n<td width=\"46\">4<\/td>\n<td width=\"217\">Un asse<\/td>\n<td width=\"289\">A \u00b1110 gradi<\/td>\n<\/tr>\n<tr>\n<td width=\"46\">5<\/td>\n<td width=\"217\">C rotante<\/td>\n<td width=\"289\">C\u00b1 245 gradi<\/td>\n<\/tr>\n<tr>\n<td width=\"46\">5<\/td>\n<td width=\"217\">Superficie del tavolo<\/td>\n<td width=\"289\">Tavolo a vuoto<\/td>\n<\/tr>\n<tr>\n<td width=\"46\">6<\/td>\n<td width=\"217\">Telaio<\/td>\n<td width=\"289\">Grande struttura di tubi in acciaio con trattamento termico<\/td>\n<\/tr>\n<tr>\n<td width=\"46\">7<\/td>\n<td width=\"217\">X, Y Struttura<\/td>\n<td width=\"289\">Azionamento a pignone e cremagliera, cuscinetti lineari su rotaia Hiwin<\/td>\n<\/tr>\n<tr>\n<td width=\"46\">8<\/td>\n<td width=\"217\">Struttura Z<\/td>\n<td width=\"289\">Cuscinetti lineari Hiwin Rail e vite a sfere TBI<\/td>\n<\/tr>\n<tr>\n<td width=\"46\">9<\/td>\n<td width=\"217\">Massimo. Consumo di energia<\/td>\n<td width=\"289\">(senza mandrino) 12 Kw<\/td>\n<\/tr>\n<tr>\n<td width=\"46\">10<\/td>\n<td width=\"217\">Max. Velocit\u00e0 di spostamento rapido<\/td>\n<td width=\"289\">40000 mm\/min<\/td>\n<\/tr>\n<tr>\n<td width=\"46\">11<\/td>\n<td width=\"217\">Velocit\u00e0 massima di lavoro Velocit\u00e0 di lavoro<\/td>\n<td width=\"289\">30000 mm\/min<\/td>\n<\/tr>\n<tr>\n<td width=\"46\">12<\/td>\n<td width=\"217\">Potenza del mandrino<\/td>\n<td width=\"289\">12kw<\/td>\n<\/tr>\n<tr>\n<td width=\"46\">13<\/td>\n<td width=\"217\">Velocit\u00e0 del mandrino<\/td>\n<td width=\"289\">0-24000RPM<\/td>\n<\/tr>\n<tr>\n<td width=\"46\">14<\/td>\n<td width=\"217\">Motori di azionamento<\/td>\n<td width=\"289\">Motori Yaskawa<\/td>\n<\/tr>\n<tr>\n<td width=\"46\">15<\/td>\n<td width=\"217\">Tensione di lavoro<\/td>\n<td width=\"289\">AC380V\/50\/60Hz, 3PH (opzione: 220V))<\/td>\n<\/tr>\n<tr>\n<td width=\"46\">16<\/td>\n<td width=\"217\">Linguaggio di comando<\/td>\n<td width=\"289\">Codice G<\/td>\n<\/tr>\n<tr>\n<td width=\"46\">17<\/td>\n<td width=\"217\">Sistema operativo<\/td>\n<td width=\"289\">Sistema di controllo Syntec\/TPA \/osai<\/td>\n<\/tr>\n<tr>\n<td width=\"46\">18<\/td>\n<td width=\"217\">Interfaccia computer<\/td>\n<td width=\"289\">USB<\/td>\n<\/tr>\n<tr>\n<td width=\"46\">19<\/td>\n<td width=\"217\">Memoria flash<\/td>\n<td width=\"289\">512M<\/td>\n<\/tr>\n<tr>\n<td width=\"46\">20<\/td>\n<td width=\"217\">Colletto<\/td>\n<td width=\"289\">HSK-F63<\/td>\n<\/tr>\n<tr>\n<td width=\"46\">21<\/td>\n<td width=\"217\">Risoluzione X,Y<\/td>\n<td width=\"289\">&lt;0,01 mm<\/td>\n<\/tr>\n<tr>\n<td width=\"46\">22<\/td>\n<td width=\"217\">Compatibilit\u00e0 del software<\/td>\n<td width=\"289\">\u00a0software powermill UG<\/td>\n<\/tr>\n<tr>\n<td width=\"46\">23<\/td>\n<td width=\"217\">Temperatura ambiente di funzionamento<\/td>\n<td width=\"289\">0 - 45 Centigradi<\/td>\n<\/tr>\n<tr>\n<td width=\"46\">24<\/td>\n<td width=\"217\">Umidit\u00e0 relativa<\/td>\n<td width=\"289\">30% - 75%<\/td>\n<\/tr>\n<tr>\n<td width=\"46\">25<\/td>\n<td width=\"217\">Dimensione dell'imballaggio<\/td>\n<td width=\"289\">5500X2100X2300mm<\/td>\n<\/tr>\n<tr>\n<td width=\"46\">26<\/td>\n<td width=\"217\">N.W.<\/td>\n<td width=\"289\">16000KG<\/td>\n<\/tr>\n<tr>\n<td width=\"46\">27<\/td>\n<td width=\"217\">G.W.<\/td>\n<td width=\"289\">18000kG<\/td>\n<\/tr>\n<tr>\n<td rowspan=\"7\" width=\"46\">28<\/td>\n<td rowspan=\"7\" width=\"217\">Parti opzionali<\/td>\n<td width=\"289\">Collettore di polveri\/cappucci per tre assi<\/td>\n<\/tr>\n<tr>\n<td width=\"289\">Pompa a vuoto<\/td>\n<\/tr>\n<tr>\n<td width=\"289\">Sistema rotativo<\/td>\n<\/tr>\n<tr>\n<td width=\"289\">Sistema di raffreddamento a nebbia<\/td>\n<\/tr>\n<tr>\n<td width=\"289\">Servomotori Delta\/ Panasonic<\/td>\n<\/tr>\n<tr>\n<td width=\"289\">Mandrino Colombo<\/td>\n<\/tr>\n<tr>\n<td width=\"289\">Tabella PTP Schmalz<\/td>\n<\/tr>\n<\/tbody>\n<\/table>\n<p>&nbsp;<\/p>","protected":false},"excerpt":{"rendered":"<p>Combina un'impareggiabile rotazione dell'asse A di \u00b1110\u00b0 e dell'asse C di \u00b1245\u00b0 con un'ampia capacit\u00e0 di 2000x3000x1000 mm per la lavorazione di parti complesse nei settori aerospaziale, medicale ed energetico. Costruita per una precisione al micron (\u00b10,01 mm) utilizzando motori Yaskawa, mandrini HSD (24k RPM) e teste Demas calibrate al laser. La costruzione di livello industriale prevede telai in acciaio da 12-20 mm trattati termicamente per garantire decenni di funzionamento senza deformazioni. Manipola compositi, metalli e legni a velocit\u00e0 di 40 m\/min, offrendo soluzioni industriali durevoli e di alta precisione.<\/p>","protected":false},"featured_media":1435,"template":"","meta":{"_gspb_post_css":""},"product_brand":[],"product_cat":[40],"product_tag":[],"class_list":{"0":"post-1514","1":"product","2":"type-product","3":"status-publish","4":"has-post-thumbnail","6":"product_cat-5-axis-cnc-router","8":"first","9":"instock","10":"shipping-taxable","11":"product-type-simple"},"_links":{"self":[{"href":"https:\/\/sunteccncrouter.com\/it\/wp-json\/wp\/v2\/product\/1514","targetHints":{"allow":["GET"]}}],"collection":[{"href":"https:\/\/sunteccncrouter.com\/it\/wp-json\/wp\/v2\/product"}],"about":[{"href":"https:\/\/sunteccncrouter.com\/it\/wp-json\/wp\/v2\/types\/product"}],"wp:featuredmedia":[{"embeddable":true,"href":"https:\/\/sunteccncrouter.com\/it\/wp-json\/wp\/v2\/media\/1435"}],"wp:attachment":[{"href":"https:\/\/sunteccncrouter.com\/it\/wp-json\/wp\/v2\/media?parent=1514"}],"wp:term":[{"taxonomy":"product_brand","embeddable":true,"href":"https:\/\/sunteccncrouter.com\/it\/wp-json\/wp\/v2\/product_brand?post=1514"},{"taxonomy":"product_cat","embeddable":true,"href":"https:\/\/sunteccncrouter.com\/it\/wp-json\/wp\/v2\/product_cat?post=1514"},{"taxonomy":"product_tag","embeddable":true,"href":"https:\/\/sunteccncrouter.com\/it\/wp-json\/wp\/v2\/product_tag?post=1514"}],"curies":[{"name":"wp","href":"https:\/\/api.w.org\/{rel}","templated":true}]}}