{"id":1571,"date":"2025-06-12T05:14:05","date_gmt":"2025-06-12T05:14:05","guid":{"rendered":"https:\/\/sunteccncrouter.com\/?post_type=product&#038;p=1571"},"modified":"2025-06-12T05:14:05","modified_gmt":"2025-06-12T05:14:05","slug":"large-5-axis-cnc-stone-aluminum-marble-milling-machines-for-heavy-industry","status":"publish","type":"product","link":"https:\/\/sunteccncrouter.com\/it\/large-5-axis-cnc-stone-aluminum-marble-milling-machines-for-heavy-industry\/","title":{"rendered":"Grandi fresatrici di marmo di alluminio della pietra di 5 assi di CNC per l'industria pesante ST-7060"},"content":{"rendered":"<p>La lavorazione CNC a 5 assi pu\u00f2 essere utilizzata per produrre pezzi utilizzati in molti settori diversi, grazie alla sua efficienza e alla capacit\u00e0 di produrre forme complesse. Ecco alcuni esempi di industrie che pi\u00f9 comunemente si avvalgono di questa tecnologia:<\/p>\n<p><strong><b>\u00a0<\/b><\/strong><strong><b>Aerospaziale<\/b><\/strong>\u00a0- Questo settore richiede una macchina molto precisa, poich\u00e9 le forme sono molto intricate e uniche.<\/p>\n<p><strong><b>Medico\u00a0<\/b><\/strong>- La lavorazione CNC a 5 assi pu\u00f2 aiutare i produttori di apparecchiature mediche nella produzione di dispositivi, impianti e altre apparecchiature che devono essere realizzate con una precisione extra per soddisfare gli standard sanitari che tendono a essere rigorosi (giustamente).<\/p>\n<p><strong><b>Militare<\/b><\/strong>\u00a0- un altro settore che utilizza la lavorazione CNC a 5 assi per produrre i pezzi necessari. Alcune delle possibili applicazioni includono parti di sottomarini, parti di motori ad alte prestazioni, pale di turbine e compressori, armi intelligenti, sensori, applicazioni stealth e, in alcuni casi, armi nucleari.<\/p>\n<p><strong><b>Apparecchiature energetiche\u00a0<\/b><\/strong>- La produzione di parti per apparecchiature energetiche richiede spesso l'utilizzo di materiali difficili da lavorare. Con la lavorazione CNC a 5 assi, \u00e8 possibile rendere l'intero processo pi\u00f9 semplice ed efficiente.<\/p>\n<p>Applicato per polistirolo, schiuma eps, fibra di vetro, materiale di carbonio a nido d'ape yougi legno, materiale composito alluminio materiale morbido ecc materiali non metallici.<\/p>\n<table>\n<tbody>\n<tr>\n<td width=\"512\"><strong><b>Dettagli asse Suntec 5\u00a0<\/b><\/strong><\/p>\n<table>\n<tbody>\n<tr>\n<td width=\"46\">Numero<\/td>\n<td width=\"217\">Descrizione<\/td>\n<td width=\"289\">Parametro<\/td>\n<\/tr>\n<tr>\n<td width=\"46\">1<\/td>\n<td width=\"217\">X, Y, Z Area di lavoro<\/td>\n<td width=\"289\">6000*7000*2000mm<\/td>\n<\/tr>\n<tr>\n<td width=\"46\">2<\/td>\n<td width=\"217\">Dimensione della tabella<\/td>\n<td width=\"289\">7300\u00d79700mm*40000<\/td>\n<\/tr>\n<tr>\n<td width=\"46\">3<\/td>\n<td width=\"217\">Precisione di posizionamento in movimento X,Y,Z<\/td>\n<td width=\"289\">\u00b10,01\/2000mm<\/td>\n<\/tr>\n<tr>\n<td width=\"46\">4<\/td>\n<td width=\"217\">Un asse<\/td>\n<td width=\"289\">A \u00b1110 gradi<\/td>\n<\/tr>\n<tr>\n<td width=\"46\">5<\/td>\n<td width=\"217\">C rotante<\/td>\n<td width=\"289\">C\u00b1 245 gradi<\/td>\n<\/tr>\n<tr>\n<td width=\"46\">5<\/td>\n<td width=\"217\">Superficie del tavolo<\/td>\n<td width=\"289\">Tavolo in ghisa<\/td>\n<\/tr>\n<tr>\n<td width=\"46\">6<\/td>\n<td width=\"217\">Telaio<\/td>\n<td width=\"289\">Grande struttura di tubi in acciaio con trattamento termico<\/td>\n<\/tr>\n<tr>\n<td width=\"46\">7<\/td>\n<td width=\"217\">X, Y Struttura<\/td>\n<td width=\"289\">Azionamento a pignone e cremagliera, cuscinetti lineari su rotaia Hiwin<\/td>\n<\/tr>\n<tr>\n<td width=\"46\">8<\/td>\n<td width=\"217\">Struttura Z<\/td>\n<td width=\"289\">Cuscinetti lineari Hiwin Rail e vite a sfere TBI<\/td>\n<\/tr>\n<tr>\n<td width=\"46\">9<\/td>\n<td width=\"217\">Massimo. Consumo di energia<\/td>\n<td width=\"289\">(senza mandrino) 20 Kw<\/td>\n<\/tr>\n<tr>\n<td width=\"46\">10<\/td>\n<td width=\"217\">Max. Velocit\u00e0 di spostamento rapido<\/td>\n<td width=\"289\">40000 mm\/min<\/td>\n<\/tr>\n<tr>\n<td width=\"46\">11<\/td>\n<td width=\"217\">Velocit\u00e0 massima di lavoro Velocit\u00e0 di lavoro<\/td>\n<td width=\"289\">30000 mm\/min<\/td>\n<\/tr>\n<tr>\n<td width=\"46\">12<\/td>\n<td width=\"217\">Potenza del mandrino<\/td>\n<td width=\"289\">15kw<\/td>\n<\/tr>\n<tr>\n<td width=\"46\">13<\/td>\n<td width=\"217\">Velocit\u00e0 del mandrino<\/td>\n<td width=\"289\">0-24000RPM<\/td>\n<\/tr>\n<tr>\n<td width=\"46\">14<\/td>\n<td width=\"217\">Motori di azionamento<\/td>\n<td width=\"289\">Motori Yaskawa<\/td>\n<\/tr>\n<tr>\n<td width=\"46\">15<\/td>\n<td width=\"217\">Tensione di lavoro<\/td>\n<td width=\"289\">AC380V\/50\/60Hz, 3PH (opzione: 220V))<\/td>\n<\/tr>\n<tr>\n<td width=\"46\">16<\/td>\n<td width=\"217\">Linguaggio di comando<\/td>\n<td width=\"289\">Codice G<\/td>\n<\/tr>\n<tr>\n<td width=\"46\">17<\/td>\n<td width=\"217\">Sistema operativo<\/td>\n<td width=\"289\">Sistema di controllo Syntec\/TPA \/osai<\/td>\n<\/tr>\n<tr>\n<td width=\"46\">18<\/td>\n<td width=\"217\">Interfaccia computer<\/td>\n<td width=\"289\">USB<\/td>\n<\/tr>\n<tr>\n<td width=\"46\">19<\/td>\n<td width=\"217\">Memoria flash<\/td>\n<td width=\"289\">512M<\/td>\n<\/tr>\n<tr>\n<td width=\"46\">20<\/td>\n<td width=\"217\">Colletto<\/td>\n<td width=\"289\">HSK-F63<\/td>\n<\/tr>\n<tr>\n<td width=\"46\">21<\/td>\n<td width=\"217\">Risoluzione X,Y<\/td>\n<td width=\"289\">&lt;0,01 mm<\/td>\n<\/tr>\n<tr>\n<td width=\"46\">22<\/td>\n<td width=\"217\">Compatibilit\u00e0 del software<\/td>\n<td width=\"289\">\u00a0software powermill UG<\/td>\n<\/tr>\n<tr>\n<td width=\"46\">23<\/td>\n<td width=\"217\">Temperatura ambiente di funzionamento<\/td>\n<td width=\"289\">0 - 45 Centigradi<\/td>\n<\/tr>\n<tr>\n<td width=\"46\">24<\/td>\n<td width=\"217\">Umidit\u00e0 relativa<\/td>\n<td width=\"289\">30% - 75%<\/td>\n<\/tr>\n<tr>\n<td width=\"46\">25<\/td>\n<td width=\"217\">Dimensione dell'imballaggio<\/td>\n<td width=\"289\">5500X2100X2300mm<\/td>\n<\/tr>\n<tr>\n<td width=\"46\">26<\/td>\n<td width=\"217\">N.W.<\/td>\n<td width=\"289\">18000KG<\/td>\n<\/tr>\n<tr>\n<td width=\"46\">27<\/td>\n<td width=\"217\">G.W.<\/td>\n<td width=\"289\">20000kG<\/td>\n<\/tr>\n<\/tbody>\n<\/table>\n<p>&nbsp;<\/td>\n<td width=\"1\">&nbsp;<\/td>\n<\/tr>\n<\/tbody>\n<\/table>\n<p>&nbsp;<\/p>","protected":false},"excerpt":{"rendered":"<p><strong>CNC a 5 assi Suntec: precisione su scala industriale per la produzione critica<\/strong>\u200b<br \/>\nProgettato per componenti aerospaziali, della difesa e dell'energia su larga scala (capacit\u00e0 di 6000\u00d77000\u00d72000 mm). Raggiunge una precisione di \u00b10,01 mm in fibra di carbonio, alluminio e compositi industriali. Offre una rotazione estrema di \u00b1110\u00b0A\/\u00b1245\u00b0C, un mandrino da 15kW (24k RPM) e servocomandi Yaskawa. Il robusto telaio in acciaio trattato termicamente supporta carichi di 20 tonnellate sulla tavola in ghisa. Lavora geometrie complesse a 40 m\/min per turbine, parti di sottomarini e impianti medici.<\/p>","protected":false},"featured_media":1572,"template":"","meta":{"_gspb_post_css":""},"product_brand":[],"product_cat":[40],"product_tag":[],"class_list":{"0":"post-1571","1":"product","2":"type-product","3":"status-publish","4":"has-post-thumbnail","6":"product_cat-5-axis-cnc-router","8":"first","9":"instock","10":"shipping-taxable","11":"product-type-simple"},"_links":{"self":[{"href":"https:\/\/sunteccncrouter.com\/it\/wp-json\/wp\/v2\/product\/1571","targetHints":{"allow":["GET"]}}],"collection":[{"href":"https:\/\/sunteccncrouter.com\/it\/wp-json\/wp\/v2\/product"}],"about":[{"href":"https:\/\/sunteccncrouter.com\/it\/wp-json\/wp\/v2\/types\/product"}],"wp:featuredmedia":[{"embeddable":true,"href":"https:\/\/sunteccncrouter.com\/it\/wp-json\/wp\/v2\/media\/1572"}],"wp:attachment":[{"href":"https:\/\/sunteccncrouter.com\/it\/wp-json\/wp\/v2\/media?parent=1571"}],"wp:term":[{"taxonomy":"product_brand","embeddable":true,"href":"https:\/\/sunteccncrouter.com\/it\/wp-json\/wp\/v2\/product_brand?post=1571"},{"taxonomy":"product_cat","embeddable":true,"href":"https:\/\/sunteccncrouter.com\/it\/wp-json\/wp\/v2\/product_cat?post=1571"},{"taxonomy":"product_tag","embeddable":true,"href":"https:\/\/sunteccncrouter.com\/it\/wp-json\/wp\/v2\/product_tag?post=1571"}],"curies":[{"name":"wp","href":"https:\/\/api.w.org\/{rel}","templated":true}]}}