{"id":1608,"date":"2025-06-13T08:56:30","date_gmt":"2025-06-13T08:56:30","guid":{"rendered":"https:\/\/sunteccncrouter.com\/?post_type=product&#038;p=1608"},"modified":"2025-06-13T08:56:45","modified_gmt":"2025-06-13T08:56:45","slug":"4-axis-cnc-router-swing-180-degree-rotary-spindle-3d-wood-mold-st-3040","status":"publish","type":"product","link":"https:\/\/sunteccncrouter.com\/it\/4-axis-cnc-router-swing-180-degree-rotary-spindle-3d-wood-mold-st-3040\/","title":{"rendered":"4 assi router CNC swing 180 gradi mandrino rotante 3d legno stampo ST-3040"},"content":{"rendered":"<p>Il mandrino pu\u00f2 ruotare di 180 gradi (\u00b190 gradi), pu\u00f2 fare multi-kinds di superficie che possiamo progettare con powermill mastercam Software ecc<\/p>\n<p>2. Utilizziamo componenti di alta qualit\u00e0 per le macchine, come il mandrino HSD, il sistema di controllo Syntec EZ-4M, l'inverter Delta, i servomotori Yaskawa e la centralina di controllo separata, la linea Hiwin PMI e cos\u00ec via, per mantenere la macchina nelle migliori condizioni anche dopo molti anni di lavoro.<\/p>\n<p>Il servo Yaskawa \u00e8 in grado di realizzare un'alta risoluzione, un'alta coppia, un'alta precisione e un basso livello di errore.<\/p>\n<p>Con la struttura in acciaio duro, tutta la struttura in acciaio saldatura poi heattreatment per ridurre se stessa rigidit\u00e0 per assicurarsi longlife uselife no deformed .then utilizzare 5 lati centro di fresatura per fresare ferrovia guida quadrata per assicurarsi precsion alta in modo che sia adatto per la lavorazione del legno duro, come il taglio e l'incisione su Rosewood per mobili, decorazione interna. stampaggio colata facendo, stampo di materiale di carbonio, stampo in fibra di vetro, stampo di plastica, stampo EPS facendo, schiuma 3d facendo, non metallico modello 3d facendo. Stampo per l'aviazione, stampo militare, stampo in alluminio e polistirolo, stampo per navi ecc.<\/p>\n<p>1)Dimensione pi\u00f9 grande come 1500*3000mm, 2000*3000mm, ecc.<br \/>\n2) Dispositivo rotante per la lavorazione di materiali in colonna.<br \/>\n3) Collettore di polveri 4) Sistema di raffreddamento a nebbia<\/p>\n<table>\n<tbody>\n<tr>\n<td width=\"43\">Numero<\/td>\n<td width=\"205\">Descrizione<\/td>\n<td width=\"304\">Parametro<\/td>\n<\/tr>\n<tr>\n<td width=\"43\">1<\/td>\n<td width=\"205\">X, Y, Z Area di lavoro<\/td>\n<td width=\"304\">3000x4000x1000mm<\/td>\n<\/tr>\n<tr>\n<td width=\"43\">2<\/td>\n<td width=\"205\">Dimensione della tabella<\/td>\n<td width=\"304\">4000\u00d76440 mm<\/td>\n<\/tr>\n<tr>\n<td width=\"43\">3<\/td>\n<td width=\"205\">Precisione di posizionamento in movimento X,Y,Z<\/td>\n<td width=\"304\">\u00b10,01\/1000mm<\/td>\n<\/tr>\n<tr>\n<td width=\"43\">4<\/td>\n<td width=\"205\">X, Y, Z Precisione di riposizionamento:<\/td>\n<td width=\"304\">\u00b10,01 mm<\/td>\n<\/tr>\n<tr>\n<td width=\"43\">5<\/td>\n<td width=\"205\">Superficie del tavolo<\/td>\n<td width=\"304\">\u00a0 Scanalatura a T combinata (opzione: tavola con scanalatura a T)<\/td>\n<\/tr>\n<tr>\n<td width=\"43\">6<\/td>\n<td width=\"205\">Telaio<\/td>\n<td width=\"304\">Grande struttura in tubi d'acciaio<\/td>\n<\/tr>\n<tr>\n<td width=\"43\">7<\/td>\n<td width=\"205\">X, Y Struttura<\/td>\n<td width=\"304\">Azionamento a pignone e cremagliera, cuscinetti lineari su rotaia Hiwin<\/td>\n<\/tr>\n<tr>\n<td width=\"43\">8<\/td>\n<td width=\"205\">Struttura Z<\/td>\n<td width=\"304\">Cuscinetti lineari e viti a sfere Hiwin Rail<\/td>\n<\/tr>\n<tr>\n<td width=\"43\">9<\/td>\n<td width=\"205\">Massimo. Consumo di energia<\/td>\n<td width=\"304\">(senza mandrino) 4 Kw<\/td>\n<\/tr>\n<tr>\n<td width=\"43\">10<\/td>\n<td width=\"205\">Max. Velocit\u00e0 di spostamento rapido<\/td>\n<td width=\"304\">40000 mm\/min<\/td>\n<\/tr>\n<tr>\n<td width=\"43\">11<\/td>\n<td width=\"205\">Velocit\u00e0 massima di lavoro Velocit\u00e0 di lavoro<\/td>\n<td width=\"304\">30000 mm\/min<\/td>\n<\/tr>\n<tr>\n<td width=\"43\">12<\/td>\n<td width=\"205\">Potenza del mandrino<\/td>\n<td width=\"304\">9,6kw HSD<\/td>\n<\/tr>\n<tr>\n<td width=\"43\">13<\/td>\n<td width=\"205\">Velocit\u00e0 del mandrino<\/td>\n<td width=\"304\">0-24000RPM<\/td>\n<\/tr>\n<tr>\n<td width=\"43\">14<\/td>\n<td width=\"205\">Motori di azionamento<\/td>\n<td width=\"304\">Motori Yaskawa da 1300W<\/td>\n<\/tr>\n<tr>\n<td width=\"43\">15<\/td>\n<td width=\"205\">Tensione di lavoro<\/td>\n<td width=\"304\">AC380V\/50\/60Hz, 3PH (opzione: 220V))<\/td>\n<\/tr>\n<tr>\n<td width=\"43\">16<\/td>\n<td width=\"205\">Linguaggio di comando<\/td>\n<td width=\"304\">Codice G<\/td>\n<\/tr>\n<tr>\n<td width=\"43\">17<\/td>\n<td width=\"205\">Sistema operativo<\/td>\n<td width=\"304\">Sistema di controllo Syntec<\/td>\n<\/tr>\n<tr>\n<td width=\"43\">18<\/td>\n<td width=\"205\">Interfaccia computer<\/td>\n<td width=\"304\">USB<\/td>\n<\/tr>\n<tr>\n<td width=\"43\">19<\/td>\n<td width=\"205\">Memoria flash<\/td>\n<td width=\"304\">512M<\/td>\n<\/tr>\n<tr>\n<td width=\"43\">20<\/td>\n<td width=\"205\">Colletto<\/td>\n<td width=\"304\">ISO30<\/td>\n<\/tr>\n<tr>\n<td width=\"43\">21<\/td>\n<td width=\"205\">Risoluzione X,Y<\/td>\n<td width=\"304\">&lt;0,01 mm<\/td>\n<\/tr>\n<tr>\n<td width=\"43\">22<\/td>\n<td width=\"205\">Compatibilit\u00e0 del software<\/td>\n<td width=\"304\">\u00a0software powermill UG<\/td>\n<\/tr>\n<tr>\n<td width=\"43\">23<\/td>\n<td width=\"205\">Temperatura ambiente di funzionamento<\/td>\n<td width=\"304\">0 - 45 Centigradi<\/td>\n<\/tr>\n<tr>\n<td width=\"43\">24<\/td>\n<td width=\"205\">Umidit\u00e0 relativa<\/td>\n<td width=\"304\">30% - 75%<\/td>\n<\/tr>\n<tr>\n<td width=\"43\">25<\/td>\n<td width=\"205\">Dimensione dell'imballaggio<\/td>\n<td width=\"304\">6800X2100X2300 mm<\/td>\n<\/tr>\n<tr>\n<td width=\"43\">26<\/td>\n<td width=\"205\">N.W.<\/td>\n<td width=\"304\">10000KG<\/td>\n<\/tr>\n<tr>\n<td width=\"43\">27<\/td>\n<td width=\"205\">G.W.<\/td>\n<td width=\"304\">12500KG<\/td>\n<\/tr>\n<tr>\n<td rowspan=\"6\" width=\"43\">28<\/td>\n<td rowspan=\"6\" width=\"205\">Parti opzionali<\/td>\n<td width=\"304\">Collettore di polveri\/cappucci per tre assi<\/td>\n<\/tr>\n<tr>\n<td width=\"304\">Pompa a vuoto<\/td>\n<\/tr>\n<tr>\n<td width=\"304\">Sistema rotativo<\/td>\n<\/tr>\n<tr>\n<td width=\"304\">Sistema di raffreddamento a nebbia<\/td>\n<\/tr>\n<tr>\n<td width=\"304\">Servomotori Delta\/ Panasonic<\/td>\n<\/tr>\n<tr>\n<td width=\"304\">Mandrino Colombo<\/td>\n<\/tr>\n<\/tbody>\n<\/table>\n<p>&nbsp;<\/p>\n<p><strong><b>\u00a0DETTAGLI DI PRODUZIONE\u00a0<\/b><\/strong><\/p>\n<p>Dopo la saldatura poi tabella piatta producendo per assicurarsi tabella allo stesso livello per assicurarsi alta precisione<\/p>\n<p>Italia, mandrino HSD, le caratteristiche sono alta velocit\u00e0 e basso rumore. Il mandrino ha superato il test IP65 a prova d'acqua e di polvere. Il cuscinetto in ceramica \u00e8 termostabile. La velocit\u00e0 massima \u00e8 di 24000 giri\/min, il taglio pesante \u00e8 disponibile per l'alta precisione e l'abrasione dei cuscinetti. Il sistema di raffreddamento ad aria interna ed esterna prolunga la durata del mandrino.<\/p>\n<p>controllore syntec Risposta rapida, PLC, forte stabilit\u00e0, forte controllabilit\u00e0, alta sensibilit\u00e0, possibilit\u00e0 di sviluppo secondario e possibilit\u00e0 di aggiungere funzioni a piacere<\/p>\n<p>Il sistema di controllo ha un'elevata precisione, un funzionamento diversificato e un meccanismo di protezione per evitare collisioni meccaniche causate dal funzionamento in sovracorsa.<\/p>\n<p>cambio automatico degli utensili 8 pezzi per il risparmio di tempo lavoro colocktime e cambio anticoloc alta efficienza di lavoro<\/p>\n<p>campione di lavoro da parte del cliente facendo utilizzando suntec 4 asse cnc ST-2030 stampo<\/p>\n<p>stampo per legno a girante di suntec ST-1830 swing 180 gradi 4 assi router cnc<\/p>\n<p>stampo scarpe cingolate da suntec 4 assi macchina cnc centro precisione 0,1 mm<\/p>\n<p>Il mandrino pu\u00f2 ruotare di 180 gradi (\u00b190 gradi), pu\u00f2 fare multikinds di superficie<\/p>\n<p>Utilizziamo componenti di alta qualit\u00e0 per le macchine, come il mandrino HSD, il mandrino hitec ISO 30 24000 rpm, il controllore Syntec \/OSAI\/tpa opzionale, l'inverter Delta, i servomotori Yaskawa e la centralina di controllo separata, la fodera Hiwin PMI e cos\u00ec via, per mantenere la macchina nelle migliori condizioni anche dopo molti anni di lavoro.<\/p>\n<p>3.With hardsteel, whichis fit per il lavoro in legno duro, come il taglio e l'incisione su Roseod<\/p>\n<p>per mobili, decorazione di interni. 3d legno stampo, eps schiuma plastica stampo fare ecc alta precisione<\/p>\n<p>Centro di fresatura laterale a 5 assi per la fresatura della guida quadrata per garantire un'elevata precisione<\/p>\n<p>Levigare per ridurre la polvere di acciaio e assicurarsi che l'accoppiamento sia corretto e che non ci siano graffi.<\/p>\n<p>Tutta la struttura della tavola \u00e8 trattata per dedurre la rigidit\u00e0 dell'acciaio stesso per assicurarsi che l'uso di lunga durata non si deformi.<\/p>\n<p>Fresatura a portale quadrato per centro cnc<\/p>\n<p>Tavola in lamiera d'acciaio con scanalatura a T per sopportare materiali pesanti e assicurarsi che la tavola non si deformi.<\/p>\n<p>&nbsp;<\/p>\n<p><strong><b>\u00a0TAVOLA D'ACCIAIO PER L'OPZIONE, TAVOLA NORMALE DI ALLUMINIO CON IL PVC, TUTTI SECONDO I VOSTRI REQUISITI PER SCEGLIERE E LA TAVOLA\u00a0<\/b><\/strong><\/p>\n<p>9kw HSD mandrino 24000 rpm lama della taglierina e mandrino rotante allo stesso tempo tutto il tempo in modo da non tagliare swing e ATC bene. cliente che lavora 16 ore tutti i giorni utilizzando 6 anni ancora bene.<\/p>\n<p>L'alta sensibilit\u00e0 del regolatore di Syntec la forte abilit\u00e0 di controllo della stabilit\u00e0 e le risposte rapide, importante possono secondo sviluppo se volete aggiungere una funzione appena vi inviano il file poi usano direttamente,<\/p>\n<p>Cambio utensile automatico 8 pezzi, fresa accordingyour materiale da scegliere, se si fa stampo prima fresatura bisogno di fresatura grezza bisogno 150-200 millimetri fresa diritta poi fine miling bisogno 50 millimetri fresa per rallentare miling per assicurarsi la precisione.<\/p>","protected":false},"excerpt":{"rendered":"<p>CNC di grande formato (area 3x4m) con mandrino HSD a 180\u00b0 per stampi complessi (aerospaziale\/costruzioni navali). Precisione di \u00b10,01 mm grazie al telaio in acciaio trattato termicamente e alle guide Hiwin. I componenti Yaskawa\/Syntec garantiscono velocit\u00e0 e affidabilit\u00e0 di 40 m\/min. L'ATC, l'asse rotante e la tavola in acciaio opzionali migliorano la lavorazione per impieghi gravosi.<\/p>","protected":false},"featured_media":1609,"template":"","meta":{"_gspb_post_css":""},"product_brand":[],"product_cat":[39],"product_tag":[],"class_list":{"0":"post-1608","1":"product","2":"type-product","3":"status-publish","4":"has-post-thumbnail","6":"product_cat-4-axis-cnc-router","8":"first","9":"instock","10":"shipping-taxable","11":"product-type-simple"},"_links":{"self":[{"href":"https:\/\/sunteccncrouter.com\/it\/wp-json\/wp\/v2\/product\/1608","targetHints":{"allow":["GET"]}}],"collection":[{"href":"https:\/\/sunteccncrouter.com\/it\/wp-json\/wp\/v2\/product"}],"about":[{"href":"https:\/\/sunteccncrouter.com\/it\/wp-json\/wp\/v2\/types\/product"}],"wp:featuredmedia":[{"embeddable":true,"href":"https:\/\/sunteccncrouter.com\/it\/wp-json\/wp\/v2\/media\/1609"}],"wp:attachment":[{"href":"https:\/\/sunteccncrouter.com\/it\/wp-json\/wp\/v2\/media?parent=1608"}],"wp:term":[{"taxonomy":"product_brand","embeddable":true,"href":"https:\/\/sunteccncrouter.com\/it\/wp-json\/wp\/v2\/product_brand?post=1608"},{"taxonomy":"product_cat","embeddable":true,"href":"https:\/\/sunteccncrouter.com\/it\/wp-json\/wp\/v2\/product_cat?post=1608"},{"taxonomy":"product_tag","embeddable":true,"href":"https:\/\/sunteccncrouter.com\/it\/wp-json\/wp\/v2\/product_tag?post=1608"}],"curies":[{"name":"wp","href":"https:\/\/api.w.org\/{rel}","templated":true}]}}