{"id":1514,"date":"2025-06-09T17:51:46","date_gmt":"2025-06-09T17:51:46","guid":{"rendered":"https:\/\/sunteccncrouter.com\/?post_type=product&#038;p=1514"},"modified":"2025-06-10T02:39:24","modified_gmt":"2025-06-10T02:39:24","slug":"5-axis-cnc-router-woodworking-cnc-machine-center","status":"publish","type":"product","link":"https:\/\/sunteccncrouter.com\/pt\/5-axis-cnc-router-woodworking-cnc-machine-center\/","title":{"rendered":"Centro de m\u00e1quinas CNC de 5 eixos para trabalhar madeira ST-2030"},"content":{"rendered":"<h2><strong><b>Suntec 5 Axis CNC Machining - Utiliza\u00e7\u00f5es comuns<\/b><\/strong><\/h2>\n<p>A maquinagem CNC de 5 eixos pode ser utilizada para produzir pe\u00e7as utilizadas em muitos sectores diferentes devido \u00e0 sua efici\u00eancia e \u00e0 capacidade de produzir formas complexas. Eis alguns exemplos de ind\u00fastrias que mais frequentemente tiram partido desta tecnologia:<\/p>\n<p><strong><b>\u00a0<\/b><\/strong><strong><b>Aeroespacial<\/b><\/strong>\u00a0- esta ind\u00fastria requer uma m\u00e1quina muito precisa, uma vez que as formas s\u00e3o muito complexas e \u00fanicas.<\/p>\n<p><strong><b>M\u00e9dico\u00a0<\/b><\/strong>- A maquinagem CNC de 5 eixos pode ajudar os fabricantes de equipamento m\u00e9dico na produ\u00e7\u00e3o de dispositivos, implantes, bem como outras pe\u00e7as de equipamento que necessitam de ser fabricadas com uma precis\u00e3o extra para cumprir as normas de cuidados de sa\u00fade que tendem a ser rigorosas (com raz\u00e3o).<\/p>\n<p><strong><b>Militar<\/b><\/strong>\u00a0- outra ind\u00fastria que utiliza a maquinagem CNC de 5 eixos para produzir as pe\u00e7as necess\u00e1rias. Algumas das aplica\u00e7\u00f5es poss\u00edveis incluem pe\u00e7as para submarinos, pe\u00e7as para motores de elevado desempenho, p\u00e1s de turbinas e compressores, armas inteligentes, sensores, aplica\u00e7\u00f5es furtivas, bem como, em alguns casos, armamento nuclear.<\/p>\n<p><strong><b>Equipamento energ\u00e9tico\u00a0<\/b><\/strong>- A produ\u00e7\u00e3o de pe\u00e7as para equipamento de energia requer frequentemente a utiliza\u00e7\u00e3o de materiais dif\u00edceis de trabalhar. Com a maquinagem CNC de 5 eixos, pode tornar todo o processo mais f\u00e1cil e mais eficiente.<\/p>\n<p>&nbsp;<\/p>\n<p><strong><b>Detalhes do eixo Suntec 5\u00a0<\/b><\/strong><\/p>\n<ol>\n<li>suntec 5 eixos XYZAC 5 eixos XYZ 3 eixos A +_110 eixos C +_245 graus rotativos<\/li>\n<\/ol>\n<p>que pode fresar, aparar, cortar, esculpir, gravar a superf\u00edcie do material de trabalho, como materiais comp\u00f3sitos, como fibra de vidro, carbono, espuma Eps, isopor, pl\u00e1stico, alum\u00ednio, madeira dura, etc. O eixo 5 da Suntec pode aplicar o bico do motor de foguete l\u00edquido a um cone de nariz do \u00f4nibus espacial, molde de madeira do disco de freio da aeronave,<\/p>\n<p>carro avi\u00e3o barco iate molde pe\u00e7as fundidas morrer n\u00e3o-metal fazendo molde etc .<\/p>\n<ol start=\"2\">\n<li>suntec 5 eixos todos usados Pe\u00e7as de marca de topo HSD spindle hitec spindle italy Demas 5 axis head ,hsd spindle TPA osai or syntec controller . japan yaskawa absolutely driver and motor helica 3M gear to make sure high precision 0.1mm can be use longlife and low cost low time to maintainance .<\/li>\n<li>Suntec 5 eixos todos usam a\u00e7o de espessura pesada soldada algumas partes 12mm de espessura alguns at\u00e9 20 mm soldada gantry lengs todos heattreatment para excluir-se rigidez para garantir longlife usar n\u00e3o deformado, todos strucutre por 5 cnc centro para moer um guia pernas quadrado precisa de 3-5 dias por 5 lados cnc centro para moer baixa velocidade de alto torque para garantir alta precis\u00e3o.<\/li>\n<li>Suntec 5 eixos mesa de trabalho mesa de ferro fundido uma mesa de 5-20t de acordo com o seu material de trabalho para decidir o que tamb\u00e9m pode garantir alta precis\u00e3o .<\/li>\n<li>A instala\u00e7\u00e3o cnc de 5 eixos da Suntec utiliza o laser para ajustar o alinhamento do calibre XYZAX para garantir uma elevada<\/li>\n<\/ol>\n<p>precis\u00e3o .<\/p>\n<table>\n<tbody>\n<tr>\n<td width=\"46\">N\u00famero<\/td>\n<td width=\"217\">Descri\u00e7\u00e3o<\/td>\n<td width=\"289\">Par\u00e2metro<\/td>\n<\/tr>\n<tr>\n<td width=\"46\">1<\/td>\n<td width=\"217\">X,Y,Z \u00c1rea de trabalho<\/td>\n<td width=\"289\">2000*3000*1000mm<\/td>\n<\/tr>\n<tr>\n<td width=\"46\">2<\/td>\n<td width=\"217\">Tamanho da tabela<\/td>\n<td width=\"289\">3300\u00d75700mm<\/td>\n<\/tr>\n<tr>\n<td width=\"46\">3<\/td>\n<td width=\"217\">X,Y,Z Precis\u00e3o de posicionamento de desloca\u00e7\u00e3o<\/td>\n<td width=\"289\">\u00b10,01\/1000mm<\/td>\n<\/tr>\n<tr>\n<td width=\"46\">4<\/td>\n<td width=\"217\">Um eixo<\/td>\n<td width=\"289\">A \u00b1110 graus<\/td>\n<\/tr>\n<tr>\n<td width=\"46\">5<\/td>\n<td width=\"217\">C rotativo<\/td>\n<td width=\"289\">C\u00b1 245 graus<\/td>\n<\/tr>\n<tr>\n<td width=\"46\">5<\/td>\n<td width=\"217\">Superf\u00edcie da mesa<\/td>\n<td width=\"289\">Mesa de v\u00e1cuo<\/td>\n<\/tr>\n<tr>\n<td width=\"46\">6<\/td>\n<td width=\"217\">Moldura<\/td>\n<td width=\"289\">Estrutura de tubo de a\u00e7o grande com tratamento t\u00e9rmico<\/td>\n<\/tr>\n<tr>\n<td width=\"46\">7<\/td>\n<td width=\"217\">X, Y Estrutura<\/td>\n<td width=\"289\">Acionamento de cremalheira e pinh\u00e3o, rolamentos lineares de carril Hiwin<\/td>\n<\/tr>\n<tr>\n<td width=\"46\">8<\/td>\n<td width=\"217\">Estrutura Z<\/td>\n<td width=\"289\">Rolamentos lineares de carril Hiwin e fuso de esferas TBI<\/td>\n<\/tr>\n<tr>\n<td width=\"46\">9<\/td>\n<td width=\"217\">M\u00e1ximo. Consumo de energia<\/td>\n<td width=\"289\">(sem fuso) 12 Kw<\/td>\n<\/tr>\n<tr>\n<td width=\"46\">10<\/td>\n<td width=\"217\">M\u00e1ximo. Velocidade de desloca\u00e7\u00e3o r\u00e1pida<\/td>\n<td width=\"289\">40000mm\/min<\/td>\n<\/tr>\n<tr>\n<td width=\"46\">11<\/td>\n<td width=\"217\">Velocidade m\u00e1x. Velocidade de trabalho<\/td>\n<td width=\"289\">30000mm\/min<\/td>\n<\/tr>\n<tr>\n<td width=\"46\">12<\/td>\n<td width=\"217\">Pot\u00eancia do fuso<\/td>\n<td width=\"289\">12kw<\/td>\n<\/tr>\n<tr>\n<td width=\"46\">13<\/td>\n<td width=\"217\">Velocidade do fuso<\/td>\n<td width=\"289\">0-24000RPM<\/td>\n<\/tr>\n<tr>\n<td width=\"46\">14<\/td>\n<td width=\"217\">Motores de acionamento<\/td>\n<td width=\"289\">Motores Yaskawa<\/td>\n<\/tr>\n<tr>\n<td width=\"46\">15<\/td>\n<td width=\"217\">Tens\u00e3o de funcionamento<\/td>\n<td width=\"289\">AC380V\/50\/60Hz,3PH (Op\u00e7\u00e3o: 220V))<\/td>\n<\/tr>\n<tr>\n<td width=\"46\">16<\/td>\n<td width=\"217\">Linguagem de comando<\/td>\n<td width=\"289\">C\u00f3digo G<\/td>\n<\/tr>\n<tr>\n<td width=\"46\">17<\/td>\n<td width=\"217\">Sistema operativo<\/td>\n<td width=\"289\">Sistema de controlo Syntec\/TPA \/osai<\/td>\n<\/tr>\n<tr>\n<td width=\"46\">18<\/td>\n<td width=\"217\">Interface de computador<\/td>\n<td width=\"289\">USB<\/td>\n<\/tr>\n<tr>\n<td width=\"46\">19<\/td>\n<td width=\"217\">Mem\u00f3ria Flash<\/td>\n<td width=\"289\">512M<\/td>\n<\/tr>\n<tr>\n<td width=\"46\">20<\/td>\n<td width=\"217\">Pin\u00e7a<\/td>\n<td width=\"289\">HSK-F63<\/td>\n<\/tr>\n<tr>\n<td width=\"46\">21<\/td>\n<td width=\"217\">Resolu\u00e7\u00e3o X,Y<\/td>\n<td width=\"289\">&lt;0,01mm<\/td>\n<\/tr>\n<tr>\n<td width=\"46\">22<\/td>\n<td width=\"217\">Compatibilidade de software<\/td>\n<td width=\"289\">\u00a0software powermill UG<\/td>\n<\/tr>\n<tr>\n<td width=\"46\">23<\/td>\n<td width=\"217\">Temperatura ambiente de funcionamento<\/td>\n<td width=\"289\">0 - 45 graus cent\u00edgrados<\/td>\n<\/tr>\n<tr>\n<td width=\"46\">24<\/td>\n<td width=\"217\">Humidade relativa<\/td>\n<td width=\"289\">30% - 75%<\/td>\n<\/tr>\n<tr>\n<td width=\"46\">25<\/td>\n<td width=\"217\">Tamanho da embalagem<\/td>\n<td width=\"289\">5500X2100X2300mm<\/td>\n<\/tr>\n<tr>\n<td width=\"46\">26<\/td>\n<td width=\"217\">N.W.<\/td>\n<td width=\"289\">16000KG<\/td>\n<\/tr>\n<tr>\n<td width=\"46\">27<\/td>\n<td width=\"217\">G.W.<\/td>\n<td width=\"289\">18000kG<\/td>\n<\/tr>\n<tr>\n<td rowspan=\"7\" width=\"46\">28<\/td>\n<td rowspan=\"7\" width=\"217\">Pe\u00e7as opcionais<\/td>\n<td width=\"289\">Colectores de p\u00f3\/coberturas de p\u00f3 para tr\u00eas eixos<\/td>\n<\/tr>\n<tr>\n<td width=\"289\">Bomba de v\u00e1cuo<\/td>\n<\/tr>\n<tr>\n<td width=\"289\">Sistema rotativo<\/td>\n<\/tr>\n<tr>\n<td width=\"289\">Sistema de arrefecimento por n\u00e9voa<\/td>\n<\/tr>\n<tr>\n<td width=\"289\">Servomotores Delta\/Panasonic<\/td>\n<\/tr>\n<tr>\n<td width=\"289\">Fuso Colombo<\/td>\n<\/tr>\n<tr>\n<td width=\"289\">Tabela PTP Schmalz<\/td>\n<\/tr>\n<\/tbody>\n<\/table>\n<p>&nbsp;<\/p>","protected":false},"excerpt":{"rendered":"<p>Combina a incompar\u00e1vel rota\u00e7\u00e3o do eixo A de \u00b1110\u00b0 e do eixo C de \u00b1245\u00b0 com uma grande capacidade de 2000x3000x1000mm para maquinar pe\u00e7as complexas dos sectores aeroespacial, m\u00e9dico e energ\u00e9tico. Constru\u00edda para precis\u00e3o de m\u00edcron (\u00b10,01mm) usando motores Yaskawa, fusos HSD (24k RPM) e cabe\u00e7as Demas calibradas a laser. A constru\u00e7\u00e3o de n\u00edvel industrial inclui estruturas de a\u00e7o de 12-20 mm tratadas termicamente, garantindo d\u00e9cadas de funcionamento sem deforma\u00e7\u00f5es. Lida com comp\u00f3sitos, metais e madeiras a velocidades r\u00e1pidas de 40 m\/min, fornecendo solu\u00e7\u00f5es industriais duradouras e de elevada precis\u00e3o.<\/p>","protected":false},"featured_media":1435,"template":"","meta":{"_gspb_post_css":""},"product_brand":[],"product_cat":[40],"product_tag":[],"class_list":{"0":"post-1514","1":"product","2":"type-product","3":"status-publish","4":"has-post-thumbnail","6":"product_cat-5-axis-cnc-router","8":"first","9":"instock","10":"shipping-taxable","11":"product-type-simple"},"_links":{"self":[{"href":"https:\/\/sunteccncrouter.com\/pt\/wp-json\/wp\/v2\/product\/1514","targetHints":{"allow":["GET"]}}],"collection":[{"href":"https:\/\/sunteccncrouter.com\/pt\/wp-json\/wp\/v2\/product"}],"about":[{"href":"https:\/\/sunteccncrouter.com\/pt\/wp-json\/wp\/v2\/types\/product"}],"wp:featuredmedia":[{"embeddable":true,"href":"https:\/\/sunteccncrouter.com\/pt\/wp-json\/wp\/v2\/media\/1435"}],"wp:attachment":[{"href":"https:\/\/sunteccncrouter.com\/pt\/wp-json\/wp\/v2\/media?parent=1514"}],"wp:term":[{"taxonomy":"product_brand","embeddable":true,"href":"https:\/\/sunteccncrouter.com\/pt\/wp-json\/wp\/v2\/product_brand?post=1514"},{"taxonomy":"product_cat","embeddable":true,"href":"https:\/\/sunteccncrouter.com\/pt\/wp-json\/wp\/v2\/product_cat?post=1514"},{"taxonomy":"product_tag","embeddable":true,"href":"https:\/\/sunteccncrouter.com\/pt\/wp-json\/wp\/v2\/product_tag?post=1514"}],"curies":[{"name":"wp","href":"https:\/\/api.w.org\/{rel}","templated":true}]}}