{"id":1544,"date":"2025-06-10T06:57:32","date_gmt":"2025-06-10T06:57:32","guid":{"rendered":"https:\/\/sunteccncrouter.com\/?post_type=product&#038;p=1544"},"modified":"2025-06-10T06:57:32","modified_gmt":"2025-06-10T06:57:32","slug":"high-efficiency-mini-double-table-5-axis-cncrouter-center-st-1218","status":"publish","type":"product","link":"https:\/\/sunteccncrouter.com\/pt\/high-efficiency-mini-double-table-5-axis-cncrouter-center-st-1218\/","title":{"rendered":"Alta efici\u00eancia Mini mesa dupla 5 eixos CNCrouter center ST-1218"},"content":{"rendered":"<table>\n<tbody>\n<tr>\n<td width=\"537\"><strong><b>Detalhes do eixo Suntec 5\u00a0<\/b><\/strong><\/p>\n<p>1. suntec 5 eixos XYZAC 5 eixos XYZ 3 eixos de desloca\u00e7\u00e3o A +_110 eixos C +_245 graus rotativos<\/p>\n<p>que pode fresar, aparar, cortar, esculpir, gravar a superf\u00edcie do material de trabalho, como materiais comp\u00f3sitos, como fibra de vidro, carbono, espuma Eps, isopor, pl\u00e1stico, alum\u00ednio, madeira dura, etc. O eixo 5 da Suntec pode aplicar o bico do motor de foguete l\u00edquido a um cone de nariz do \u00f4nibus espacial, molde de madeira do disco de freio da aeronave,<\/p>\n<p>carro avi\u00e3o barco iate molde pe\u00e7as fundidas morrer n\u00e3o-metal fazendo molde etc .<\/p>\n<p>2. suntec 5 eixos todos usados Pe\u00e7as de marca de topo HSD spindle hitec spindle italy Demas 5 axis head ,hsd spindle TPA osai or syntec controller . japan yaskawa absolutely driver and motor helica 3M gear to make sure high precision 0.1mm can be use longlife and low cost low time to maintainance .<\/p>\n<p>3. Suntec 5 eixos todos usam a\u00e7o de espessura pesada soldada algumas partes 12mm de espessura alguns at\u00e9 20 mm soldada gantry lengs todos heattreatment para excluir-se rigidez para garantir longlife usar n\u00e3o deformado, todos strucutre por 5 cnc centro para moer um guia quadrado pernas precisa de 3-5 dias por 5 lados cnc centro para moer baixa velocidade de alto torque para garantir alta precis\u00e3o.<\/p>\n<p>4. Mesa de trabalho de 5 eixos Suntec mesa de ferro fundido uma mesa de 5-20t de acordo com o seu material de trabalho para decidir o que tamb\u00e9m pode garantir alta precis\u00e3o.<\/p>\n<p>5. A instala\u00e7\u00e3o cnc de 5 eixos da Suntec utiliza o laser para ajustar o alinhamento do XYZAX callbrate para garantir uma alta<\/p>\n<p>precis\u00e3o .<\/p>\n<table>\n<tbody>\n<tr>\n<td width=\"46\">N\u00famero<\/td>\n<td width=\"217\">Descri\u00e7\u00e3o<\/td>\n<td width=\"289\">Par\u00e2metro<\/td>\n<\/tr>\n<tr>\n<td width=\"46\">1<\/td>\n<td width=\"217\">X,Y,Z \u00c1rea de trabalho<\/td>\n<td width=\"289\">1200*1800*1000mm<\/td>\n<\/tr>\n<tr>\n<td width=\"46\">2<\/td>\n<td width=\"217\">Tamanho da tabela<\/td>\n<td width=\"289\">3300\u00d73700mm<\/td>\n<\/tr>\n<tr>\n<td width=\"46\">3<\/td>\n<td width=\"217\">X,Y,Z Precis\u00e3o de posicionamento de desloca\u00e7\u00e3o<\/td>\n<td width=\"289\">\u00b10,01\/1000mm<\/td>\n<\/tr>\n<tr>\n<td width=\"46\">4<\/td>\n<td width=\"217\">Um eixo<\/td>\n<td width=\"289\">A \u00b1110 graus<\/td>\n<\/tr>\n<tr>\n<td width=\"46\">5<\/td>\n<td width=\"217\">C rotativo<\/td>\n<td width=\"289\">C\u00b1 245 graus<\/td>\n<\/tr>\n<tr>\n<td width=\"46\">5<\/td>\n<td width=\"217\">Superf\u00edcie da mesa<\/td>\n<td width=\"289\">mesa m\u00f3vel<\/td>\n<\/tr>\n<tr>\n<td width=\"46\">6<\/td>\n<td width=\"217\">Moldura<\/td>\n<td width=\"289\">Estrutura de tubo de a\u00e7o grande com tratamento t\u00e9rmico<\/td>\n<\/tr>\n<tr>\n<td width=\"46\">7<\/td>\n<td width=\"217\">X, Y Estrutura<\/td>\n<td width=\"289\">Acionamento de cremalheira e pinh\u00e3o, rolamentos lineares de carril Hiwin<\/td>\n<\/tr>\n<tr>\n<td width=\"46\">8<\/td>\n<td width=\"217\">Estrutura Z<\/td>\n<td width=\"289\">Rolamentos lineares de carril Hiwin e fuso de esferas TBI<\/td>\n<\/tr>\n<tr>\n<td width=\"46\">9<\/td>\n<td width=\"217\">M\u00e1ximo. Consumo de energia<\/td>\n<td width=\"289\">(sem fuso) 12 Kw<\/td>\n<\/tr>\n<tr>\n<td width=\"46\">10<\/td>\n<td width=\"217\">M\u00e1ximo. Velocidade de desloca\u00e7\u00e3o r\u00e1pida<\/td>\n<td width=\"289\">40000mm\/min<\/td>\n<\/tr>\n<tr>\n<td width=\"46\">11<\/td>\n<td width=\"217\">Velocidade m\u00e1x. Velocidade de trabalho<\/td>\n<td width=\"289\">30000mm\/min<\/td>\n<\/tr>\n<tr>\n<td width=\"46\">12<\/td>\n<td width=\"217\">Pot\u00eancia do fuso<\/td>\n<td width=\"289\">12kw<\/td>\n<\/tr>\n<tr>\n<td width=\"46\">13<\/td>\n<td width=\"217\">Velocidade do fuso<\/td>\n<td width=\"289\">0-24000RPM<\/td>\n<\/tr>\n<tr>\n<td width=\"46\">14<\/td>\n<td width=\"217\">Motores de acionamento<\/td>\n<td width=\"289\">Motores Yaskawa<\/td>\n<\/tr>\n<tr>\n<td width=\"46\">15<\/td>\n<td width=\"217\">Tens\u00e3o de funcionamento<\/td>\n<td width=\"289\">AC380V\/50\/60Hz,3PH (Op\u00e7\u00e3o: 220V))<\/td>\n<\/tr>\n<tr>\n<td width=\"46\">16<\/td>\n<td width=\"217\">Linguagem de comando<\/td>\n<td width=\"289\">C\u00f3digo G<\/td>\n<\/tr>\n<tr>\n<td width=\"46\">17<\/td>\n<td width=\"217\">Sistema operativo<\/td>\n<td width=\"289\">Sistema de controlo Syntec\/TPA \/osai<\/td>\n<\/tr>\n<tr>\n<td width=\"46\">18<\/td>\n<td width=\"217\">Interface de computador<\/td>\n<td width=\"289\">USB<\/td>\n<\/tr>\n<tr>\n<td width=\"46\">19<\/td>\n<td width=\"217\">Mem\u00f3ria Flash<\/td>\n<td width=\"289\">512M<\/td>\n<\/tr>\n<tr>\n<td width=\"46\">20<\/td>\n<td width=\"217\">Pin\u00e7a<\/td>\n<td width=\"289\">HSK-F63<\/td>\n<\/tr>\n<tr>\n<td width=\"46\">21<\/td>\n<td width=\"217\">Resolu\u00e7\u00e3o X,Y<\/td>\n<td width=\"289\">&lt;0,01mm<\/td>\n<\/tr>\n<tr>\n<td width=\"46\">22<\/td>\n<td width=\"217\">Compatibilidade de software<\/td>\n<td width=\"289\">\u00a0software powermill UG<\/td>\n<\/tr>\n<tr>\n<td width=\"46\">23<\/td>\n<td width=\"217\">Temperatura ambiente de funcionamento<\/td>\n<td width=\"289\">0 - 45 graus cent\u00edgrados<\/td>\n<\/tr>\n<tr>\n<td width=\"46\">24<\/td>\n<td width=\"217\">Humidade relativa<\/td>\n<td width=\"289\">30% - 75%<\/td>\n<\/tr>\n<tr>\n<td width=\"46\">25<\/td>\n<td width=\"217\">Tamanho da embalagem<\/td>\n<td width=\"289\">5500X2100X2300mm<\/td>\n<\/tr>\n<tr>\n<td width=\"46\">26<\/td>\n<td width=\"217\">N.W.<\/td>\n<td width=\"289\">6000KG<\/td>\n<\/tr>\n<tr>\n<td width=\"46\">27<\/td>\n<td width=\"217\">G.W.<\/td>\n<td width=\"289\">8000kG<\/td>\n<\/tr>\n<tr>\n<td rowspan=\"7\" width=\"46\">28<\/td>\n<td rowspan=\"7\" width=\"217\">Pe\u00e7as opcionais<\/td>\n<td width=\"289\">Colectores de p\u00f3\/coberturas de p\u00f3 para tr\u00eas eixos<\/td>\n<\/tr>\n<tr>\n<td width=\"289\">Bomba de v\u00e1cuo<\/td>\n<\/tr>\n<tr>\n<td width=\"289\">Sistema rotativo<\/td>\n<\/tr>\n<tr>\n<td width=\"289\">Sistema de arrefecimento por n\u00e9voa<\/td>\n<\/tr>\n<tr>\n<td width=\"289\">Servomotores Delta\/Panasonic<\/td>\n<\/tr>\n<tr>\n<td width=\"289\">Fuso Colombo<\/td>\n<\/tr>\n<tr>\n<td width=\"289\">Tabela PTP Schmalz<\/td>\n<\/tr>\n<\/tbody>\n<\/table>\n<\/td>\n<\/tr>\n<\/tbody>\n<\/table>","protected":false},"excerpt":{"rendered":"<p>Possui rota\u00e7\u00e3o extrema de \u00b1110\u00b0A\/\u00b1245\u00b0C para moldes aeroespaciais complexos, ferramentas m\u00e9dicas e matrizes automotivas. Atinge uma precis\u00e3o ao n\u00edvel do m\u00edcron (\u00b10,01\/1000mm) atrav\u00e9s de calibra\u00e7\u00e3o a laser e componentes de primeira qualidade: Cabe\u00e7a Demas da It\u00e1lia, motores Yaskawa e fuso HSD de 24k RPM. A robusta estrutura em a\u00e7o tratado termicamente de 12-20mm garante uma deforma\u00e7\u00e3o zero durante a maquina\u00e7\u00e3o com cargas pesadas (5-20T). Processamento a alta velocidade (40m\/min) de comp\u00f3sitos (fibra de carbono), metais e madeira. A mesa m\u00f3vel aumenta a versatilidade de pe\u00e7as grandes.<\/p>","protected":false},"featured_media":1545,"template":"","meta":{"_gspb_post_css":""},"product_brand":[],"product_cat":[40],"product_tag":[],"class_list":{"0":"post-1544","1":"product","2":"type-product","3":"status-publish","4":"has-post-thumbnail","6":"product_cat-5-axis-cnc-router","8":"first","9":"instock","10":"shipping-taxable","11":"product-type-simple"},"_links":{"self":[{"href":"https:\/\/sunteccncrouter.com\/pt\/wp-json\/wp\/v2\/product\/1544","targetHints":{"allow":["GET"]}}],"collection":[{"href":"https:\/\/sunteccncrouter.com\/pt\/wp-json\/wp\/v2\/product"}],"about":[{"href":"https:\/\/sunteccncrouter.com\/pt\/wp-json\/wp\/v2\/types\/product"}],"wp:featuredmedia":[{"embeddable":true,"href":"https:\/\/sunteccncrouter.com\/pt\/wp-json\/wp\/v2\/media\/1545"}],"wp:attachment":[{"href":"https:\/\/sunteccncrouter.com\/pt\/wp-json\/wp\/v2\/media?parent=1544"}],"wp:term":[{"taxonomy":"product_brand","embeddable":true,"href":"https:\/\/sunteccncrouter.com\/pt\/wp-json\/wp\/v2\/product_brand?post=1544"},{"taxonomy":"product_cat","embeddable":true,"href":"https:\/\/sunteccncrouter.com\/pt\/wp-json\/wp\/v2\/product_cat?post=1544"},{"taxonomy":"product_tag","embeddable":true,"href":"https:\/\/sunteccncrouter.com\/pt\/wp-json\/wp\/v2\/product_tag?post=1544"}],"curies":[{"name":"wp","href":"https:\/\/api.w.org\/{rel}","templated":true}]}}