{"id":1593,"date":"2025-06-13T08:18:49","date_gmt":"2025-06-13T08:18:49","guid":{"rendered":"https:\/\/sunteccncrouter.com\/?post_type=product&#038;p=1593"},"modified":"2025-06-13T08:18:49","modified_gmt":"2025-06-13T08:18:49","slug":"automation-for-robotic-machining-cnc-machines","status":"publish","type":"product","link":"https:\/\/sunteccncrouter.com\/pt\/automation-for-robotic-machining-cnc-machines\/","title":{"rendered":"Automa\u00e7\u00e3o para maquinagem rob\u00f3tica M\u00e1quinas CNC"},"content":{"rendered":"<table>\n<tbody>\n<tr>\n<td width=\"420\">Carga (refere-se \u00e0 carga do ponto na extremidade mais avan\u00e7ada do 6\u00ba eixo)<\/td>\n<td colspan=\"2\" width=\"179\">210 kg<\/td>\n<\/tr>\n<tr>\n<td width=\"420\">Carga adicional no bra\u00e7o<\/td>\n<td colspan=\"2\" width=\"179\">50 kg<\/td>\n<\/tr>\n<tr>\n<td width=\"420\">Carga \u00fatil nominal<\/td>\n<td colspan=\"2\" width=\"179\">260 kg<\/td>\n<\/tr>\n<tr>\n<td width=\"420\">Carga \u00fatil m\u00e1xima<\/p>\n<p>&nbsp;<\/td>\n<td colspan=\"2\" width=\"179\">275 kg<\/td>\n<\/tr>\n<tr>\n<td width=\"420\">Peso<\/td>\n<td colspan=\"2\" width=\"179\">1077 kg<\/td>\n<\/tr>\n<tr>\n<td width=\"420\">Eixo de movimento<\/td>\n<td colspan=\"2\" width=\"179\">6<\/td>\n<\/tr>\n<tr>\n<td width=\"420\">Repetibilidade da pose (ISO 9283)<\/p>\n<p>&nbsp;<\/td>\n<td colspan=\"2\" width=\"179\">\u00b1 0,05 mm<\/p>\n<p>&nbsp;<\/td>\n<\/tr>\n<tr>\n<td width=\"420\">Alcance m\u00e1ximo<\/p>\n<p>&nbsp;<\/td>\n<td colspan=\"2\" width=\"179\">2700mm\/3100<\/td>\n<\/tr>\n<tr>\n<td width=\"420\">\u00cdndice de prote\u00e7\u00e3o (IEC 60529)<\/p>\n<p>&nbsp;<\/td>\n<td colspan=\"2\" width=\"179\">IP65<\/p>\n<p>&nbsp;<\/td>\n<\/tr>\n<tr>\n<td width=\"420\">\u00cdndice de prote\u00e7\u00e3o, pulso em linha (IEC 60529)<\/p>\n<p>&nbsp;<\/td>\n<td colspan=\"2\" width=\"179\">IP65 \/ IP67<\/p>\n<p>&nbsp;<\/td>\n<\/tr>\n<tr>\n<td width=\"420\">N\u00edvel sonoro<\/p>\n<p>&nbsp;<\/td>\n<td colspan=\"2\" width=\"179\">&lt; 75 dB (A)<\/p>\n<p>&nbsp;<\/td>\n<\/tr>\n<tr>\n<td width=\"420\">Posi\u00e7\u00e3o de montagem<\/p>\n<p>&nbsp;<\/td>\n<td colspan=\"2\" width=\"179\">Piso<\/td>\n<\/tr>\n<tr>\n<td width=\"420\">Pegada<\/p>\n<p>&nbsp;<\/td>\n<td colspan=\"2\" width=\"179\">754 mm x 754 mm<\/p>\n<p>&nbsp;<\/td>\n<\/tr>\n<tr>\n<td width=\"420\">Padr\u00e3o de furo: superf\u00edcie de montagem para cinemateca<\/p>\n<p>sistema<\/p>\n<p>&nbsp;<\/td>\n<td colspan=\"2\" width=\"179\">S780<\/p>\n<p>&nbsp;<\/td>\n<\/tr>\n<tr>\n<td width=\"420\">\u00c2ngulo de inclina\u00e7\u00e3o admiss\u00edvel<\/p>\n<p>&nbsp;<\/td>\n<td colspan=\"2\" width=\"179\">\u2264 5 \u00b0<\/p>\n<p>&nbsp;<\/td>\n<\/tr>\n<tr>\n<td width=\"420\">Flange (no 6\u00ba eixo)<\/td>\n<td colspan=\"2\" width=\"179\">DIN ISO 9409-1-A50<\/td>\n<\/tr>\n<tr>\n<td width=\"420\">Controlador<\/td>\n<td colspan=\"2\" width=\"179\">KRC4<\/td>\n<\/tr>\n<tr>\n<td width=\"420\">Nome da transforma\u00e7\u00e3o<\/p>\n<p>&nbsp;<\/td>\n<td colspan=\"2\" width=\"179\">KR C4: KR210R2700_2 C4 FLR<\/p>\n<p>&nbsp;<\/td>\n<\/tr>\n<tr>\n<td width=\"420\">Durante o funcionamento<\/p>\n<p>&nbsp;<\/td>\n<td colspan=\"2\" width=\"179\">0 \u00b0C a 55 \u00b0C (273 K a 328 K)<\/p>\n<p>&nbsp;<\/td>\n<\/tr>\n<tr>\n<td width=\"420\">Durante a armazenagem\/transporte<\/p>\n<p>&nbsp;<\/td>\n<td colspan=\"2\" width=\"179\">-40 \u00b0C a 60 \u00b0C (233 K a 333 K)<\/p>\n<p>&nbsp;<\/td>\n<\/tr>\n<tr>\n<td width=\"420\">Posi\u00e7\u00e3o de instala\u00e7\u00e3o<\/td>\n<td colspan=\"2\" width=\"179\">No terreno<\/td>\n<\/tr>\n<tr>\n<td width=\"420\">CPU e placa principal<\/td>\n<td colspan=\"2\" width=\"179\">KUKA<\/td>\n<\/tr>\n<tr>\n<td width=\"420\">Mesa Rotart<\/td>\n<td colspan=\"2\" width=\"179\">1500kgs fabricado na China<\/td>\n<\/tr>\n<tr>\n<td width=\"420\">Fuso com sistema de arrefecimento a \u00e1gua<\/td>\n<td colspan=\"2\" width=\"179\">Fuso de 18kw It\u00e1lia<\/td>\n<\/tr>\n<tr>\n<td width=\"420\">Software<\/td>\n<td colspan=\"2\" width=\"179\">Sprutcam<\/p>\n<p>&nbsp;<\/td>\n<\/tr>\n<tr>\n<td width=\"420\">DeviceNet<\/p>\n<p>&nbsp;<\/td>\n<td colspan=\"2\" width=\"179\">OMRON<\/td>\n<\/tr>\n<tr>\n<td width=\"420\">TRILHOS<\/td>\n<td colspan=\"2\" width=\"179\">5M\/6M\/7M\/12M\/25M<\/td>\n<\/tr>\n<tr>\n<td width=\"420\">Par\u00e2metros de movimento de cada eixo<\/td>\n<td width=\"110\">Amplitude de movimento<\/td>\n<td width=\"68\">Velocidade<\/td>\n<\/tr>\n<tr>\n<td width=\"420\">Eixo 1<\/td>\n<td width=\"110\">+\/-185\u00b0<\/td>\n<td width=\"68\">120\u00b0\/s<\/td>\n<\/tr>\n<tr>\n<td width=\"420\">Eixo 2<\/td>\n<td width=\"110\">-5\u00b0\/-140\u00b0<\/td>\n<td width=\"68\">115\u00b0\/s<\/td>\n<\/tr>\n<tr>\n<td width=\"420\">Eixo 3<\/td>\n<td width=\"110\">-120 \u00b0 \/ 168 \u00b0<\/p>\n<p>&nbsp;<\/td>\n<td width=\"68\">112\u00b0\/s<\/td>\n<\/tr>\n<tr>\n<td width=\"420\">Eixo 4<\/td>\n<td width=\"110\">+\/-350\u00b0<\/td>\n<td width=\"68\">179\u00b0\/s<\/td>\n<\/tr>\n<tr>\n<td width=\"420\">Eixo 5<\/td>\n<td width=\"110\">+\/-125\u00b0<\/td>\n<td width=\"68\">172\u00b0\/s<\/td>\n<\/tr>\n<tr>\n<td width=\"420\">Eixo 6<\/td>\n<td width=\"110\">+\/-350\u00b0<\/td>\n<td width=\"68\">220\/\u00b0\/s<\/td>\n<\/tr>\n<\/tbody>\n<\/table>\n<p>&nbsp;<\/p>\n<p>&nbsp;<\/p>","protected":false},"excerpt":{"rendered":"<p>Load (refers to the load of point at the foremost end of the 6th axis) 210kgs Additional load on the arm 50kgs Rated payload 260kgs Maximum payload &nbsp; 275kgs Weight 1077kgs Motion axis 6 Pose repeatability (ISO 9283) &nbsp; \u00b1 0.05 mm &nbsp; Maximum reach &nbsp; 2700mm\/3100 Protecton ratng (IEC 60529) &nbsp; IP65 &nbsp; Protection [&hellip;]<\/p>\n","protected":false},"featured_media":1594,"template":"","meta":{"_gspb_post_css":""},"product_brand":[],"product_cat":[41],"product_tag":[],"class_list":{"0":"post-1593","1":"product","2":"type-product","3":"status-publish","4":"has-post-thumbnail","6":"product_cat-6-7-axis-cnc-router","8":"first","9":"instock","10":"shipping-taxable","11":"product-type-simple"},"_links":{"self":[{"href":"https:\/\/sunteccncrouter.com\/pt\/wp-json\/wp\/v2\/product\/1593","targetHints":{"allow":["GET"]}}],"collection":[{"href":"https:\/\/sunteccncrouter.com\/pt\/wp-json\/wp\/v2\/product"}],"about":[{"href":"https:\/\/sunteccncrouter.com\/pt\/wp-json\/wp\/v2\/types\/product"}],"wp:featuredmedia":[{"embeddable":true,"href":"https:\/\/sunteccncrouter.com\/pt\/wp-json\/wp\/v2\/media\/1594"}],"wp:attachment":[{"href":"https:\/\/sunteccncrouter.com\/pt\/wp-json\/wp\/v2\/media?parent=1593"}],"wp:term":[{"taxonomy":"product_brand","embeddable":true,"href":"https:\/\/sunteccncrouter.com\/pt\/wp-json\/wp\/v2\/product_brand?post=1593"},{"taxonomy":"product_cat","embeddable":true,"href":"https:\/\/sunteccncrouter.com\/pt\/wp-json\/wp\/v2\/product_cat?post=1593"},{"taxonomy":"product_tag","embeddable":true,"href":"https:\/\/sunteccncrouter.com\/pt\/wp-json\/wp\/v2\/product_tag?post=1593"}],"curies":[{"name":"wp","href":"https:\/\/api.w.org\/{rel}","templated":true}]}}