{"id":1597,"date":"2025-06-13T08:31:18","date_gmt":"2025-06-13T08:31:18","guid":{"rendered":"https:\/\/sunteccncrouter.com\/?post_type=product&#038;p=1597"},"modified":"2025-06-13T08:31:18","modified_gmt":"2025-06-13T08:31:18","slug":"4-axis-3d-mold-eps-cnc-router-for-foam-wood-aluminium-mold-making","status":"publish","type":"product","link":"https:\/\/sunteccncrouter.com\/pt\/4-axis-3d-mold-eps-cnc-router-for-foam-wood-aluminium-mold-making\/","title":{"rendered":"Roteador CNC de 4 eixos para moldes 3d EPS para fabrica\u00e7\u00e3o de moldes de espuma, madeira e alum\u00ednio ST-2030"},"content":{"rendered":"<p>O eixo pode girar 180 graus (\u00b1 90 graus), pode fazer v\u00e1rios tipos de superf\u00edcie que podemos projetar com o software mastercam powermill etc<\/p>\n<p>Utilizamos componentes de alta qualidade para as m\u00e1quinas, como eixo HSD, sistema de controlo Syntec EZ-4M, inversor Delta, servomotores Yaskawa e caixa de controlo separada, Hiwin PMI linear, etc., para manter a m\u00e1quina nas melhores condi\u00e7\u00f5es, mesmo ap\u00f3s muitos anos de trabalho.<\/p>\n<p>O servo Yaskawa pode produzir alta resolu\u00e7\u00e3o, alto bin\u00e1rio, alta precis\u00e3o e baixa falha.<\/p>\n<p>Com estrutura de a\u00e7o duro, toda a estrutura de a\u00e7o soldada e, em seguida, tratamento t\u00e9rmico para reduzir a rigidez para garantir uma vida \u00fatil longa, sem deforma\u00e7\u00e3o. Em seguida, use o centro de fresagem de 5 lados para fresar a guia quadrada da ferrovia para garantir alta precis\u00e3o, de modo que seja adequado para o trabalho em madeira dura, como corte e grava\u00e7\u00e3o em Rosewood para m\u00f3veis, decora\u00e7\u00e3o de interiores. fabrica\u00e7\u00e3o de moldes fundidos, fabrica\u00e7\u00e3o de moldes de material de carbono, fabrica\u00e7\u00e3o de moldes de fibra de vidro, fabrica\u00e7\u00e3o de moldes de pl\u00e1stico, fabrica\u00e7\u00e3o de moldes EPS, fabrica\u00e7\u00e3o de espuma 3d, fabrica\u00e7\u00e3o de modelos 3d n\u00e3o met\u00e1licos. Fabrico de moldes para a avia\u00e7\u00e3o, fabrico de moldes militares, etc.<\/p>\n<table>\n<tbody>\n<tr>\n<td width=\"43\">N\u00famero<\/td>\n<td width=\"205\">Descri\u00e7\u00e3o<\/td>\n<td width=\"304\">Par\u00e2metro<\/td>\n<\/tr>\n<tr>\n<td width=\"43\">1<\/td>\n<td width=\"205\">X,Y,Z \u00c1rea de trabalho<\/td>\n<td width=\"304\">2000x3000x1000mm<\/td>\n<\/tr>\n<tr>\n<td width=\"43\">2<\/td>\n<td width=\"205\">Tamanho da tabela<\/td>\n<td width=\"304\">4000\u00d75440mm<\/td>\n<\/tr>\n<tr>\n<td width=\"43\">3<\/td>\n<td width=\"205\">X,Y,Z Precis\u00e3o de posicionamento de desloca\u00e7\u00e3o<\/td>\n<td width=\"304\">\u00b10,01\/1000mm<\/td>\n<\/tr>\n<tr>\n<td width=\"43\">4<\/td>\n<td width=\"205\">X,Y,Z Precis\u00e3o de reposicionamento:<\/td>\n<td width=\"304\">\u00b10,01mm<\/td>\n<\/tr>\n<tr>\n<td width=\"43\">5<\/td>\n<td width=\"205\">Superf\u00edcie da mesa<\/td>\n<td width=\"304\">\u00a0Mesa de alum\u00ednio com PVC<\/td>\n<\/tr>\n<tr>\n<td width=\"43\">6<\/td>\n<td width=\"205\">Moldura<\/td>\n<td width=\"304\">Estrutura de tubo de a\u00e7o grande<\/td>\n<\/tr>\n<tr>\n<td width=\"43\">7<\/td>\n<td width=\"205\">X, Y Estrutura<\/td>\n<td width=\"304\">Acionamento de cremalheira e pinh\u00e3o, rolamentos lineares de carril Hiwin<\/td>\n<\/tr>\n<tr>\n<td width=\"43\">8<\/td>\n<td width=\"205\">Estrutura Z<\/td>\n<td width=\"304\">Rolamentos lineares de carril e fuso de esferas Hiwin<\/td>\n<\/tr>\n<tr>\n<td width=\"43\">9<\/td>\n<td width=\"205\">M\u00e1ximo. Consumo de energia<\/td>\n<td width=\"304\">(sem fuso) 20 Kw<\/td>\n<\/tr>\n<tr>\n<td width=\"43\">10<\/td>\n<td width=\"205\">M\u00e1ximo. Velocidade de desloca\u00e7\u00e3o r\u00e1pida<\/td>\n<td width=\"304\">40000mm\/min<\/td>\n<\/tr>\n<tr>\n<td width=\"43\">11<\/td>\n<td width=\"205\">Velocidade m\u00e1x. Velocidade de trabalho<\/td>\n<td width=\"304\">30000mm\/min<\/td>\n<\/tr>\n<tr>\n<td width=\"43\">12<\/td>\n<td width=\"205\">Pot\u00eancia do fuso<\/td>\n<td width=\"304\">9,6kw HSD com rota\u00e7\u00e3o de 180 graus para a direita e para a esquerda<\/td>\n<\/tr>\n<tr>\n<td width=\"43\">13<\/td>\n<td width=\"205\">Velocidade do fuso<\/td>\n<td width=\"304\">0-24000RPM<\/td>\n<\/tr>\n<tr>\n<td width=\"43\">14<\/td>\n<td width=\"205\">Motores de acionamento<\/td>\n<td width=\"304\">Motores Yaskawa de 1300W<\/td>\n<\/tr>\n<tr>\n<td width=\"43\">15<\/td>\n<td width=\"205\">Tens\u00e3o de funcionamento<\/td>\n<td width=\"304\">AC380V\/50\/60Hz,3PH (Op\u00e7\u00e3o: 220V))<\/td>\n<\/tr>\n<tr>\n<td width=\"43\">16<\/td>\n<td width=\"205\">Linguagem de comando<\/td>\n<td width=\"304\">C\u00f3digo G<\/td>\n<\/tr>\n<tr>\n<td width=\"43\">17<\/td>\n<td width=\"205\">Sistema operativo<\/td>\n<td width=\"304\">Sistema de controlo Syntec<\/td>\n<\/tr>\n<tr>\n<td width=\"43\">18<\/td>\n<td width=\"205\">Interface de computador<\/td>\n<td width=\"304\">USB<\/td>\n<\/tr>\n<tr>\n<td width=\"43\">19<\/td>\n<td width=\"205\">Mem\u00f3ria Flash<\/td>\n<td width=\"304\">512M<\/td>\n<\/tr>\n<tr>\n<td width=\"43\">20<\/td>\n<td width=\"205\">Pin\u00e7a<\/td>\n<td width=\"304\">ISO30<\/td>\n<\/tr>\n<tr>\n<td width=\"43\">21<\/td>\n<td width=\"205\">Resolu\u00e7\u00e3o X,Y<\/td>\n<td width=\"304\">&lt;0,01mm<\/td>\n<\/tr>\n<tr>\n<td width=\"43\">22<\/td>\n<td width=\"205\">Compatibilidade de software<\/td>\n<td width=\"304\">\u00a0software powermill UG<\/td>\n<\/tr>\n<tr>\n<td width=\"43\">23<\/td>\n<td width=\"205\">Temperatura ambiente de funcionamento<\/td>\n<td width=\"304\">0 - 45 graus cent\u00edgrados<\/td>\n<\/tr>\n<tr>\n<td width=\"43\">24<\/td>\n<td width=\"205\">Humidade relativa<\/td>\n<td width=\"304\">30% - 75%<\/td>\n<\/tr>\n<tr>\n<td width=\"43\">25<\/td>\n<td width=\"205\">Tamanho da embalagem<\/td>\n<td width=\"304\">6800X2100X2300mm<\/td>\n<\/tr>\n<tr>\n<td width=\"43\">26<\/td>\n<td width=\"205\">N.W.<\/td>\n<td width=\"304\">7000KG<\/td>\n<\/tr>\n<tr>\n<td width=\"43\">27<\/td>\n<td width=\"205\">G.W.<\/td>\n<td width=\"304\">8000KG<\/td>\n<\/tr>\n<\/tbody>\n<\/table>\n<p>&nbsp;<\/p>","protected":false},"excerpt":{"rendered":"<p>O fuso HSD com rota\u00e7\u00e3o de 180\u00b0 permite maquina\u00e7\u00f5es complexas. Componentes de alta qualidade (HSD, Yaskawa, Syntec) garantem precis\u00e3o e fiabilidade a longo prazo. A estrutura em a\u00e7o temperado garante precis\u00e3o para aplica\u00e7\u00f5es exigentes (madeiras duras, moldes). Alta velocidade (40m\/min), precis\u00e3o de \u00b10,01mm.<\/p>","protected":false},"featured_media":1598,"template":"","meta":{"_gspb_post_css":""},"product_brand":[],"product_cat":[39],"product_tag":[],"class_list":{"0":"post-1597","1":"product","2":"type-product","3":"status-publish","4":"has-post-thumbnail","6":"product_cat-4-axis-cnc-router","8":"first","9":"instock","10":"shipping-taxable","11":"product-type-simple"},"_links":{"self":[{"href":"https:\/\/sunteccncrouter.com\/pt\/wp-json\/wp\/v2\/product\/1597","targetHints":{"allow":["GET"]}}],"collection":[{"href":"https:\/\/sunteccncrouter.com\/pt\/wp-json\/wp\/v2\/product"}],"about":[{"href":"https:\/\/sunteccncrouter.com\/pt\/wp-json\/wp\/v2\/types\/product"}],"wp:featuredmedia":[{"embeddable":true,"href":"https:\/\/sunteccncrouter.com\/pt\/wp-json\/wp\/v2\/media\/1598"}],"wp:attachment":[{"href":"https:\/\/sunteccncrouter.com\/pt\/wp-json\/wp\/v2\/media?parent=1597"}],"wp:term":[{"taxonomy":"product_brand","embeddable":true,"href":"https:\/\/sunteccncrouter.com\/pt\/wp-json\/wp\/v2\/product_brand?post=1597"},{"taxonomy":"product_cat","embeddable":true,"href":"https:\/\/sunteccncrouter.com\/pt\/wp-json\/wp\/v2\/product_cat?post=1597"},{"taxonomy":"product_tag","embeddable":true,"href":"https:\/\/sunteccncrouter.com\/pt\/wp-json\/wp\/v2\/product_tag?post=1597"}],"curies":[{"name":"wp","href":"https:\/\/api.w.org\/{rel}","templated":true}]}}