{"id":1608,"date":"2025-06-13T08:56:30","date_gmt":"2025-06-13T08:56:30","guid":{"rendered":"https:\/\/sunteccncrouter.com\/?post_type=product&#038;p=1608"},"modified":"2025-06-13T08:56:45","modified_gmt":"2025-06-13T08:56:45","slug":"4-axis-cnc-router-swing-180-degree-rotary-spindle-3d-wood-mold-st-3040","status":"publish","type":"product","link":"https:\/\/sunteccncrouter.com\/pt\/4-axis-cnc-router-swing-180-degree-rotary-spindle-3d-wood-mold-st-3040\/","title":{"rendered":"Roteador CNC de 4 eixos com eixo rotativo de 180 graus para moldes de madeira 3d ST-3040"},"content":{"rendered":"<p>O eixo pode girar 180 graus (\u00b1 90 graus), pode fazer v\u00e1rios tipos de superf\u00edcie que podemos projetar com o software mastercam powermill etc<\/p>\n<p>2. Utilizamos componentes de alta qualidade para as m\u00e1quinas, como eixo HSD, sistema de controlo Syntec EZ-4M, inversor Delta, servomotores Yaskawa e caixa de controlo separada, Hiwin PMI linear, etc., para manter a m\u00e1quina nas melhores condi\u00e7\u00f5es, mesmo ap\u00f3s muitos anos de trabalho.<\/p>\n<p>O servo Yaskawa pode produzir alta resolu\u00e7\u00e3o, alto bin\u00e1rio, alta precis\u00e3o e baixa falha.<\/p>\n<p>Com estrutura de a\u00e7o duro, toda a estrutura de a\u00e7o soldada e, em seguida, tratamento t\u00e9rmico para reduzir a rigidez para garantir uma vida \u00fatil longa, sem deforma\u00e7\u00e3o. Em seguida, use o centro de fresagem de 5 lados para fresar a guia quadrada da ferrovia para garantir alta precis\u00e3o, de modo que seja adequado para o trabalho em madeira dura, como corte e grava\u00e7\u00e3o em Rosewood para m\u00f3veis, decora\u00e7\u00e3o de interiores. fabrica\u00e7\u00e3o de moldes fundidos, fabrica\u00e7\u00e3o de moldes de material de carbono, fabrica\u00e7\u00e3o de moldes de fibra de vidro, fabrica\u00e7\u00e3o de moldes de pl\u00e1stico, fabrica\u00e7\u00e3o de moldes EPS, fabrica\u00e7\u00e3o de espuma 3d, fabrica\u00e7\u00e3o de modelos 3d n\u00e3o met\u00e1licos. Molde de avia\u00e7\u00e3o, molde militar, molde de isopor de alum\u00ednio, molde de barcos, etc.<\/p>\n<p>1)Tamanho maior como 1500*3000mm, 2000*3000mm, etc.<br \/>\n2) Dispositivo rotativo para processamento de materiais em coluna.<br \/>\n3) Coletor de poeiras 4) Sistema de arrefecimento por pulveriza\u00e7\u00e3o de n\u00e9voa<\/p>\n<table>\n<tbody>\n<tr>\n<td width=\"43\">N\u00famero<\/td>\n<td width=\"205\">Descri\u00e7\u00e3o<\/td>\n<td width=\"304\">Par\u00e2metro<\/td>\n<\/tr>\n<tr>\n<td width=\"43\">1<\/td>\n<td width=\"205\">X,Y,Z \u00c1rea de trabalho<\/td>\n<td width=\"304\">3000x4000x1000mm<\/td>\n<\/tr>\n<tr>\n<td width=\"43\">2<\/td>\n<td width=\"205\">Tamanho da tabela<\/td>\n<td width=\"304\">4000\u00d76440mm<\/td>\n<\/tr>\n<tr>\n<td width=\"43\">3<\/td>\n<td width=\"205\">X,Y,Z Precis\u00e3o de posicionamento de desloca\u00e7\u00e3o<\/td>\n<td width=\"304\">\u00b10,01\/1000mm<\/td>\n<\/tr>\n<tr>\n<td width=\"43\">4<\/td>\n<td width=\"205\">X,Y,Z Precis\u00e3o de reposicionamento:<\/td>\n<td width=\"304\">\u00b10,01mm<\/td>\n<\/tr>\n<tr>\n<td width=\"43\">5<\/td>\n<td width=\"205\">Superf\u00edcie da mesa<\/td>\n<td width=\"304\">\u00a0 Ranhura em T combinada (op\u00e7\u00e3o: mesa com ranhura em T)<\/td>\n<\/tr>\n<tr>\n<td width=\"43\">6<\/td>\n<td width=\"205\">Moldura<\/td>\n<td width=\"304\">Estrutura de tubo de a\u00e7o grande<\/td>\n<\/tr>\n<tr>\n<td width=\"43\">7<\/td>\n<td width=\"205\">X, Y Estrutura<\/td>\n<td width=\"304\">Acionamento de cremalheira e pinh\u00e3o, rolamentos lineares de carril Hiwin<\/td>\n<\/tr>\n<tr>\n<td width=\"43\">8<\/td>\n<td width=\"205\">Estrutura Z<\/td>\n<td width=\"304\">Rolamentos lineares de carril e fuso de esferas Hiwin<\/td>\n<\/tr>\n<tr>\n<td width=\"43\">9<\/td>\n<td width=\"205\">M\u00e1ximo. Consumo de energia<\/td>\n<td width=\"304\">(Sem fuso) 4 Kw<\/td>\n<\/tr>\n<tr>\n<td width=\"43\">10<\/td>\n<td width=\"205\">M\u00e1ximo. Velocidade de desloca\u00e7\u00e3o r\u00e1pida<\/td>\n<td width=\"304\">40000mm\/min<\/td>\n<\/tr>\n<tr>\n<td width=\"43\">11<\/td>\n<td width=\"205\">Velocidade m\u00e1x. Velocidade de trabalho<\/td>\n<td width=\"304\">30000mm\/min<\/td>\n<\/tr>\n<tr>\n<td width=\"43\">12<\/td>\n<td width=\"205\">Pot\u00eancia do fuso<\/td>\n<td width=\"304\">9,6kw HSD<\/td>\n<\/tr>\n<tr>\n<td width=\"43\">13<\/td>\n<td width=\"205\">Velocidade do fuso<\/td>\n<td width=\"304\">0-24000RPM<\/td>\n<\/tr>\n<tr>\n<td width=\"43\">14<\/td>\n<td width=\"205\">Motores de acionamento<\/td>\n<td width=\"304\">Motores Yaskawa de 1300W<\/td>\n<\/tr>\n<tr>\n<td width=\"43\">15<\/td>\n<td width=\"205\">Tens\u00e3o de funcionamento<\/td>\n<td width=\"304\">AC380V\/50\/60Hz,3PH (Op\u00e7\u00e3o: 220V))<\/td>\n<\/tr>\n<tr>\n<td width=\"43\">16<\/td>\n<td width=\"205\">Linguagem de comando<\/td>\n<td width=\"304\">C\u00f3digo G<\/td>\n<\/tr>\n<tr>\n<td width=\"43\">17<\/td>\n<td width=\"205\">Sistema operativo<\/td>\n<td width=\"304\">Sistema de controlo Syntec<\/td>\n<\/tr>\n<tr>\n<td width=\"43\">18<\/td>\n<td width=\"205\">Interface de computador<\/td>\n<td width=\"304\">USB<\/td>\n<\/tr>\n<tr>\n<td width=\"43\">19<\/td>\n<td width=\"205\">Mem\u00f3ria Flash<\/td>\n<td width=\"304\">512M<\/td>\n<\/tr>\n<tr>\n<td width=\"43\">20<\/td>\n<td width=\"205\">Pin\u00e7a<\/td>\n<td width=\"304\">ISO30<\/td>\n<\/tr>\n<tr>\n<td width=\"43\">21<\/td>\n<td width=\"205\">Resolu\u00e7\u00e3o X,Y<\/td>\n<td width=\"304\">&lt;0,01mm<\/td>\n<\/tr>\n<tr>\n<td width=\"43\">22<\/td>\n<td width=\"205\">Compatibilidade de software<\/td>\n<td width=\"304\">\u00a0software powermill UG<\/td>\n<\/tr>\n<tr>\n<td width=\"43\">23<\/td>\n<td width=\"205\">Temperatura ambiente de funcionamento<\/td>\n<td width=\"304\">0 - 45 graus cent\u00edgrados<\/td>\n<\/tr>\n<tr>\n<td width=\"43\">24<\/td>\n<td width=\"205\">Humidade relativa<\/td>\n<td width=\"304\">30% - 75%<\/td>\n<\/tr>\n<tr>\n<td width=\"43\">25<\/td>\n<td width=\"205\">Tamanho da embalagem<\/td>\n<td width=\"304\">6800X2100X2300mm<\/td>\n<\/tr>\n<tr>\n<td width=\"43\">26<\/td>\n<td width=\"205\">N.W.<\/td>\n<td width=\"304\">10000KG<\/td>\n<\/tr>\n<tr>\n<td width=\"43\">27<\/td>\n<td width=\"205\">G.W.<\/td>\n<td width=\"304\">12500KG<\/td>\n<\/tr>\n<tr>\n<td rowspan=\"6\" width=\"43\">28<\/td>\n<td rowspan=\"6\" width=\"205\">Pe\u00e7as opcionais<\/td>\n<td width=\"304\">Colectores de p\u00f3\/coberturas de p\u00f3 para tr\u00eas eixos<\/td>\n<\/tr>\n<tr>\n<td width=\"304\">Bomba de v\u00e1cuo<\/td>\n<\/tr>\n<tr>\n<td width=\"304\">Sistema rotativo<\/td>\n<\/tr>\n<tr>\n<td width=\"304\">Sistema de arrefecimento por n\u00e9voa<\/td>\n<\/tr>\n<tr>\n<td width=\"304\">Servomotores Delta\/Panasonic<\/td>\n<\/tr>\n<tr>\n<td width=\"304\">Fuso Colombo<\/td>\n<\/tr>\n<\/tbody>\n<\/table>\n<p>&nbsp;<\/p>\n<p><strong><b>\u00a0PORMENORES DE PRODU\u00c7\u00c3O\u00a0<\/b><\/strong><\/p>\n<p>Ap\u00f3s a soldadura, a mesa plana \u00e9 produzida para garantir que a mesa est\u00e1 ao mesmo n\u00edvel, para garantir uma elevada precis\u00e3o<\/p>\n<p>It\u00e1lia, eixo HSD, as carater\u00edsticas s\u00e3o alta velocidade e baixo ru\u00eddo. O fuso \u00e9 aprovado no teste de IP65 \u00e0 prova de \u00e1gua e \u00e0 prova de poeira. A velocidade m\u00e1xima \u00e9 de 24000RPM, o corte pesado est\u00e1 dispon\u00edvel para alta precis\u00e3o e abras\u00e3o do rolamento. O sistema de arrefecimento do ar interior e exterior prolonga a vida \u00fatil do fuso.<\/p>\n<p>controlador syntec Resposta r\u00e1pida, PLC, forte estabilidade, forte capacidade de controlo, alta sensibilidade, desenvolvimento secund\u00e1rio \u00e9 poss\u00edvel e as fun\u00e7\u00f5es podem ser adicionadas \u00e0 vontade<\/p>\n<p>O sistema de controlo tem elevada precis\u00e3o, funcionamento diversificado e mecanismo de prote\u00e7\u00e3o para evitar a colis\u00e3o mec\u00e2nica causada pelo funcionamento em excesso.<\/p>\n<p>Troca autom\u00e1tica de ferramentas 8 pe\u00e7as para poupar tempo de trabalho, tempo de colagem e troca anticolagem alta efici\u00eancia de trabalho<\/p>\n<p>amostra de trabalho feita pelo cliente usando o molde suntec 4 axis cnc ST-2030<\/p>\n<p>molde de madeira do impulsor por suntec ST-1830 swing 180 graus 4 eixos router cnc<\/p>\n<p>molde de sapatos de lagartas por suntec 4 eixos cnc m\u00e1quina centro de precis\u00e3o 0.1mm<\/p>\n<p>O eixo pode rodar 180 graus (\u00b190 graus), pode fazer v\u00e1rios tipos de superf\u00edcie<\/p>\n<p>Utilizamos componentes de alta qualidade para as m\u00e1quinas, como o fuso HSD, o fuso hitec ISO 30 24000 rpm, o controlador Syntec \/OSAI\/tpa opcional, o inversor Delta, os servomotores Yaskawa e a caixa de controlo separada, o revestimento Hiwin PMI, etc., para manter a m\u00e1quina nas melhores condi\u00e7\u00f5es, mesmo ap\u00f3s muitos anos de trabalho.<\/p>\n<p>3. com a\u00e7o duro, que \u00e9 adequado para trabalhar madeira dura, como cortar e gravar em Roseod<\/p>\n<p>para mobili\u00e1rio, decora\u00e7\u00e3o de interiores. Molde de madeira 3d, molde de pl\u00e1stico de espuma eps, etc. de alta precis\u00e3o<\/p>\n<p>Centro de fresagem lateral de 5 eixos para fresagem de guia quadrada para garantir alta precis\u00e3o<\/p>\n<p>Lixar para reduzir o p\u00f3 de a\u00e7o e certificar-se de que a pintura est\u00e1 bem feita e que n\u00e3o h\u00e1 riscos<\/p>\n<p>Toda a estrutura da mesa tem tratamento para deduzir a rigidez do pr\u00f3prio a\u00e7o para garantir que a vida longa n\u00e3o seja deformada.<\/p>\n<p>Fresagem de mesa de p\u00f3rtico quadrado para servi\u00e7o pesado por centro cnc<\/p>\n<p>Mesa de chapa de a\u00e7o com ranhura em T para suportar material pesado para garantir que a mesa n\u00e3o se deforma<\/p>\n<p>&nbsp;<\/p>\n<p><strong><b>\u00a0MESA DE A\u00c7O PARA OPCIONAL, MESA DE ALUM\u00cdNIO NORMAL COM PVC, TUDO DE ACORDO COM OS SEUS REQUISITOS PARA ESCOLHER A MESA\u00a0<\/b><\/strong><\/p>\n<p>9kw HSD eixo 24000 rpm l\u00e2mina de corte e eixo rotativo ao mesmo tempo o tempo todo, por isso n\u00e3o h\u00e1 cortador de balan\u00e7o e ATC bem. cliente trabalhando 16 horas todos os dias usando 6 anos ainda bem.<\/p>\n<p>Controlador Syntec de alta sensibilidade, forte estabilidade, capacidade de controlo e feedback r\u00e1pido, o que \u00e9 importante \u00e9 que pode ser desenvolvido em segundo lugar, se quiser adicionar uma fun\u00e7\u00e3o, basta enviar-lhe o ficheiro e utiliz\u00e1-lo diretamente,<\/p>\n<p>Mudan\u00e7a autom\u00e1tica de ferramenta 8 pe\u00e7as, cortador de acordo com o seu material para escolher, se voc\u00ea fizer molde primeiro fresagem precisa de fresagem \u00e1spera precisa de 150-200mm cortador reto, em seguida, fina fresagem precisa de 50mm cortador para abrandar a fresagem para garantir a precis\u00e3o.<\/p>","protected":false},"excerpt":{"rendered":"<p>CNC de grande formato (\u00e1rea de 3x4m) com fuso HSD de 180\u00b0 para moldes complexos (aeroespacial\/constru\u00e7\u00e3o naval). Precis\u00e3o de \u00b10,01mm atrav\u00e9s de estrutura em a\u00e7o tratado termicamente e guias Hiwin. Componentes Yaskawa\/Syntec de alta qualidade garantem velocidade e fiabilidade de 40 m\/min. ATC opcional, eixo rotativo e mesa em a\u00e7o melhoram o processamento de trabalhos pesados.<\/p>","protected":false},"featured_media":1609,"template":"","meta":{"_gspb_post_css":""},"product_brand":[],"product_cat":[39],"product_tag":[],"class_list":{"0":"post-1608","1":"product","2":"type-product","3":"status-publish","4":"has-post-thumbnail","6":"product_cat-4-axis-cnc-router","8":"first","9":"instock","10":"shipping-taxable","11":"product-type-simple"},"_links":{"self":[{"href":"https:\/\/sunteccncrouter.com\/pt\/wp-json\/wp\/v2\/product\/1608","targetHints":{"allow":["GET"]}}],"collection":[{"href":"https:\/\/sunteccncrouter.com\/pt\/wp-json\/wp\/v2\/product"}],"about":[{"href":"https:\/\/sunteccncrouter.com\/pt\/wp-json\/wp\/v2\/types\/product"}],"wp:featuredmedia":[{"embeddable":true,"href":"https:\/\/sunteccncrouter.com\/pt\/wp-json\/wp\/v2\/media\/1609"}],"wp:attachment":[{"href":"https:\/\/sunteccncrouter.com\/pt\/wp-json\/wp\/v2\/media?parent=1608"}],"wp:term":[{"taxonomy":"product_brand","embeddable":true,"href":"https:\/\/sunteccncrouter.com\/pt\/wp-json\/wp\/v2\/product_brand?post=1608"},{"taxonomy":"product_cat","embeddable":true,"href":"https:\/\/sunteccncrouter.com\/pt\/wp-json\/wp\/v2\/product_cat?post=1608"},{"taxonomy":"product_tag","embeddable":true,"href":"https:\/\/sunteccncrouter.com\/pt\/wp-json\/wp\/v2\/product_tag?post=1608"}],"curies":[{"name":"wp","href":"https:\/\/api.w.org\/{rel}","templated":true}]}}