{"id":1630,"date":"2025-06-13T12:25:45","date_gmt":"2025-06-13T12:25:45","guid":{"rendered":"https:\/\/sunteccncrouter.com\/?post_type=product&#038;p=1630"},"modified":"2025-06-19T07:30:12","modified_gmt":"2025-06-19T07:30:12","slug":"cnc-wood-turning-lathe-machine-with-automatic-feeding-system","status":"publish","type":"product","link":"https:\/\/sunteccncrouter.com\/pt\/cnc-wood-turning-lathe-machine-with-automatic-feeding-system\/","title":{"rendered":"Tupia CNC para madeira com sistema de alimenta\u00e7\u00e3o autom\u00e1tica ST-1530"},"content":{"rendered":"<p>1) Mesa de v\u00e1cuo: Camada dupla de PVC, 5 zonas de v\u00e1cuo para diferentes tamanhos de pain\u00e9is. Mesa de PVC com 35 mm de espessura, cada orif\u00edcio de v\u00e1cuo com 8 mm para garantir uma boa ader\u00eancia \u00e0 madeira MDF.<\/p>\n<p>2) Arm\u00e1rio el\u00e9trico e painel de controlo independentes<\/p>\n<p>3). O ciclo de trabalho completo de carga, coloca\u00e7\u00e3o, perfura\u00e7\u00e3o e descarga \u00e9 efectuado automaticamente, o que resulta em produtividade m\u00e1xima e tempo de paragem zero.<\/p>\n<p>4). Componentes de marcas l\u00edderes, como o fuso italiano HSD (trocador autom\u00e1tico de ferramentas), os servomotores japoneses Yaskawa, o controlador Taiwan Syntec, o redutor japon\u00eas Shimpo e as transmiss\u00f5es garantem uma elevada efici\u00eancia.<\/p>\n<p>5). Programa avan\u00e7ado de troca autom\u00e1tica de ferramentas de alta efici\u00eancia, sem interven\u00e7\u00e3o humana, programa automaticamente.<\/p>\n<p>6). Atrav\u00e9s da cama de torno de soldadura global de qualidade industrial com tratamento de t\u00eampera e envelhecimento, a deforma\u00e7\u00e3o \u00e9 evitada e a estabilidade e precis\u00e3o de processamento da m\u00e1quina-ferramenta s\u00e3o melhoradas.<\/p>\n<p>7). O magazine de ferramentas em carrossel pode conter at\u00e9 12 ferramentas ou atc linear para HSKF63 ou ISO30. Adoptou o magazine de servomotores Yaskawa para garantir alta repetibilidade e alta efici\u00eancia.<\/p>\n<p>8). Verdadeiramente vers\u00e1til: coloca\u00e7\u00e3o, fresagem, perfura\u00e7\u00e3o vertical, corte, fresagem lateral e retifica\u00e7\u00e3o de arestas, tudo num s\u00f3 equipamento. \u00c9 adequada para a produ\u00e7\u00e3o de mobili\u00e1rio em painel, mobili\u00e1rio de escrit\u00f3rio e arm\u00e1rios.<br \/>\n<strong><b><br \/>\n<\/b><\/strong><strong><b>Vantagem<\/b><\/strong><strong><b><br \/>\n<\/b><\/strong>1. Aumentar a utiliza\u00e7\u00e3o do material 10%<br \/>\n2. Reduzir a depend\u00eancia dos trabalhadores t\u00e9cnicos.<\/p>\n<p>3. diminui\u00e7\u00e3o do processo de triagem e do erro de triagem.<br \/>\n4. Poupa tempo e trabalho no processamento de pe\u00e7as complicadas.<br \/>\n5. Tamb\u00e9m pode fazer ranhuras e perfura\u00e7\u00f5es.<br \/>\n6. Melhorar a qualidade e a efici\u00eancia do produto.<br \/>\n7. Otimizar o procedimento tecnol\u00f3gico, reduzir o custo de produ\u00e7\u00e3o.<\/p>\n<table>\n<tbody>\n<tr>\n<td width=\"144\">Modelo<\/td>\n<td width=\"133\">ST-2138<\/td>\n<td width=\"184\">\u00a0\u00a0\u00a0\u00a0\u00a0\u00a0ST-1352<\/td>\n<td width=\"147\">ST-1637<\/td>\n<\/tr>\n<tr>\n<td width=\"144\">Tamanho de viagem<\/td>\n<td width=\"133\">2100*3800*500mm<\/td>\n<td width=\"184\">1300*5200*300mm<\/td>\n<td width=\"147\">1600*3700*400<\/td>\n<\/tr>\n<tr>\n<td width=\"144\">Tamanho m\u00e1ximo de trabalho<\/td>\n<td width=\"133\">4600*2300*1800mm<\/td>\n<td width=\"184\">2200*6500*1800mm<\/td>\n<td width=\"147\">2200*5000*1800mm<\/td>\n<\/tr>\n<tr>\n<td width=\"144\">Zona de trabalho<\/td>\n<td colspan=\"3\" width=\"464\">15\/7\/7 zona de trabalho de acordo com o tamanho do quadro de trabalho<\/td>\n<\/tr>\n<tr>\n<td width=\"144\">Transmiss\u00e3o<\/td>\n<td colspan=\"2\" width=\"317\">Acionamento por cremalheira e pinh\u00e3o X\/Y, acionamento por fuso de esferas Z<\/td>\n<td width=\"147\"><\/td>\n<\/tr>\n<tr>\n<td width=\"144\">Estrutura do quadro<\/td>\n<td colspan=\"3\" width=\"464\">\u00a0Mesa de estrutura pesada com placa de a\u00e7o<\/td>\n<\/tr>\n<tr>\n<td width=\"144\">Pot\u00eancia do fuso<\/td>\n<td colspan=\"3\" width=\"464\">9 KW\/Refrigera\u00e7\u00e3o a ar\/ISO30<\/p>\n<p>0r 11 KW\/Refrigera\u00e7\u00e3o a ar\/HSK-F63<\/td>\n<\/tr>\n<tr>\n<td width=\"144\">Sistema de condu\u00e7\u00e3o<\/td>\n<td colspan=\"3\" width=\"464\">850 Servo motor\/Yaskawa<\/p>\n<p>&nbsp;<\/td>\n<\/tr>\n<tr>\n<td width=\"144\">Controlador<\/td>\n<td width=\"133\">CONTROLADOR OSAI<\/td>\n<td colspan=\"2\" width=\"331\">Controlador NC<\/td>\n<\/tr>\n<tr>\n<td width=\"144\">Velocidade m\u00e1xima do fuso<\/td>\n<td colspan=\"3\" width=\"464\">24000r\/min<\/td>\n<\/tr>\n<tr>\n<td width=\"144\">Velocidade m\u00e1xima de desloca\u00e7\u00e3o<\/td>\n<td colspan=\"3\" width=\"464\">80m\/min<\/td>\n<\/tr>\n<tr>\n<td width=\"144\">Velocidade de trabalho<\/td>\n<td colspan=\"3\" width=\"464\">20m\/min<\/td>\n<\/tr>\n<tr>\n<td width=\"144\">Precis\u00e3o de reposicionamento<\/td>\n<td colspan=\"3\" width=\"464\">+\/- 0,025mm<\/td>\n<\/tr>\n<tr>\n<td width=\"144\">Revista de ferramentas<\/td>\n<td colspan=\"3\" width=\"464\">Linear atc 12\/redondo atc 12<\/td>\n<\/tr>\n<tr>\n<td width=\"144\">Tens\u00e3o<\/td>\n<td colspan=\"3\" width=\"464\">AC400\/3PH\/50HZ<\/td>\n<\/tr>\n<tr>\n<td width=\"144\">Cabe\u00e7a de perfura\u00e7\u00e3o<\/td>\n<td colspan=\"3\" width=\"464\">9V3H1S\/FAM \/It\u00e1lia<\/td>\n<\/tr>\n<tr>\n<td width=\"144\">Unidade de perfura\u00e7\u00e3o opcional<\/td>\n<td width=\"133\">9V6H1S\/ 7V4H\/ 12V8H2S<\/td>\n<td width=\"184\">10V4H2S\/ 7V4H\/ 12V8H2S<\/td>\n<td width=\"147\">9V3H1S<\/td>\n<\/tr>\n<tr>\n<td width=\"144\">Peso l\u00edquido<\/td>\n<td width=\"133\">5600KGS<\/td>\n<td width=\"184\">\u00a0\u00a05600KGS<\/td>\n<td width=\"147\">5600KGS<\/td>\n<\/tr>\n<\/tbody>\n<\/table>\n<p>&nbsp;<\/p>","protected":false},"excerpt":{"rendered":"<p>CNC totalmente automatizado (carga-encaixe-fura\u00e7\u00e3o-descarga) para um tempo de paragem zero. Mesa de v\u00e1cuo de 5 zonas aumenta a utiliza\u00e7\u00e3o de material em 10%. Componentes HSD\/Yaskawa\/Syntec de alta qualidade garantem uma velocidade de 80m\/min \u00b10,025mm de precis\u00e3o. O ATC de 12 ferramentas processa pain\u00e9is\/gabinetes com o m\u00ednimo de m\u00e3o de obra.<\/p>","protected":false},"featured_media":1631,"template":"","meta":{"_gspb_post_css":""},"product_brand":[],"product_cat":[61],"product_tag":[],"class_list":{"0":"post-1630","1":"product","2":"type-product","3":"status-publish","4":"has-post-thumbnail","6":"product_cat-nesting-cnc-router","8":"first","9":"instock","10":"shipping-taxable","11":"product-type-simple"},"_links":{"self":[{"href":"https:\/\/sunteccncrouter.com\/pt\/wp-json\/wp\/v2\/product\/1630","targetHints":{"allow":["GET"]}}],"collection":[{"href":"https:\/\/sunteccncrouter.com\/pt\/wp-json\/wp\/v2\/product"}],"about":[{"href":"https:\/\/sunteccncrouter.com\/pt\/wp-json\/wp\/v2\/types\/product"}],"wp:featuredmedia":[{"embeddable":true,"href":"https:\/\/sunteccncrouter.com\/pt\/wp-json\/wp\/v2\/media\/1631"}],"wp:attachment":[{"href":"https:\/\/sunteccncrouter.com\/pt\/wp-json\/wp\/v2\/media?parent=1630"}],"wp:term":[{"taxonomy":"product_brand","embeddable":true,"href":"https:\/\/sunteccncrouter.com\/pt\/wp-json\/wp\/v2\/product_brand?post=1630"},{"taxonomy":"product_cat","embeddable":true,"href":"https:\/\/sunteccncrouter.com\/pt\/wp-json\/wp\/v2\/product_cat?post=1630"},{"taxonomy":"product_tag","embeddable":true,"href":"https:\/\/sunteccncrouter.com\/pt\/wp-json\/wp\/v2\/product_tag?post=1630"}],"curies":[{"name":"wp","href":"https:\/\/api.w.org\/{rel}","templated":true}]}}